{"id":1542,"date":"2023-10-20T18:08:23","date_gmt":"2023-10-20T18:08:23","guid":{"rendered":"https:\/\/bestreporting.ch\/quem-somos\/"},"modified":"2024-02-06T17:28:06","modified_gmt":"2024-02-06T17:28:06","slug":"quem-somos","status":"publish","type":"page","link":"https:\/\/bestreporting.ch\/pt-pt\/quem-somos\/","title":{"rendered":"Quem somos"},"content":{"rendered":"\t\t<div data-elementor-type=\"wp-page\" data-elementor-id=\"1542\" class=\"elementor elementor-1542 elementor-53\">\n\t\t\t\t<div class=\"elementor-element elementor-element-ac0f9d6 e-flex e-con-boxed e-con e-parent\" data-id=\"ac0f9d6\" data-element_type=\"container\" data-e-type=\"container\" data-settings=\"{&quot;background_background&quot;:&quot;classic&quot;}\">\n\t\t\t\t\t<div class=\"e-con-inner\">\n\t\t\t\t<div class=\"elementor-element elementor-element-59c98d2 elementor-invisible elementor-widget elementor-widget-heading\" data-id=\"59c98d2\" data-element_type=\"widget\" data-e-type=\"widget\" data-settings=\"{&quot;_animation&quot;:&quot;fadeIn&quot;,&quot;_animation_delay&quot;:0}\" data-widget_type=\"heading.default\">\n\t\t\t\t<div class=\"elementor-widget-container\">\n\t\t\t\t\t<h2 class=\"elementor-heading-title elementor-size-default\">Quem somos?<\/h2>\t\t\t\t<\/div>\n\t\t\t\t<\/div>\n\t\t\t\t\t<\/div>\n\t\t\t\t<\/div>\n\t\t<div class=\"elementor-element elementor-element-9b32e33 e-flex e-con-boxed e-con e-parent\" data-id=\"9b32e33\" data-element_type=\"container\" data-e-type=\"container\">\n\t\t\t\t\t<div class=\"e-con-inner\">\n\t\t<div class=\"elementor-element elementor-element-d54d20a e-con-full e-flex elementor-invisible e-con e-child\" data-id=\"d54d20a\" data-element_type=\"container\" data-e-type=\"container\" data-settings=\"{&quot;animation&quot;:&quot;fadeIn&quot;}\">\n\t\t\t\t<div class=\"elementor-element elementor-element-e2d1f25 elementor-widget elementor-widget-heading\" data-id=\"e2d1f25\" data-element_type=\"widget\" data-e-type=\"widget\" data-widget_type=\"heading.default\">\n\t\t\t\t<div class=\"elementor-widget-container\">\n\t\t\t\t\t<h2 class=\"elementor-heading-title elementor-size-default\">Nossas melhores habilidades fiscais e de TI s\u00e3o combinadas em uma solu\u00e7\u00e3o que..<\/h2>\t\t\t\t<\/div>\n\t\t\t\t<\/div>\n\t\t\t\t<div class=\"elementor-element elementor-element-70bf248 elementor-widget elementor-widget-text-editor\" data-id=\"70bf248\" data-element_type=\"widget\" data-e-type=\"widget\" data-widget_type=\"text-editor.default\">\n\t\t\t\t<div class=\"elementor-widget-container\">\n\t\t\t\t\t\t\t\t\t<p>\u2022 Simplifica o seu neg\u00f3cio<br \/>\u2022 Integra e automatiza processos<br \/>\u2022 Reduz o tempo e os riscos operacionais<\/p>\n\t\t\t\t\t\t\t\t<\/div>\n\t\t\t\t<\/div>\n\t\t\t\t<div class=\"elementor-element elementor-element-9373fd5 elementor-align-left elementor-widget elementor-widget-button\" data-id=\"9373fd5\" data-element_type=\"widget\" data-e-type=\"widget\" data-widget_type=\"button.default\">\n\t\t\t\t<div class=\"elementor-widget-container\">\n\t\t\t\t\t\t\t\t\t<div class=\"elementor-button-wrapper\">\n\t\t\t\t\t<a class=\"elementor-button elementor-button-link elementor-size-sm\" href=\"\/pt-pt\/contact-us\">\n\t\t\t\t\t\t<span class=\"elementor-button-content-wrapper\">\n\t\t\t\t\t\t\t\t\t<span class=\"elementor-button-text\">Contactar-nos<\/span>\n\t\t\t\t\t<\/span>\n\t\t\t\t\t<\/a>\n\t\t\t\t<\/div>\n\t\t\t\t\t\t\t\t<\/div>\n\t\t\t\t<\/div>\n\t\t\t\t<\/div>\n\t\t<div class=\"elementor-element elementor-element-2710aad e-con-full e-flex elementor-invisible e-con e-child\" data-id=\"2710aad\" data-element_type=\"container\" data-e-type=\"container\" data-settings=\"{&quot;animation&quot;:&quot;fadeIn&quot;,&quot;animation_delay&quot;:200}\">\n\t\t\t\t<div class=\"elementor-element elementor-element-b6b66d7 elementor-widget elementor-widget-image\" data-id=\"b6b66d7\" data-element_type=\"widget\" data-e-type=\"widget\" data-widget_type=\"image.default\">\n\t\t\t\t<div class=\"elementor-widget-container\">\n\t\t\t\t\t\t\t\t\t\t\t\t\t\t\t<img fetchpriority=\"high\" decoding=\"async\" width=\"640\" height=\"356\" src=\"https:\/\/bestreporting.ch\/wp-content\/uploads\/2023\/10\/chi-siamo-foto1-bestreporting.jpg\" class=\"attachment-large size-large wp-image-305\" alt=\"\" srcset=\"https:\/\/bestreporting.ch\/wp-content\/uploads\/2023\/10\/chi-siamo-foto1-bestreporting.jpg 990w, https:\/\/bestreporting.ch\/wp-content\/uploads\/2023\/10\/chi-siamo-foto1-bestreporting-300x167.webp 300w, https:\/\/bestreporting.ch\/wp-content\/uploads\/2023\/10\/chi-siamo-foto1-bestreporting-768x427.webp 768w\" sizes=\"(max-width: 640px) 100vw, 640px\" \/>\t\t\t\t\t\t\t\t\t\t\t\t\t\t\t<\/div>\n\t\t\t\t<\/div>\n\t\t\t\t<\/div>\n\t\t\t\t\t<\/div>\n\t\t\t\t<\/div>\n\t\t<div class=\"elementor-element elementor-element-665105e e-flex e-con-boxed e-con e-parent\" data-id=\"665105e\" data-element_type=\"container\" data-e-type=\"container\" data-settings=\"{&quot;background_background&quot;:&quot;classic&quot;}\">\n\t\t\t\t\t<div class=\"e-con-inner\">\n\t\t<div class=\"elementor-element elementor-element-eb13535 e-con-full e-flex elementor-invisible e-con e-child\" data-id=\"eb13535\" data-element_type=\"container\" data-e-type=\"container\" data-settings=\"{&quot;animation&quot;:&quot;fadeIn&quot;}\">\n\t\t\t\t<div class=\"elementor-element elementor-element-3ffcb47 elementor-widget elementor-widget-text-editor\" data-id=\"3ffcb47\" data-element_type=\"widget\" data-e-type=\"widget\" data-widget_type=\"text-editor.default\">\n\t\t\t\t<div class=\"elementor-widget-container\">\n\t\t\t\t\t\t\t\t\t<h3>NOSSA HIST\u00d3RIA<\/h3><p><a href=\"https:\/\/bestvision.solutions\/pt-pt\/\" target=\"_blank\" rel=\"noopener noreferrer\">Best Vision Solutions &amp; Services AG<\/a> fornece servi\u00e7os de TI e back-office para institui\u00e7\u00f5es. Atrav\u00e9s dos nossos escrit\u00f3rios na <strong>Su\u00ed\u00e7a e na Europa<\/strong>, oferecemos os nossos servi\u00e7os a uma clientela internacional.<\/p><p>O in\u00edcio da <strong>Best Vision<\/strong> remonta a <strong>1977<\/strong>, ano em que foi fundada a primeira empresa do grupo Best Vision Holding Ltd. Criada para desenvolver software banc\u00e1rio, tem vindo gradualmente a reunir as necessidades do mercado, desenvolvendo uma oferta mais ampla e especializada.<\/p>\t\t\t\t\t\t\t\t<\/div>\n\t\t\t\t<\/div>\n\t\t\t\t<\/div>\n\t\t<div class=\"elementor-element elementor-element-9f77a42 e-con-full e-flex elementor-invisible e-con e-child\" data-id=\"9f77a42\" data-element_type=\"container\" data-e-type=\"container\" data-settings=\"{&quot;animation&quot;:&quot;fadeIn&quot;,&quot;animation_delay&quot;:200}\">\n\t\t\t\t<div class=\"elementor-element elementor-element-eb41595 elementor-widget elementor-widget-text-editor\" data-id=\"eb41595\" data-element_type=\"widget\" data-e-type=\"widget\" data-widget_type=\"text-editor.default\">\n\t\t\t\t<div class=\"elementor-widget-container\">\n\t\t\t\t\t\t\t\t\t<p>O <a href=\"https:\/\/bestvision.group\/pt-pt\" target=\"_blank\" rel=\"noopener noreferrer\">Best Vision Group<\/a> conta agora com <strong>18 empresas<\/strong>, e comp\u00f5e uma rede de compet\u00eancias diferentes e complementares como, por exemplo, inform\u00e1tica, back-office e consultoria. Esta sinergia de elementos cria oportunidades e solu\u00e7\u00f5es inovadoras para os nossos clientes.<\/p><p>Em 2002, de uma destas sinergias nasceu a <a title=\"Homepage bestreporting.ch\" href=\"https:\/\/bestreporting.ch\/pt-pt\/\">BEST IRS.<\/a> Crescendo ao longo do tempo, hoje \u00e9 a solu\u00e7\u00e3o que todos os anos suporta muitos <strong>QIs<\/strong> atrav\u00e9s de um servi\u00e7o personalizado e completo.<\/p>\t\t\t\t\t\t\t\t<\/div>\n\t\t\t\t<\/div>\n\t\t\t\t<\/div>\n\t\t\t\t\t<\/div>\n\t\t\t\t<\/div>\n\t\t<div class=\"elementor-element elementor-element-e46c6a9 e-flex e-con-boxed e-con e-parent\" data-id=\"e46c6a9\" data-element_type=\"container\" data-e-type=\"container\">\n\t\t\t\t\t<div class=\"e-con-inner\">\n\t\t<div class=\"elementor-element elementor-element-d2ec6de e-con-full e-flex elementor-invisible e-con e-child\" data-id=\"d2ec6de\" data-element_type=\"container\" data-e-type=\"container\" data-settings=\"{&quot;animation&quot;:&quot;fadeIn&quot;}\">\n\t\t\t\t<div class=\"elementor-element elementor-element-efed433 elementor-widget elementor-widget-heading\" data-id=\"efed433\" data-element_type=\"widget\" data-e-type=\"widget\" data-widget_type=\"heading.default\">\n\t\t\t\t<div class=\"elementor-widget-container\">\n\t\t\t\t\t<h2 class=\"elementor-heading-title elementor-size-default\">A EQUIPA DE REPORTING QI<\/h2>\t\t\t\t<\/div>\n\t\t\t\t<\/div>\n\t\t\t\t<div class=\"elementor-element elementor-element-acd4e89 elementor-widget elementor-widget-text-editor\" data-id=\"acd4e89\" data-element_type=\"widget\" data-e-type=\"widget\" data-widget_type=\"text-editor.default\">\n\t\t\t\t<div class=\"elementor-widget-container\">\n\t\t\t\t\t\t\t\t\t<div id=\"testo_team\" class=\"div_sx1\">\n<p>Nossa equipe \u00e9 formada por pessoas com s\u00f3lida forma\u00e7\u00e3o em neg\u00f3cios e\/ou desenvolvimento de software para o mundo financeiro. A colabora\u00e7\u00e3o de elementos heterog\u00e9neos e o clima pr\u00f3-activo permitiram-nos desenvolver e desenvolver o <strong>BEST IRS<\/strong>, levando-o a ser o que \u00e9 hoje.<\/p>\n<p>Diferente em muitos aspectos, partilhamos um desejo comum de continuar a criar algo inovador e funcional, que ajude cada vez mais institui\u00e7\u00f5es nas suas actividades de reporting de QI.<\/p>\n<p>O elemento distintivo da equipa \u00e9 <strong>a capacidade de observar e ouvir.<\/strong> Observamos mudan\u00e7as externas nos regulamentos e opera\u00e7\u00f5es e estamos sempre atentos ao que nossos clientes t\u00eam a nos dizer. Esta atitude permitiu-nos encontrar novas e melhores solu\u00e7\u00f5es.<\/p>\n<\/div>\n\t\t\t\t\t\t\t\t<\/div>\n\t\t\t\t<\/div>\n\t\t\t\t<\/div>\n\t\t<div class=\"elementor-element elementor-element-a39dc32 e-con-full e-flex elementor-invisible e-con e-child\" data-id=\"a39dc32\" data-element_type=\"container\" data-e-type=\"container\" data-settings=\"{&quot;animation&quot;:&quot;fadeIn&quot;,&quot;animation_delay&quot;:200}\">\n\t\t\t\t<div class=\"elementor-element elementor-element-577b075 elementor-widget elementor-widget-image\" data-id=\"577b075\" data-element_type=\"widget\" data-e-type=\"widget\" data-widget_type=\"image.default\">\n\t\t\t\t<div class=\"elementor-widget-container\">\n\t\t\t\t\t\t\t\t\t\t\t\t\t\t\t<img decoding=\"async\" width=\"640\" height=\"360\" src=\"https:\/\/bestreporting.ch\/wp-content\/uploads\/2023\/11\/aerial-view-business-team-jpg.webp\" class=\"attachment-large size-large wp-image-2065\" alt=\"\" \/>\t\t\t\t\t\t\t\t\t\t\t\t\t\t\t<\/div>\n\t\t\t\t<\/div>\n\t\t\t\t<\/div>\n\t\t\t\t\t<\/div>\n\t\t\t\t<\/div>\n\t\t<div class=\"elementor-element elementor-element-779ce73 e-flex e-con-boxed e-con e-parent\" data-id=\"779ce73\" data-element_type=\"container\" data-e-type=\"container\">\n\t\t\t\t\t<div class=\"e-con-inner\">\n\t\t<div class=\"elementor-element elementor-element-14443db e-con-full e-flex elementor-invisible e-con e-child\" data-id=\"14443db\" data-element_type=\"container\" data-e-type=\"container\" data-settings=\"{&quot;animation&quot;:&quot;fadeIn&quot;,&quot;animation_delay&quot;:0}\">\n\t\t\t\t<div class=\"elementor-element elementor-element-cf93b20 elementor-widget elementor-widget-image\" data-id=\"cf93b20\" data-element_type=\"widget\" data-e-type=\"widget\" data-widget_type=\"image.default\">\n\t\t\t\t<div class=\"elementor-widget-container\">\n\t\t\t\t\t\t\t\t\t\t\t\t\t\t\t<img decoding=\"async\" width=\"640\" height=\"427\" src=\"https:\/\/bestreporting.ch\/wp-content\/uploads\/2023\/10\/modern-office-building-low-angle-view-skyscrapers-city-singapore-modern-office-building-low-angle-view-skyscrapers-city-singapore-jpg.webp\" class=\"attachment-large size-large wp-image-318\" alt=\"\" \/>\t\t\t\t\t\t\t\t\t\t\t\t\t\t\t<\/div>\n\t\t\t\t<\/div>\n\t\t\t\t<\/div>\n\t\t<div class=\"elementor-element elementor-element-bdfd1db e-con-full e-flex elementor-invisible e-con e-child\" data-id=\"bdfd1db\" data-element_type=\"container\" data-e-type=\"container\" data-settings=\"{&quot;animation&quot;:&quot;fadeIn&quot;,&quot;animation_delay&quot;:200}\">\n\t\t\t\t<div class=\"elementor-element elementor-element-0e87cec elementor-widget elementor-widget-heading\" data-id=\"0e87cec\" data-element_type=\"widget\" data-e-type=\"widget\" data-widget_type=\"heading.default\">\n\t\t\t\t<div class=\"elementor-widget-container\">\n\t\t\t\t\t<h2 class=\"elementor-heading-title elementor-size-default\">VALORES CORPORATIVOS<\/h2>\t\t\t\t<\/div>\n\t\t\t\t<\/div>\n\t\t\t\t<div class=\"elementor-element elementor-element-7424109 elementor-widget elementor-widget-text-editor\" data-id=\"7424109\" data-element_type=\"widget\" data-e-type=\"widget\" data-widget_type=\"text-editor.default\">\n\t\t\t\t<div class=\"elementor-widget-container\">\n\t\t\t\t\t\t\t\t\t<div id=\"testo_team\" class=\"div_sx1\"><p>Compet\u00eancia, aten\u00e7\u00e3o e qualidade s\u00e3o os tr\u00eas elementos distintivos da nossa oferta. Fazemos todos os esfor\u00e7os para assegurar que todas as actividades relacionadas com o relat\u00f3rio dos m\u00f3dulos <a title=\"Form 1042 ARTICLE\" href=\"https:\/\/bestreporting.ch\/pt-pt\/formulario-1042\/\">1042<\/a>, <a title=\"Form 1042-S ARTICLE\" href=\"https:\/\/bestreporting.ch\/pt-pt\/formulario-1042-s\/\">1042-s<\/a> sejam t\u00e3o simples, r\u00e1pidas e seguras quanto poss\u00edvel.<\/p><p>A satisfa\u00e7\u00e3o dos nossos clientes \u00e9 o resultado tang\u00edvel do nosso compromisso:<\/p><blockquote><p><em>&#8220;\u00c9s um fornecedor muito fi\u00e1vel e profissional&#8221;<\/em><\/p><p><em>&#8220;A assist\u00eancia que prestam \u00e9 impec\u00e1vel e indispens\u00e1vel. No que diz respeito ao software, acho a Ferramenta muito \u00fatil, intuitiva e f\u00e1cil de interagir&#8221;<\/em><\/p><\/blockquote><blockquote><p><em>&#8220;Servi\u00e7o pontual e eficaz. Sempre atualizado com os \u00faltimos desenvolvimentos regulat\u00f3rios. Altamente recomendado para todas as suas necessidades no que diz respeito a declara\u00e7\u00f5es do IRS&#8221;<\/em><\/p><\/blockquote><blockquote><p><em>&#8220;\u00c9 um fornecedor muito fi\u00e1vel e profissional&#8221;<\/em><\/p><\/blockquote><\/div>\t\t\t\t\t\t\t\t<\/div>\n\t\t\t\t<\/div>\n\t\t\t\t<\/div>\n\t\t\t\t\t<\/div>\n\t\t\t\t<\/div>\n\t\t<div class=\"elementor-element elementor-element-917f0fa e-flex e-con-boxed e-con e-parent\" data-id=\"917f0fa\" data-element_type=\"container\" data-e-type=\"container\" data-settings=\"{&quot;background_background&quot;:&quot;gradient&quot;}\">\n\t\t\t\t\t<div class=\"e-con-inner\">\n\t\t<div class=\"elementor-element elementor-element-8c28c00 e-con-full e-flex elementor-invisible e-con e-child\" data-id=\"8c28c00\" data-element_type=\"container\" data-e-type=\"container\" data-settings=\"{&quot;animation&quot;:&quot;fadeIn&quot;}\">\n\t\t\t\t<div class=\"elementor-element elementor-element-472ef8b elementor-widget elementor-widget-heading\" data-id=\"472ef8b\" data-element_type=\"widget\" data-e-type=\"widget\" data-widget_type=\"heading.default\">\n\t\t\t\t<div class=\"elementor-widget-container\">\n\t\t\t\t\t<h2 class=\"elementor-heading-title elementor-size-default\"> Interessado nos nossos servi\u00e7os de relat\u00f3rios de QI?<\/h2>\t\t\t\t<\/div>\n\t\t\t\t<\/div>\n\t\t\t\t<div class=\"elementor-element elementor-element-ff2bbe6 elementor-widget elementor-widget-heading\" data-id=\"ff2bbe6\" data-element_type=\"widget\" data-e-type=\"widget\" data-widget_type=\"heading.default\">\n\t\t\t\t<div class=\"elementor-widget-container\">\n\t\t\t\t\t<h2 class=\"elementor-heading-title elementor-size-default\">Clique no bot\u00e3o ao lado para solicitar mais informa\u00e7\u00f5es<\/h2>\t\t\t\t<\/div>\n\t\t\t\t<\/div>\n\t\t\t\t<\/div>\n\t\t<div class=\"elementor-element elementor-element-78d20f8 e-con-full e-flex elementor-invisible e-con e-child\" data-id=\"78d20f8\" data-element_type=\"container\" data-e-type=\"container\" data-settings=\"{&quot;animation&quot;:&quot;fadeIn&quot;,&quot;animation_delay&quot;:200}\">\n\t\t\t\t<div class=\"elementor-element elementor-element-0ddfc71 elementor-align-center elementor-widget elementor-widget-button\" data-id=\"0ddfc71\" data-element_type=\"widget\" data-e-type=\"widget\" data-widget_type=\"button.default\">\n\t\t\t\t<div class=\"elementor-widget-container\">\n\t\t\t\t\t\t\t\t\t<div class=\"elementor-button-wrapper\">\n\t\t\t\t\t<a class=\"elementor-button elementor-button-link elementor-size-sm\" href=\"\/pt-pt\/contact-us\">\n\t\t\t\t\t\t<span class=\"elementor-button-content-wrapper\">\n\t\t\t\t\t\t\t\t\t<span class=\"elementor-button-text\">Pedir mais informa\u00e7\u00f5es<\/span>\n\t\t\t\t\t<\/span>\n\t\t\t\t\t<\/a>\n\t\t\t\t<\/div>\n\t\t\t\t\t\t\t\t<\/div>\n\t\t\t\t<\/div>\n\t\t\t\t<\/div>\n\t\t\t\t\t<\/div>\n\t\t\t\t<\/div>\n\t\t\t\t<\/div>\n\t\t","protected":false},"excerpt":{"rendered":"<p>Quem somos? Nossas melhores habilidades fiscais e de TI s\u00e3o combinadas em uma solu\u00e7\u00e3o que.. \u2022 Simplifica o seu neg\u00f3cio\u2022 Integra e automatiza processos\u2022 Reduz o tempo e os riscos operacionais Contactar-nos NOSSA HIST\u00d3RIA Best Vision Solutions &amp; Services AG fornece servi\u00e7os de TI e back-office para institui\u00e7\u00f5es. Atrav\u00e9s dos nossos escrit\u00f3rios na Su\u00ed\u00e7a e [&hellip;]<\/p>\n","protected":false},"author":1,"featured_media":0,"parent":0,"menu_order":0,"comment_status":"closed","ping_status":"closed","template":"","meta":{"footnotes":""},"class_list":["post-1542","page","type-page","status-publish","hentry"],"rttpg_featured_image_url":null,"rttpg_author":{"display_name":"DavidSoto","author_link":"https:\/\/bestreporting.ch\/pt-pt\/author\/davidsoto\/"},"rttpg_comment":0,"rttpg_category":" <a href=\"https:\/\/bestreporting.ch\/pt-pt\/?taxonomy=translation_priority&#038;term=opcional\" rel=\"tag\">Opcional<\/a>","rttpg_excerpt":"Quem somos? Nossas melhores habilidades fiscais e de TI s\u00e3o combinadas em uma solu\u00e7\u00e3o que.. \u2022 Simplifica o seu neg\u00f3cio\u2022 Integra e automatiza processos\u2022 Reduz o tempo e os riscos operacionais Contactar-nos NOSSA HIST\u00d3RIA Best Vision Solutions &amp; Services AG fornece servi\u00e7os de TI e back-office para institui\u00e7\u00f5es. Atrav\u00e9s dos nossos escrit\u00f3rios na Su\u00ed\u00e7a e&hellip;","_links":{"self":[{"href":"https:\/\/bestreporting.ch\/pt-pt\/wp-json\/wp\/v2\/pages\/1542","targetHints":{"allow":["GET"]}}],"collection":[{"href":"https:\/\/bestreporting.ch\/pt-pt\/wp-json\/wp\/v2\/pages"}],"about":[{"href":"https:\/\/bestreporting.ch\/pt-pt\/wp-json\/wp\/v2\/types\/page"}],"author":[{"embeddable":true,"href":"https:\/\/bestreporting.ch\/pt-pt\/wp-json\/wp\/v2\/users\/1"}],"replies":[{"embeddable":true,"href":"https:\/\/bestreporting.ch\/pt-pt\/wp-json\/wp\/v2\/comments?post=1542"}],"version-history":[{"count":19,"href":"https:\/\/bestreporting.ch\/pt-pt\/wp-json\/wp\/v2\/pages\/1542\/revisions"}],"predecessor-version":[{"id":2560,"href":"https:\/\/bestreporting.ch\/pt-pt\/wp-json\/wp\/v2\/pages\/1542\/revisions\/2560"}],"wp:attachment":[{"href":"https:\/\/bestreporting.ch\/pt-pt\/wp-json\/wp\/v2\/media?parent=1542"}],"curies":[{"name":"wp","href":"https:\/\/api.w.org\/{rel}","templated":true}]}}