{"id":1532,"date":"2023-10-20T18:06:23","date_gmt":"2023-10-20T18:06:23","guid":{"rendered":"https:\/\/bestreporting.ch\/software-fatca\/"},"modified":"2024-05-27T13:16:26","modified_gmt":"2024-05-27T13:16:26","slug":"software-fatca","status":"publish","type":"page","link":"https:\/\/bestreporting.ch\/pt-pt\/software-fatca\/","title":{"rendered":"Software FATCA"},"content":{"rendered":"\t\t<div data-elementor-type=\"wp-page\" data-elementor-id=\"1532\" class=\"elementor elementor-1532 elementor-38\">\n\t\t\t\t<div class=\"elementor-element elementor-element-581f0a7 e-flex e-con-boxed e-con e-parent\" data-id=\"581f0a7\" data-element_type=\"container\" data-e-type=\"container\" data-settings=\"{&quot;background_background&quot;:&quot;classic&quot;}\">\n\t\t\t\t\t<div class=\"e-con-inner\">\n\t\t\t\t<div class=\"elementor-element elementor-element-66af60a elementor-invisible elementor-widget elementor-widget-heading\" data-id=\"66af60a\" data-element_type=\"widget\" data-e-type=\"widget\" data-settings=\"{&quot;_animation&quot;:&quot;fadeIn&quot;}\" data-widget_type=\"heading.default\">\n\t\t\t\t<div class=\"elementor-widget-container\">\n\t\t\t\t\t<h2 class=\"elementor-heading-title elementor-size-default\">Software FATCA<\/h2>\t\t\t\t<\/div>\n\t\t\t\t<\/div>\n\t\t\t\t\t<\/div>\n\t\t\t\t<\/div>\n\t\t<div class=\"elementor-element elementor-element-d08391b e-flex e-con-boxed e-con e-parent\" data-id=\"d08391b\" data-element_type=\"container\" data-e-type=\"container\">\n\t\t\t\t\t<div class=\"e-con-inner\">\n\t\t<div class=\"elementor-element elementor-element-97ba46b e-con-full e-flex elementor-invisible e-con e-child\" data-id=\"97ba46b\" data-element_type=\"container\" data-e-type=\"container\" data-settings=\"{&quot;animation&quot;:&quot;fadeIn&quot;}\">\n\t\t\t\t<div class=\"elementor-element elementor-element-4ea2547 elementor-widget elementor-widget-heading\" data-id=\"4ea2547\" data-element_type=\"widget\" data-e-type=\"widget\" data-widget_type=\"heading.default\">\n\t\t\t\t<div class=\"elementor-widget-container\">\n\t\t\t\t\t<h2 class=\"elementor-heading-title elementor-size-default\">A solu\u00e7\u00e3o para os relat\u00f3rios FATCA\n<\/h2>\t\t\t\t<\/div>\n\t\t\t\t<\/div>\n\t\t\t\t<div class=\"elementor-element elementor-element-2d9e1c8 elementor-widget elementor-widget-heading\" data-id=\"2d9e1c8\" data-element_type=\"widget\" data-e-type=\"widget\" data-widget_type=\"heading.default\">\n\t\t\t\t<div class=\"elementor-widget-container\">\n\t\t\t\t\t<h2 class=\"elementor-heading-title elementor-size-default\">Comunica\u00e7\u00e3o FATCA<\/h2>\t\t\t\t<\/div>\n\t\t\t\t<\/div>\n\t\t\t\t<div class=\"elementor-element elementor-element-0c038d1 elementor-widget elementor-widget-text-editor\" data-id=\"0c038d1\" data-element_type=\"widget\" data-e-type=\"widget\" data-widget_type=\"text-editor.default\">\n\t\t\t\t<div class=\"elementor-widget-container\">\n\t\t\t\t\t\t\t\t\t<p>O regulamento FATCA exige a comunica\u00e7\u00e3o de algumas contas banc\u00e1rias detidas por entidades financeiras n\u00e3o americanas. Desde h\u00e1 alguns anos, a Best Vision tem vindo a apoiar as institui\u00e7\u00f5es financeiras nos seus relat\u00f3rios FATCA com uma solu\u00e7\u00e3o destinada a reduzir o tempo de comunica\u00e7\u00e3o e os riscos de erros. A nossa oferta inclui:<\/p>\n<ul>\n<li>um <strong>software<\/strong> que prepara para eles o ficheiro XML necess\u00e1rio para a comunica\u00e7\u00e3o<\/li>\n<li>um <strong>servi\u00e7o de back office<\/strong> que apoia os clientes nas suas actividades preparat\u00f3rias<\/li>\n<li>a consultoria de profissionais FATCA, para a gest\u00e3o de quest\u00f5es espec\u00edficas<\/li>\n<\/ul>\n\t\t\t\t\t\t\t\t<\/div>\n\t\t\t\t<\/div>\n\t\t\t\t<\/div>\n\t\t<div class=\"elementor-element elementor-element-6f19ac5 e-con-full e-flex elementor-invisible e-con e-child\" data-id=\"6f19ac5\" data-element_type=\"container\" data-e-type=\"container\" data-settings=\"{&quot;animation&quot;:&quot;fadeIn&quot;,&quot;animation_delay&quot;:200}\">\n\t\t\t\t<div class=\"elementor-element elementor-element-78f4304 elementor-widget elementor-widget-image\" data-id=\"78f4304\" data-element_type=\"widget\" data-e-type=\"widget\" data-widget_type=\"image.default\">\n\t\t\t\t<div class=\"elementor-widget-container\">\n\t\t\t\t\t\t\t\t\t\t\t\t\t\t\t<img fetchpriority=\"high\" decoding=\"async\" width=\"640\" height=\"405\" src=\"https:\/\/bestreporting.ch\/wp-content\/uploads\/2023\/10\/meeting-close-window-jpg.webp\" class=\"attachment-large size-large wp-image-978\" alt=\"\" \/>\t\t\t\t\t\t\t\t\t\t\t\t\t\t\t<\/div>\n\t\t\t\t<\/div>\n\t\t\t\t<\/div>\n\t\t\t\t\t<\/div>\n\t\t\t\t<\/div>\n\t\t<div class=\"elementor-element elementor-element-319c4cc e-flex e-con-boxed e-con e-parent\" data-id=\"319c4cc\" data-element_type=\"container\" data-e-type=\"container\" data-settings=\"{&quot;background_background&quot;:&quot;classic&quot;}\">\n\t\t\t\t\t<div class=\"e-con-inner\">\n\t\t\t\t<div class=\"elementor-element elementor-element-ac835a2 elementor-invisible elementor-widget elementor-widget-heading\" data-id=\"ac835a2\" data-element_type=\"widget\" data-e-type=\"widget\" data-settings=\"{&quot;_animation&quot;:&quot;fadeIn&quot;,&quot;_animation_delay&quot;:0}\" data-widget_type=\"heading.default\">\n\t\t\t\t<div class=\"elementor-widget-container\">\n\t\t\t\t\t<h2 class=\"elementor-heading-title elementor-size-default\">A quem se destinam os nossos servi\u00e7os?<\/h2>\t\t\t\t<\/div>\n\t\t\t\t<\/div>\n\t\t\t\t<div class=\"elementor-element elementor-element-f5cf043 elementor-invisible elementor-widget elementor-widget-heading\" data-id=\"f5cf043\" data-element_type=\"widget\" data-e-type=\"widget\" data-settings=\"{&quot;_animation&quot;:&quot;fadeIn&quot;,&quot;_animation_delay&quot;:200}\" data-widget_type=\"heading.default\">\n\t\t\t\t<div class=\"elementor-widget-container\">\n\t\t\t\t\t<h2 class=\"elementor-heading-title elementor-size-default\">Todos os intermedi\u00e1rios dos pa\u00edses IGA 1 e IGA 2.\n\n<\/h2>\t\t\t\t<\/div>\n\t\t\t\t<\/div>\n\t\t\t\t\t<\/div>\n\t\t\t\t<\/div>\n\t\t<div class=\"elementor-element elementor-element-e5b2a21 e-flex e-con-boxed e-con e-parent\" data-id=\"e5b2a21\" data-element_type=\"container\" data-e-type=\"container\">\n\t\t\t\t\t<div class=\"e-con-inner\">\n\t\t<div class=\"elementor-element elementor-element-637aad3 e-con-full e-flex elementor-invisible e-con e-child\" data-id=\"637aad3\" data-element_type=\"container\" data-e-type=\"container\" data-settings=\"{&quot;animation&quot;:&quot;fadeIn&quot;}\">\n\t\t\t\t<div class=\"elementor-element elementor-element-9f44659 elementor-widget elementor-widget-heading\" data-id=\"9f44659\" data-element_type=\"widget\" data-e-type=\"widget\" data-widget_type=\"heading.default\">\n\t\t\t\t<div class=\"elementor-widget-container\">\n\t\t\t\t\t<h2 class=\"elementor-heading-title elementor-size-default\">Solu\u00e7\u00e3o de software<\/h2>\t\t\t\t<\/div>\n\t\t\t\t<\/div>\n\t\t\t\t<div class=\"elementor-element elementor-element-01420fd elementor-widget elementor-widget-text-editor\" data-id=\"01420fd\" data-element_type=\"widget\" data-e-type=\"widget\" data-widget_type=\"text-editor.default\">\n\t\t\t\t<div class=\"elementor-widget-container\">\n\t\t\t\t\t\t\t\t\t<p>A solu\u00e7\u00e3o oferecida \u00e9 proposta para gerir facilmente, com seguran\u00e7a e em pouco tempo os relat\u00f3rios FATCA, para os pa\u00edses IGA 1 e IGA 2.<\/p>\n<p>A Best Vision encarrega-se de manter a solu\u00e7\u00e3o actualizada, tanto do ponto de vista regulamentar, tendo em conta todas as altera\u00e7\u00f5es ocorridas, como de gerir os aspectos de seguran\u00e7a da informa\u00e7\u00e3o de acordo com os mais elevados padr\u00f5es tecnol\u00f3gicos.<\/p>\n<p><\/p>\t\t\t\t\t\t\t\t<\/div>\n\t\t\t\t<\/div>\n\t\t\t\t<\/div>\n\t\t<div class=\"elementor-element elementor-element-1f21bd3 e-con-full e-flex elementor-invisible e-con e-child\" data-id=\"1f21bd3\" data-element_type=\"container\" data-e-type=\"container\" data-settings=\"{&quot;animation&quot;:&quot;fadeIn&quot;,&quot;animation_delay&quot;:200}\">\n\t\t\t\t<div class=\"elementor-element elementor-element-692b384 elementor-widget elementor-widget-text-editor\" data-id=\"692b384\" data-element_type=\"widget\" data-e-type=\"widget\" data-widget_type=\"text-editor.default\">\n\t\t\t\t<div class=\"elementor-widget-container\">\n\t\t\t\t\t\t\t\t\t<p>Os nossos clientes encontram sempre online a \u00faltima vers\u00e3o do software, que estar\u00e1 sempre pronta para os seus relat\u00f3rios. A \u00fanica coisa necess\u00e1ria para utilizar o software \u00e9 um ficheiro Excel com as informa\u00e7\u00f5es relevantes. O ficheiro de declara\u00e7\u00e3o, XML, ser\u00e1 criado automaticamente de acordo com as \u00faltimas actualiza\u00e7\u00f5es das publica\u00e7\u00f5es do IRS.<\/p><p>A vantagem para o cliente \u00e9 que disp\u00f5e de uma ferramenta fi\u00e1vel e f\u00e1cil de utilizar.<\/p><p><strong>M\u00f3dulos dispon\u00edveis<\/strong><\/p><ul><li>M\u00f3dulo FATCA FORM, para a gera\u00e7\u00e3o de FATCA XML<\/li><li>M\u00f3dulo CRS FORM, para a elabora\u00e7\u00e3o de relat\u00f3rios CRS XML<\/li><li>Formul\u00e1rio QI RECO, para reconciliar os pagamentos QI-deposit\u00e1rios<\/li><li>M\u00f3dulo QI FORM, para a cria\u00e7\u00e3o e verifica\u00e7\u00e3o autom\u00e1tica, em PDF e TXT, dos m\u00f3dulos <a title=\"1042 Formul\u00e1rios ARTIGO\" href=\"https:\/\/bestreporting.ch\/pt-pt\/formulario-1042\/\">1042<\/a> e <a title=\"Formul\u00e1rios 1042-S ARTIGO\" href=\"https:\/\/bestreporting.ch\/pt-pt\/formulario-1042-s\/\">1042-s<\/a><\/li><\/ul>\t\t\t\t\t\t\t\t<\/div>\n\t\t\t\t<\/div>\n\t\t\t\t<\/div>\n\t\t\t\t\t<\/div>\n\t\t\t\t<\/div>\n\t\t<div class=\"elementor-element elementor-element-637b339 e-flex e-con-boxed e-con e-parent\" data-id=\"637b339\" data-element_type=\"container\" data-e-type=\"container\">\n\t\t\t\t\t<div class=\"e-con-inner\">\n\t\t<div class=\"elementor-element elementor-element-adb1f01 e-con-full e-flex elementor-invisible e-con e-child\" data-id=\"adb1f01\" data-element_type=\"container\" data-e-type=\"container\" data-settings=\"{&quot;animation&quot;:&quot;fadeIn&quot;}\">\n\t\t\t\t<div class=\"elementor-element elementor-element-d00b3ba elementor-widget elementor-widget-image\" data-id=\"d00b3ba\" data-element_type=\"widget\" data-e-type=\"widget\" data-widget_type=\"image.default\">\n\t\t\t\t<div class=\"elementor-widget-container\">\n\t\t\t\t\t\t\t\t\t\t\t\t\t\t\t<img decoding=\"async\" width=\"640\" height=\"427\" src=\"https:\/\/bestreporting.ch\/wp-content\/uploads\/2023\/10\/no-people-office-with-multiple-computers-customer-service-desk-call-center-helpline-support-give-telecommunication-assistance-empty-helpdesk-with-client-telephony-reception-jpg.webp\" class=\"attachment-large size-large wp-image-169\" alt=\"\" \/>\t\t\t\t\t\t\t\t\t\t\t\t\t\t\t<\/div>\n\t\t\t\t<\/div>\n\t\t\t\t<\/div>\n\t\t<div class=\"elementor-element elementor-element-7b9b936 e-con-full e-flex elementor-invisible e-con e-child\" data-id=\"7b9b936\" data-element_type=\"container\" data-e-type=\"container\" data-settings=\"{&quot;animation&quot;:&quot;fadeIn&quot;,&quot;animation_delay&quot;:200}\">\n\t\t\t\t<div class=\"elementor-element elementor-element-f715b25 elementor-widget elementor-widget-heading\" data-id=\"f715b25\" data-element_type=\"widget\" data-e-type=\"widget\" data-widget_type=\"heading.default\">\n\t\t\t\t<div class=\"elementor-widget-container\">\n\t\t\t\t\t<h2 class=\"elementor-heading-title elementor-size-default\">Solu\u00e7\u00e3o de back-office<\/h2>\t\t\t\t<\/div>\n\t\t\t\t<\/div>\n\t\t\t\t<div class=\"elementor-element elementor-element-7e5c9b5 elementor-widget elementor-widget-text-editor\" data-id=\"7e5c9b5\" data-element_type=\"widget\" data-e-type=\"widget\" data-widget_type=\"text-editor.default\">\n\t\t\t\t<div class=\"elementor-widget-container\">\n\t\t\t\t\t\t\t\t\t<p>Oferecemos aos nossos clientes a possibilidade de externalizar toda ou parte da atividade. Oferecemos a possibilidade de recorrer ao nosso pessoal especializado para as actividades de:<\/p>\n<ul>\n<li>Verifica\u00e7\u00e3o de dados de W9, W8 e documenta\u00e7\u00e3o KYC<\/li>\n<li>Gest\u00e3o de relat\u00f3rios<\/li>\n<li>Apoio a auditorias internas\/externas<\/li>\n<\/ul>\n<p>A atividade \u00e9 realizada \u00e0 dist\u00e2ncia ou no local, nas instala\u00e7\u00f5es do cliente.<\/p>\n<p>O Servi\u00e7o \u00e9 particularmente \u00fatil para lidar com picos de trabalho, bem como com a falta de pessoal dedicado por parte do Cliente.<\/p>\n\t\t\t\t\t\t\t\t<\/div>\n\t\t\t\t<\/div>\n\t\t\t\t<\/div>\n\t\t\t\t\t<\/div>\n\t\t\t\t<\/div>\n\t\t<div class=\"elementor-element elementor-element-c49d024 e-flex e-con-boxed e-con e-parent\" data-id=\"c49d024\" data-element_type=\"container\" data-e-type=\"container\">\n\t\t\t\t\t<div class=\"e-con-inner\">\n\t\t<div class=\"elementor-element elementor-element-f830108 e-con-full e-flex elementor-invisible e-con e-child\" data-id=\"f830108\" data-element_type=\"container\" data-e-type=\"container\" data-settings=\"{&quot;animation&quot;:&quot;fadeIn&quot;}\">\n\t\t\t\t<div class=\"elementor-element elementor-element-cf48f64 elementor-widget elementor-widget-heading\" data-id=\"cf48f64\" data-element_type=\"widget\" data-e-type=\"widget\" data-widget_type=\"heading.default\">\n\t\t\t\t<div class=\"elementor-widget-container\">\n\t\t\t\t\t<h2 class=\"elementor-heading-title elementor-size-default\">Servi\u00e7o de Consultoria de Conformidade\n<\/h2>\t\t\t\t<\/div>\n\t\t\t\t<\/div>\n\t\t\t\t<div class=\"elementor-element elementor-element-0be332b elementor-widget elementor-widget-text-editor\" data-id=\"0be332b\" data-element_type=\"widget\" data-e-type=\"widget\" data-widget_type=\"text-editor.default\">\n\t\t\t\t<div class=\"elementor-widget-container\">\n\t\t\t\t\t\t\t\t\t<p>Dispomos dos melhores profissionais da \u00e1rea fiscal para oferecer aos nossos clientes uma resposta precisa e de qualidade \u00e0s suas necessidades em mat\u00e9ria de FATCA. Os nossos peritos s\u00e3o igualmente competentes no dom\u00ednio do QI e do CRS, para uma correcta comunica\u00e7\u00e3o internacional das contas banc\u00e1rias.<\/p>\n<p>Somos principalmente contratados pelos nossos clientes para os ajudar:<\/p>\n<ul>\n<li>Gest\u00e3o da documenta\u00e7\u00e3o e da fiscalidade dos clientes<\/li>\n<li>Forma\u00e7\u00e3o dos colaboradores internos<\/li>\n<li>controlo da conformidade com a FATCA<\/li>\n<\/ul>\n<p>O dom\u00ednio da consultoria \u00e9 definido em conjunto com os nossos Clientes, para ser extremamente eficaz e eficiente em termos de custos e prazos.<\/p>\n\t\t\t\t\t\t\t\t<\/div>\n\t\t\t\t<\/div>\n\t\t\t\t<\/div>\n\t\t<div class=\"elementor-element elementor-element-5b90b2c e-con-full e-flex elementor-invisible e-con e-child\" data-id=\"5b90b2c\" data-element_type=\"container\" data-e-type=\"container\" data-settings=\"{&quot;animation&quot;:&quot;fadeIn&quot;,&quot;animation_delay&quot;:200}\">\n\t\t\t\t<div class=\"elementor-element elementor-element-b5eae29 elementor-widget elementor-widget-image\" data-id=\"b5eae29\" data-element_type=\"widget\" data-e-type=\"widget\" data-widget_type=\"image.default\">\n\t\t\t\t<div class=\"elementor-widget-container\">\n\t\t\t\t\t\t\t\t\t\t\t\t\t\t\t<img decoding=\"async\" width=\"640\" height=\"427\" src=\"https:\/\/bestreporting.ch\/wp-content\/uploads\/2023\/10\/meeting-financial-managers-jpg.webp\" class=\"attachment-large size-large wp-image-175\" alt=\"\" \/>\t\t\t\t\t\t\t\t\t\t\t\t\t\t\t<\/div>\n\t\t\t\t<\/div>\n\t\t\t\t<\/div>\n\t\t\t\t\t<\/div>\n\t\t\t\t<\/div>\n\t\t<div class=\"elementor-element elementor-element-efba7ee e-flex e-con-boxed e-con e-parent\" data-id=\"efba7ee\" data-element_type=\"container\" data-e-type=\"container\" data-settings=\"{&quot;background_background&quot;:&quot;gradient&quot;}\">\n\t\t\t\t\t<div class=\"e-con-inner\">\n\t\t<div class=\"elementor-element elementor-element-b3c3074 e-con-full e-flex elementor-invisible e-con e-child\" data-id=\"b3c3074\" data-element_type=\"container\" data-e-type=\"container\" data-settings=\"{&quot;animation&quot;:&quot;fadeIn&quot;}\">\n\t\t\t\t<div class=\"elementor-element elementor-element-12bc7a9 elementor-widget elementor-widget-heading\" data-id=\"12bc7a9\" data-element_type=\"widget\" data-e-type=\"widget\" data-widget_type=\"heading.default\">\n\t\t\t\t<div class=\"elementor-widget-container\">\n\t\t\t\t\t<h2 class=\"elementor-heading-title elementor-size-default\"> Interessado nos nossos servi\u00e7os de relat\u00f3rios de QI?<\/h2>\t\t\t\t<\/div>\n\t\t\t\t<\/div>\n\t\t\t\t<div class=\"elementor-element elementor-element-0497a34 elementor-widget elementor-widget-heading\" data-id=\"0497a34\" data-element_type=\"widget\" data-e-type=\"widget\" data-widget_type=\"heading.default\">\n\t\t\t\t<div class=\"elementor-widget-container\">\n\t\t\t\t\t<h2 class=\"elementor-heading-title elementor-size-default\">Clique no bot\u00e3o ao lado para solicitar mais informa\u00e7\u00f5es<\/h2>\t\t\t\t<\/div>\n\t\t\t\t<\/div>\n\t\t\t\t<\/div>\n\t\t<div class=\"elementor-element elementor-element-959e750 e-con-full e-flex elementor-invisible e-con e-child\" data-id=\"959e750\" data-element_type=\"container\" data-e-type=\"container\" data-settings=\"{&quot;animation&quot;:&quot;fadeIn&quot;,&quot;animation_delay&quot;:200}\">\n\t\t\t\t<div class=\"elementor-element elementor-element-e06102e elementor-align-center elementor-widget elementor-widget-button\" data-id=\"e06102e\" data-element_type=\"widget\" data-e-type=\"widget\" data-widget_type=\"button.default\">\n\t\t\t\t<div class=\"elementor-widget-container\">\n\t\t\t\t\t\t\t\t\t<div class=\"elementor-button-wrapper\">\n\t\t\t\t\t<a class=\"elementor-button elementor-button-link elementor-size-sm\" href=\"\/pt-pt\/contact-us\">\n\t\t\t\t\t\t<span class=\"elementor-button-content-wrapper\">\n\t\t\t\t\t\t\t\t\t<span class=\"elementor-button-text\">Pedir mais informa\u00e7\u00f5es<\/span>\n\t\t\t\t\t<\/span>\n\t\t\t\t\t<\/a>\n\t\t\t\t<\/div>\n\t\t\t\t\t\t\t\t<\/div>\n\t\t\t\t<\/div>\n\t\t\t\t<\/div>\n\t\t\t\t\t<\/div>\n\t\t\t\t<\/div>\n\t\t\t\t<\/div>\n\t\t","protected":false},"excerpt":{"rendered":"<p>Software FATCA A solu\u00e7\u00e3o para os relat\u00f3rios FATCA Comunica\u00e7\u00e3o FATCA O regulamento FATCA exige a comunica\u00e7\u00e3o de algumas contas banc\u00e1rias detidas por entidades financeiras n\u00e3o americanas. Desde h\u00e1 alguns anos, a Best Vision tem vindo a apoiar as institui\u00e7\u00f5es financeiras nos seus relat\u00f3rios FATCA com uma solu\u00e7\u00e3o destinada a reduzir o tempo de comunica\u00e7\u00e3o e [&hellip;]<\/p>\n","protected":false},"author":1,"featured_media":0,"parent":0,"menu_order":0,"comment_status":"closed","ping_status":"closed","template":"","meta":{"footnotes":""},"class_list":["post-1532","page","type-page","status-publish","hentry"],"rttpg_featured_image_url":null,"rttpg_author":{"display_name":"DavidSoto","author_link":"https:\/\/bestreporting.ch\/pt-pt\/author\/davidsoto\/"},"rttpg_comment":0,"rttpg_category":" <a href=\"https:\/\/bestreporting.ch\/pt-pt\/?taxonomy=translation_priority&#038;term=opcional\" rel=\"tag\">Opcional<\/a>","rttpg_excerpt":"Software FATCA A solu\u00e7\u00e3o para os relat\u00f3rios FATCA Comunica\u00e7\u00e3o FATCA O regulamento FATCA exige a comunica\u00e7\u00e3o de algumas contas banc\u00e1rias detidas por entidades financeiras n\u00e3o americanas. Desde h\u00e1 alguns anos, a Best Vision tem vindo a apoiar as institui\u00e7\u00f5es financeiras nos seus relat\u00f3rios FATCA com uma solu\u00e7\u00e3o destinada a reduzir o tempo de comunica\u00e7\u00e3o e&hellip;","_links":{"self":[{"href":"https:\/\/bestreporting.ch\/pt-pt\/wp-json\/wp\/v2\/pages\/1532","targetHints":{"allow":["GET"]}}],"collection":[{"href":"https:\/\/bestreporting.ch\/pt-pt\/wp-json\/wp\/v2\/pages"}],"about":[{"href":"https:\/\/bestreporting.ch\/pt-pt\/wp-json\/wp\/v2\/types\/page"}],"author":[{"embeddable":true,"href":"https:\/\/bestreporting.ch\/pt-pt\/wp-json\/wp\/v2\/users\/1"}],"replies":[{"embeddable":true,"href":"https:\/\/bestreporting.ch\/pt-pt\/wp-json\/wp\/v2\/comments?post=1532"}],"version-history":[{"count":13,"href":"https:\/\/bestreporting.ch\/pt-pt\/wp-json\/wp\/v2\/pages\/1532\/revisions"}],"predecessor-version":[{"id":2607,"href":"https:\/\/bestreporting.ch\/pt-pt\/wp-json\/wp\/v2\/pages\/1532\/revisions\/2607"}],"wp:attachment":[{"href":"https:\/\/bestreporting.ch\/pt-pt\/wp-json\/wp\/v2\/media?parent=1532"}],"curies":[{"name":"wp","href":"https:\/\/api.w.org\/{rel}","templated":true}]}}