{"id":1527,"date":"2023-10-20T18:06:37","date_gmt":"2023-10-20T18:06:37","guid":{"rendered":"https:\/\/bestreporting.ch\/software-crs\/"},"modified":"2024-02-05T18:58:11","modified_gmt":"2024-02-05T18:58:11","slug":"software-crs","status":"publish","type":"page","link":"https:\/\/bestreporting.ch\/pt-pt\/software-crs\/","title":{"rendered":"Software CRS"},"content":{"rendered":"\t\t<div data-elementor-type=\"wp-page\" data-elementor-id=\"1527\" class=\"elementor elementor-1527 elementor-40\">\n\t\t\t\t<div class=\"elementor-element elementor-element-4de13a5 e-flex e-con-boxed e-con e-parent\" data-id=\"4de13a5\" data-element_type=\"container\" data-e-type=\"container\" data-settings=\"{&quot;background_background&quot;:&quot;classic&quot;}\">\n\t\t\t\t\t<div class=\"e-con-inner\">\n\t\t\t\t<div class=\"elementor-element elementor-element-6103a89 elementor-invisible elementor-widget elementor-widget-heading\" data-id=\"6103a89\" data-element_type=\"widget\" data-e-type=\"widget\" data-settings=\"{&quot;_animation&quot;:&quot;fadeIn&quot;,&quot;_animation_delay&quot;:200}\" data-widget_type=\"heading.default\">\n\t\t\t\t<div class=\"elementor-widget-container\">\n\t\t\t\t\t<h2 class=\"elementor-heading-title elementor-size-default\">Software CRS<\/h2>\t\t\t\t<\/div>\n\t\t\t\t<\/div>\n\t\t\t\t\t<\/div>\n\t\t\t\t<\/div>\n\t\t<div class=\"elementor-element elementor-element-00dcf63 e-flex e-con-boxed e-con e-parent\" data-id=\"00dcf63\" data-element_type=\"container\" data-e-type=\"container\">\n\t\t\t\t\t<div class=\"e-con-inner\">\n\t\t<div class=\"elementor-element elementor-element-2dd4dd6 e-con-full e-flex elementor-invisible e-con e-child\" data-id=\"2dd4dd6\" data-element_type=\"container\" data-e-type=\"container\" data-settings=\"{&quot;animation&quot;:&quot;fadeIn&quot;}\">\n\t\t\t\t<div class=\"elementor-element elementor-element-8b02a74 elementor-widget elementor-widget-heading\" data-id=\"8b02a74\" data-element_type=\"widget\" data-e-type=\"widget\" data-widget_type=\"heading.default\">\n\t\t\t\t<div class=\"elementor-widget-container\">\n\t\t\t\t\t<h2 class=\"elementor-heading-title elementor-size-default\">A solu\u00e7\u00e3o para os relat\u00f3rios CRS<\/h2>\t\t\t\t<\/div>\n\t\t\t\t<\/div>\n\t\t\t\t<div class=\"elementor-element elementor-element-0d0533a elementor-widget elementor-widget-text-editor\" data-id=\"0d0533a\" data-element_type=\"widget\" data-e-type=\"widget\" data-widget_type=\"text-editor.default\">\n\t\t\t\t<div class=\"elementor-widget-container\">\n\t\t\t\t\t\t\t\t\t<p>A troca autom\u00e1tica de informa\u00e7\u00f5es (AEOI) exige a comunica\u00e7\u00e3o de contas banc\u00e1rias entre as autoridades fiscais. O CRS, Common Reporting Standard, \u00e9 o modelo utilizado para efetuar essa comunica\u00e7\u00e3o.<\/p><p>Desde h\u00e1 alguns anos, a Best Vision tem vindo a apoiar as institui\u00e7\u00f5es banc\u00e1rias no seu reporte CRS com uma solu\u00e7\u00e3o destinada a reduzir o tempo de reporte e os riscos de erros. A nossa oferta inclui:<\/p><ul><li>um software que prepara o ficheiro XML necess\u00e1rio para o relat\u00f3rio.<\/li><li>um servi\u00e7o de back-office que apoia os clientes nas suas actividades preparat\u00f3rias.<\/li><li>servi\u00e7os de consultoria em mat\u00e9ria de conformidade.<\/li><\/ul>\t\t\t\t\t\t\t\t<\/div>\n\t\t\t\t<\/div>\n\t\t\t\t<\/div>\n\t\t<div class=\"elementor-element elementor-element-da915b0 e-con-full e-flex elementor-invisible e-con e-child\" data-id=\"da915b0\" data-element_type=\"container\" data-e-type=\"container\" data-settings=\"{&quot;animation&quot;:&quot;fadeIn&quot;,&quot;animation_delay&quot;:200}\">\n\t\t\t\t<div class=\"elementor-element elementor-element-90b1008 elementor-widget elementor-widget-image\" data-id=\"90b1008\" data-element_type=\"widget\" data-e-type=\"widget\" data-widget_type=\"image.default\">\n\t\t\t\t<div class=\"elementor-widget-container\">\n\t\t\t\t\t\t\t\t\t\t\t\t\t\t\t<img fetchpriority=\"high\" decoding=\"async\" width=\"640\" height=\"404\" src=\"https:\/\/bestreporting.ch\/wp-content\/uploads\/2023\/10\/group-business-people-having-meeting-jpg.webp\" class=\"attachment-large size-large wp-image-157\" alt=\"\" \/>\t\t\t\t\t\t\t\t\t\t\t\t\t\t\t<\/div>\n\t\t\t\t<\/div>\n\t\t\t\t<\/div>\n\t\t\t\t\t<\/div>\n\t\t\t\t<\/div>\n\t\t<div class=\"elementor-element elementor-element-11e9030 e-flex e-con-boxed e-con e-parent\" data-id=\"11e9030\" data-element_type=\"container\" data-e-type=\"container\" data-settings=\"{&quot;background_background&quot;:&quot;classic&quot;}\">\n\t\t\t\t\t<div class=\"e-con-inner\">\n\t\t\t\t<div class=\"elementor-element elementor-element-04f9a50 elementor-invisible elementor-widget elementor-widget-heading\" data-id=\"04f9a50\" data-element_type=\"widget\" data-e-type=\"widget\" data-settings=\"{&quot;_animation&quot;:&quot;fadeIn&quot;}\" data-widget_type=\"heading.default\">\n\t\t\t\t<div class=\"elementor-widget-container\">\n\t\t\t\t\t<h2 class=\"elementor-heading-title elementor-size-default\">A quem se destinam os nossos servi\u00e7os?<\/h2>\t\t\t\t<\/div>\n\t\t\t\t<\/div>\n\t\t\t\t<div class=\"elementor-element elementor-element-863de92 elementor-invisible elementor-widget elementor-widget-heading\" data-id=\"863de92\" data-element_type=\"widget\" data-e-type=\"widget\" data-settings=\"{&quot;_animation&quot;:&quot;fadeIn&quot;,&quot;_animation_delay&quot;:200}\" data-widget_type=\"heading.default\">\n\t\t\t\t<div class=\"elementor-widget-container\">\n\t\t\t\t\t<h2 class=\"elementor-heading-title elementor-size-default\">Todas as institui\u00e7\u00f5es financeiras das jurisdi\u00e7\u00f5es participantes dos pa\u00edses da OCDE.\n<\/h2>\t\t\t\t<\/div>\n\t\t\t\t<\/div>\n\t\t\t\t\t<\/div>\n\t\t\t\t<\/div>\n\t\t<div class=\"elementor-element elementor-element-e6c0a95 e-flex e-con-boxed e-con e-parent\" data-id=\"e6c0a95\" data-element_type=\"container\" data-e-type=\"container\">\n\t\t\t\t\t<div class=\"e-con-inner\">\n\t\t<div class=\"elementor-element elementor-element-c4c1768 e-con-full e-flex elementor-invisible e-con e-child\" data-id=\"c4c1768\" data-element_type=\"container\" data-e-type=\"container\" data-settings=\"{&quot;animation&quot;:&quot;fadeIn&quot;}\">\n\t\t\t\t<div class=\"elementor-element elementor-element-3172662 elementor-widget elementor-widget-heading\" data-id=\"3172662\" data-element_type=\"widget\" data-e-type=\"widget\" data-widget_type=\"heading.default\">\n\t\t\t\t<div class=\"elementor-widget-container\">\n\t\t\t\t\t<h2 class=\"elementor-heading-title elementor-size-default\">Solu\u00e7\u00e3o de software<\/h2>\t\t\t\t<\/div>\n\t\t\t\t<\/div>\n\t\t\t\t<\/div>\n\t\t<div class=\"elementor-element elementor-element-0fdbcaf e-con-full e-flex elementor-invisible e-con e-child\" data-id=\"0fdbcaf\" data-element_type=\"container\" data-e-type=\"container\" data-settings=\"{&quot;animation&quot;:&quot;fadeIn&quot;}\">\n\t\t\t\t<div class=\"elementor-element elementor-element-7291177 elementor-widget elementor-widget-text-editor\" data-id=\"7291177\" data-element_type=\"widget\" data-e-type=\"widget\" data-widget_type=\"text-editor.default\">\n\t\t\t\t<div class=\"elementor-widget-container\">\n\t\t\t\t\t\t\t\t\t<p>A solu\u00e7\u00e3o proposta tem como objetivo gerir de forma simples, segura e r\u00e1pida os relat\u00f3rios SIR dos nossos clientes. A ferramenta foi concebida para cobrir os relat\u00f3rios de todas as institui\u00e7\u00f5es financeiras da jurisdi\u00e7\u00e3o com um acordo de troca autom\u00e1tica de informa\u00e7\u00f5es.<\/p><p>A Best Vision encarrega-se de manter a solu\u00e7\u00e3o actualizada, quer do ponto de vista regulamentar, tendo em conta todas as altera\u00e7\u00f5es ocorridas, quer gerindo os aspectos de seguran\u00e7a da informa\u00e7\u00e3o de acordo com os mais elevados padr\u00f5es tecnol\u00f3gicos.<\/p><p>Os nossos Clientes encontram sempre online a \u00faltima vers\u00e3o do software, que estar\u00e1 sempre pronta para os seus relat\u00f3rios. A \u00fanica coisa necess\u00e1ria para utilizar o software \u00e9 um ficheiro Excel com as informa\u00e7\u00f5es relevantes. O ficheiro de relat\u00f3rio, XML, ser\u00e1 criado automaticamente de acordo com as \u00faltimas actualiza\u00e7\u00f5es no pa\u00eds de resid\u00eancia da institui\u00e7\u00e3o financeira.<\/p>\t\t\t\t\t\t\t\t<\/div>\n\t\t\t\t<\/div>\n\t\t\t\t<\/div>\n\t\t<div class=\"elementor-element elementor-element-17d042b e-con-full e-flex elementor-invisible e-con e-child\" data-id=\"17d042b\" data-element_type=\"container\" data-e-type=\"container\" data-settings=\"{&quot;animation&quot;:&quot;fadeIn&quot;,&quot;animation_delay&quot;:200}\">\n\t\t\t\t<div class=\"elementor-element elementor-element-d653357 elementor-widget elementor-widget-text-editor\" data-id=\"d653357\" data-element_type=\"widget\" data-e-type=\"widget\" data-widget_type=\"text-editor.default\">\n\t\t\t\t<div class=\"elementor-widget-container\">\n\t\t\t\t\t\t\t\t\t<p>A vantagem para o cliente \u00e9 dispor de uma ferramenta fi\u00e1vel, f\u00e1cil de utilizar e sempre actualizada.<\/p><p><strong>M\u00f3dulos de software dispon\u00edveis<\/strong><\/p><ul><li>M\u00f3dulo CRS FORM, para a gera\u00e7\u00e3o de XML em conformidade com a norma de cada pa\u00eds participante da OCDE.<\/li><li>M\u00f3dulo FATCA FORM, para a comunica\u00e7\u00e3o de XML FATCA.<\/li><li>Formul\u00e1rio RECO QI, para reconciliar pagamentos QI-deposit\u00e1rios.<\/li><li>M\u00f3dulo QI FORM, para a gera\u00e7\u00e3o e verifica\u00e7\u00e3o autom\u00e1ticas, em PDF e TXT, dos m\u00f3dulos 1042 e 1042-s.<\/li><\/ul>\t\t\t\t\t\t\t\t<\/div>\n\t\t\t\t<\/div>\n\t\t\t\t<\/div>\n\t\t\t\t\t<\/div>\n\t\t\t\t<\/div>\n\t\t<div class=\"elementor-element elementor-element-d8da003 e-flex e-con-boxed e-con e-parent\" data-id=\"d8da003\" data-element_type=\"container\" data-e-type=\"container\">\n\t\t\t\t\t<div class=\"e-con-inner\">\n\t\t<div class=\"elementor-element elementor-element-615f88e e-con-full e-flex elementor-invisible e-con e-child\" data-id=\"615f88e\" data-element_type=\"container\" data-e-type=\"container\" data-settings=\"{&quot;animation&quot;:&quot;fadeIn&quot;,&quot;animation_delay&quot;:200}\">\n\t\t\t\t<div class=\"elementor-element elementor-element-1aefa54 elementor-widget elementor-widget-image\" data-id=\"1aefa54\" data-element_type=\"widget\" data-e-type=\"widget\" data-widget_type=\"image.default\">\n\t\t\t\t<div class=\"elementor-widget-container\">\n\t\t\t\t\t\t\t\t\t\t\t\t\t\t\t<img decoding=\"async\" width=\"640\" height=\"427\" src=\"https:\/\/bestreporting.ch\/wp-content\/uploads\/2023\/10\/no-people-office-with-multiple-computers-customer-service-desk-call-center-helpline-support-give-telecommunication-assistance-empty-helpdesk-with-client-telephony-reception-jpg.webp\" class=\"attachment-large size-large wp-image-169\" alt=\"\" \/>\t\t\t\t\t\t\t\t\t\t\t\t\t\t\t<\/div>\n\t\t\t\t<\/div>\n\t\t\t\t<\/div>\n\t\t<div class=\"elementor-element elementor-element-842e6ff e-con-full e-flex elementor-invisible e-con e-child\" data-id=\"842e6ff\" data-element_type=\"container\" data-e-type=\"container\" data-settings=\"{&quot;animation&quot;:&quot;fadeIn&quot;,&quot;animation_delay&quot;:200}\">\n\t\t\t\t<div class=\"elementor-element elementor-element-fef678c elementor-widget elementor-widget-heading\" data-id=\"fef678c\" data-element_type=\"widget\" data-e-type=\"widget\" data-widget_type=\"heading.default\">\n\t\t\t\t<div class=\"elementor-widget-container\">\n\t\t\t\t\t<h2 class=\"elementor-heading-title elementor-size-default\">Solu\u00e7\u00e3o de back-office<\/h2>\t\t\t\t<\/div>\n\t\t\t\t<\/div>\n\t\t\t\t<div class=\"elementor-element elementor-element-06b3bcf elementor-widget elementor-widget-text-editor\" data-id=\"06b3bcf\" data-element_type=\"widget\" data-e-type=\"widget\" data-widget_type=\"text-editor.default\">\n\t\t\t\t<div class=\"elementor-widget-container\">\n\t\t\t\t\t\t\t\t\t<p>Oferecemos aos nossos clientes a possibilidade de externalizar a totalidade ou parte da atividade. Oferecemos a possibilidade de utilizar o nosso pessoal especializado para as actividades de:<\/p><ul><li>Controlo de dados e documenta\u00e7\u00e3o<\/li><li>Gest\u00e3o de relat\u00f3rios<\/li><li>Apoio \u00e0s auditorias internas e externas<\/li><\/ul><p>A atividade \u00e9 realizada \u00e0 dist\u00e2ncia ou no local, nas instala\u00e7\u00f5es do cliente.<\/p><p>O servi\u00e7o \u00e9 particularmente \u00fatil para lidar com picos de trabalho, bem como com a falta de pessoal dedicado por parte do cliente.<\/p>\t\t\t\t\t\t\t\t<\/div>\n\t\t\t\t<\/div>\n\t\t\t\t<\/div>\n\t\t\t\t\t<\/div>\n\t\t\t\t<\/div>\n\t\t<div class=\"elementor-element elementor-element-6aa8d66 e-flex e-con-boxed e-con e-parent\" data-id=\"6aa8d66\" data-element_type=\"container\" data-e-type=\"container\">\n\t\t\t\t\t<div class=\"e-con-inner\">\n\t\t<div class=\"elementor-element elementor-element-b58b366 e-con-full e-flex elementor-invisible e-con e-child\" data-id=\"b58b366\" data-element_type=\"container\" data-e-type=\"container\" data-settings=\"{&quot;animation&quot;:&quot;fadeIn&quot;}\">\n\t\t\t\t<div class=\"elementor-element elementor-element-ceb6a22 elementor-widget elementor-widget-heading\" data-id=\"ceb6a22\" data-element_type=\"widget\" data-e-type=\"widget\" data-widget_type=\"heading.default\">\n\t\t\t\t<div class=\"elementor-widget-container\">\n\t\t\t\t\t<h2 class=\"elementor-heading-title elementor-size-default\">Servi\u00e7o de Consultoria de Conformidade<\/h2>\t\t\t\t<\/div>\n\t\t\t\t<\/div>\n\t\t\t\t<div class=\"elementor-element elementor-element-becd3d8 elementor-widget elementor-widget-text-editor\" data-id=\"becd3d8\" data-element_type=\"widget\" data-e-type=\"widget\" data-widget_type=\"text-editor.default\">\n\t\t\t\t<div class=\"elementor-widget-container\">\n\t\t\t\t\t\t\t\t\t<p>Dispomos dos melhores profissionais da \u00e1rea fiscal para oferecer aos nossos clientes uma resposta precisa e de qualidade \u00e0s suas necessidades em mat\u00e9ria de CRS. Os nossos especialistas s\u00e3o igualmente competentes no dom\u00ednio do QI e do FATCA, para uma correcta comunica\u00e7\u00e3o internacional das contas banc\u00e1rias.<\/p><p>Os nossos clientes contratam-nos principalmente para os assistir em<\/p><ul><li>Gest\u00e3o da documenta\u00e7\u00e3o dos clientes<\/li><li>Forma\u00e7\u00e3o de funcion\u00e1rios internos<\/li><li>controlo da conformidade com o SIR<\/li><\/ul><p>O dom\u00ednio da consultoria \u00e9 definido em conjunto com os nossos clientes, para ser extremamente eficaz e eficiente em termos de custos e prazos.<\/p>\t\t\t\t\t\t\t\t<\/div>\n\t\t\t\t<\/div>\n\t\t\t\t<\/div>\n\t\t<div class=\"elementor-element elementor-element-ddbc575 e-con-full e-flex elementor-invisible e-con e-child\" data-id=\"ddbc575\" data-element_type=\"container\" data-e-type=\"container\" data-settings=\"{&quot;animation&quot;:&quot;fadeIn&quot;,&quot;animation_delay&quot;:200}\">\n\t\t\t\t<div class=\"elementor-element elementor-element-0dd2e2d elementor-widget elementor-widget-image\" data-id=\"0dd2e2d\" data-element_type=\"widget\" data-e-type=\"widget\" data-widget_type=\"image.default\">\n\t\t\t\t<div class=\"elementor-widget-container\">\n\t\t\t\t\t\t\t\t\t\t\t\t\t\t\t<img decoding=\"async\" width=\"640\" height=\"427\" src=\"https:\/\/bestreporting.ch\/wp-content\/uploads\/2023\/10\/meeting-financial-managers-jpg.webp\" class=\"attachment-large size-large wp-image-175\" alt=\"\" \/>\t\t\t\t\t\t\t\t\t\t\t\t\t\t\t<\/div>\n\t\t\t\t<\/div>\n\t\t\t\t<\/div>\n\t\t\t\t\t<\/div>\n\t\t\t\t<\/div>\n\t\t<div class=\"elementor-element elementor-element-df0f57b e-flex e-con-boxed e-con e-parent\" data-id=\"df0f57b\" data-element_type=\"container\" data-e-type=\"container\" data-settings=\"{&quot;background_background&quot;:&quot;gradient&quot;}\">\n\t\t\t\t\t<div class=\"e-con-inner\">\n\t\t<div class=\"elementor-element elementor-element-cc9f8ce e-con-full e-flex elementor-invisible e-con e-child\" data-id=\"cc9f8ce\" data-element_type=\"container\" data-e-type=\"container\" data-settings=\"{&quot;animation&quot;:&quot;fadeIn&quot;}\">\n\t\t\t\t<div class=\"elementor-element elementor-element-2e31307 elementor-widget elementor-widget-heading\" data-id=\"2e31307\" data-element_type=\"widget\" data-e-type=\"widget\" data-widget_type=\"heading.default\">\n\t\t\t\t<div class=\"elementor-widget-container\">\n\t\t\t\t\t<h2 class=\"elementor-heading-title elementor-size-default\"> Interessado nos nossos servi\u00e7os de relat\u00f3rios de QI?<\/h2>\t\t\t\t<\/div>\n\t\t\t\t<\/div>\n\t\t\t\t<div class=\"elementor-element elementor-element-4095cf4 elementor-widget elementor-widget-heading\" data-id=\"4095cf4\" data-element_type=\"widget\" data-e-type=\"widget\" data-widget_type=\"heading.default\">\n\t\t\t\t<div class=\"elementor-widget-container\">\n\t\t\t\t\t<h2 class=\"elementor-heading-title elementor-size-default\">Clique no bot\u00e3o ao lado para solicitar mais informa\u00e7\u00f5es<\/h2>\t\t\t\t<\/div>\n\t\t\t\t<\/div>\n\t\t\t\t<\/div>\n\t\t<div class=\"elementor-element elementor-element-233a4e9 e-con-full e-flex elementor-invisible e-con e-child\" data-id=\"233a4e9\" data-element_type=\"container\" data-e-type=\"container\" data-settings=\"{&quot;animation&quot;:&quot;fadeIn&quot;,&quot;animation_delay&quot;:200}\">\n\t\t\t\t<div class=\"elementor-element elementor-element-b6cdfda elementor-align-center elementor-widget elementor-widget-button\" data-id=\"b6cdfda\" data-element_type=\"widget\" data-e-type=\"widget\" data-widget_type=\"button.default\">\n\t\t\t\t<div class=\"elementor-widget-container\">\n\t\t\t\t\t\t\t\t\t<div class=\"elementor-button-wrapper\">\n\t\t\t\t\t<a class=\"elementor-button elementor-button-link elementor-size-sm\" href=\"\/pt-pt\/contact-us\">\n\t\t\t\t\t\t<span class=\"elementor-button-content-wrapper\">\n\t\t\t\t\t\t\t\t\t<span class=\"elementor-button-text\">Pedir mais informa\u00e7\u00f5es<\/span>\n\t\t\t\t\t<\/span>\n\t\t\t\t\t<\/a>\n\t\t\t\t<\/div>\n\t\t\t\t\t\t\t\t<\/div>\n\t\t\t\t<\/div>\n\t\t\t\t<\/div>\n\t\t\t\t\t<\/div>\n\t\t\t\t<\/div>\n\t\t\t\t<\/div>\n\t\t","protected":false},"excerpt":{"rendered":"<p>Software CRS A solu\u00e7\u00e3o para os relat\u00f3rios CRS A troca autom\u00e1tica de informa\u00e7\u00f5es (AEOI) exige a comunica\u00e7\u00e3o de contas banc\u00e1rias entre as autoridades fiscais. O CRS, Common Reporting Standard, \u00e9 o modelo utilizado para efetuar essa comunica\u00e7\u00e3o. Desde h\u00e1 alguns anos, a Best Vision tem vindo a apoiar as institui\u00e7\u00f5es banc\u00e1rias no seu reporte CRS [&hellip;]<\/p>\n","protected":false},"author":1,"featured_media":0,"parent":0,"menu_order":0,"comment_status":"closed","ping_status":"closed","template":"","meta":{"footnotes":""},"class_list":["post-1527","page","type-page","status-publish","hentry"],"rttpg_featured_image_url":null,"rttpg_author":{"display_name":"DavidSoto","author_link":"https:\/\/bestreporting.ch\/pt-pt\/author\/davidsoto\/"},"rttpg_comment":0,"rttpg_category":" <a href=\"https:\/\/bestreporting.ch\/pt-pt\/?taxonomy=translation_priority&#038;term=opcional\" rel=\"tag\">Opcional<\/a>","rttpg_excerpt":"Software CRS A solu\u00e7\u00e3o para os relat\u00f3rios CRS A troca autom\u00e1tica de informa\u00e7\u00f5es (AEOI) exige a comunica\u00e7\u00e3o de contas banc\u00e1rias entre as autoridades fiscais. O CRS, Common Reporting Standard, \u00e9 o modelo utilizado para efetuar essa comunica\u00e7\u00e3o. Desde h\u00e1 alguns anos, a Best Vision tem vindo a apoiar as institui\u00e7\u00f5es banc\u00e1rias no seu reporte CRS&hellip;","_links":{"self":[{"href":"https:\/\/bestreporting.ch\/pt-pt\/wp-json\/wp\/v2\/pages\/1527","targetHints":{"allow":["GET"]}}],"collection":[{"href":"https:\/\/bestreporting.ch\/pt-pt\/wp-json\/wp\/v2\/pages"}],"about":[{"href":"https:\/\/bestreporting.ch\/pt-pt\/wp-json\/wp\/v2\/types\/page"}],"author":[{"embeddable":true,"href":"https:\/\/bestreporting.ch\/pt-pt\/wp-json\/wp\/v2\/users\/1"}],"replies":[{"embeddable":true,"href":"https:\/\/bestreporting.ch\/pt-pt\/wp-json\/wp\/v2\/comments?post=1527"}],"version-history":[{"count":16,"href":"https:\/\/bestreporting.ch\/pt-pt\/wp-json\/wp\/v2\/pages\/1527\/revisions"}],"predecessor-version":[{"id":2510,"href":"https:\/\/bestreporting.ch\/pt-pt\/wp-json\/wp\/v2\/pages\/1527\/revisions\/2510"}],"wp:attachment":[{"href":"https:\/\/bestreporting.ch\/pt-pt\/wp-json\/wp\/v2\/media?parent=1527"}],"curies":[{"name":"wp","href":"https:\/\/api.w.org\/{rel}","templated":true}]}}