{"id":1506,"date":"2023-10-20T19:21:56","date_gmt":"2023-10-20T19:21:56","guid":{"rendered":"https:\/\/bestreporting.ch\/requisitos-para-se-tornar-um-qi\/"},"modified":"2024-02-05T18:58:35","modified_gmt":"2024-02-05T18:58:35","slug":"requisitos-para-se-tornar-um-qi","status":"publish","type":"page","link":"https:\/\/bestreporting.ch\/pt-pt\/requisitos-para-se-tornar-um-qi\/","title":{"rendered":"Requisitos para se tornar um QI"},"content":{"rendered":"\t\t<div data-elementor-type=\"wp-page\" data-elementor-id=\"1506\" class=\"elementor elementor-1506 elementor-203\">\n\t\t\t\t<div class=\"elementor-element elementor-element-b30277e e-flex e-con-boxed e-con e-parent\" data-id=\"b30277e\" data-element_type=\"container\" data-e-type=\"container\" data-settings=\"{&quot;background_background&quot;:&quot;gradient&quot;}\">\n\t\t\t\t\t<div class=\"e-con-inner\">\n\t\t\t\t<div class=\"elementor-element elementor-element-77c2e9c elementor-invisible elementor-widget elementor-widget-heading\" data-id=\"77c2e9c\" data-element_type=\"widget\" data-e-type=\"widget\" data-settings=\"{&quot;_animation&quot;:&quot;fadeIn&quot;,&quot;_animation_delay&quot;:200}\" data-widget_type=\"heading.default\">\n\t\t\t\t<div class=\"elementor-widget-container\">\n\t\t\t\t\t<h2 class=\"elementor-heading-title elementor-size-default\">Requisitos para se tornar um QI<\/h2>\t\t\t\t<\/div>\n\t\t\t\t<\/div>\n\t\t\t\t\t<\/div>\n\t\t\t\t<\/div>\n\t\t<div class=\"elementor-element elementor-element-30ec0ec e-flex e-con-boxed e-con e-parent\" data-id=\"30ec0ec\" data-element_type=\"container\" data-e-type=\"container\">\n\t\t\t\t\t<div class=\"e-con-inner\">\n\t\t<div class=\"elementor-element elementor-element-c491b7a e-con-full e-flex e-con e-child\" data-id=\"c491b7a\" data-element_type=\"container\" data-e-type=\"container\">\n\t\t\t\t<div class=\"elementor-element elementor-element-ec81d23 elementor-invisible elementor-widget elementor-widget-heading\" data-id=\"ec81d23\" data-element_type=\"widget\" data-e-type=\"widget\" data-settings=\"{&quot;_animation&quot;:&quot;fadeIn&quot;,&quot;_animation_delay&quot;:200}\" data-widget_type=\"heading.default\">\n\t\t\t\t<div class=\"elementor-widget-container\">\n\t\t\t\t\t<h2 class=\"elementor-heading-title elementor-size-default\">\u00cdndice<\/h2>\t\t\t\t<\/div>\n\t\t\t\t<\/div>\n\t\t\t\t<div class=\"elementor-element elementor-element-5bbceae elementor-icon-list--layout-traditional elementor-list-item-link-full_width elementor-invisible elementor-widget elementor-widget-icon-list\" data-id=\"5bbceae\" data-element_type=\"widget\" data-e-type=\"widget\" data-settings=\"{&quot;_animation&quot;:&quot;fadeIn&quot;,&quot;_animation_delay&quot;:200}\" data-widget_type=\"icon-list.default\">\n\t\t\t\t<div class=\"elementor-widget-container\">\n\t\t\t\t\t\t\t<ul class=\"elementor-icon-list-items\">\n\t\t\t\t\t\t\t<li class=\"elementor-icon-list-item\">\n\t\t\t\t\t\t\t\t\t\t\t<a href=\"#section1\">\n\n\t\t\t\t\t\t\t\t\t\t\t\t<span class=\"elementor-icon-list-icon\">\n\t\t\t\t\t\t\t<svg xmlns=\"http:\/\/www.w3.org\/2000\/svg\" xmlns:xlink=\"http:\/\/www.w3.org\/1999\/xlink\" id=\"Layer_1\" x=\"0px\" y=\"0px\" viewBox=\"0 0 492.004 492.004\" style=\"enable-background:new 0 0 492.004 492.004;\" xml:space=\"preserve\"><g>\t<g>\t\t<path d=\"M484.14,226.886L306.46,49.202c-5.072-5.072-11.832-7.856-19.04-7.856c-7.216,0-13.972,2.788-19.044,7.856l-16.132,16.136   c-5.068,5.064-7.86,11.828-7.86,19.04c0,7.208,2.792,14.2,7.86,19.264L355.9,207.526H26.58C11.732,207.526,0,219.15,0,234.002   v22.812c0,14.852,11.732,27.648,26.58,27.648h330.496L252.248,388.926c-5.068,5.072-7.86,11.652-7.86,18.864   c0,7.204,2.792,13.88,7.86,18.948l16.132,16.084c5.072,5.072,11.828,7.836,19.044,7.836c7.208,0,13.968-2.8,19.04-7.872   l177.68-177.68c5.084-5.088,7.88-11.88,7.86-19.1C492.02,238.762,489.228,231.966,484.14,226.886z\"><\/path>\t<\/g><\/g><g><\/g><g><\/g><g><\/g><g><\/g><g><\/g><g><\/g><g><\/g><g><\/g><g><\/g><g><\/g><g><\/g><g><\/g><g><\/g><g><\/g><g><\/g><\/svg>\t\t\t\t\t\t<\/span>\n\t\t\t\t\t\t\t\t\t\t<span class=\"elementor-icon-list-text\">O que \u00e9 o Acordo IQ?<\/span>\n\t\t\t\t\t\t\t\t\t\t\t<\/a>\n\t\t\t\t\t\t\t\t\t<\/li>\n\t\t\t\t\t\t\t\t<li class=\"elementor-icon-list-item\">\n\t\t\t\t\t\t\t\t\t\t\t<a href=\"#section2\">\n\n\t\t\t\t\t\t\t\t\t\t\t\t<span class=\"elementor-icon-list-icon\">\n\t\t\t\t\t\t\t<svg xmlns=\"http:\/\/www.w3.org\/2000\/svg\" xmlns:xlink=\"http:\/\/www.w3.org\/1999\/xlink\" id=\"Layer_1\" x=\"0px\" y=\"0px\" viewBox=\"0 0 492.004 492.004\" style=\"enable-background:new 0 0 492.004 492.004;\" xml:space=\"preserve\"><g>\t<g>\t\t<path d=\"M484.14,226.886L306.46,49.202c-5.072-5.072-11.832-7.856-19.04-7.856c-7.216,0-13.972,2.788-19.044,7.856l-16.132,16.136   c-5.068,5.064-7.86,11.828-7.86,19.04c0,7.208,2.792,14.2,7.86,19.264L355.9,207.526H26.58C11.732,207.526,0,219.15,0,234.002   v22.812c0,14.852,11.732,27.648,26.58,27.648h330.496L252.248,388.926c-5.068,5.072-7.86,11.652-7.86,18.864   c0,7.204,2.792,13.88,7.86,18.948l16.132,16.084c5.072,5.072,11.828,7.836,19.044,7.836c7.208,0,13.968-2.8,19.04-7.872   l177.68-177.68c5.084-5.088,7.88-11.88,7.86-19.1C492.02,238.762,489.228,231.966,484.14,226.886z\"><\/path>\t<\/g><\/g><g><\/g><g><\/g><g><\/g><g><\/g><g><\/g><g><\/g><g><\/g><g><\/g><g><\/g><g><\/g><g><\/g><g><\/g><g><\/g><g><\/g><g><\/g><\/svg>\t\t\t\t\t\t<\/span>\n\t\t\t\t\t\t\t\t\t\t<span class=\"elementor-icon-list-text\">Como se tornar um QI<\/span>\n\t\t\t\t\t\t\t\t\t\t\t<\/a>\n\t\t\t\t\t\t\t\t\t<\/li>\n\t\t\t\t\t\t\t\t<li class=\"elementor-icon-list-item\">\n\t\t\t\t\t\t\t\t\t\t\t<a href=\"#section3\">\n\n\t\t\t\t\t\t\t\t\t\t\t\t<span class=\"elementor-icon-list-icon\">\n\t\t\t\t\t\t\t<svg xmlns=\"http:\/\/www.w3.org\/2000\/svg\" xmlns:xlink=\"http:\/\/www.w3.org\/1999\/xlink\" id=\"Layer_1\" x=\"0px\" y=\"0px\" viewBox=\"0 0 492.004 492.004\" style=\"enable-background:new 0 0 492.004 492.004;\" xml:space=\"preserve\"><g>\t<g>\t\t<path d=\"M484.14,226.886L306.46,49.202c-5.072-5.072-11.832-7.856-19.04-7.856c-7.216,0-13.972,2.788-19.044,7.856l-16.132,16.136   c-5.068,5.064-7.86,11.828-7.86,19.04c0,7.208,2.792,14.2,7.86,19.264L355.9,207.526H26.58C11.732,207.526,0,219.15,0,234.002   v22.812c0,14.852,11.732,27.648,26.58,27.648h330.496L252.248,388.926c-5.068,5.072-7.86,11.652-7.86,18.864   c0,7.204,2.792,13.88,7.86,18.948l16.132,16.084c5.072,5.072,11.828,7.836,19.044,7.836c7.208,0,13.968-2.8,19.04-7.872   l177.68-177.68c5.084-5.088,7.88-11.88,7.86-19.1C492.02,238.762,489.228,231.966,484.14,226.886z\"><\/path>\t<\/g><\/g><g><\/g><g><\/g><g><\/g><g><\/g><g><\/g><g><\/g><g><\/g><g><\/g><g><\/g><g><\/g><g><\/g><g><\/g><g><\/g><g><\/g><g><\/g><\/svg>\t\t\t\t\t\t<\/span>\n\t\t\t\t\t\t\t\t\t\t<span class=\"elementor-icon-list-text\">Documenta\u00e7\u00e3o a enviar aos deposit\u00e1rios<\/span>\n\t\t\t\t\t\t\t\t\t\t\t<\/a>\n\t\t\t\t\t\t\t\t\t<\/li>\n\t\t\t\t\t\t\t\t<li class=\"elementor-icon-list-item\">\n\t\t\t\t\t\t\t\t\t\t\t<a href=\"#section4\">\n\n\t\t\t\t\t\t\t\t\t\t\t\t<span class=\"elementor-icon-list-icon\">\n\t\t\t\t\t\t\t<svg xmlns=\"http:\/\/www.w3.org\/2000\/svg\" xmlns:xlink=\"http:\/\/www.w3.org\/1999\/xlink\" id=\"Layer_1\" x=\"0px\" y=\"0px\" viewBox=\"0 0 492.004 492.004\" style=\"enable-background:new 0 0 492.004 492.004;\" xml:space=\"preserve\"><g>\t<g>\t\t<path d=\"M484.14,226.886L306.46,49.202c-5.072-5.072-11.832-7.856-19.04-7.856c-7.216,0-13.972,2.788-19.044,7.856l-16.132,16.136   c-5.068,5.064-7.86,11.828-7.86,19.04c0,7.208,2.792,14.2,7.86,19.264L355.9,207.526H26.58C11.732,207.526,0,219.15,0,234.002   v22.812c0,14.852,11.732,27.648,26.58,27.648h330.496L252.248,388.926c-5.068,5.072-7.86,11.652-7.86,18.864   c0,7.204,2.792,13.88,7.86,18.948l16.132,16.084c5.072,5.072,11.828,7.836,19.044,7.836c7.208,0,13.968-2.8,19.04-7.872   l177.68-177.68c5.084-5.088,7.88-11.88,7.86-19.1C492.02,238.762,489.228,231.966,484.14,226.886z\"><\/path>\t<\/g><\/g><g><\/g><g><\/g><g><\/g><g><\/g><g><\/g><g><\/g><g><\/g><g><\/g><g><\/g><g><\/g><g><\/g><g><\/g><g><\/g><g><\/g><g><\/g><\/svg>\t\t\t\t\t\t<\/span>\n\t\t\t\t\t\t\t\t\t\t<span class=\"elementor-icon-list-text\">O que \u00e9 a declara\u00e7\u00e3o de reten\u00e7\u00e3o na fonte?<\/span>\n\t\t\t\t\t\t\t\t\t\t\t<\/a>\n\t\t\t\t\t\t\t\t\t<\/li>\n\t\t\t\t\t\t<\/ul>\n\t\t\t\t\t\t<\/div>\n\t\t\t\t<\/div>\n\t\t\t\t<\/div>\n\t\t<div class=\"elementor-element elementor-element-648da3a e-con-full e-flex e-con e-child\" data-id=\"648da3a\" data-element_type=\"container\" data-e-type=\"container\">\n\t\t\t\t<div class=\"elementor-element elementor-element-8e40c96 elementor-widget elementor-widget-text-editor\" data-id=\"8e40c96\" data-element_type=\"widget\" data-e-type=\"widget\" id=\"section1\" data-widget_type=\"text-editor.default\">\n\t\t\t\t<div class=\"elementor-widget-container\">\n\t\t\t\t\t\t\t\t\t<h3 class=\"titoli_paragrafi\">O que \u00e9 o Acordo IQ?<\/h3><p>O\u00a0<strong>Acordo QI<\/strong>\u00a0\u00e9 um contrato privado assinado entre duas partes: um intermedi\u00e1rio financeiro n\u00e3o americano e um IRS.<\/p><p>O Acordo QI foi alterado v\u00e1rias vezes ao longo dos anos e est\u00e1 agora codificado\u00a0<a href=\"https:\/\/www.irs.gov\/pub\/irs-drop\/rp-17-15.pdf\" target=\"_blank\" rel=\"noopener noreferrer\">no processo fiscal 2017-2015<\/a>. Cont\u00e9m todas as regras que regem as obriga\u00e7\u00f5es do QI.<\/p><p>Qualquer intermedi\u00e1rio financeiro n\u00e3o norte-americano pode qualificar-se como QI\u00a0<a href=\"https:\/\/www.irs.gov\/pub\/irs-drop\/rp-17-15.pdf\" target=\"_blank\" rel=\"noopener noreferrer\">atrav\u00e9s do portal do IRS<\/a>. O termo \u201cQualificado\u201d significa que o sujeito tem uma qualifica\u00e7\u00e3o espec\u00edfica, enquanto que o termo \u201cIntermedi\u00e1rio\u201d significa que o papel \u00e9, e deve ser, de intermedia\u00e7\u00e3o. O QI, em ess\u00eancia, \u00e9 reconhecido como uma entidade qualificada que se situa entre o IRS e o benefici\u00e1rio dos rendimentos dos EUA.<\/p>\t\t\t\t\t\t\t\t<\/div>\n\t\t\t\t<\/div>\n\t\t\t\t<div class=\"elementor-element elementor-element-0262f9d elementor-widget elementor-widget-text-editor\" data-id=\"0262f9d\" data-element_type=\"widget\" data-e-type=\"widget\" id=\"section2\" data-widget_type=\"text-editor.default\">\n\t\t\t\t<div class=\"elementor-widget-container\">\n\t\t\t\t\t\t\t\t\t<h3 class=\"titoli_paragrafi\">Como se tornar um QI<\/h3><p>Requisiti:<\/p><p>A. Ser registrado e ter status de Cap\u00edtulo 4 (FATCA) entre os seguintes:<\/p><ul><li>FFI participante (incluindo IGA Modelo 2);<\/li><li>FFI considerada conforme registada (incluindo as declara\u00e7\u00f5es FFI Modelo 1 e FFI Modelo 2 \u2013 n\u00e3o declara\u00e7\u00e3o tratada como considerada conforme registada);<\/li><li>Modelo 1 IGA FFI, ou entidade contribuinte de um reporte directo da NFFE, registada como estando em conformidade com o modelo 1<\/li><\/ul><p>B.\u00a0B. estar num pa\u00eds cujas regrasKYC (Know Your Customer) foram aprovadas pelo IRS (ver\u00a0<a href=\"https:\/\/www.irs.gov\/businesses\/international-businesses\/list-of-approved-kyc-rules\" target=\"_blank\" rel=\"noopener noreferrer\">lista de pa\u00edses<\/a>).<\/p><p>Procedimento:<\/p><p>Voc\u00ea se torna um IQ ao se registrar no \u201c<a href=\"https:\/\/www.irs.gov\/businesses\/corporations\/qualified-intermediary-system\" target=\"_blank\" rel=\"noopener noreferrer\">sistema QI\/WP\/WT<\/a>\u201c. O formul\u00e1rio de inscri\u00e7\u00e3o fornecer\u00e1 as informa\u00e7\u00f5es com base nas quais o IRS determinar\u00e1 se a entidade disp\u00f5e dos recursos e procedimentos necess\u00e1rios para cumprir o Acordo IQ. A aprova\u00e7\u00e3o do status de QI \u00e9 transmitida pelo IRS. O candidato aceito tamb\u00e9m recebe um IQ-EIN. Este identificador \u00fanico de 9 d\u00edgitos \u00e9 utilizado sempre que o intermedi\u00e1rio decide agir como um QI.<\/p>\t\t\t\t\t\t\t\t<\/div>\n\t\t\t\t<\/div>\n\t\t\t\t<div class=\"elementor-element elementor-element-fa9338e elementor-widget elementor-widget-text-editor\" data-id=\"fa9338e\" data-element_type=\"widget\" data-e-type=\"widget\" id=\"section3\" data-widget_type=\"text-editor.default\">\n\t\t\t\t<div class=\"elementor-widget-container\">\n\t\t\t\t\t\t\t\t\t<h3 class=\"titoli_paragrafi\">Documenta\u00e7\u00e3o a enviar aos deposit\u00e1rios<\/h3><p>Compete ao intermedi\u00e1rio financeiro escolher quais as contas junto dos seus deposit\u00e1rios que actuar\u00e3o como QI. \u00c9 poss\u00edvel que, para uma ou mais contas, a entidade possa decidir qualificar-se como IFN. Qualquer que seja a qualifica\u00e7\u00e3o, o QI deve enviar o formul\u00e1rio W8-IMY e a Declara\u00e7\u00e3o de Reten\u00e7\u00e3o ao deposit\u00e1rio. Atrav\u00e9s do formul\u00e1rio W8-IMY, voc\u00ea comunicar\u00e1 as informa\u00e7\u00f5es ao custodiante:<\/p><ul><li>dados mestre da entidade<\/li><li>QI-EIN<\/li><li>Estatuto Cap\u00edtulo 3 e Cap\u00edtulo 4<\/li><li>Responsabilidade assumida<\/li><\/ul><p>O \u00faltimo ponto refere-se ao direito do QI de assumir a responsabilidade prim\u00e1ria pela reten\u00e7\u00e3o na fonte, ou seja, a responsabilidade prim\u00e1ria pela cobran\u00e7a e pagamento do imposto retido nos EUA. Nesses casos, o QI liberta o seu deposit\u00e1rio da obriga\u00e7\u00e3o de reter o imposto na fonte, assumindo ele pr\u00f3prio a responsabilidade pela a) cobran\u00e7a do imposto retido na fonte e b) pelo seu pagamento atempado ao IRS. S\u00e3o aplic\u00e1veis tanto o cap\u00edtulo 3 como o cap\u00edtulo 4, respectivamente, impostos retidos na fonte, QI e FATCA.<\/p><p>Observe que o formul\u00e1rio W8-IMY s\u00f3 \u00e9 enviado pelo IQ quando atua em nome de terceiros (para seus clientes). Quando a conta \u00e9 mantida para t\u00edtulos de propriedade do pr\u00f3prio intermedi\u00e1rio, e n\u00e3o para seus clientes, a entidade n\u00e3o assume o status de um QI e deve enviar o formul\u00e1rio W8-BEN-E.<\/p>\t\t\t\t\t\t\t\t<\/div>\n\t\t\t\t<\/div>\n\t\t\t\t<div class=\"elementor-element elementor-element-8cbfece elementor-widget elementor-widget-text-editor\" data-id=\"8cbfece\" data-element_type=\"widget\" data-e-type=\"widget\" id=\"section4\" data-widget_type=\"text-editor.default\">\n\t\t\t\t<div class=\"elementor-widget-container\">\n\t\t\t\t\t\t\t\t\t<h3 class=\"titoli_paragrafi\">O que \u00e9 a declara\u00e7\u00e3o de reten\u00e7\u00e3o na fonte?<\/h3><p>A\u00a0<strong>Declara\u00e7\u00e3o de Reten\u00e7\u00e3o<\/strong>\u00a0\u00e9 o documento que o QI fornece ao seu deposit\u00e1rio juntamente com o W8-IMY para comunicar a percentagem de tributa\u00e7\u00e3o dos EUA a ser aplicada a cada uma das suas contas.<\/p><p>N\u00e3o existe nenhuma Declara\u00e7\u00e3o de Reten\u00e7\u00e3o oficial proposta pela Receita Federal e cada QI pode definir a sua pr\u00f3pria declara\u00e7\u00e3o. O aspecto fundamental do documento \u00e9 que ele est\u00e1 em forma escrita e indica para cada conta os impostos dos EUA a serem aplicados para cada tipo de renda.<\/p>\t\t\t\t\t\t\t\t<\/div>\n\t\t\t\t<\/div>\n\t\t\t\t<\/div>\n\t\t\t\t\t<\/div>\n\t\t\t\t<\/div>\n\t\t<div class=\"elementor-element elementor-element-acbad7c e-flex e-con-boxed e-con e-parent\" data-id=\"acbad7c\" data-element_type=\"container\" data-e-type=\"container\" data-settings=\"{&quot;background_background&quot;:&quot;gradient&quot;}\">\n\t\t\t\t\t<div class=\"e-con-inner\">\n\t\t<div class=\"elementor-element elementor-element-8395ecd e-con-full e-flex elementor-invisible e-con e-child\" data-id=\"8395ecd\" data-element_type=\"container\" data-e-type=\"container\" data-settings=\"{&quot;animation&quot;:&quot;fadeIn&quot;}\">\n\t\t\t\t<div class=\"elementor-element elementor-element-2595ac1 elementor-widget elementor-widget-heading\" data-id=\"2595ac1\" data-element_type=\"widget\" data-e-type=\"widget\" data-widget_type=\"heading.default\">\n\t\t\t\t<div class=\"elementor-widget-container\">\n\t\t\t\t\t<h2 class=\"elementor-heading-title elementor-size-default\"> Interessado nos nossos servi\u00e7os de relat\u00f3rios de QI?<\/h2>\t\t\t\t<\/div>\n\t\t\t\t<\/div>\n\t\t\t\t<div class=\"elementor-element elementor-element-ad74d41 elementor-widget elementor-widget-heading\" data-id=\"ad74d41\" data-element_type=\"widget\" data-e-type=\"widget\" data-widget_type=\"heading.default\">\n\t\t\t\t<div class=\"elementor-widget-container\">\n\t\t\t\t\t<h2 class=\"elementor-heading-title elementor-size-default\">Clique no bot\u00e3o ao lado para solicitar mais informa\u00e7\u00f5es<\/h2>\t\t\t\t<\/div>\n\t\t\t\t<\/div>\n\t\t\t\t<\/div>\n\t\t<div class=\"elementor-element elementor-element-5e8977a e-con-full e-flex elementor-invisible e-con e-child\" data-id=\"5e8977a\" data-element_type=\"container\" data-e-type=\"container\" data-settings=\"{&quot;animation&quot;:&quot;fadeIn&quot;,&quot;animation_delay&quot;:200}\">\n\t\t\t\t<div class=\"elementor-element elementor-element-d9336c5 elementor-align-center elementor-widget elementor-widget-button\" data-id=\"d9336c5\" data-element_type=\"widget\" data-e-type=\"widget\" data-widget_type=\"button.default\">\n\t\t\t\t<div class=\"elementor-widget-container\">\n\t\t\t\t\t\t\t\t\t<div class=\"elementor-button-wrapper\">\n\t\t\t\t\t<a class=\"elementor-button elementor-button-link elementor-size-sm\" href=\"\/pt-pt\/contact-us\">\n\t\t\t\t\t\t<span class=\"elementor-button-content-wrapper\">\n\t\t\t\t\t\t\t\t\t<span class=\"elementor-button-text\">Pedir mais informa\u00e7\u00f5es<\/span>\n\t\t\t\t\t<\/span>\n\t\t\t\t\t<\/a>\n\t\t\t\t<\/div>\n\t\t\t\t\t\t\t\t<\/div>\n\t\t\t\t<\/div>\n\t\t\t\t<\/div>\n\t\t\t\t\t<\/div>\n\t\t\t\t<\/div>\n\t\t\t\t<\/div>\n\t\t","protected":false},"excerpt":{"rendered":"<p>Requisitos para se tornar um QI \u00cdndice O que \u00e9 o Acordo IQ? Como se tornar um QI Documenta\u00e7\u00e3o a enviar aos deposit\u00e1rios O que \u00e9 a declara\u00e7\u00e3o de reten\u00e7\u00e3o na fonte? O que \u00e9 o Acordo IQ? O\u00a0Acordo QI\u00a0\u00e9 um contrato privado assinado entre duas partes: um intermedi\u00e1rio financeiro n\u00e3o americano e um IRS. [&hellip;]<\/p>\n","protected":false},"author":1,"featured_media":0,"parent":0,"menu_order":0,"comment_status":"closed","ping_status":"closed","template":"","meta":{"footnotes":""},"class_list":["post-1506","page","type-page","status-publish","hentry"],"rttpg_featured_image_url":null,"rttpg_author":{"display_name":"DavidSoto","author_link":"https:\/\/bestreporting.ch\/pt-pt\/author\/davidsoto\/"},"rttpg_comment":0,"rttpg_category":" <a href=\"https:\/\/bestreporting.ch\/pt-pt\/?taxonomy=translation_priority&#038;term=opcional\" rel=\"tag\">Opcional<\/a>","rttpg_excerpt":"Requisitos para se tornar um QI \u00cdndice O que \u00e9 o Acordo IQ? Como se tornar um QI Documenta\u00e7\u00e3o a enviar aos deposit\u00e1rios O que \u00e9 a declara\u00e7\u00e3o de reten\u00e7\u00e3o na fonte? O que \u00e9 o Acordo IQ? O\u00a0Acordo QI\u00a0\u00e9 um contrato privado assinado entre duas partes: um intermedi\u00e1rio financeiro n\u00e3o americano e um IRS.&hellip;","_links":{"self":[{"href":"https:\/\/bestreporting.ch\/pt-pt\/wp-json\/wp\/v2\/pages\/1506","targetHints":{"allow":["GET"]}}],"collection":[{"href":"https:\/\/bestreporting.ch\/pt-pt\/wp-json\/wp\/v2\/pages"}],"about":[{"href":"https:\/\/bestreporting.ch\/pt-pt\/wp-json\/wp\/v2\/types\/page"}],"author":[{"embeddable":true,"href":"https:\/\/bestreporting.ch\/pt-pt\/wp-json\/wp\/v2\/users\/1"}],"replies":[{"embeddable":true,"href":"https:\/\/bestreporting.ch\/pt-pt\/wp-json\/wp\/v2\/comments?post=1506"}],"version-history":[{"count":10,"href":"https:\/\/bestreporting.ch\/pt-pt\/wp-json\/wp\/v2\/pages\/1506\/revisions"}],"predecessor-version":[{"id":2519,"href":"https:\/\/bestreporting.ch\/pt-pt\/wp-json\/wp\/v2\/pages\/1506\/revisions\/2519"}],"wp:attachment":[{"href":"https:\/\/bestreporting.ch\/pt-pt\/wp-json\/wp\/v2\/media?parent=1506"}],"curies":[{"name":"wp","href":"https:\/\/api.w.org\/{rel}","templated":true}]}}