{"id":1501,"date":"2023-10-20T19:22:49","date_gmt":"2023-10-20T19:22:49","guid":{"rendered":"https:\/\/bestreporting.ch\/recolha-de-documentacao-do-cliente\/"},"modified":"2024-05-27T13:08:30","modified_gmt":"2024-05-27T13:08:30","slug":"recolha-de-documentacao-do-cliente","status":"publish","type":"page","link":"https:\/\/bestreporting.ch\/pt-pt\/recolha-de-documentacao-do-cliente\/","title":{"rendered":"Recolha de documenta\u00e7\u00e3o do cliente"},"content":{"rendered":"\t\t<div data-elementor-type=\"wp-page\" data-elementor-id=\"1501\" class=\"elementor elementor-1501 elementor-205\">\n\t\t\t\t<div class=\"elementor-element elementor-element-a6ce89c e-flex e-con-boxed e-con e-parent\" data-id=\"a6ce89c\" data-element_type=\"container\" data-e-type=\"container\" data-settings=\"{&quot;background_background&quot;:&quot;gradient&quot;}\">\n\t\t\t\t\t<div class=\"e-con-inner\">\n\t\t\t\t<div class=\"elementor-element elementor-element-55d615e elementor-invisible elementor-widget elementor-widget-heading\" data-id=\"55d615e\" data-element_type=\"widget\" data-e-type=\"widget\" data-settings=\"{&quot;_animation&quot;:&quot;fadeIn&quot;,&quot;_animation_delay&quot;:200}\" data-widget_type=\"heading.default\">\n\t\t\t\t<div class=\"elementor-widget-container\">\n\t\t\t\t\t<h2 class=\"elementor-heading-title elementor-size-default\">Regime QI: recolha de documenta\u00e7\u00e3o dos clientes<\/h2>\t\t\t\t<\/div>\n\t\t\t\t<\/div>\n\t\t\t\t\t<\/div>\n\t\t\t\t<\/div>\n\t\t<div class=\"elementor-element elementor-element-b91df42 e-flex e-con-boxed e-con e-parent\" data-id=\"b91df42\" data-element_type=\"container\" data-e-type=\"container\">\n\t\t\t\t\t<div class=\"e-con-inner\">\n\t\t<div class=\"elementor-element elementor-element-d5fd232 e-con-full e-flex e-con e-child\" data-id=\"d5fd232\" data-element_type=\"container\" data-e-type=\"container\">\n\t\t\t\t<div class=\"elementor-element elementor-element-0c7554c elementor-invisible elementor-widget elementor-widget-heading\" data-id=\"0c7554c\" data-element_type=\"widget\" data-e-type=\"widget\" data-settings=\"{&quot;_animation&quot;:&quot;fadeIn&quot;,&quot;_animation_delay&quot;:200}\" data-widget_type=\"heading.default\">\n\t\t\t\t<div class=\"elementor-widget-container\">\n\t\t\t\t\t<h2 class=\"elementor-heading-title elementor-size-default\">\u00cdndice<\/h2>\t\t\t\t<\/div>\n\t\t\t\t<\/div>\n\t\t\t\t<div class=\"elementor-element elementor-element-e473727 elementor-icon-list--layout-traditional elementor-list-item-link-full_width elementor-invisible elementor-widget elementor-widget-icon-list\" data-id=\"e473727\" data-element_type=\"widget\" data-e-type=\"widget\" data-settings=\"{&quot;_animation&quot;:&quot;fadeIn&quot;,&quot;_animation_delay&quot;:200}\" data-widget_type=\"icon-list.default\">\n\t\t\t\t<div class=\"elementor-widget-container\">\n\t\t\t\t\t\t\t<ul class=\"elementor-icon-list-items\">\n\t\t\t\t\t\t\t<li class=\"elementor-icon-list-item\">\n\t\t\t\t\t\t\t\t\t\t\t<a href=\"#section1\">\n\n\t\t\t\t\t\t\t\t\t\t\t\t<span class=\"elementor-icon-list-icon\">\n\t\t\t\t\t\t\t<svg xmlns=\"http:\/\/www.w3.org\/2000\/svg\" xmlns:xlink=\"http:\/\/www.w3.org\/1999\/xlink\" id=\"Layer_1\" x=\"0px\" y=\"0px\" viewBox=\"0 0 492.004 492.004\" style=\"enable-background:new 0 0 492.004 492.004;\" xml:space=\"preserve\"><g>\t<g>\t\t<path d=\"M484.14,226.886L306.46,49.202c-5.072-5.072-11.832-7.856-19.04-7.856c-7.216,0-13.972,2.788-19.044,7.856l-16.132,16.136   c-5.068,5.064-7.86,11.828-7.86,19.04c0,7.208,2.792,14.2,7.86,19.264L355.9,207.526H26.58C11.732,207.526,0,219.15,0,234.002   v22.812c0,14.852,11.732,27.648,26.58,27.648h330.496L252.248,388.926c-5.068,5.072-7.86,11.652-7.86,18.864   c0,7.204,2.792,13.88,7.86,18.948l16.132,16.084c5.072,5.072,11.828,7.836,19.044,7.836c7.208,0,13.968-2.8,19.04-7.872   l177.68-177.68c5.084-5.088,7.88-11.88,7.86-19.1C492.02,238.762,489.228,231.966,484.14,226.886z\"><\/path>\t<\/g><\/g><g><\/g><g><\/g><g><\/g><g><\/g><g><\/g><g><\/g><g><\/g><g><\/g><g><\/g><g><\/g><g><\/g><g><\/g><g><\/g><g><\/g><g><\/g><\/svg>\t\t\t\t\t\t<\/span>\n\t\t\t\t\t\t\t\t\t\t<span class=\"elementor-icon-list-text\">NRA e US Person Documentation<\/span>\n\t\t\t\t\t\t\t\t\t\t\t<\/a>\n\t\t\t\t\t\t\t\t\t<\/li>\n\t\t\t\t\t\t\t\t<li class=\"elementor-icon-list-item\">\n\t\t\t\t\t\t\t\t\t\t\t<a href=\"#section2\">\n\n\t\t\t\t\t\t\t\t\t\t\t\t<span class=\"elementor-icon-list-icon\">\n\t\t\t\t\t\t\t<svg xmlns=\"http:\/\/www.w3.org\/2000\/svg\" xmlns:xlink=\"http:\/\/www.w3.org\/1999\/xlink\" id=\"Layer_1\" x=\"0px\" y=\"0px\" viewBox=\"0 0 492.004 492.004\" style=\"enable-background:new 0 0 492.004 492.004;\" xml:space=\"preserve\"><g>\t<g>\t\t<path d=\"M484.14,226.886L306.46,49.202c-5.072-5.072-11.832-7.856-19.04-7.856c-7.216,0-13.972,2.788-19.044,7.856l-16.132,16.136   c-5.068,5.064-7.86,11.828-7.86,19.04c0,7.208,2.792,14.2,7.86,19.264L355.9,207.526H26.58C11.732,207.526,0,219.15,0,234.002   v22.812c0,14.852,11.732,27.648,26.58,27.648h330.496L252.248,388.926c-5.068,5.072-7.86,11.652-7.86,18.864   c0,7.204,2.792,13.88,7.86,18.948l16.132,16.084c5.072,5.072,11.828,7.836,19.044,7.836c7.208,0,13.968-2.8,19.04-7.872   l177.68-177.68c5.084-5.088,7.88-11.88,7.86-19.1C492.02,238.762,489.228,231.966,484.14,226.886z\"><\/path>\t<\/g><\/g><g><\/g><g><\/g><g><\/g><g><\/g><g><\/g><g><\/g><g><\/g><g><\/g><g><\/g><g><\/g><g><\/g><g><\/g><g><\/g><g><\/g><g><\/g><\/svg>\t\t\t\t\t\t<\/span>\n\t\t\t\t\t\t\t\t\t\t<span class=\"elementor-icon-list-text\">Defini\u00e7\u00e3o e documenta\u00e7\u00e3o de Pessoa Americana<\/span>\n\t\t\t\t\t\t\t\t\t\t\t<\/a>\n\t\t\t\t\t\t\t\t\t<\/li>\n\t\t\t\t\t\t\t\t<li class=\"elementor-icon-list-item\">\n\t\t\t\t\t\t\t\t\t\t\t<a href=\"#section3\">\n\n\t\t\t\t\t\t\t\t\t\t\t\t<span class=\"elementor-icon-list-icon\">\n\t\t\t\t\t\t\t<svg xmlns=\"http:\/\/www.w3.org\/2000\/svg\" xmlns:xlink=\"http:\/\/www.w3.org\/1999\/xlink\" id=\"Layer_1\" x=\"0px\" y=\"0px\" viewBox=\"0 0 492.004 492.004\" style=\"enable-background:new 0 0 492.004 492.004;\" xml:space=\"preserve\"><g>\t<g>\t\t<path d=\"M484.14,226.886L306.46,49.202c-5.072-5.072-11.832-7.856-19.04-7.856c-7.216,0-13.972,2.788-19.044,7.856l-16.132,16.136   c-5.068,5.064-7.86,11.828-7.86,19.04c0,7.208,2.792,14.2,7.86,19.264L355.9,207.526H26.58C11.732,207.526,0,219.15,0,234.002   v22.812c0,14.852,11.732,27.648,26.58,27.648h330.496L252.248,388.926c-5.068,5.072-7.86,11.652-7.86,18.864   c0,7.204,2.792,13.88,7.86,18.948l16.132,16.084c5.072,5.072,11.828,7.836,19.044,7.836c7.208,0,13.968-2.8,19.04-7.872   l177.68-177.68c5.084-5.088,7.88-11.88,7.86-19.1C492.02,238.762,489.228,231.966,484.14,226.886z\"><\/path>\t<\/g><\/g><g><\/g><g><\/g><g><\/g><g><\/g><g><\/g><g><\/g><g><\/g><g><\/g><g><\/g><g><\/g><g><\/g><g><\/g><g><\/g><g><\/g><g><\/g><\/svg>\t\t\t\t\t\t<\/span>\n\t\t\t\t\t\t\t\t\t\t<span class=\"elementor-icon-list-text\">Defini\u00e7\u00e3o e documenta\u00e7\u00e3o de estrangeiro n\u00e3o residente (NRA)<\/span>\n\t\t\t\t\t\t\t\t\t\t\t<\/a>\n\t\t\t\t\t\t\t\t\t<\/li>\n\t\t\t\t\t\t\t\t<li class=\"elementor-icon-list-item\">\n\t\t\t\t\t\t\t\t\t\t\t<a href=\"#section4\">\n\n\t\t\t\t\t\t\t\t\t\t\t\t<span class=\"elementor-icon-list-icon\">\n\t\t\t\t\t\t\t<svg xmlns=\"http:\/\/www.w3.org\/2000\/svg\" xmlns:xlink=\"http:\/\/www.w3.org\/1999\/xlink\" id=\"Layer_1\" x=\"0px\" y=\"0px\" viewBox=\"0 0 492.004 492.004\" style=\"enable-background:new 0 0 492.004 492.004;\" xml:space=\"preserve\"><g>\t<g>\t\t<path d=\"M484.14,226.886L306.46,49.202c-5.072-5.072-11.832-7.856-19.04-7.856c-7.216,0-13.972,2.788-19.044,7.856l-16.132,16.136   c-5.068,5.064-7.86,11.828-7.86,19.04c0,7.208,2.792,14.2,7.86,19.264L355.9,207.526H26.58C11.732,207.526,0,219.15,0,234.002   v22.812c0,14.852,11.732,27.648,26.58,27.648h330.496L252.248,388.926c-5.068,5.072-7.86,11.652-7.86,18.864   c0,7.204,2.792,13.88,7.86,18.948l16.132,16.084c5.072,5.072,11.828,7.836,19.044,7.836c7.208,0,13.968-2.8,19.04-7.872   l177.68-177.68c5.084-5.088,7.88-11.88,7.86-19.1C492.02,238.762,489.228,231.966,484.14,226.886z\"><\/path>\t<\/g><\/g><g><\/g><g><\/g><g><\/g><g><\/g><g><\/g><g><\/g><g><\/g><g><\/g><g><\/g><g><\/g><g><\/g><g><\/g><g><\/g><g><\/g><g><\/g><\/svg>\t\t\t\t\t\t<\/span>\n\t\t\t\t\t\t\t\t\t\t<span class=\"elementor-icon-list-text\">Per\u00edodo de validade da documenta\u00e7\u00e3o W8 e W9<\/span>\n\t\t\t\t\t\t\t\t\t\t\t<\/a>\n\t\t\t\t\t\t\t\t\t<\/li>\n\t\t\t\t\t\t<\/ul>\n\t\t\t\t\t\t<\/div>\n\t\t\t\t<\/div>\n\t\t\t\t<\/div>\n\t\t<div class=\"elementor-element elementor-element-fb44002 e-con-full e-flex e-con e-child\" data-id=\"fb44002\" data-element_type=\"container\" data-e-type=\"container\">\n\t\t\t\t<div class=\"elementor-element elementor-element-1a62780 elementor-widget elementor-widget-text-editor\" data-id=\"1a62780\" data-element_type=\"widget\" data-e-type=\"widget\" id=\"section1\" data-widget_type=\"text-editor.default\">\n\t\t\t\t<div class=\"elementor-widget-container\">\n\t\t\t\t\t\t\t\t\t<h3 class=\"titoli_paragrafi\">NRA e US Person Documentation<\/h3>\nA recolha de documenta\u00e7\u00e3o junto dos seus clientes \u00e9 a espinha dorsal de todo o regime de QI. Os clientes da ARN devem ser correctamente identificados e documentados com o formul\u00e1rio W-8 ou provas documentais alternativas (por exemplo, Know Your Customer, KYC, regras). Os clientes dos EUA devem apresentar um formul\u00e1rio W-9.\n\nApenas os clientes IQ corretamente documentados t\u00eam direito \u00e0 aplica\u00e7\u00e3o da reten\u00e7\u00e3o reduzida.\n\nW8 e W9 Existem diferentes tipos de m\u00f3dulos W-8 e cada um deles \u00e9 usado para documentar um grupo de clientes espec\u00edfico.\n<table class=\"table\">\n<tbody>\n<tr>\n<td width=\"179\"><strong>Nome do m\u00f3dulo W-8<\/strong><\/td>\n<td width=\"463\"><strong>Tipo de cliente<\/strong><\/td>\n<\/tr>\n<tr>\n<td width=\"179\">W-9<\/td>\n<td width=\"463\">pessoa dos EUA<\/td>\n<\/tr>\n<tr>\n<td width=\"179\">W-8BEN<\/td>\n<td width=\"463\">Pessoas singulares da ARN<\/td>\n<\/tr>\n<tr>\n<td width=\"179\">W-8BEN-E<\/td>\n<td width=\"463\">Entidade da ARN com personalidade jur\u00eddica<\/td>\n<\/tr>\n<tr>\n<td width=\"179\">W-8IMY<\/td>\n<td width=\"463\">NRA:&nbsp;\n<ul>\n \t<li>Intermedi\u00e1rios de outros clientes (por exemplo, QI ou QNQ)<\/li>\n \t<li>Parcerias<\/li>\n \t<li>Entidade da ARN com personalidade jur\u00eddica<\/li>\n<\/ul>\n<\/td>\n<\/tr>\n<tr>\n<td width=\"179\">W-8EXP<\/td>\n<td width=\"463\">ARN espec\u00edficas que solicitam isen\u00e7\u00e3o de reten\u00e7\u00e3o:&nbsp;\n<ul>\n \t<li>Governos N\u00e3o-EUA<\/li>\n \t<li>Organiza\u00e7\u00f5es internacionais<\/li>\n \t<li>Outras entidades isentas<\/li>\n<\/ul>\n<\/td>\n<\/tr>\n<tr>\n<td width=\"179\">W-8ECI<\/td>\n<td width=\"463\">A ARN solicita a isen\u00e7\u00e3o do imposto retido na fonte porque o rendimento recebido \u00e9 relevante para o estabelecimento est\u00e1vel nos EUA<\/td>\n<\/tr>\n<\/tbody>\n<\/table>\nComo alternativa aos formul\u00e1rios W-8, o QI pode recolher outras provas documentais permitidas pelo IRS. Para os clientes diretos da NRA, a documenta\u00e7\u00e3o atrav\u00e9s das regras KYC \u00e9 permitida. A t\u00edtulo de exemplo, o QI pode aceitar a c\u00f3pia do bilhete de identidade fornecida pelo seu cliente se for considerada como prova v\u00e1lida para efeitos do KYC do pa\u00eds em que o QI est\u00e1 estabelecido.\n<div><a name=\"secondo\"><\/a><\/div>\t\t\t\t\t\t\t\t<\/div>\n\t\t\t\t<\/div>\n\t\t\t\t<div class=\"elementor-element elementor-element-a175be8 elementor-widget elementor-widget-text-editor\" data-id=\"a175be8\" data-element_type=\"widget\" data-e-type=\"widget\" id=\"section2\" data-widget_type=\"text-editor.default\">\n\t\t\t\t<div class=\"elementor-widget-container\">\n\t\t\t\t\t\t\t\t\t<h3 class=\"titoli_paragrafi\">Defini\u00e7\u00e3o e documenta\u00e7\u00e3o de Pessoa Americana<\/h3><p>A Pessoa dos EUA \u00e9 definida na sec\u00e7\u00e3o 7701(a)(30) do IRC. Chama-se \u201cPessoa Americana\u201d:<\/p><ul><li>um cidad\u00e3o americano ou residente nos Estados Unidos,<\/li><li>uma parceria incorporada nos Estados Unidos,<\/li><li>uma corpora\u00e7\u00e3o incorporada nos Estados Unidos,<\/li><li>um trust, se<ul><li>um tribunal dos Estados Unidos possa exercer jurisdi\u00e7\u00e3o prim\u00e1ria sobre a administra\u00e7\u00e3o do trust, e<\/li><li>uma ou mais Pessoas dos EUA t\u00eam autoridade para rever todas as decis\u00f5es substantivas do trust.<\/li><\/ul><\/li><\/ul><p>Uma pessoa dos EUA que tenha preenchido e assinado o formul\u00e1rio W-9 (<a title=\"Formul\u00e1rio W-9\" href=\"https:\/\/www.irs.gov\/pub\/irs-pdf\/fw9.pdf\" target=\"_blank\" rel=\"noopener noreferrer\">https:\/\/www.irs.gov\/pub\/irs-pdf\/fw9.pdf<\/a>) \u00e9 considerada documentada. O formul\u00e1rio W-9 deve conter o n\u00famero de identifica\u00e7\u00e3o fiscal do cliente, ou seja, o n\u00famero de identifica\u00e7\u00e3o fiscal do cliente nos EUA (TIN). Na aus\u00eancia de tal informa\u00e7\u00e3o, o QI ter\u00e1 de aplicar o imposto de reten\u00e7\u00e3o de 24% (ou seja, a taxa actualmente em vigor para a Reten\u00e7\u00e3o de Seguran\u00e7a) tanto sobre as receitas como sobre as receitas de vendas de t\u00edtulos norte-americanos.<\/p>\t\t\t\t\t\t\t\t<\/div>\n\t\t\t\t<\/div>\n\t\t\t\t<div class=\"elementor-element elementor-element-11b1d55 elementor-widget elementor-widget-text-editor\" data-id=\"11b1d55\" data-element_type=\"widget\" data-e-type=\"widget\" id=\"section3\" data-widget_type=\"text-editor.default\">\n\t\t\t\t<div class=\"elementor-widget-container\">\n\t\t\t\t\t\t\t\t\t<h3 class=\"titoli_paragrafi\">Defini\u00e7\u00e3o e documenta\u00e7\u00e3o de estrangeiro n\u00e3o residente (NRA)<\/h3>\nTodos os clientes que n\u00e3o se enquadram na categoria \u201cPessoas dos EUA\u201d s\u00e3o considerados ARN.\n\nOs clientes da ARN devem ser identificados por um formul\u00e1rio especial W-8, que varia consoante o tipo de cliente. Para clientes diretos, a documenta\u00e7\u00e3o atrav\u00e9s das regras KYC tamb\u00e9m \u00e9 permitida.\n<table class=\"table\">\n<tbody>\n<tr>\n<td width=\"271\"><strong>Cliente<\/strong><\/td>\n<td width=\"421\"><strong>Documenta\u00e7\u00e3o<\/strong><\/td>\n<\/tr>\n<tr>\n<td width=\"271\">Pessoas singulares ARN<\/td>\n<td width=\"421\">\n<ul>\n \t<li>W-8<\/li>\n \t<li>Documenta\u00e7\u00e3o de acordo com os KYCs do pa\u00eds do QI<\/li>\n<\/ul>\n<\/td>\n<\/tr>\n<tr>\n<td width=\"271\">Entidades transparentes (ETI, NQI)<\/td>\n<td width=\"421\">A documenta\u00e7\u00e3o da entidade que recolhe os proventos deve ser:&nbsp;\n<ul>\n \t<li>W8-IMY + Declara\u00e7\u00e3o de reten\u00e7\u00e3o na fonte<\/li>\n<\/ul>\n&nbsp;\n\nA documenta\u00e7\u00e3o dos membros\/benefici\u00e1rios\/clientes\/clientes distingue-se consoante sejam ou n\u00e3o benefici\u00e1rios efectivos para efeitos de QI.\n\n&nbsp;\n\nBenefici\u00e1rios reais:\n<ul>\n \t<li>W8-BEN\/W9 de s\u00f3cios\/benefici\u00e1rios\/clientes\/clientes<\/li>\n<\/ul>\n&nbsp;\n\nN\u00c3O benefici\u00e1rios reais:\n<ul>\n \t<li>W8-IMY + Declara\u00e7\u00e3o de reten\u00e7\u00e3o na fonte da entidade jur\u00eddica<\/li>\n \t<li>W8-BEN\/W9 de s\u00f3cios\/benefici\u00e1rios\/clientes\/clientes<\/li>\n<\/ul>\n<\/td>\n<\/tr>\n<tr>\n<td width=\"271\">Pessoas colectivas NRA<\/td>\n<td width=\"421\">\n<ul>\n \t<li>W8-BEN-E da empresa, ou:<\/li>\n \t<li>Documenta\u00e7\u00e3o Anti-Lavagem de Dinheiro + Declara\u00e7\u00e3o de Tratado<\/li>\n<\/ul>\n<\/td>\n<\/tr>\n<\/tbody>\n<\/table>\n<h3 class=\"titoli_paragrafi\"><\/h3>\t\t\t\t\t\t\t\t<\/div>\n\t\t\t\t<\/div>\n\t\t\t\t<div class=\"elementor-element elementor-element-6d765db elementor-widget elementor-widget-text-editor\" data-id=\"6d765db\" data-element_type=\"widget\" data-e-type=\"widget\" id=\"section4\" data-widget_type=\"text-editor.default\">\n\t\t\t\t<div class=\"elementor-widget-container\">\n\t\t\t\t\t\t\t\t\t<h3 class=\"titoli_paragrafi\">Per\u00edodo de validade da documenta\u00e7\u00e3o W8 e W9<\/h3>\nO per\u00edodo de validade da documenta\u00e7\u00e3o apresentada pelos m\u00f3dulos W-8 ou W-9 varia para cada m\u00f3dulo. Seguem-se os termos actualmente em vigor para cada um deles.\n<table class=\"table\">\n<tbody>\n<tr>\n<td width=\"179\"><strong>M\u00f3dulo<\/strong><\/td>\n<td width=\"463\"><strong>Per\u00edodo de validade<\/strong><\/td>\n<\/tr>\n<tr>\n<td width=\"179\">W-8IMY<\/td>\n<td rowspan=\"2\" width=\"463\">Desde que a informa\u00e7\u00e3o prestada n\u00e3o se altere<\/td>\n<\/tr>\n<tr>\n<td width=\"179\">W-9<\/td>\n<\/tr>\n<tr>\n<td width=\"179\">W-8BEN<\/td>\n<td rowspan=\"4\" width=\"463\">At\u00e9 o terceiro ano civil ap\u00f3s a data de subscri\u00e7\u00e3o e emiss\u00e3o&nbsp;\n\n&nbsp;<\/td>\n<\/tr>\n<tr>\n<td width=\"179\">W-8BEN-E<\/td>\n<\/tr>\n<tr>\n<td width=\"179\">W-8EXP<\/td>\n<\/tr>\n<tr>\n<td width=\"179\">W-8ECI<\/td>\n<\/tr>\n<\/tbody>\n<\/table>\n<h3 class=\"titoli_paragrafi\"><\/h3>\t\t\t\t\t\t\t\t<\/div>\n\t\t\t\t<\/div>\n\t\t\t\t<\/div>\n\t\t\t\t\t<\/div>\n\t\t\t\t<\/div>\n\t\t<div class=\"elementor-element elementor-element-055daed e-flex e-con-boxed e-con e-parent\" data-id=\"055daed\" data-element_type=\"container\" data-e-type=\"container\" data-settings=\"{&quot;background_background&quot;:&quot;gradient&quot;}\">\n\t\t\t\t\t<div class=\"e-con-inner\">\n\t\t<div class=\"elementor-element elementor-element-cc868f9 e-con-full e-flex elementor-invisible e-con e-child\" data-id=\"cc868f9\" data-element_type=\"container\" data-e-type=\"container\" data-settings=\"{&quot;animation&quot;:&quot;fadeIn&quot;}\">\n\t\t\t\t<div class=\"elementor-element elementor-element-4fd6950 elementor-widget elementor-widget-heading\" data-id=\"4fd6950\" data-element_type=\"widget\" data-e-type=\"widget\" data-widget_type=\"heading.default\">\n\t\t\t\t<div class=\"elementor-widget-container\">\n\t\t\t\t\t<h2 class=\"elementor-heading-title elementor-size-default\"> Interessado nos nossos servi\u00e7os de relat\u00f3rios de QI?<\/h2>\t\t\t\t<\/div>\n\t\t\t\t<\/div>\n\t\t\t\t<div class=\"elementor-element elementor-element-0d5a0b1 elementor-widget elementor-widget-heading\" data-id=\"0d5a0b1\" data-element_type=\"widget\" data-e-type=\"widget\" data-widget_type=\"heading.default\">\n\t\t\t\t<div class=\"elementor-widget-container\">\n\t\t\t\t\t<h2 class=\"elementor-heading-title elementor-size-default\">Clique no bot\u00e3o ao lado para solicitar mais informa\u00e7\u00f5es<\/h2>\t\t\t\t<\/div>\n\t\t\t\t<\/div>\n\t\t\t\t<\/div>\n\t\t<div class=\"elementor-element elementor-element-ae672bd e-con-full e-flex elementor-invisible e-con e-child\" data-id=\"ae672bd\" data-element_type=\"container\" data-e-type=\"container\" data-settings=\"{&quot;animation&quot;:&quot;fadeIn&quot;,&quot;animation_delay&quot;:200}\">\n\t\t\t\t<div class=\"elementor-element elementor-element-e336cc8 elementor-align-center elementor-widget elementor-widget-button\" data-id=\"e336cc8\" data-element_type=\"widget\" data-e-type=\"widget\" data-widget_type=\"button.default\">\n\t\t\t\t<div class=\"elementor-widget-container\">\n\t\t\t\t\t\t\t\t\t<div class=\"elementor-button-wrapper\">\n\t\t\t\t\t<a class=\"elementor-button elementor-button-link elementor-size-sm\" href=\"\/pt-pt\/contact-us\">\n\t\t\t\t\t\t<span class=\"elementor-button-content-wrapper\">\n\t\t\t\t\t\t\t\t\t<span class=\"elementor-button-text\">Pedir mais informa\u00e7\u00f5es<\/span>\n\t\t\t\t\t<\/span>\n\t\t\t\t\t<\/a>\n\t\t\t\t<\/div>\n\t\t\t\t\t\t\t\t<\/div>\n\t\t\t\t<\/div>\n\t\t\t\t<\/div>\n\t\t\t\t\t<\/div>\n\t\t\t\t<\/div>\n\t\t\t\t<\/div>\n\t\t","protected":false},"excerpt":{"rendered":"<p>Regime QI: recolha de documenta\u00e7\u00e3o dos clientes \u00cdndice NRA e US Person Documentation Defini\u00e7\u00e3o e documenta\u00e7\u00e3o de Pessoa Americana Defini\u00e7\u00e3o e documenta\u00e7\u00e3o de estrangeiro n\u00e3o residente (NRA) Per\u00edodo de validade da documenta\u00e7\u00e3o W8 e W9 NRA e US Person Documentation A recolha de documenta\u00e7\u00e3o junto dos seus clientes \u00e9 a espinha dorsal de todo o [&hellip;]<\/p>\n","protected":false},"author":1,"featured_media":0,"parent":0,"menu_order":0,"comment_status":"closed","ping_status":"closed","template":"","meta":{"footnotes":""},"class_list":["post-1501","page","type-page","status-publish","hentry"],"rttpg_featured_image_url":null,"rttpg_author":{"display_name":"DavidSoto","author_link":"https:\/\/bestreporting.ch\/pt-pt\/author\/davidsoto\/"},"rttpg_comment":0,"rttpg_category":" <a href=\"https:\/\/bestreporting.ch\/pt-pt\/?taxonomy=translation_priority&#038;term=opcional\" rel=\"tag\">Opcional<\/a>","rttpg_excerpt":"Regime QI: recolha de documenta\u00e7\u00e3o dos clientes \u00cdndice NRA e US Person Documentation Defini\u00e7\u00e3o e documenta\u00e7\u00e3o de Pessoa Americana Defini\u00e7\u00e3o e documenta\u00e7\u00e3o de estrangeiro n\u00e3o residente (NRA) Per\u00edodo de validade da documenta\u00e7\u00e3o W8 e W9 NRA e US Person Documentation A recolha de documenta\u00e7\u00e3o junto dos seus clientes \u00e9 a espinha dorsal de todo o&hellip;","_links":{"self":[{"href":"https:\/\/bestreporting.ch\/pt-pt\/wp-json\/wp\/v2\/pages\/1501","targetHints":{"allow":["GET"]}}],"collection":[{"href":"https:\/\/bestreporting.ch\/pt-pt\/wp-json\/wp\/v2\/pages"}],"about":[{"href":"https:\/\/bestreporting.ch\/pt-pt\/wp-json\/wp\/v2\/types\/page"}],"author":[{"embeddable":true,"href":"https:\/\/bestreporting.ch\/pt-pt\/wp-json\/wp\/v2\/users\/1"}],"replies":[{"embeddable":true,"href":"https:\/\/bestreporting.ch\/pt-pt\/wp-json\/wp\/v2\/comments?post=1501"}],"version-history":[{"count":13,"href":"https:\/\/bestreporting.ch\/pt-pt\/wp-json\/wp\/v2\/pages\/1501\/revisions"}],"predecessor-version":[{"id":2588,"href":"https:\/\/bestreporting.ch\/pt-pt\/wp-json\/wp\/v2\/pages\/1501\/revisions\/2588"}],"wp:attachment":[{"href":"https:\/\/bestreporting.ch\/pt-pt\/wp-json\/wp\/v2\/media?parent=1501"}],"curies":[{"name":"wp","href":"https:\/\/api.w.org\/{rel}","templated":true}]}}