{"id":1491,"date":"2023-10-21T01:04:04","date_gmt":"2023-10-21T01:04:04","guid":{"rendered":"https:\/\/bestreporting.ch\/responsabilidade\/"},"modified":"2023-10-23T22:47:07","modified_gmt":"2023-10-23T22:47:07","slug":"responsabilidade","status":"publish","type":"page","link":"https:\/\/bestreporting.ch\/pt-pt\/responsabilidade\/","title":{"rendered":"Responsabilidade"},"content":{"rendered":"\t\t<div data-elementor-type=\"wp-page\" data-elementor-id=\"1491\" class=\"elementor elementor-1491 elementor-690\">\n\t\t\t\t<div class=\"elementor-element elementor-element-d84a7a8 e-flex e-con-boxed e-con e-parent\" data-id=\"d84a7a8\" data-element_type=\"container\" data-e-type=\"container\" data-settings=\"{&quot;background_background&quot;:&quot;classic&quot;}\">\n\t\t\t\t\t<div class=\"e-con-inner\">\n\t\t\t\t<div class=\"elementor-element elementor-element-4561164 elementor-invisible elementor-widget elementor-widget-heading\" data-id=\"4561164\" data-element_type=\"widget\" data-e-type=\"widget\" data-settings=\"{&quot;_animation&quot;:&quot;fadeIn&quot;}\" data-widget_type=\"heading.default\">\n\t\t\t\t<div class=\"elementor-widget-container\">\n\t\t\t\t\t<h2 class=\"elementor-heading-title elementor-size-default\">Responsabilidade<\/h2>\t\t\t\t<\/div>\n\t\t\t\t<\/div>\n\t\t\t\t\t<\/div>\n\t\t\t\t<\/div>\n\t\t<div class=\"elementor-element elementor-element-f276d9b e-flex e-con-boxed e-con e-parent\" data-id=\"f276d9b\" data-element_type=\"container\" data-e-type=\"container\">\n\t\t\t\t\t<div class=\"e-con-inner\">\n\t\t\t\t<div class=\"elementor-element elementor-element-63d0608 elementor-widget elementor-widget-text-editor\" data-id=\"63d0608\" data-element_type=\"widget\" data-e-type=\"widget\" data-widget_type=\"text-editor.default\">\n\t\t\t\t<div class=\"elementor-widget-container\">\n\t\t\t\t\t\t\t\t\t<p><b>Termos e Condi\u00e7\u00f5es de Uso<\/b><\/p><p>O site bestvision.group \u00e9 propriedade exclusiva do Best Vision Group, (doravante designado por \u2018Best Vision\u2019 ou \u2018Best Vision Group\u2019). O acesso e a navega\u00e7\u00e3o no site por parte dos utilizadores individuais s\u00e3o gratuitos e est\u00e3o sujeitos \u00e0 aceita\u00e7\u00e3o dos termos e condi\u00e7\u00f5es destes avisos legais. O utilizador reconhece e, em qualquer caso, aceita: (i) que a Best Vision reserva-se o direito de modificar os termos e condi\u00e7\u00f5es destas notas legais a qualquer momento, comunicando as modifica\u00e7\u00f5es aos utilizadores atrav\u00e9s de um aviso geral anexado ao site ou atrav\u00e9s de um link para este aviso e (ii) que, a partir do momento de cada aviso geral agora mencionado, as notas legais modificadas constituir\u00e3o os novos termos e condi\u00e7\u00f5es de acesso e navega\u00e7\u00e3o no Site (estas notas legais, \u00e0 medida que gradualmente o \u00e2\u20ac\u0153Notas Legais\u00e2\u20ac est\u00c3\u00a3o sujeitas a modifica\u00c3\u00a7\u00c3\u00b5es potenciais cont\u00c3nuas).<\/p><p><b>Lei aplic\u00e1vel<\/b><\/p><p>Para a Europa, as notas legais s\u00e3o regidas pela lei su\u00ed\u00e7a, Tribunal de Genebra. Para a Am\u00e9rica, as notas legais s\u00e3o regidas pela lei dos Estados Unidos da Am\u00e9rica, o Tribunal de Miami.<br \/>Para \u00c1frica, as notas legais s\u00e3o regidas pela lei su\u00ed\u00e7a, Tribunal de Genebra.<br \/>Para a \u00c1sia, as notas legais s\u00e3o regidas pela lei su\u00ed\u00e7a, Tribunal de Genebra.<br \/>Para a Austr\u00e1lia, as notas legais ser\u00e3o regidas pela lei dos Estados Unidos da Am\u00e9rica, Tribunal de Miami.<\/p><p><b>Direito de propriedade intelectual<\/b><\/p><ul><li>O conte\u00fado do Site, a t\u00edtulo de exemplo e n\u00e3o limitado a, as obras, imagens, fotografias, di\u00e1logos, m\u00fasicas, sons, v\u00eddeos, textos e qualquer outro material em qualquer formato, incluindo, a t\u00edtulo de exemplo e n\u00e3o exaustivo, menus, p\u00e1ginas web, gr\u00e1ficos, cores, esquemas, ferramentas, personagens, design, diagramas, designs, m\u00e9todos, processos, fun\u00e7\u00f5es e software (individualmente e\/ou coletivamente \u2018Conte\u00fado\u2019) e os sinais e\/ou logotipos distintivos relativos s\u00e3o de propriedade exclusiva de BestVision ou em sua disponibilidade exclusiva, e em nenhum caso poder\u00e3o ser utilizados de qualquer forma e\/ou forma sem o consentimento pr\u00e9vio por escrito da Best Vision.<\/li><li>Salvo indica\u00e7\u00e3o expressa em contr\u00e1rio no Site, o conte\u00fado pode ser assistido e\/ou ouvido apenas no modo \u2018Streaming\u2019. \u2018Streaming\u2019 significa a modalidade de visualiza\u00e7\u00e3o e\/ou escuta dos conte\u00fados em tempo real e sem necessidade e\/ou possibilidade de reprodu\u00e7\u00e3o, tempor\u00e1ria ou permanente, distribui\u00e7\u00e3o, redistribui\u00e7\u00e3o, comunica\u00e7\u00e3o ao p\u00fablico ou outro uso, em qualquer forma ou forma diferente do \u2018Streaming\u2019 definido aqui.<\/li><li>Caso sejam fornecidos c\u00f3digos de link na Incorpora\u00e7\u00e3o do Site relacionados a conte\u00fados espec\u00edficos, esses c\u00f3digos poder\u00e3o ser utilizados pelos usu\u00e1rios apenas para fins diretos, pessoais e privados e desde que o referido uso n\u00e3o ocorra para fins do tipo direta ou indiretamente.<\/li><li>Qualquer utiliza\u00e7\u00e3o de c\u00f3digos e\/ou conte\u00fados em viola\u00e7\u00e3o dos limites indicados nas Notas Legais, ou de outra forma contr\u00e1ria \u00e0 lei, \u00e9 ilegal e, portanto, ser\u00e1 punida pela Best Vision.<\/li><li>Marcas registradas e logotipos \u2018Best Vision\u2019, incluindo nome de dom\u00ednio \u2018bestvision.group\u2019, est\u00e3o dispon\u00edveis exclusivamente para empresas do Grupo BestVision. Estas marcas, log\u00f3tipos e dom\u00ednios n\u00e3o podem ser utilizados de forma alguma sem o consentimento pr\u00e9vio por escrito da Best Vision.<\/li><\/ul><p><b>Links para outros sites<\/b><\/p><ul><li>O Site pode conter links de texto (os \u201clinks\u201d) para outros sites que n\u00e3o t\u00eam conex\u00e3o com o Site. A Best Vision n\u00e3o controla nem supervisiona estes websites, os seus conte\u00fados e as suas regras.<\/li><li>Qualquer link para outros sites n\u00e3o deve ser entendido, de forma alguma, como uma atividade da Best Vision para promov\u00ea-los e\/ou o conte\u00fado neles publicado.<\/li><\/ul><p><b>Cookies<\/b><\/p><p>O Site pode conter cookies de sess\u00e3o (que n\u00e3o s\u00e3o armazenados permanentemente no computador do usu\u00e1rio e desaparecem quando este fecha o navegador) para permitir aos usu\u00e1rios uma melhor utiliza\u00e7\u00e3o do Site. Para receber cookies pode configurar o seu navegador com a inten\u00e7\u00e3o de ser notificado da presen\u00e7a de cookies e depois decidir se os aceita ou n\u00e3o.<br \/>O navegador tamb\u00e9m pode ser configurado para rejeitar automaticamente todos os cookies; neste, por\u00e9m, \u00e9 poss\u00edvel que o usu\u00e1rio n\u00e3o consiga acessar todos os servi\u00e7os dispon\u00edveis no Site.<\/p><p><b>Limita\u00e7\u00f5es de responsabilidade<\/b><\/p><ul><li>O usu\u00e1rio reconhece e aceita que o seu acesso e navega\u00e7\u00e3o no Site \u00e9 por sua conta e risco e sob sua exclusiva responsabilidade.<\/li><li>O usu\u00e1rio tamb\u00e9m reconhece e aceita que o Site \u00e9 fornecido \u2018como est\u00e1\u2019 e \u2018conforme dispon\u00edvel\u2019 e que pode estar temporariamente inacess\u00edvel ou conter defeitos ou atrasos atuais.<\/li><li>A Best Vision n\u00e3o assume qualquer responsabilidade pelos conte\u00fados, materiais e\/ou informa\u00e7\u00f5es inseridas no Site pelos usu\u00e1rios nos espa\u00e7os programas virtuais que a Best Vision disponibiliza aos usu\u00e1rios para a intera\u00e7\u00e3o com o Site (\u2018Conte\u00fado do Usu\u00e1rio\u2019).<\/li><li>A Best Vision n\u00e3o ser\u00e1 respons\u00e1vel por quaisquer perdas ou danos decorrentes ou relacionados de alguma forma com o uso ou opera\u00e7\u00e3o do Site, incluindo, entre outros, danos por perda de neg\u00f3cios, lucros cessantes, interrup\u00e7\u00e3o de neg\u00f3cios, perda de informa\u00e7\u00f5es comerciais e \/ ou qualquer outro tipo de perda pecuni\u00e1ria, exceto em casos de m\u00e1 conduta intencional ou neglig\u00eancia grave da Best Vision.<\/li><\/ul><p><b>Relat\u00f3rio de abuso<\/b><\/p><ul><li>Os usu\u00e1rios que tenham identificado algum Conte\u00fado de usu\u00e1rio que considerem ilegal, impr\u00f3prio, ofensivo ou vulgar que informem imediatamente a Best Vision, preenchendo o formul\u00e1rio de den\u00fancia de abuso dispon\u00edvel no Site, no final da p\u00e1gina inicial.<\/li><li>O usu\u00e1rio \u00e9 convidado a fazer uso respons\u00e1vel de seus relat\u00f3rios. As den\u00fancias que se revelarem infundadas e\/ou ileg\u00edtimas ser\u00e3o fonte de responsabilidade para voc\u00ea.<\/li><\/ul><p><b>Lei aplic\u00e1vel<\/b><\/p><p>As notas legais s\u00e3o regidas pela lei su\u00ed\u00e7a, Tribunal de Genebra.<\/p><p><b>Best Vision Group<\/b><\/p>\t\t\t\t\t\t\t\t<\/div>\n\t\t\t\t<\/div>\n\t\t\t\t\t<\/div>\n\t\t\t\t<\/div>\n\t\t\t\t<\/div>\n\t\t","protected":false},"excerpt":{"rendered":"<p>Responsabilidade Termos e Condi\u00e7\u00f5es de Uso O site bestvision.group \u00e9 propriedade exclusiva do Best Vision Group, (doravante designado por \u2018Best Vision\u2019 ou \u2018Best Vision Group\u2019). O acesso e a navega\u00e7\u00e3o no site por parte dos utilizadores individuais s\u00e3o gratuitos e est\u00e3o sujeitos \u00e0 aceita\u00e7\u00e3o dos termos e condi\u00e7\u00f5es destes avisos legais. O utilizador reconhece e, [&hellip;]<\/p>\n","protected":false},"author":1,"featured_media":0,"parent":0,"menu_order":0,"comment_status":"closed","ping_status":"closed","template":"","meta":{"footnotes":""},"class_list":["post-1491","page","type-page","status-publish","hentry"],"rttpg_featured_image_url":null,"rttpg_author":{"display_name":"DavidSoto","author_link":"https:\/\/bestreporting.ch\/pt-pt\/author\/davidsoto\/"},"rttpg_comment":0,"rttpg_category":" <a href=\"https:\/\/bestreporting.ch\/pt-pt\/?taxonomy=translation_priority&#038;term=opcional\" rel=\"tag\">Opcional<\/a>","rttpg_excerpt":"Responsabilidade Termos e Condi\u00e7\u00f5es de Uso O site bestvision.group \u00e9 propriedade exclusiva do Best Vision Group, (doravante designado por \u2018Best Vision\u2019 ou \u2018Best Vision Group\u2019). O acesso e a navega\u00e7\u00e3o no site por parte dos utilizadores individuais s\u00e3o gratuitos e est\u00e3o sujeitos \u00e0 aceita\u00e7\u00e3o dos termos e condi\u00e7\u00f5es destes avisos legais. O utilizador reconhece e,&hellip;","_links":{"self":[{"href":"https:\/\/bestreporting.ch\/pt-pt\/wp-json\/wp\/v2\/pages\/1491","targetHints":{"allow":["GET"]}}],"collection":[{"href":"https:\/\/bestreporting.ch\/pt-pt\/wp-json\/wp\/v2\/pages"}],"about":[{"href":"https:\/\/bestreporting.ch\/pt-pt\/wp-json\/wp\/v2\/types\/page"}],"author":[{"embeddable":true,"href":"https:\/\/bestreporting.ch\/pt-pt\/wp-json\/wp\/v2\/users\/1"}],"replies":[{"embeddable":true,"href":"https:\/\/bestreporting.ch\/pt-pt\/wp-json\/wp\/v2\/comments?post=1491"}],"version-history":[{"count":4,"href":"https:\/\/bestreporting.ch\/pt-pt\/wp-json\/wp\/v2\/pages\/1491\/revisions"}],"predecessor-version":[{"id":1495,"href":"https:\/\/bestreporting.ch\/pt-pt\/wp-json\/wp\/v2\/pages\/1491\/revisions\/1495"}],"wp:attachment":[{"href":"https:\/\/bestreporting.ch\/pt-pt\/wp-json\/wp\/v2\/media?parent=1491"}],"curies":[{"name":"wp","href":"https:\/\/api.w.org\/{rel}","templated":true}]}}