{"id":993,"date":"2023-10-20T18:06:37","date_gmt":"2023-10-20T18:06:37","guid":{"rendered":"https:\/\/bestreporting.ch\/software-crs\/"},"modified":"2024-05-27T13:18:14","modified_gmt":"2024-05-27T13:18:14","slug":"software-crs","status":"publish","type":"page","link":"https:\/\/bestreporting.ch\/it\/software-crs\/","title":{"rendered":"Software CRS"},"content":{"rendered":"\t\t<div data-elementor-type=\"wp-page\" data-elementor-id=\"993\" class=\"elementor elementor-993 elementor-40\">\n\t\t\t\t<div class=\"elementor-element elementor-element-4de13a5 e-flex e-con-boxed e-con e-parent\" data-id=\"4de13a5\" data-element_type=\"container\" data-e-type=\"container\" data-settings=\"{&quot;background_background&quot;:&quot;classic&quot;}\">\n\t\t\t\t\t<div class=\"e-con-inner\">\n\t\t\t\t<div class=\"elementor-element elementor-element-6103a89 elementor-invisible elementor-widget elementor-widget-heading\" data-id=\"6103a89\" data-element_type=\"widget\" data-e-type=\"widget\" data-settings=\"{&quot;_animation&quot;:&quot;fadeIn&quot;,&quot;_animation_delay&quot;:200}\" data-widget_type=\"heading.default\">\n\t\t\t\t<div class=\"elementor-widget-container\">\n\t\t\t\t\t<h2 class=\"elementor-heading-title elementor-size-default\">Software CRS<\/h2>\t\t\t\t<\/div>\n\t\t\t\t<\/div>\n\t\t\t\t\t<\/div>\n\t\t\t\t<\/div>\n\t\t<div class=\"elementor-element elementor-element-00dcf63 e-flex e-con-boxed e-con e-parent\" data-id=\"00dcf63\" data-element_type=\"container\" data-e-type=\"container\">\n\t\t\t\t\t<div class=\"e-con-inner\">\n\t\t<div class=\"elementor-element elementor-element-2dd4dd6 e-con-full e-flex elementor-invisible e-con e-child\" data-id=\"2dd4dd6\" data-element_type=\"container\" data-e-type=\"container\" data-settings=\"{&quot;animation&quot;:&quot;fadeIn&quot;}\">\n\t\t\t\t<div class=\"elementor-element elementor-element-8b02a74 elementor-widget elementor-widget-heading\" data-id=\"8b02a74\" data-element_type=\"widget\" data-e-type=\"widget\" data-widget_type=\"heading.default\">\n\t\t\t\t<div class=\"elementor-widget-container\">\n\t\t\t\t\t<h2 class=\"elementor-heading-title elementor-size-default\">La Soluzione per il CRS reporting<\/h2>\t\t\t\t<\/div>\n\t\t\t\t<\/div>\n\t\t\t\t<div class=\"elementor-element elementor-element-0d0533a elementor-widget elementor-widget-text-editor\" data-id=\"0d0533a\" data-element_type=\"widget\" data-e-type=\"widget\" data-widget_type=\"text-editor.default\">\n\t\t\t\t<div class=\"elementor-widget-container\">\n\t\t\t\t\t\t\t\t\t<p>Automatic Exchange Of Information (AEOI) richiede la segnalazione dei conti bancari tra autorit\u00e0 fiscali. Il modello utilizzato per queste segnalazioni \u00e8 il CRS, Common Reporting Standard.<\/p>\n<p>Da alcuni anni supportiamo diversi istituti bancari nelle loro segnalazioni CRS con una soluzione che ha lo scopo di ridurre le tempistiche necessarie per l\u2019attivit\u00e0 di segnalazione e i rischi di errore. La nostra offerta include:<\/p>\n<ul>\n<li>un <strong>software<\/strong> che predispone per loro il file XML necessario al reporting.<\/li>\n<li>un <strong>servizio di back-office<\/strong> che supporta i Clienti nelle attivit\u00e0 preparatorie.<\/li>\n<li>servizi di consulenza di professionisti in ambito CRS.<\/li>\n<\/ul>\t\t\t\t\t\t\t\t<\/div>\n\t\t\t\t<\/div>\n\t\t\t\t<\/div>\n\t\t<div class=\"elementor-element elementor-element-da915b0 e-con-full e-flex elementor-invisible e-con e-child\" data-id=\"da915b0\" data-element_type=\"container\" data-e-type=\"container\" data-settings=\"{&quot;animation&quot;:&quot;fadeIn&quot;,&quot;animation_delay&quot;:200}\">\n\t\t\t\t<div class=\"elementor-element elementor-element-90b1008 elementor-widget elementor-widget-image\" data-id=\"90b1008\" data-element_type=\"widget\" data-e-type=\"widget\" data-widget_type=\"image.default\">\n\t\t\t\t<div class=\"elementor-widget-container\">\n\t\t\t\t\t\t\t\t\t\t\t\t\t\t\t<img fetchpriority=\"high\" decoding=\"async\" width=\"640\" height=\"404\" src=\"https:\/\/bestreporting.ch\/wp-content\/uploads\/2023\/10\/group-business-people-having-meeting-jpg.webp\" class=\"attachment-large size-large wp-image-156\" alt=\"\" \/>\t\t\t\t\t\t\t\t\t\t\t\t\t\t\t<\/div>\n\t\t\t\t<\/div>\n\t\t\t\t<\/div>\n\t\t\t\t\t<\/div>\n\t\t\t\t<\/div>\n\t\t<div class=\"elementor-element elementor-element-11e9030 e-flex e-con-boxed e-con e-parent\" data-id=\"11e9030\" data-element_type=\"container\" data-e-type=\"container\" data-settings=\"{&quot;background_background&quot;:&quot;classic&quot;}\">\n\t\t\t\t\t<div class=\"e-con-inner\">\n\t\t\t\t<div class=\"elementor-element elementor-element-04f9a50 elementor-invisible elementor-widget elementor-widget-heading\" data-id=\"04f9a50\" data-element_type=\"widget\" data-e-type=\"widget\" data-settings=\"{&quot;_animation&quot;:&quot;fadeIn&quot;}\" data-widget_type=\"heading.default\">\n\t\t\t\t<div class=\"elementor-widget-container\">\n\t\t\t\t\t<h2 class=\"elementor-heading-title elementor-size-default\">A quali soggetti sono destinati i nostri Servizi?<\/h2>\t\t\t\t<\/div>\n\t\t\t\t<\/div>\n\t\t\t\t<div class=\"elementor-element elementor-element-863de92 elementor-invisible elementor-widget elementor-widget-heading\" data-id=\"863de92\" data-element_type=\"widget\" data-e-type=\"widget\" data-settings=\"{&quot;_animation&quot;:&quot;fadeIn&quot;,&quot;_animation_delay&quot;:200}\" data-widget_type=\"heading.default\">\n\t\t\t\t<div class=\"elementor-widget-container\">\n\t\t\t\t\t<h2 class=\"elementor-heading-title elementor-size-default\">Tutti gli istituti finanziari residenti in paesi OCSE partecipanti.\n<\/h2>\t\t\t\t<\/div>\n\t\t\t\t<\/div>\n\t\t\t\t\t<\/div>\n\t\t\t\t<\/div>\n\t\t<div class=\"elementor-element elementor-element-e6c0a95 e-flex e-con-boxed e-con e-parent\" data-id=\"e6c0a95\" data-element_type=\"container\" data-e-type=\"container\">\n\t\t\t\t\t<div class=\"e-con-inner\">\n\t\t<div class=\"elementor-element elementor-element-c4c1768 e-con-full e-flex elementor-invisible e-con e-child\" data-id=\"c4c1768\" data-element_type=\"container\" data-e-type=\"container\" data-settings=\"{&quot;animation&quot;:&quot;fadeIn&quot;}\">\n\t\t\t\t<div class=\"elementor-element elementor-element-3172662 elementor-widget elementor-widget-heading\" data-id=\"3172662\" data-element_type=\"widget\" data-e-type=\"widget\" data-widget_type=\"heading.default\">\n\t\t\t\t<div class=\"elementor-widget-container\">\n\t\t\t\t\t<h2 class=\"elementor-heading-title elementor-size-default\">Soluzione Software<\/h2>\t\t\t\t<\/div>\n\t\t\t\t<\/div>\n\t\t\t\t<\/div>\n\t\t<div class=\"elementor-element elementor-element-7ab26ca e-con-full e-flex elementor-invisible e-con e-child\" data-id=\"7ab26ca\" data-element_type=\"container\" data-e-type=\"container\" data-settings=\"{&quot;animation&quot;:&quot;fadeIn&quot;}\">\n\t\t\t\t<div class=\"elementor-element elementor-element-c9cf495 elementor-widget elementor-widget-text-editor\" data-id=\"c9cf495\" data-element_type=\"widget\" data-e-type=\"widget\" data-widget_type=\"text-editor.default\">\n\t\t\t\t<div class=\"elementor-widget-container\">\n\t\t\t\t\t\t\t\t\t<p>La soluzione \u00e8 ideata per gestire in modo sicuro, semplice e veloce le segnalazioni CRS. Il tool copre le necessit\u00e0 di reporting per tutti gli istituti finanziari che risiedono in una giurisdizione con accordo di scambio automatico di informazioni.<\/p>\n<p>Best Vision si occupa di mantenere aggiornata la soluzione, sia dal punto di vista normativo, recependo tutti i cambiamenti intervenuti, sia gestendo gli aspetti di sicurezza informatica secondo i pi\u00f9 alti standard tecnologici.<\/p>\n<p>I Clienti del FATCA reporting troveranno sempre in linea la versione pi\u00f9 aggiornata del software, e saranno sempre pronti per le proprie segnalazioni. Il software necessita esclusivamente di un file Excel da caricare. Il file di segnalazione, XML, verr\u00e0 creato automaticamente conforme agli ultimi aggiornamenti del paese di residenza dell\u2019istituto finanziario.<\/p><\/p>\n\t\t\t\t\t\t\t\t<\/div>\n\t\t\t\t<\/div>\n\t\t\t\t<\/div>\n\t\t<div class=\"elementor-element elementor-element-17d042b e-con-full e-flex elementor-invisible e-con e-child\" data-id=\"17d042b\" data-element_type=\"container\" data-e-type=\"container\" data-settings=\"{&quot;animation&quot;:&quot;fadeIn&quot;,&quot;animation_delay&quot;:200}\">\n\t\t\t\t<div class=\"elementor-element elementor-element-d653357 elementor-widget elementor-widget-text-editor\" data-id=\"d653357\" data-element_type=\"widget\" data-e-type=\"widget\" data-widget_type=\"text-editor.default\">\n\t\t\t\t<div class=\"elementor-widget-container\">\n\t\t\t\t\t\t\t\t\t<p><span style=\"text-align: var(--text-align);\">Il vantaggio per il Cliente \u00e8 di avere un tool semplice utilizzo, affidabile, sempre aggiornato.<\/span><\/p><p><strong>Moduli disponibili<\/strong><\/p><ul><li>Modulo CRS FORM, per la generazione dell\u2019XML conforme allo standard di ciascun paese OCSE partecipante.<\/li><li>Modulo FATCA FORM, per la segnalazione dell\u2019XML FATCA.<\/li><li>Modulo QI RECO, per riconciliare i pagamenti QI-depositarie.<\/li><li>Modulo QI FORM, per la verifica e generazione automatica, PDF e TXT, dei moduli <a title=\"\/it\/1042-forms\" href=\"https:\/\/bestreporting.ch\/1042-forms\/\">1042<\/a> e <a title=\"\/it\/1042-s-forms\" href=\"https:\/\/bestreporting.ch\/1042-s-forms\/\">1042-s<\/a>.<\/li><li style=\"list-style-type: none;\">\u00a0<\/li><\/ul>\t\t\t\t\t\t\t\t<\/div>\n\t\t\t\t<\/div>\n\t\t\t\t<\/div>\n\t\t\t\t\t<\/div>\n\t\t\t\t<\/div>\n\t\t<div class=\"elementor-element elementor-element-d8da003 e-flex e-con-boxed e-con e-parent\" data-id=\"d8da003\" data-element_type=\"container\" data-e-type=\"container\">\n\t\t\t\t\t<div class=\"e-con-inner\">\n\t\t<div class=\"elementor-element elementor-element-615f88e e-con-full e-flex elementor-invisible e-con e-child\" data-id=\"615f88e\" data-element_type=\"container\" data-e-type=\"container\" data-settings=\"{&quot;animation&quot;:&quot;fadeIn&quot;,&quot;animation_delay&quot;:200}\">\n\t\t\t\t<div class=\"elementor-element elementor-element-1aefa54 elementor-widget elementor-widget-image\" data-id=\"1aefa54\" data-element_type=\"widget\" data-e-type=\"widget\" data-widget_type=\"image.default\">\n\t\t\t\t<div class=\"elementor-widget-container\">\n\t\t\t\t\t\t\t\t\t\t\t\t\t\t\t<img decoding=\"async\" width=\"640\" height=\"427\" src=\"https:\/\/bestreporting.ch\/wp-content\/uploads\/2023\/10\/no-people-office-with-multiple-computers-customer-service-desk-call-center-helpline-support-give-telecommunication-assistance-empty-helpdesk-with-client-telephony-reception-jpg.webp\" class=\"attachment-large size-large wp-image-168\" alt=\"\" \/>\t\t\t\t\t\t\t\t\t\t\t\t\t\t\t<\/div>\n\t\t\t\t<\/div>\n\t\t\t\t<\/div>\n\t\t<div class=\"elementor-element elementor-element-842e6ff e-con-full e-flex elementor-invisible e-con e-child\" data-id=\"842e6ff\" data-element_type=\"container\" data-e-type=\"container\" data-settings=\"{&quot;animation&quot;:&quot;fadeIn&quot;,&quot;animation_delay&quot;:200}\">\n\t\t\t\t<div class=\"elementor-element elementor-element-fef678c elementor-widget elementor-widget-heading\" data-id=\"fef678c\" data-element_type=\"widget\" data-e-type=\"widget\" data-widget_type=\"heading.default\">\n\t\t\t\t<div class=\"elementor-widget-container\">\n\t\t\t\t\t<h2 class=\"elementor-heading-title elementor-size-default\">Servizio di Back-office<\/h2>\t\t\t\t<\/div>\n\t\t\t\t<\/div>\n\t\t\t\t<div class=\"elementor-element elementor-element-06b3bcf elementor-widget elementor-widget-text-editor\" data-id=\"06b3bcf\" data-element_type=\"widget\" data-e-type=\"widget\" data-widget_type=\"text-editor.default\">\n\t\t\t\t<div class=\"elementor-widget-container\">\n\t\t\t\t\t\t\t\t\t<p>Ai nostri Clienti offriamo la possibilit\u00e0 di esternalizzare tutto o una parte dell\u2019attivit\u00e0. Offriamo la possibilit\u00e0 di usufruire del nostro personale specializzato per le attivit\u00e0 di:<\/p>\n<ul>\n<li>Verifica dati e della documentazione<\/li>\n<li>Gestione delle segnalazioni<\/li>\n<li>Supporto per audit interni\/esterni<\/li>\n<\/ul>\n<p>L\u2019attivit\u00e0 viene svolta da remoto oppure onsite presso il Cliente.<\/p>\n<p>Il Sevizio risulta particolarmente utile per gestire picchi di lavoro, come pure la mancanza di personale dedicato da parte del Cliente.<\/p>\n\t\t\t\t\t\t\t\t<\/div>\n\t\t\t\t<\/div>\n\t\t\t\t<\/div>\n\t\t\t\t\t<\/div>\n\t\t\t\t<\/div>\n\t\t<div class=\"elementor-element elementor-element-6aa8d66 e-flex e-con-boxed e-con e-parent\" data-id=\"6aa8d66\" data-element_type=\"container\" data-e-type=\"container\">\n\t\t\t\t\t<div class=\"e-con-inner\">\n\t\t<div class=\"elementor-element elementor-element-b58b366 e-con-full e-flex elementor-invisible e-con e-child\" data-id=\"b58b366\" data-element_type=\"container\" data-e-type=\"container\" data-settings=\"{&quot;animation&quot;:&quot;fadeIn&quot;}\">\n\t\t\t\t<div class=\"elementor-element elementor-element-ceb6a22 elementor-widget elementor-widget-heading\" data-id=\"ceb6a22\" data-element_type=\"widget\" data-e-type=\"widget\" data-widget_type=\"heading.default\">\n\t\t\t\t<div class=\"elementor-widget-container\">\n\t\t\t\t\t<h2 class=\"elementor-heading-title elementor-size-default\">Consulenza nella Compliance\n<\/h2>\t\t\t\t<\/div>\n\t\t\t\t<\/div>\n\t\t\t\t<div class=\"elementor-element elementor-element-becd3d8 elementor-widget elementor-widget-text-editor\" data-id=\"becd3d8\" data-element_type=\"widget\" data-e-type=\"widget\" data-widget_type=\"text-editor.default\">\n\t\t\t\t<div class=\"elementor-widget-container\">\n\t\t\t\t\t\t\t\t\t<p>Ci avvaliamo dei migliori professionisti fiscali per offrire ai nostri Clienti consulenza CRS puntuale e di qualit\u00e0. I nostri esperti sono inoltre competenti nelle normative QI e FATCA, legate per affinit\u00e0 alle segnalazioni CRS.<\/p>\n<p>Principalmente veniamo ingaggiati dai nostri Clienti per assisterli:<\/p>\n<ul>\n<li>Negli aspetti legati alla documentazione clientela<\/li>\n<li>Nella formazione interna del personale<\/li>\n<li>Nella verifica dello stato di compliance CRS<\/li>\n<\/ul>\n<p>Il perimetro della consulenza viene definito con il Cliente, in modo da poter essere efficaci ed estremamente efficienti nei costi e nelle tempistiche.<\/p>\n\t\t\t\t\t\t\t\t<\/div>\n\t\t\t\t<\/div>\n\t\t\t\t<\/div>\n\t\t<div class=\"elementor-element elementor-element-ddbc575 e-con-full e-flex elementor-invisible e-con e-child\" data-id=\"ddbc575\" data-element_type=\"container\" data-e-type=\"container\" data-settings=\"{&quot;animation&quot;:&quot;fadeIn&quot;,&quot;animation_delay&quot;:200}\">\n\t\t\t\t<div class=\"elementor-element elementor-element-0dd2e2d elementor-widget elementor-widget-image\" data-id=\"0dd2e2d\" data-element_type=\"widget\" data-e-type=\"widget\" data-widget_type=\"image.default\">\n\t\t\t\t<div class=\"elementor-widget-container\">\n\t\t\t\t\t\t\t\t\t\t\t\t\t\t\t<img decoding=\"async\" width=\"640\" height=\"427\" src=\"https:\/\/bestreporting.ch\/wp-content\/uploads\/2023\/10\/meeting-financial-managers-jpg.webp\" class=\"attachment-large size-large wp-image-174\" alt=\"\" \/>\t\t\t\t\t\t\t\t\t\t\t\t\t\t\t<\/div>\n\t\t\t\t<\/div>\n\t\t\t\t<\/div>\n\t\t\t\t\t<\/div>\n\t\t\t\t<\/div>\n\t\t<div class=\"elementor-element elementor-element-df0f57b e-flex e-con-boxed e-con e-parent\" data-id=\"df0f57b\" data-element_type=\"container\" data-e-type=\"container\" data-settings=\"{&quot;background_background&quot;:&quot;gradient&quot;}\">\n\t\t\t\t\t<div class=\"e-con-inner\">\n\t\t<div class=\"elementor-element elementor-element-cc9f8ce e-con-full e-flex elementor-invisible e-con e-child\" data-id=\"cc9f8ce\" data-element_type=\"container\" data-e-type=\"container\" data-settings=\"{&quot;animation&quot;:&quot;fadeIn&quot;}\">\n\t\t\t\t<div class=\"elementor-element elementor-element-2e31307 elementor-widget elementor-widget-heading\" data-id=\"2e31307\" data-element_type=\"widget\" data-e-type=\"widget\" data-widget_type=\"heading.default\">\n\t\t\t\t<div class=\"elementor-widget-container\">\n\t\t\t\t\t<h2 class=\"elementor-heading-title elementor-size-default\"> Interessato ai nostri servizi di QI Reporting?<\/h2>\t\t\t\t<\/div>\n\t\t\t\t<\/div>\n\t\t\t\t<div class=\"elementor-element elementor-element-4095cf4 elementor-widget elementor-widget-heading\" data-id=\"4095cf4\" data-element_type=\"widget\" data-e-type=\"widget\" data-widget_type=\"heading.default\">\n\t\t\t\t<div class=\"elementor-widget-container\">\n\t\t\t\t\t<h2 class=\"elementor-heading-title elementor-size-default\">Clicca il bottone a fianco per richiedere maggiori informazioni<\/h2>\t\t\t\t<\/div>\n\t\t\t\t<\/div>\n\t\t\t\t<\/div>\n\t\t<div class=\"elementor-element elementor-element-233a4e9 e-con-full e-flex elementor-invisible e-con e-child\" data-id=\"233a4e9\" data-element_type=\"container\" data-e-type=\"container\" data-settings=\"{&quot;animation&quot;:&quot;fadeIn&quot;,&quot;animation_delay&quot;:200}\">\n\t\t\t\t<div class=\"elementor-element elementor-element-b6cdfda elementor-align-center elementor-widget elementor-widget-button\" data-id=\"b6cdfda\" data-element_type=\"widget\" data-e-type=\"widget\" data-widget_type=\"button.default\">\n\t\t\t\t<div class=\"elementor-widget-container\">\n\t\t\t\t\t\t\t\t\t<div class=\"elementor-button-wrapper\">\n\t\t\t\t\t<a class=\"elementor-button elementor-button-link elementor-size-sm\" href=\"#\">\n\t\t\t\t\t\t<span class=\"elementor-button-content-wrapper\">\n\t\t\t\t\t\t\t\t\t<span class=\"elementor-button-text\">Richiedi pi\u00f9 informazioni<\/span>\n\t\t\t\t\t<\/span>\n\t\t\t\t\t<\/a>\n\t\t\t\t<\/div>\n\t\t\t\t\t\t\t\t<\/div>\n\t\t\t\t<\/div>\n\t\t\t\t<\/div>\n\t\t\t\t\t<\/div>\n\t\t\t\t<\/div>\n\t\t\t\t<\/div>\n\t\t","protected":false},"excerpt":{"rendered":"<p>Software CRS La Soluzione per il CRS reporting Automatic Exchange Of Information (AEOI) richiede la segnalazione dei conti bancari tra autorit\u00e0 fiscali. Il modello utilizzato per queste segnalazioni \u00e8 il CRS, Common Reporting Standard. Da alcuni anni supportiamo diversi istituti bancari nelle loro segnalazioni CRS con una soluzione che ha lo scopo di ridurre le [&hellip;]<\/p>\n","protected":false},"author":1,"featured_media":0,"parent":0,"menu_order":0,"comment_status":"closed","ping_status":"closed","template":"","meta":{"footnotes":""},"class_list":["post-993","page","type-page","status-publish","hentry"],"rttpg_featured_image_url":null,"rttpg_author":{"display_name":"DavidSoto","author_link":"https:\/\/bestreporting.ch\/it\/author\/davidsoto\/"},"rttpg_comment":0,"rttpg_category":" <a href=\"https:\/\/bestreporting.ch\/it\/?taxonomy=translation_priority&#038;term=opzionale\" rel=\"tag\">Opzionale<\/a>","rttpg_excerpt":"Software CRS La Soluzione per il CRS reporting Automatic Exchange Of Information (AEOI) richiede la segnalazione dei conti bancari tra autorit\u00e0 fiscali. Il modello utilizzato per queste segnalazioni \u00e8 il CRS, Common Reporting Standard. Da alcuni anni supportiamo diversi istituti bancari nelle loro segnalazioni CRS con una soluzione che ha lo scopo di ridurre le&hellip;","_links":{"self":[{"href":"https:\/\/bestreporting.ch\/it\/wp-json\/wp\/v2\/pages\/993","targetHints":{"allow":["GET"]}}],"collection":[{"href":"https:\/\/bestreporting.ch\/it\/wp-json\/wp\/v2\/pages"}],"about":[{"href":"https:\/\/bestreporting.ch\/it\/wp-json\/wp\/v2\/types\/page"}],"author":[{"embeddable":true,"href":"https:\/\/bestreporting.ch\/it\/wp-json\/wp\/v2\/users\/1"}],"replies":[{"embeddable":true,"href":"https:\/\/bestreporting.ch\/it\/wp-json\/wp\/v2\/comments?post=993"}],"version-history":[{"count":13,"href":"https:\/\/bestreporting.ch\/it\/wp-json\/wp\/v2\/pages\/993\/revisions"}],"predecessor-version":[{"id":2610,"href":"https:\/\/bestreporting.ch\/it\/wp-json\/wp\/v2\/pages\/993\/revisions\/2610"}],"wp:attachment":[{"href":"https:\/\/bestreporting.ch\/it\/wp-json\/wp\/v2\/media?parent=993"}],"curies":[{"name":"wp","href":"https:\/\/api.w.org\/{rel}","templated":true}]}}