{"id":989,"date":"2023-10-20T18:06:23","date_gmt":"2023-10-20T18:06:23","guid":{"rendered":"https:\/\/bestreporting.ch\/software-fatca\/"},"modified":"2024-05-27T13:15:11","modified_gmt":"2024-05-27T13:15:11","slug":"software-fatca","status":"publish","type":"page","link":"https:\/\/bestreporting.ch\/it\/software-fatca\/","title":{"rendered":"Software FATCA"},"content":{"rendered":"\t\t<div data-elementor-type=\"wp-page\" data-elementor-id=\"989\" class=\"elementor elementor-989 elementor-38\">\n\t\t\t\t<div class=\"elementor-element elementor-element-581f0a7 e-flex e-con-boxed e-con e-parent\" data-id=\"581f0a7\" data-element_type=\"container\" data-e-type=\"container\" data-settings=\"{&quot;background_background&quot;:&quot;classic&quot;}\">\n\t\t\t\t\t<div class=\"e-con-inner\">\n\t\t\t\t<div class=\"elementor-element elementor-element-66af60a elementor-invisible elementor-widget elementor-widget-heading\" data-id=\"66af60a\" data-element_type=\"widget\" data-e-type=\"widget\" data-settings=\"{&quot;_animation&quot;:&quot;fadeIn&quot;}\" data-widget_type=\"heading.default\">\n\t\t\t\t<div class=\"elementor-widget-container\">\n\t\t\t\t\t<h2 class=\"elementor-heading-title elementor-size-default\">Software FATCA<\/h2>\t\t\t\t<\/div>\n\t\t\t\t<\/div>\n\t\t\t\t\t<\/div>\n\t\t\t\t<\/div>\n\t\t<div class=\"elementor-element elementor-element-d08391b e-flex e-con-boxed e-con e-parent\" data-id=\"d08391b\" data-element_type=\"container\" data-e-type=\"container\">\n\t\t\t\t\t<div class=\"e-con-inner\">\n\t\t<div class=\"elementor-element elementor-element-97ba46b e-con-full e-flex elementor-invisible e-con e-child\" data-id=\"97ba46b\" data-element_type=\"container\" data-e-type=\"container\" data-settings=\"{&quot;animation&quot;:&quot;fadeIn&quot;}\">\n\t\t\t\t<div class=\"elementor-element elementor-element-4ea2547 elementor-widget elementor-widget-heading\" data-id=\"4ea2547\" data-element_type=\"widget\" data-e-type=\"widget\" data-widget_type=\"heading.default\">\n\t\t\t\t<div class=\"elementor-widget-container\">\n\t\t\t\t\t<h2 class=\"elementor-heading-title elementor-size-default\">La Soluzione per il FATCA reporting\n<\/h2>\t\t\t\t<\/div>\n\t\t\t\t<\/div>\n\t\t\t\t<div class=\"elementor-element elementor-element-2d9e1c8 elementor-widget elementor-widget-heading\" data-id=\"2d9e1c8\" data-element_type=\"widget\" data-e-type=\"widget\" data-widget_type=\"heading.default\">\n\t\t\t\t<div class=\"elementor-widget-container\">\n\t\t\t\t\t<h2 class=\"elementor-heading-title elementor-size-default\">FATCA reporting<\/h2>\t\t\t\t<\/div>\n\t\t\t\t<\/div>\n\t\t\t\t<div class=\"elementor-element elementor-element-0c038d1 elementor-widget elementor-widget-text-editor\" data-id=\"0c038d1\" data-element_type=\"widget\" data-e-type=\"widget\" data-widget_type=\"text-editor.default\">\n\t\t\t\t<div class=\"elementor-widget-container\">\n\t\t\t\t\t\t\t\t\t<p>La normativa FATCA prevede l\u2019obbligo di segnalazioni di determinati conti detenuti dagli istituti finanziari. Da alcuni anni supportiamo diversi istituti bancari nelle loro segnalazioni CRS con una soluzione che ha lo scopo di ridurre le tempistiche necessarie per l\u2019attivit\u00e0 di segnalazione e i rischi di errore. La nostra offerta include:<\/p>\n<ul>\n<li>un <strong>software<\/strong> che predispone per loro il file XML necessario al reporting<\/li>\n<li>un <strong>servizio di back-office<\/strong> che supporta i Clienti nelle attivit\u00e0 preparatorie<\/li>\n<li>servizi di consulenza di professionisti in ambito FATCA<\/li>\n<\/ul>\n\t\t\t\t\t\t\t\t<\/div>\n\t\t\t\t<\/div>\n\t\t\t\t<\/div>\n\t\t<div class=\"elementor-element elementor-element-6f19ac5 e-con-full e-flex elementor-invisible e-con e-child\" data-id=\"6f19ac5\" data-element_type=\"container\" data-e-type=\"container\" data-settings=\"{&quot;animation&quot;:&quot;fadeIn&quot;,&quot;animation_delay&quot;:200}\">\n\t\t\t\t<div class=\"elementor-element elementor-element-78f4304 elementor-widget elementor-widget-image\" data-id=\"78f4304\" data-element_type=\"widget\" data-e-type=\"widget\" data-widget_type=\"image.default\">\n\t\t\t\t<div class=\"elementor-widget-container\">\n\t\t\t\t\t\t\t\t\t\t\t\t\t\t\t<img fetchpriority=\"high\" decoding=\"async\" width=\"640\" height=\"405\" src=\"https:\/\/bestreporting.ch\/wp-content\/uploads\/2023\/10\/meeting-close-window-jpg.webp\" class=\"attachment-large size-large wp-image-977\" alt=\"\" \/>\t\t\t\t\t\t\t\t\t\t\t\t\t\t\t<\/div>\n\t\t\t\t<\/div>\n\t\t\t\t<\/div>\n\t\t\t\t\t<\/div>\n\t\t\t\t<\/div>\n\t\t<div class=\"elementor-element elementor-element-319c4cc e-flex e-con-boxed e-con e-parent\" data-id=\"319c4cc\" data-element_type=\"container\" data-e-type=\"container\" data-settings=\"{&quot;background_background&quot;:&quot;classic&quot;}\">\n\t\t\t\t\t<div class=\"e-con-inner\">\n\t\t\t\t<div class=\"elementor-element elementor-element-ac835a2 elementor-invisible elementor-widget elementor-widget-heading\" data-id=\"ac835a2\" data-element_type=\"widget\" data-e-type=\"widget\" data-settings=\"{&quot;_animation&quot;:&quot;fadeIn&quot;,&quot;_animation_delay&quot;:0}\" data-widget_type=\"heading.default\">\n\t\t\t\t<div class=\"elementor-widget-container\">\n\t\t\t\t\t<h2 class=\"elementor-heading-title elementor-size-default\">A quali soggetti sono destinati i nostri Servizi?<\/h2>\t\t\t\t<\/div>\n\t\t\t\t<\/div>\n\t\t\t\t<div class=\"elementor-element elementor-element-f5cf043 elementor-invisible elementor-widget elementor-widget-heading\" data-id=\"f5cf043\" data-element_type=\"widget\" data-e-type=\"widget\" data-settings=\"{&quot;_animation&quot;:&quot;fadeIn&quot;,&quot;_animation_delay&quot;:200}\" data-widget_type=\"heading.default\">\n\t\t\t\t<div class=\"elementor-widget-container\">\n\t\t\t\t\t<h2 class=\"elementor-heading-title elementor-size-default\">Tutti gli intermediari finanziari dei paesi IGA 1 e IGA 2.\n\n<\/h2>\t\t\t\t<\/div>\n\t\t\t\t<\/div>\n\t\t\t\t\t<\/div>\n\t\t\t\t<\/div>\n\t\t<div class=\"elementor-element elementor-element-e5b2a21 e-flex e-con-boxed e-con e-parent\" data-id=\"e5b2a21\" data-element_type=\"container\" data-e-type=\"container\">\n\t\t\t\t\t<div class=\"e-con-inner\">\n\t\t<div class=\"elementor-element elementor-element-637aad3 e-con-full e-flex elementor-invisible e-con e-child\" data-id=\"637aad3\" data-element_type=\"container\" data-e-type=\"container\" data-settings=\"{&quot;animation&quot;:&quot;fadeIn&quot;}\">\n\t\t\t\t<div class=\"elementor-element elementor-element-9f44659 elementor-widget elementor-widget-heading\" data-id=\"9f44659\" data-element_type=\"widget\" data-e-type=\"widget\" data-widget_type=\"heading.default\">\n\t\t\t\t<div class=\"elementor-widget-container\">\n\t\t\t\t\t<h2 class=\"elementor-heading-title elementor-size-default\">Soluzione Software<\/h2>\t\t\t\t<\/div>\n\t\t\t\t<\/div>\n\t\t\t\t<div class=\"elementor-element elementor-element-01420fd elementor-widget elementor-widget-text-editor\" data-id=\"01420fd\" data-element_type=\"widget\" data-e-type=\"widget\" data-widget_type=\"text-editor.default\">\n\t\t\t\t<div class=\"elementor-widget-container\">\n\t\t\t\t\t\t\t\t\t<p>La soluzione \u00e8 predisposta per gestire in modo sicuro, semplice e veloce le segnalazioni FATCA, per paesi IGA 1 e IGA 2.<\/p><p>Best Vision si occupa di mantenere aggiornata la soluzione, sia dal punto di vista normativo, recependo tutti i cambiamenti intervenuti, sia gestendo gli aspetti di sicurezza informatica secondo i pi\u00f9 alti standard tecnologici.<\/p><p>\u00a0<\/p>\t\t\t\t\t\t\t\t<\/div>\n\t\t\t\t<\/div>\n\t\t\t\t<\/div>\n\t\t<div class=\"elementor-element elementor-element-1f21bd3 e-con-full e-flex elementor-invisible e-con e-child\" data-id=\"1f21bd3\" data-element_type=\"container\" data-e-type=\"container\" data-settings=\"{&quot;animation&quot;:&quot;fadeIn&quot;,&quot;animation_delay&quot;:200}\">\n\t\t\t\t<div class=\"elementor-element elementor-element-692b384 elementor-widget elementor-widget-text-editor\" data-id=\"692b384\" data-element_type=\"widget\" data-e-type=\"widget\" data-widget_type=\"text-editor.default\">\n\t\t\t\t<div class=\"elementor-widget-container\">\n\t\t\t\t\t\t\t\t\t<p>I Clienti del FATCA reporting troveranno sempre in linea la versione pi\u00f9 aggiornata del software, e saranno sempre pronti per le proprie segnalazioni. Il software necessita esclusivamente di un file Excel da caricare. Il file di segnalazione, XML, verr\u00e0 creato automaticamente conforme agli ultimi aggiornamenti del paese di residenza dell\u2019istituto finanziario.<\/p>\n<p>Il vantaggio per il Cliente \u00e8 di avere un tool di semplice utilizzo, affidabile, sempre aggiornato.<\/p>\n<p><strong>Moduli disponibili<\/strong><\/p>\n<ul>\n<li>Modulo FATCA FORM, per la generazione dell\u2019XML FATCA<\/li>\n<li>Modulo CRS FORM, per la segnalazione dell\u2019XML CRS<\/li>\n<li>Modulo QI RECO, per riconciliare i pagamenti QI-depositarie<\/li>\n<li>Modulo QI FORM, per la verifica e generazione automatica, PDF e TXT, dei <a title=\"\/it\/1042-forms\" href=\"https:\/\/bestreporting.ch\/1042-forms\/\">moduli 1042<\/a> e <a title=\"\/it\/1042-s-forms\" href=\"https:\/\/bestreporting.ch\/1042-s-forms\/\">1042-s<\/a><\/li>\n<\/ul>\t\t\t\t\t\t\t\t<\/div>\n\t\t\t\t<\/div>\n\t\t\t\t<\/div>\n\t\t\t\t\t<\/div>\n\t\t\t\t<\/div>\n\t\t<div class=\"elementor-element elementor-element-637b339 e-flex e-con-boxed e-con e-parent\" data-id=\"637b339\" data-element_type=\"container\" data-e-type=\"container\">\n\t\t\t\t\t<div class=\"e-con-inner\">\n\t\t<div class=\"elementor-element elementor-element-adb1f01 e-con-full e-flex elementor-invisible e-con e-child\" data-id=\"adb1f01\" data-element_type=\"container\" data-e-type=\"container\" data-settings=\"{&quot;animation&quot;:&quot;fadeIn&quot;}\">\n\t\t\t\t<div class=\"elementor-element elementor-element-d00b3ba elementor-widget elementor-widget-image\" data-id=\"d00b3ba\" data-element_type=\"widget\" data-e-type=\"widget\" data-widget_type=\"image.default\">\n\t\t\t\t<div class=\"elementor-widget-container\">\n\t\t\t\t\t\t\t\t\t\t\t\t\t\t\t<img decoding=\"async\" width=\"640\" height=\"427\" src=\"https:\/\/bestreporting.ch\/wp-content\/uploads\/2023\/10\/no-people-office-with-multiple-computers-customer-service-desk-call-center-helpline-support-give-telecommunication-assistance-empty-helpdesk-with-client-telephony-reception-jpg.webp\" class=\"attachment-large size-large wp-image-168\" alt=\"\" \/>\t\t\t\t\t\t\t\t\t\t\t\t\t\t\t<\/div>\n\t\t\t\t<\/div>\n\t\t\t\t<\/div>\n\t\t<div class=\"elementor-element elementor-element-7b9b936 e-con-full e-flex elementor-invisible e-con e-child\" data-id=\"7b9b936\" data-element_type=\"container\" data-e-type=\"container\" data-settings=\"{&quot;animation&quot;:&quot;fadeIn&quot;,&quot;animation_delay&quot;:200}\">\n\t\t\t\t<div class=\"elementor-element elementor-element-f715b25 elementor-widget elementor-widget-heading\" data-id=\"f715b25\" data-element_type=\"widget\" data-e-type=\"widget\" data-widget_type=\"heading.default\">\n\t\t\t\t<div class=\"elementor-widget-container\">\n\t\t\t\t\t<h2 class=\"elementor-heading-title elementor-size-default\">Servizio di Back-office<\/h2>\t\t\t\t<\/div>\n\t\t\t\t<\/div>\n\t\t\t\t<div class=\"elementor-element elementor-element-7e5c9b5 elementor-widget elementor-widget-text-editor\" data-id=\"7e5c9b5\" data-element_type=\"widget\" data-e-type=\"widget\" data-widget_type=\"text-editor.default\">\n\t\t\t\t<div class=\"elementor-widget-container\">\n\t\t\t\t\t\t\t\t\t<p>Ai nostri Clienti offriamo la possibilit\u00e0 di esternalizzare tutto o una parte dell\u2019attivit\u00e0. Offriamo la possibilit\u00e0 di usufruire del nostro personale specializzato per le attivit\u00e0 di:<\/p>\n<ul>\n<li>Verifica dati della documentazione W9, W8 e KYC<\/li>\n<li>Gestione delle segnalazioni<\/li>\n<li>Supporto per audit interni\/esterni<\/li>\n<\/ul>\n<p>L\u2019attivit\u00e0 viene svolta da remoto oppure onsite presso il Cliente.<\/p>\n<p>Il Sevizio risulta particolarmente utile per gestire picchi di lavoro, come pure la mancanza di personale dedicato da parte del Cliente.<\/p>\n\t\t\t\t\t\t\t\t<\/div>\n\t\t\t\t<\/div>\n\t\t\t\t<\/div>\n\t\t\t\t\t<\/div>\n\t\t\t\t<\/div>\n\t\t<div class=\"elementor-element elementor-element-c49d024 e-flex e-con-boxed e-con e-parent\" data-id=\"c49d024\" data-element_type=\"container\" data-e-type=\"container\">\n\t\t\t\t\t<div class=\"e-con-inner\">\n\t\t<div class=\"elementor-element elementor-element-f830108 e-con-full e-flex elementor-invisible e-con e-child\" data-id=\"f830108\" data-element_type=\"container\" data-e-type=\"container\" data-settings=\"{&quot;animation&quot;:&quot;fadeIn&quot;}\">\n\t\t\t\t<div class=\"elementor-element elementor-element-cf48f64 elementor-widget elementor-widget-heading\" data-id=\"cf48f64\" data-element_type=\"widget\" data-e-type=\"widget\" data-widget_type=\"heading.default\">\n\t\t\t\t<div class=\"elementor-widget-container\">\n\t\t\t\t\t<h2 class=\"elementor-heading-title elementor-size-default\">Consulenza nella Compliance\n<\/h2>\t\t\t\t<\/div>\n\t\t\t\t<\/div>\n\t\t\t\t<div class=\"elementor-element elementor-element-0be332b elementor-widget elementor-widget-text-editor\" data-id=\"0be332b\" data-element_type=\"widget\" data-e-type=\"widget\" data-widget_type=\"text-editor.default\">\n\t\t\t\t<div class=\"elementor-widget-container\">\n\t\t\t\t\t\t\t\t\t<p>Ci avvaliamo dei migliori professionisti fiscali per offrire ai nostri Clienti consulenza FATCA puntuale e di qualit\u00e0. I nostri esperti sono inoltre competenti nelle normative QI e CRS, per un corretto reporting internazionale dei conti.<\/p>\n<p>Principalmente veniamo ingaggiati dai nostri Clienti per assisterli:<\/p>\n<ul>\n<li>Negli aspetti legati alla documentazione clientela<\/li>\n<li>Nella formazione interna del personale<\/li>\n<li>Nella verifica dello stato di compliance FATCA<\/li>\n<\/ul>\n<p>Il perimetro della consulenza viene definito con il Cliente, in modo da poter essere efficaci ed estremamente efficienti nei costi e nelle tempistiche.<\/p>\n\t\t\t\t\t\t\t\t<\/div>\n\t\t\t\t<\/div>\n\t\t\t\t<\/div>\n\t\t<div class=\"elementor-element elementor-element-5b90b2c e-con-full e-flex elementor-invisible e-con e-child\" data-id=\"5b90b2c\" data-element_type=\"container\" data-e-type=\"container\" data-settings=\"{&quot;animation&quot;:&quot;fadeIn&quot;,&quot;animation_delay&quot;:200}\">\n\t\t\t\t<div class=\"elementor-element elementor-element-b5eae29 elementor-widget elementor-widget-image\" data-id=\"b5eae29\" data-element_type=\"widget\" data-e-type=\"widget\" data-widget_type=\"image.default\">\n\t\t\t\t<div class=\"elementor-widget-container\">\n\t\t\t\t\t\t\t\t\t\t\t\t\t\t\t<img decoding=\"async\" width=\"640\" height=\"427\" src=\"https:\/\/bestreporting.ch\/wp-content\/uploads\/2023\/10\/meeting-financial-managers-jpg.webp\" class=\"attachment-large size-large wp-image-174\" alt=\"\" \/>\t\t\t\t\t\t\t\t\t\t\t\t\t\t\t<\/div>\n\t\t\t\t<\/div>\n\t\t\t\t<\/div>\n\t\t\t\t\t<\/div>\n\t\t\t\t<\/div>\n\t\t<div class=\"elementor-element elementor-element-efba7ee e-flex e-con-boxed e-con e-parent\" data-id=\"efba7ee\" data-element_type=\"container\" data-e-type=\"container\" data-settings=\"{&quot;background_background&quot;:&quot;gradient&quot;}\">\n\t\t\t\t\t<div class=\"e-con-inner\">\n\t\t<div class=\"elementor-element elementor-element-b3c3074 e-con-full e-flex elementor-invisible e-con e-child\" data-id=\"b3c3074\" data-element_type=\"container\" data-e-type=\"container\" data-settings=\"{&quot;animation&quot;:&quot;fadeIn&quot;}\">\n\t\t\t\t<div class=\"elementor-element elementor-element-12bc7a9 elementor-widget elementor-widget-heading\" data-id=\"12bc7a9\" data-element_type=\"widget\" data-e-type=\"widget\" data-widget_type=\"heading.default\">\n\t\t\t\t<div class=\"elementor-widget-container\">\n\t\t\t\t\t<h2 class=\"elementor-heading-title elementor-size-default\"> Interessato ai nostri servizi di QI Reporting?<\/h2>\t\t\t\t<\/div>\n\t\t\t\t<\/div>\n\t\t\t\t<div class=\"elementor-element elementor-element-0497a34 elementor-widget elementor-widget-heading\" data-id=\"0497a34\" data-element_type=\"widget\" data-e-type=\"widget\" data-widget_type=\"heading.default\">\n\t\t\t\t<div class=\"elementor-widget-container\">\n\t\t\t\t\t<h2 class=\"elementor-heading-title elementor-size-default\">Clicca il bottone a fianco per richiedere maggiori informazioni<\/h2>\t\t\t\t<\/div>\n\t\t\t\t<\/div>\n\t\t\t\t<\/div>\n\t\t<div class=\"elementor-element elementor-element-959e750 e-con-full e-flex elementor-invisible e-con e-child\" data-id=\"959e750\" data-element_type=\"container\" data-e-type=\"container\" data-settings=\"{&quot;animation&quot;:&quot;fadeIn&quot;,&quot;animation_delay&quot;:200}\">\n\t\t\t\t<div class=\"elementor-element elementor-element-e06102e elementor-align-center elementor-widget elementor-widget-button\" data-id=\"e06102e\" data-element_type=\"widget\" data-e-type=\"widget\" data-widget_type=\"button.default\">\n\t\t\t\t<div class=\"elementor-widget-container\">\n\t\t\t\t\t\t\t\t\t<div class=\"elementor-button-wrapper\">\n\t\t\t\t\t<a class=\"elementor-button elementor-button-link elementor-size-sm\" href=\"#\">\n\t\t\t\t\t\t<span class=\"elementor-button-content-wrapper\">\n\t\t\t\t\t\t\t\t\t<span class=\"elementor-button-text\">Richiedi pi\u00f9 informazioni<\/span>\n\t\t\t\t\t<\/span>\n\t\t\t\t\t<\/a>\n\t\t\t\t<\/div>\n\t\t\t\t\t\t\t\t<\/div>\n\t\t\t\t<\/div>\n\t\t\t\t<\/div>\n\t\t\t\t\t<\/div>\n\t\t\t\t<\/div>\n\t\t\t\t<\/div>\n\t\t","protected":false},"excerpt":{"rendered":"<p>Software FATCA La Soluzione per il FATCA reporting FATCA reporting La normativa FATCA prevede l\u2019obbligo di segnalazioni di determinati conti detenuti dagli istituti finanziari. Da alcuni anni supportiamo diversi istituti bancari nelle loro segnalazioni CRS con una soluzione che ha lo scopo di ridurre le tempistiche necessarie per l\u2019attivit\u00e0 di segnalazione e i rischi di [&hellip;]<\/p>\n","protected":false},"author":1,"featured_media":0,"parent":0,"menu_order":0,"comment_status":"closed","ping_status":"closed","template":"","meta":{"footnotes":""},"class_list":["post-989","page","type-page","status-publish","hentry"],"rttpg_featured_image_url":null,"rttpg_author":{"display_name":"DavidSoto","author_link":"https:\/\/bestreporting.ch\/it\/author\/davidsoto\/"},"rttpg_comment":0,"rttpg_category":" <a href=\"https:\/\/bestreporting.ch\/it\/?taxonomy=translation_priority&#038;term=opzionale\" rel=\"tag\">Opzionale<\/a>","rttpg_excerpt":"Software FATCA La Soluzione per il FATCA reporting FATCA reporting La normativa FATCA prevede l\u2019obbligo di segnalazioni di determinati conti detenuti dagli istituti finanziari. Da alcuni anni supportiamo diversi istituti bancari nelle loro segnalazioni CRS con una soluzione che ha lo scopo di ridurre le tempistiche necessarie per l\u2019attivit\u00e0 di segnalazione e i rischi di&hellip;","_links":{"self":[{"href":"https:\/\/bestreporting.ch\/it\/wp-json\/wp\/v2\/pages\/989","targetHints":{"allow":["GET"]}}],"collection":[{"href":"https:\/\/bestreporting.ch\/it\/wp-json\/wp\/v2\/pages"}],"about":[{"href":"https:\/\/bestreporting.ch\/it\/wp-json\/wp\/v2\/types\/page"}],"author":[{"embeddable":true,"href":"https:\/\/bestreporting.ch\/it\/wp-json\/wp\/v2\/users\/1"}],"replies":[{"embeddable":true,"href":"https:\/\/bestreporting.ch\/it\/wp-json\/wp\/v2\/comments?post=989"}],"version-history":[{"count":4,"href":"https:\/\/bestreporting.ch\/it\/wp-json\/wp\/v2\/pages\/989\/revisions"}],"predecessor-version":[{"id":2598,"href":"https:\/\/bestreporting.ch\/it\/wp-json\/wp\/v2\/pages\/989\/revisions\/2598"}],"wp:attachment":[{"href":"https:\/\/bestreporting.ch\/it\/wp-json\/wp\/v2\/media?parent=989"}],"curies":[{"name":"wp","href":"https:\/\/api.w.org\/{rel}","templated":true}]}}