{"id":1061,"date":"2023-10-20T18:08:23","date_gmt":"2023-10-20T18:08:23","guid":{"rendered":"https:\/\/bestreporting.ch\/chi-siamo\/"},"modified":"2024-05-27T13:10:42","modified_gmt":"2024-05-27T13:10:42","slug":"chi-siamo","status":"publish","type":"page","link":"https:\/\/bestreporting.ch\/it\/chi-siamo\/","title":{"rendered":"Chi siamo"},"content":{"rendered":"\t\t<div data-elementor-type=\"wp-page\" data-elementor-id=\"1061\" class=\"elementor elementor-1061 elementor-53\">\n\t\t\t\t<div class=\"elementor-element elementor-element-ac0f9d6 e-flex e-con-boxed e-con e-parent\" data-id=\"ac0f9d6\" data-element_type=\"container\" data-e-type=\"container\" data-settings=\"{&quot;background_background&quot;:&quot;classic&quot;}\">\n\t\t\t\t\t<div class=\"e-con-inner\">\n\t\t\t\t<div class=\"elementor-element elementor-element-59c98d2 elementor-invisible elementor-widget elementor-widget-heading\" data-id=\"59c98d2\" data-element_type=\"widget\" data-e-type=\"widget\" data-settings=\"{&quot;_animation&quot;:&quot;fadeIn&quot;,&quot;_animation_delay&quot;:0}\" data-widget_type=\"heading.default\">\n\t\t\t\t<div class=\"elementor-widget-container\">\n\t\t\t\t\t<h2 class=\"elementor-heading-title elementor-size-default\">Chi siamo?<\/h2>\t\t\t\t<\/div>\n\t\t\t\t<\/div>\n\t\t\t\t\t<\/div>\n\t\t\t\t<\/div>\n\t\t<div class=\"elementor-element elementor-element-9b32e33 e-flex e-con-boxed e-con e-parent\" data-id=\"9b32e33\" data-element_type=\"container\" data-e-type=\"container\">\n\t\t\t\t\t<div class=\"e-con-inner\">\n\t\t<div class=\"elementor-element elementor-element-d54d20a e-con-full e-flex elementor-invisible e-con e-child\" data-id=\"d54d20a\" data-element_type=\"container\" data-e-type=\"container\" data-settings=\"{&quot;animation&quot;:&quot;fadeIn&quot;}\">\n\t\t\t\t<div class=\"elementor-element elementor-element-e2d1f25 elementor-widget elementor-widget-heading\" data-id=\"e2d1f25\" data-element_type=\"widget\" data-e-type=\"widget\" data-widget_type=\"heading.default\">\n\t\t\t\t<div class=\"elementor-widget-container\">\n\t\t\t\t\t<h2 class=\"elementor-heading-title elementor-size-default\">Le nostre migliori competenze fiscali e informatiche sono unite in una soluzione che:\n\n<\/h2>\t\t\t\t<\/div>\n\t\t\t\t<\/div>\n\t\t\t\t<div class=\"elementor-element elementor-element-70bf248 elementor-widget elementor-widget-text-editor\" data-id=\"70bf248\" data-element_type=\"widget\" data-e-type=\"widget\" data-widget_type=\"text-editor.default\">\n\t\t\t\t<div class=\"elementor-widget-container\">\n\t\t\t\t\t\t\t\t\t<p>\u2022 Semplifica l\u2019attivit\u00e0<br \/>\u2022 Integra e automatizza i processi<br \/>\u2022 Riduce tempi e rischi operativi<\/p>\t\t\t\t\t\t\t\t<\/div>\n\t\t\t\t<\/div>\n\t\t\t\t<div class=\"elementor-element elementor-element-9373fd5 elementor-align-left elementor-widget elementor-widget-button\" data-id=\"9373fd5\" data-element_type=\"widget\" data-e-type=\"widget\" data-widget_type=\"button.default\">\n\t\t\t\t<div class=\"elementor-widget-container\">\n\t\t\t\t\t\t\t\t\t<div class=\"elementor-button-wrapper\">\n\t\t\t\t\t<a class=\"elementor-button elementor-button-link elementor-size-sm\" href=\"\/it\/contact-us\">\n\t\t\t\t\t\t<span class=\"elementor-button-content-wrapper\">\n\t\t\t\t\t\t\t\t\t<span class=\"elementor-button-text\">Contattaci<\/span>\n\t\t\t\t\t<\/span>\n\t\t\t\t\t<\/a>\n\t\t\t\t<\/div>\n\t\t\t\t\t\t\t\t<\/div>\n\t\t\t\t<\/div>\n\t\t\t\t<\/div>\n\t\t<div class=\"elementor-element elementor-element-2710aad e-con-full e-flex elementor-invisible e-con e-child\" data-id=\"2710aad\" data-element_type=\"container\" data-e-type=\"container\" data-settings=\"{&quot;animation&quot;:&quot;fadeIn&quot;,&quot;animation_delay&quot;:200}\">\n\t\t\t\t<div class=\"elementor-element elementor-element-b6b66d7 elementor-widget elementor-widget-image\" data-id=\"b6b66d7\" data-element_type=\"widget\" data-e-type=\"widget\" data-widget_type=\"image.default\">\n\t\t\t\t<div class=\"elementor-widget-container\">\n\t\t\t\t\t\t\t\t\t\t\t\t\t\t\t<img fetchpriority=\"high\" decoding=\"async\" width=\"640\" height=\"356\" src=\"https:\/\/bestreporting.ch\/wp-content\/uploads\/2023\/10\/chi-siamo-foto1-bestreporting.jpg\" class=\"attachment-large size-large wp-image-304\" alt=\"\" srcset=\"https:\/\/bestreporting.ch\/wp-content\/uploads\/2023\/10\/chi-siamo-foto1-bestreporting.jpg 990w, https:\/\/bestreporting.ch\/wp-content\/uploads\/2023\/10\/chi-siamo-foto1-bestreporting-300x167.webp 300w, https:\/\/bestreporting.ch\/wp-content\/uploads\/2023\/10\/chi-siamo-foto1-bestreporting-768x427.webp 768w\" sizes=\"(max-width: 640px) 100vw, 640px\" \/>\t\t\t\t\t\t\t\t\t\t\t\t\t\t\t<\/div>\n\t\t\t\t<\/div>\n\t\t\t\t<\/div>\n\t\t\t\t\t<\/div>\n\t\t\t\t<\/div>\n\t\t<div class=\"elementor-element elementor-element-665105e e-flex e-con-boxed e-con e-parent\" data-id=\"665105e\" data-element_type=\"container\" data-e-type=\"container\" data-settings=\"{&quot;background_background&quot;:&quot;classic&quot;}\">\n\t\t\t\t\t<div class=\"e-con-inner\">\n\t\t<div class=\"elementor-element elementor-element-eb13535 e-con-full e-flex elementor-invisible e-con e-child\" data-id=\"eb13535\" data-element_type=\"container\" data-e-type=\"container\" data-settings=\"{&quot;animation&quot;:&quot;fadeIn&quot;}\">\n\t\t\t\t<div class=\"elementor-element elementor-element-3ffcb47 elementor-widget elementor-widget-text-editor\" data-id=\"3ffcb47\" data-element_type=\"widget\" data-e-type=\"widget\" data-widget_type=\"text-editor.default\">\n\t\t\t\t<div class=\"elementor-widget-container\">\n\t\t\t\t\t\t\t\t\t<h3>LA NOSTRA STORIA<\/h3><p><a href=\"https:\/\/bestvision.solutions\/it\/\" target=\"_blank\" rel=\"noopener noreferrer\">Best Vision Solutions &amp; Services SA<\/a>\u00a0fornisce servizi IT e back-office per istituti finanziari. Attraverso i nostri uffici in\u00a0<strong>Svizzera, in Europa e America<\/strong>, offriamo i nostri servizi ad una clientela internazionale.L\u2019inizio di\u00a0<strong>Best Vision<\/strong>\u00a0si pu\u00f2 far risalire al\u00a0<strong>1977<\/strong>, anno di fondazione della prima societ\u00e0 del gruppo Best Vision Holding Ltd. Nata per sviluppare software bancari, ha raccolto man mano le necessit\u00e0 del mercato, sviluppando un\u2019offerta pi\u00f9 ampia e specialistica.<\/p>\t\t\t\t\t\t\t\t<\/div>\n\t\t\t\t<\/div>\n\t\t\t\t<\/div>\n\t\t<div class=\"elementor-element elementor-element-9f77a42 e-con-full e-flex elementor-invisible e-con e-child\" data-id=\"9f77a42\" data-element_type=\"container\" data-e-type=\"container\" data-settings=\"{&quot;animation&quot;:&quot;fadeIn&quot;,&quot;animation_delay&quot;:200}\">\n\t\t\t\t<div class=\"elementor-element elementor-element-eb41595 elementor-widget elementor-widget-text-editor\" data-id=\"eb41595\" data-element_type=\"widget\" data-e-type=\"widget\" data-widget_type=\"text-editor.default\">\n\t\t\t\t<div class=\"elementor-widget-container\">\n\t\t\t\t\t\t\t\t\t<p>Il\u00a0<a href=\"https:\/\/bestvision.group\/it\/\" target=\"_blank\" rel=\"noopener noreferrer\">gruppo Best Vision<\/a>\u00a0conta oggi\u00a0<strong>18 societ\u00e0<\/strong>, e compone un network di competenze diverse e complementari come, ad esempio, l\u2019informatica, il back-office e la consulenza. Questa sinergia di elementi fa nascere opportunit\u00e0 e soluzioni innovative per i nostri clienti.<\/p><div class=\"div_sx2\"><p>Nel\u00a02002, proprio da una di queste sinergie, nasce\u00a0<a title=\"Homepage bestreporting.ch\" href=\"https:\/\/bestreporting.ch\/it\">BEST IRS<\/a>. Cresciuta nel tempo \u00e8 oggi la soluzione che supporta ogni anno molti\u00a0<strong>QI<\/strong>\u00a0attraverso un servizio personalizzato e completo.<\/p><\/div><div class=\"div_dx2\"><p class=\"p_chi_siamo_sx1\">\u00a0<\/p><\/div>\t\t\t\t\t\t\t\t<\/div>\n\t\t\t\t<\/div>\n\t\t\t\t<\/div>\n\t\t\t\t\t<\/div>\n\t\t\t\t<\/div>\n\t\t<div class=\"elementor-element elementor-element-e46c6a9 e-flex e-con-boxed e-con e-parent\" data-id=\"e46c6a9\" data-element_type=\"container\" data-e-type=\"container\">\n\t\t\t\t\t<div class=\"e-con-inner\">\n\t\t<div class=\"elementor-element elementor-element-d2ec6de e-con-full e-flex elementor-invisible e-con e-child\" data-id=\"d2ec6de\" data-element_type=\"container\" data-e-type=\"container\" data-settings=\"{&quot;animation&quot;:&quot;fadeIn&quot;}\">\n\t\t\t\t<div class=\"elementor-element elementor-element-efed433 elementor-widget elementor-widget-heading\" data-id=\"efed433\" data-element_type=\"widget\" data-e-type=\"widget\" data-widget_type=\"heading.default\">\n\t\t\t\t<div class=\"elementor-widget-container\">\n\t\t\t\t\t<h2 class=\"elementor-heading-title elementor-size-default\">IL TEAM QI REPORTING<\/h2>\t\t\t\t<\/div>\n\t\t\t\t<\/div>\n\t\t\t\t<div class=\"elementor-element elementor-element-acd4e89 elementor-widget elementor-widget-text-editor\" data-id=\"acd4e89\" data-element_type=\"widget\" data-e-type=\"widget\" data-widget_type=\"text-editor.default\">\n\t\t\t\t<div class=\"elementor-widget-container\">\n\t\t\t\t\t\t\t\t\t<div id=\"testo_team\" class=\"div_sx1\"><p>Il nostro team \u00e8 formato da persone con un background solido nel business e\/o nello sviluppo di software per il mondo finanziario. La collaborazione di elementi eterogenei e il clima propositivo ci hanno permesso di sviluppare e far crescere\u00a0<strong>BEST IRS<\/strong>, portandolo ad essere quello che \u00e8 oggi.<\/p><p>\u00a0<\/p><p>Diversi per molti aspetti, ci accomuna la voglia di continuare a creare qualcosa di innovativo e funzionale, che aiuti sempre pi\u00f9 istituti nelle loro attivit\u00e0 di reporting QI.<\/p><p>L\u2019elemento distintivo del team \u00e8 la\u00a0<strong>capacit\u00e0 di osservazione ed ascolto<\/strong>. Osserviamo i cambiamenti esterni nella normativa e nell\u2019operativit\u00e0 e siamo sempre attenti a quello che hanno da dirci i nostri clienti. Questa attitudine ci ha permesso di trovare nuove e migliori soluzioni.<\/p><\/div>\t\t\t\t\t\t\t\t<\/div>\n\t\t\t\t<\/div>\n\t\t\t\t<\/div>\n\t\t<div class=\"elementor-element elementor-element-a39dc32 e-con-full e-flex elementor-invisible e-con e-child\" data-id=\"a39dc32\" data-element_type=\"container\" data-e-type=\"container\" data-settings=\"{&quot;animation&quot;:&quot;fadeIn&quot;,&quot;animation_delay&quot;:200}\">\n\t\t\t\t<div class=\"elementor-element elementor-element-577b075 elementor-widget elementor-widget-image\" data-id=\"577b075\" data-element_type=\"widget\" data-e-type=\"widget\" data-widget_type=\"image.default\">\n\t\t\t\t<div class=\"elementor-widget-container\">\n\t\t\t\t\t\t\t\t\t\t\t\t\t\t\t<img decoding=\"async\" width=\"640\" height=\"360\" src=\"https:\/\/bestreporting.ch\/wp-content\/uploads\/2023\/11\/aerial-view-business-team-jpg.webp\" class=\"attachment-large size-large wp-image-2064\" alt=\"\" \/>\t\t\t\t\t\t\t\t\t\t\t\t\t\t\t<\/div>\n\t\t\t\t<\/div>\n\t\t\t\t<\/div>\n\t\t\t\t\t<\/div>\n\t\t\t\t<\/div>\n\t\t<div class=\"elementor-element elementor-element-779ce73 e-flex e-con-boxed e-con e-parent\" data-id=\"779ce73\" data-element_type=\"container\" data-e-type=\"container\">\n\t\t\t\t\t<div class=\"e-con-inner\">\n\t\t<div class=\"elementor-element elementor-element-14443db e-con-full e-flex elementor-invisible e-con e-child\" data-id=\"14443db\" data-element_type=\"container\" data-e-type=\"container\" data-settings=\"{&quot;animation&quot;:&quot;fadeIn&quot;,&quot;animation_delay&quot;:0}\">\n\t\t\t\t<div class=\"elementor-element elementor-element-cf93b20 elementor-widget elementor-widget-image\" data-id=\"cf93b20\" data-element_type=\"widget\" data-e-type=\"widget\" data-widget_type=\"image.default\">\n\t\t\t\t<div class=\"elementor-widget-container\">\n\t\t\t\t\t\t\t\t\t\t\t\t\t\t\t<img decoding=\"async\" width=\"640\" height=\"427\" src=\"https:\/\/bestreporting.ch\/wp-content\/uploads\/2023\/10\/modern-office-building-low-angle-view-skyscrapers-city-singapore-modern-office-building-low-angle-view-skyscrapers-city-singapore-jpg.webp\" class=\"attachment-large size-large wp-image-317\" alt=\"\" \/>\t\t\t\t\t\t\t\t\t\t\t\t\t\t\t<\/div>\n\t\t\t\t<\/div>\n\t\t\t\t<\/div>\n\t\t<div class=\"elementor-element elementor-element-bdfd1db e-con-full e-flex elementor-invisible e-con e-child\" data-id=\"bdfd1db\" data-element_type=\"container\" data-e-type=\"container\" data-settings=\"{&quot;animation&quot;:&quot;fadeIn&quot;,&quot;animation_delay&quot;:200}\">\n\t\t\t\t<div class=\"elementor-element elementor-element-0e87cec elementor-widget elementor-widget-heading\" data-id=\"0e87cec\" data-element_type=\"widget\" data-e-type=\"widget\" data-widget_type=\"heading.default\">\n\t\t\t\t<div class=\"elementor-widget-container\">\n\t\t\t\t\t<h2 class=\"elementor-heading-title elementor-size-default\">VALORI AZIENDALI<\/h2>\t\t\t\t<\/div>\n\t\t\t\t<\/div>\n\t\t\t\t<div class=\"elementor-element elementor-element-7424109 elementor-widget elementor-widget-text-editor\" data-id=\"7424109\" data-element_type=\"widget\" data-e-type=\"widget\" data-widget_type=\"text-editor.default\">\n\t\t\t\t<div class=\"elementor-widget-container\">\n\t\t\t\t\t\t\t\t\t<div id=\"testo_team\" class=\"div_sx1\">\n<p>Competenza, attenzione e qualit\u00e0 sono i tre elementi distintivi della nostra offerta. Tutto il nostro impegno \u00e8 profuso affinch\u00e9 tutte le attivit\u00e0 legate al reporting dei moduli&nbsp;<a title=\"Form 1042 ARTICOLO\" href=\"\/it\/1042-forms\">1042<\/a>,&nbsp;<a title=\"Form 1042-S ARTICOLO\" href=\"\/it\/1042-s-forms\">1042-s<\/a>&nbsp;sia il pi\u00f9 possibile semplice, veloce e sicuro. La soddisfazione dei nostri clienti \u00e8 il risultato tangibile del nostro impegno:<\/p>\n<blockquote>\n<p><em>&#8220;L\u2019assistenza da voi fornita \u00e8 impeccabile e indispensabile. Per quanto riguarda il software trovo che il Tool sia di grande utilit\u00e0, intuitivo e di facile interattivit\u00e0&#8221;<\/em><\/p>\n<\/blockquote>\n<blockquote>\n<p><em>&#8220;Servizio puntuale ed efficace. Sempre al passo con gli ultimi sviluppi normativi. Fortemente consigliato per tutte le vostre esigenze inerenti le dichiarazioni IRS&#8221;<\/em><\/p>\n<\/blockquote>\n<blockquote>\n<p><em>&#8220;Siete un fornitore molto affidabile e professionale&#8221;<\/em><\/p>\n<\/blockquote>\n<\/div>\t\t\t\t\t\t\t\t<\/div>\n\t\t\t\t<\/div>\n\t\t\t\t<\/div>\n\t\t\t\t\t<\/div>\n\t\t\t\t<\/div>\n\t\t<div class=\"elementor-element elementor-element-917f0fa e-flex e-con-boxed e-con e-parent\" data-id=\"917f0fa\" data-element_type=\"container\" data-e-type=\"container\" data-settings=\"{&quot;background_background&quot;:&quot;gradient&quot;}\">\n\t\t\t\t\t<div class=\"e-con-inner\">\n\t\t<div class=\"elementor-element elementor-element-8c28c00 e-con-full e-flex elementor-invisible e-con e-child\" data-id=\"8c28c00\" data-element_type=\"container\" data-e-type=\"container\" data-settings=\"{&quot;animation&quot;:&quot;fadeIn&quot;}\">\n\t\t\t\t<div class=\"elementor-element elementor-element-472ef8b elementor-widget elementor-widget-heading\" data-id=\"472ef8b\" data-element_type=\"widget\" data-e-type=\"widget\" data-widget_type=\"heading.default\">\n\t\t\t\t<div class=\"elementor-widget-container\">\n\t\t\t\t\t<h2 class=\"elementor-heading-title elementor-size-default\"> Interessato ai nostri servizi di QI Reporting?<\/h2>\t\t\t\t<\/div>\n\t\t\t\t<\/div>\n\t\t\t\t<div class=\"elementor-element elementor-element-ff2bbe6 elementor-widget elementor-widget-heading\" data-id=\"ff2bbe6\" data-element_type=\"widget\" data-e-type=\"widget\" data-widget_type=\"heading.default\">\n\t\t\t\t<div class=\"elementor-widget-container\">\n\t\t\t\t\t<h2 class=\"elementor-heading-title elementor-size-default\">Clicca il bottone a fianco per richiedere maggiori informazioni<\/h2>\t\t\t\t<\/div>\n\t\t\t\t<\/div>\n\t\t\t\t<\/div>\n\t\t<div class=\"elementor-element elementor-element-78d20f8 e-con-full e-flex elementor-invisible e-con e-child\" data-id=\"78d20f8\" data-element_type=\"container\" data-e-type=\"container\" data-settings=\"{&quot;animation&quot;:&quot;fadeIn&quot;,&quot;animation_delay&quot;:200}\">\n\t\t\t\t<div class=\"elementor-element elementor-element-0ddfc71 elementor-align-center elementor-widget elementor-widget-button\" data-id=\"0ddfc71\" data-element_type=\"widget\" data-e-type=\"widget\" data-widget_type=\"button.default\">\n\t\t\t\t<div class=\"elementor-widget-container\">\n\t\t\t\t\t\t\t\t\t<div class=\"elementor-button-wrapper\">\n\t\t\t\t\t<a class=\"elementor-button elementor-button-link elementor-size-sm\" href=\"\/it\/contact-us\">\n\t\t\t\t\t\t<span class=\"elementor-button-content-wrapper\">\n\t\t\t\t\t\t\t\t\t<span class=\"elementor-button-text\">Richiedi pi\u00f9 informazioni<\/span>\n\t\t\t\t\t<\/span>\n\t\t\t\t\t<\/a>\n\t\t\t\t<\/div>\n\t\t\t\t\t\t\t\t<\/div>\n\t\t\t\t<\/div>\n\t\t\t\t<\/div>\n\t\t\t\t\t<\/div>\n\t\t\t\t<\/div>\n\t\t\t\t<\/div>\n\t\t","protected":false},"excerpt":{"rendered":"<p>Chi siamo? Le nostre migliori competenze fiscali e informatiche sono unite in una soluzione che: \u2022 Semplifica l\u2019attivit\u00e0\u2022 Integra e automatizza i processi\u2022 Riduce tempi e rischi operativi Contattaci LA NOSTRA STORIA Best Vision Solutions &amp; Services SA\u00a0fornisce servizi IT e back-office per istituti finanziari. Attraverso i nostri uffici in\u00a0Svizzera, in Europa e America, offriamo [&hellip;]<\/p>\n","protected":false},"author":1,"featured_media":0,"parent":0,"menu_order":0,"comment_status":"closed","ping_status":"closed","template":"","meta":{"footnotes":""},"class_list":["post-1061","page","type-page","status-publish","hentry"],"rttpg_featured_image_url":null,"rttpg_author":{"display_name":"DavidSoto","author_link":"https:\/\/bestreporting.ch\/it\/author\/davidsoto\/"},"rttpg_comment":0,"rttpg_category":" <a href=\"https:\/\/bestreporting.ch\/it\/?taxonomy=translation_priority&#038;term=opzionale\" rel=\"tag\">Opzionale<\/a>","rttpg_excerpt":"Chi siamo? Le nostre migliori competenze fiscali e informatiche sono unite in una soluzione che: \u2022 Semplifica l\u2019attivit\u00e0\u2022 Integra e automatizza i processi\u2022 Riduce tempi e rischi operativi Contattaci LA NOSTRA STORIA Best Vision Solutions &amp; Services SA\u00a0fornisce servizi IT e back-office per istituti finanziari. Attraverso i nostri uffici in\u00a0Svizzera, in Europa e America, offriamo&hellip;","_links":{"self":[{"href":"https:\/\/bestreporting.ch\/it\/wp-json\/wp\/v2\/pages\/1061","targetHints":{"allow":["GET"]}}],"collection":[{"href":"https:\/\/bestreporting.ch\/it\/wp-json\/wp\/v2\/pages"}],"about":[{"href":"https:\/\/bestreporting.ch\/it\/wp-json\/wp\/v2\/types\/page"}],"author":[{"embeddable":true,"href":"https:\/\/bestreporting.ch\/it\/wp-json\/wp\/v2\/users\/1"}],"replies":[{"embeddable":true,"href":"https:\/\/bestreporting.ch\/it\/wp-json\/wp\/v2\/comments?post=1061"}],"version-history":[{"count":19,"href":"https:\/\/bestreporting.ch\/it\/wp-json\/wp\/v2\/pages\/1061\/revisions"}],"predecessor-version":[{"id":2591,"href":"https:\/\/bestreporting.ch\/it\/wp-json\/wp\/v2\/pages\/1061\/revisions\/2591"}],"wp:attachment":[{"href":"https:\/\/bestreporting.ch\/it\/wp-json\/wp\/v2\/media?parent=1061"}],"curies":[{"name":"wp","href":"https:\/\/api.w.org\/{rel}","templated":true}]}}