{"id":1441,"date":"2023-10-20T18:08:23","date_gmt":"2023-10-20T18:08:23","guid":{"rendered":"https:\/\/bestreporting.ch\/qui-sommes-nous\/"},"modified":"2024-02-06T17:24:06","modified_gmt":"2024-02-06T17:24:06","slug":"qui-sommes-nous","status":"publish","type":"page","link":"https:\/\/bestreporting.ch\/fr\/qui-sommes-nous\/","title":{"rendered":"Qui sommes-nous?"},"content":{"rendered":"\t\t<div data-elementor-type=\"wp-page\" data-elementor-id=\"1441\" class=\"elementor elementor-1441 elementor-53\">\n\t\t\t\t<div class=\"elementor-element elementor-element-ac0f9d6 e-flex e-con-boxed e-con e-parent\" data-id=\"ac0f9d6\" data-element_type=\"container\" data-e-type=\"container\" data-settings=\"{&quot;background_background&quot;:&quot;classic&quot;}\">\n\t\t\t\t\t<div class=\"e-con-inner\">\n\t\t\t\t<div class=\"elementor-element elementor-element-59c98d2 elementor-invisible elementor-widget elementor-widget-heading\" data-id=\"59c98d2\" data-element_type=\"widget\" data-e-type=\"widget\" data-settings=\"{&quot;_animation&quot;:&quot;fadeIn&quot;,&quot;_animation_delay&quot;:0}\" data-widget_type=\"heading.default\">\n\t\t\t\t<div class=\"elementor-widget-container\">\n\t\t\t\t\t<h2 class=\"elementor-heading-title elementor-size-default\">Qui sommes-nous?<\/h2>\t\t\t\t<\/div>\n\t\t\t\t<\/div>\n\t\t\t\t\t<\/div>\n\t\t\t\t<\/div>\n\t\t<div class=\"elementor-element elementor-element-9b32e33 e-flex e-con-boxed e-con e-parent\" data-id=\"9b32e33\" data-element_type=\"container\" data-e-type=\"container\">\n\t\t\t\t\t<div class=\"e-con-inner\">\n\t\t<div class=\"elementor-element elementor-element-d54d20a e-con-full e-flex elementor-invisible e-con e-child\" data-id=\"d54d20a\" data-element_type=\"container\" data-e-type=\"container\" data-settings=\"{&quot;animation&quot;:&quot;fadeIn&quot;}\">\n\t\t\t\t<div class=\"elementor-element elementor-element-e2d1f25 elementor-widget elementor-widget-heading\" data-id=\"e2d1f25\" data-element_type=\"widget\" data-e-type=\"widget\" data-widget_type=\"heading.default\">\n\t\t\t\t<div class=\"elementor-widget-container\">\n\t\t\t\t\t<h2 class=\"elementor-heading-title elementor-size-default\">Nos comp\u00e9tences fiscales et informatiques sont combin\u00e9es dans une solution efficace qui:\n\n<\/h2>\t\t\t\t<\/div>\n\t\t\t\t<\/div>\n\t\t\t\t<div class=\"elementor-element elementor-element-70bf248 elementor-widget elementor-widget-text-editor\" data-id=\"70bf248\" data-element_type=\"widget\" data-e-type=\"widget\" data-widget_type=\"text-editor.default\">\n\t\t\t\t<div class=\"elementor-widget-container\">\n\t\t\t\t\t\t\t\t\t<p>\u2022 Simplifie la gestion de votre activit\u00e9<br \/>\u2022 Int\u00e8gre et automatise vos processus de d\u00e9claration<br \/>\u2022 R\u00e9duit le temps d\u2019exploitation et les risques<\/p>\t\t\t\t\t\t\t\t<\/div>\n\t\t\t\t<\/div>\n\t\t\t\t<div class=\"elementor-element elementor-element-9373fd5 elementor-align-left elementor-widget elementor-widget-button\" data-id=\"9373fd5\" data-element_type=\"widget\" data-e-type=\"widget\" data-widget_type=\"button.default\">\n\t\t\t\t<div class=\"elementor-widget-container\">\n\t\t\t\t\t\t\t\t\t<div class=\"elementor-button-wrapper\">\n\t\t\t\t\t<a class=\"elementor-button elementor-button-link elementor-size-sm\" href=\"\/fr\/contact-us\">\n\t\t\t\t\t\t<span class=\"elementor-button-content-wrapper\">\n\t\t\t\t\t\t\t\t\t<span class=\"elementor-button-text\">Contactez nous<\/span>\n\t\t\t\t\t<\/span>\n\t\t\t\t\t<\/a>\n\t\t\t\t<\/div>\n\t\t\t\t\t\t\t\t<\/div>\n\t\t\t\t<\/div>\n\t\t\t\t<\/div>\n\t\t<div class=\"elementor-element elementor-element-2710aad e-con-full e-flex elementor-invisible e-con e-child\" data-id=\"2710aad\" data-element_type=\"container\" data-e-type=\"container\" data-settings=\"{&quot;animation&quot;:&quot;fadeIn&quot;,&quot;animation_delay&quot;:200}\">\n\t\t\t\t<div class=\"elementor-element elementor-element-b6b66d7 elementor-widget elementor-widget-image\" data-id=\"b6b66d7\" data-element_type=\"widget\" data-e-type=\"widget\" data-widget_type=\"image.default\">\n\t\t\t\t<div class=\"elementor-widget-container\">\n\t\t\t\t\t\t\t\t\t\t\t\t\t\t\t<img fetchpriority=\"high\" decoding=\"async\" width=\"640\" height=\"356\" src=\"https:\/\/bestreporting.ch\/wp-content\/uploads\/2023\/10\/chi-siamo-foto1-bestreporting.jpg\" class=\"attachment-large size-large wp-image-302\" alt=\"\" srcset=\"https:\/\/bestreporting.ch\/wp-content\/uploads\/2023\/10\/chi-siamo-foto1-bestreporting.jpg 990w, https:\/\/bestreporting.ch\/wp-content\/uploads\/2023\/10\/chi-siamo-foto1-bestreporting-300x167.webp 300w, https:\/\/bestreporting.ch\/wp-content\/uploads\/2023\/10\/chi-siamo-foto1-bestreporting-768x427.webp 768w\" sizes=\"(max-width: 640px) 100vw, 640px\" \/>\t\t\t\t\t\t\t\t\t\t\t\t\t\t\t<\/div>\n\t\t\t\t<\/div>\n\t\t\t\t<\/div>\n\t\t\t\t\t<\/div>\n\t\t\t\t<\/div>\n\t\t<div class=\"elementor-element elementor-element-665105e e-flex e-con-boxed e-con e-parent\" data-id=\"665105e\" data-element_type=\"container\" data-e-type=\"container\" data-settings=\"{&quot;background_background&quot;:&quot;classic&quot;}\">\n\t\t\t\t\t<div class=\"e-con-inner\">\n\t\t<div class=\"elementor-element elementor-element-eb13535 e-con-full e-flex elementor-invisible e-con e-child\" data-id=\"eb13535\" data-element_type=\"container\" data-e-type=\"container\" data-settings=\"{&quot;animation&quot;:&quot;fadeIn&quot;}\">\n\t\t\t\t<div class=\"elementor-element elementor-element-3ffcb47 elementor-widget elementor-widget-text-editor\" data-id=\"3ffcb47\" data-element_type=\"widget\" data-e-type=\"widget\" data-widget_type=\"text-editor.default\">\n\t\t\t\t<div class=\"elementor-widget-container\">\n\t\t\t\t\t\t\t\t\t<h3>NOTRE HISTOIRE<\/h3><p><a href=\"https:\/\/bestvision.solutions\/fr\/\" target=\"_blank\" rel=\"noopener noreferrer\">Best Vision Solutions &amp; Services SA<\/a>\u00a0fournit des services informatiques et administratifs aux institutions financi\u00e8res. Gr\u00e2ce \u00e0 nos bureaux en\u00a0<strong>Suisse, Europe et Am\u00e9rique<\/strong>, nous sommes id\u00e9alement situ\u00e9s pour pouvoir offrir nos services \u00e0 une client\u00e8le internationale.Les d\u00e9buts de\u00a0<strong>Best Vision<\/strong> remontent \u00e0 1977, l\u2019ann\u00e9e de cr\u00e9ation de la premi\u00e8re soci\u00e9t\u00e9 du groupe Best Vision Holding Ltd. Cr\u00e9e dans le but de d\u00e9velopper un logiciel de gestion bancaire, la soci\u00e9t\u00e9 a rapidement su rassembler et int\u00e9rioriser les besoins du march\u00e9, afin d\u2019\u00e9largir et de sp\u00e9cialiser son offre.<\/p>\t\t\t\t\t\t\t\t<\/div>\n\t\t\t\t<\/div>\n\t\t\t\t<\/div>\n\t\t<div class=\"elementor-element elementor-element-9f77a42 e-con-full e-flex elementor-invisible e-con e-child\" data-id=\"9f77a42\" data-element_type=\"container\" data-e-type=\"container\" data-settings=\"{&quot;animation&quot;:&quot;fadeIn&quot;,&quot;animation_delay&quot;:200}\">\n\t\t\t\t<div class=\"elementor-element elementor-element-eb41595 elementor-widget elementor-widget-text-editor\" data-id=\"eb41595\" data-element_type=\"widget\" data-e-type=\"widget\" data-widget_type=\"text-editor.default\">\n\t\t\t\t<div class=\"elementor-widget-container\">\n\t\t\t\t\t\t\t\t\t<p>Aujourd\u2019hui, le\u00a0<a href=\"https:\/\/bestvision.group\/fr\/\" target=\"_blank\" rel=\"noopener noreferrer\">le groupe Best Vision<\/a>\u00a0compte\u00a0<strong>18 entreprises<\/strong>, et construit un r\u00e9seau de comp\u00e9tences diff\u00e9rentes et compl\u00e9mentaires telles que, par exemple, l\u2019informatique, le back-office et le Consulting. Cette synergie d\u2019\u00e9l\u00e9ments cr\u00e9e des opportunit\u00e9s et des solutions innovantes pour nos clients.<\/p><p>En\u00a02002, de cette fabuleuse synergie est n\u00e9e\u00a0<a title=\"Home bestreporting.ch\" href=\"https:\/\/bestreporting.ch\/fr\/\">BEST IRS<\/a>. L\u2019expertise et le travail acharn\u00e9 de nos \u00e9quipes lui ont permis de prendre rapidement son essor, et elle constitue aujourd\u2019hui une solution de prise en charge efficace, ann\u00e9e apr\u00e8s ann\u00e9e, pour une multitude d\u2019activit\u00e9s li\u00e9es au Reporting\u00a0<strong>QI<\/strong>, forte de son service complet et personnalis\u00e9.<\/p>\t\t\t\t\t\t\t\t<\/div>\n\t\t\t\t<\/div>\n\t\t\t\t<\/div>\n\t\t\t\t\t<\/div>\n\t\t\t\t<\/div>\n\t\t<div class=\"elementor-element elementor-element-e46c6a9 e-flex e-con-boxed e-con e-parent\" data-id=\"e46c6a9\" data-element_type=\"container\" data-e-type=\"container\">\n\t\t\t\t\t<div class=\"e-con-inner\">\n\t\t<div class=\"elementor-element elementor-element-d2ec6de e-con-full e-flex elementor-invisible e-con e-child\" data-id=\"d2ec6de\" data-element_type=\"container\" data-e-type=\"container\" data-settings=\"{&quot;animation&quot;:&quot;fadeIn&quot;}\">\n\t\t\t\t<div class=\"elementor-element elementor-element-efed433 elementor-widget elementor-widget-heading\" data-id=\"efed433\" data-element_type=\"widget\" data-e-type=\"widget\" data-widget_type=\"heading.default\">\n\t\t\t\t<div class=\"elementor-widget-container\">\n\t\t\t\t\t<h2 class=\"elementor-heading-title elementor-size-default\">L\u2019\u00c9QUIPE DE QI REPORTING\n<\/h2>\t\t\t\t<\/div>\n\t\t\t\t<\/div>\n\t\t\t\t<div class=\"elementor-element elementor-element-acd4e89 elementor-widget elementor-widget-text-editor\" data-id=\"acd4e89\" data-element_type=\"widget\" data-e-type=\"widget\" data-widget_type=\"text-editor.default\">\n\t\t\t\t<div class=\"elementor-widget-container\">\n\t\t\t\t\t\t\t\t\t<div id=\"testo_team\" class=\"div_sx1\"><p>Notre \u00e9quipe est compos\u00e9e de professionnels ayant une solide exp\u00e9rience dans le domaine des services bancaires et\/ou le d\u00e9veloppement de logiciels sp\u00e9cialis\u00e9s pour le secteur de la finance. La collaboration et le travail d\u2019\u00e9quipe entre informaticiens et \u00e9conomistes, et le climat proactif au sein de notre entreprise nous a permis de d\u00e9velopper et d\u2019agrandir\u00a0<strong>BEST IRS<\/strong>, pour en faire le produit qu\u2019il est aujourd\u2019hui.<\/p><p>\u00a0<\/p><p>Cultivant la diversit\u00e9 et la cr\u00e9ativit\u00e9, \u00e0 de nombreux \u00e9gards, nous partageons le d\u00e9sir d\u2019innover en permanence et de d\u00e9velopper des solutions fonctionnelles, qui sont \u00e0 m\u00eame d\u2019aider de plus en plus d\u2019institutions et d\u2019entreprises dans leurs activit\u00e9s de Reporting QI.<\/p><p>Les \u00e9l\u00e9ments distinctifs de l\u2019\u00e9quipe sont le\u00a0<strong>sens de l\u2019observation et la capacit\u00e9 d\u2019\u00e9coute<\/strong>. Cette attitude nous aide \u00e0 trouver toujours de nouvelles solutions adapt\u00e9es aux d\u00e9fis du march\u00e9, dans un cadre stimulant.<\/p><\/div>\t\t\t\t\t\t\t\t<\/div>\n\t\t\t\t<\/div>\n\t\t\t\t<\/div>\n\t\t<div class=\"elementor-element elementor-element-a39dc32 e-con-full e-flex elementor-invisible e-con e-child\" data-id=\"a39dc32\" data-element_type=\"container\" data-e-type=\"container\" data-settings=\"{&quot;animation&quot;:&quot;fadeIn&quot;,&quot;animation_delay&quot;:200}\">\n\t\t\t\t<div class=\"elementor-element elementor-element-577b075 elementor-widget elementor-widget-image\" data-id=\"577b075\" data-element_type=\"widget\" data-e-type=\"widget\" data-widget_type=\"image.default\">\n\t\t\t\t<div class=\"elementor-widget-container\">\n\t\t\t\t\t\t\t\t\t\t\t\t\t\t\t<img decoding=\"async\" width=\"640\" height=\"360\" src=\"https:\/\/bestreporting.ch\/wp-content\/uploads\/2023\/11\/aerial-view-business-team-jpg.webp\" class=\"attachment-large size-large wp-image-2062\" alt=\"\" \/>\t\t\t\t\t\t\t\t\t\t\t\t\t\t\t<\/div>\n\t\t\t\t<\/div>\n\t\t\t\t<\/div>\n\t\t\t\t\t<\/div>\n\t\t\t\t<\/div>\n\t\t<div class=\"elementor-element elementor-element-779ce73 e-flex e-con-boxed e-con e-parent\" data-id=\"779ce73\" data-element_type=\"container\" data-e-type=\"container\">\n\t\t\t\t\t<div class=\"e-con-inner\">\n\t\t<div class=\"elementor-element elementor-element-14443db e-con-full e-flex elementor-invisible e-con e-child\" data-id=\"14443db\" data-element_type=\"container\" data-e-type=\"container\" data-settings=\"{&quot;animation&quot;:&quot;fadeIn&quot;,&quot;animation_delay&quot;:0}\">\n\t\t\t\t<div class=\"elementor-element elementor-element-cf93b20 elementor-widget elementor-widget-image\" data-id=\"cf93b20\" data-element_type=\"widget\" data-e-type=\"widget\" data-widget_type=\"image.default\">\n\t\t\t\t<div class=\"elementor-widget-container\">\n\t\t\t\t\t\t\t\t\t\t\t\t\t\t\t<img decoding=\"async\" width=\"640\" height=\"427\" src=\"https:\/\/bestreporting.ch\/wp-content\/uploads\/2023\/10\/modern-office-building-low-angle-view-skyscrapers-city-singapore-modern-office-building-low-angle-view-skyscrapers-city-singapore-jpg.webp\" class=\"attachment-large size-large wp-image-315\" alt=\"\" \/>\t\t\t\t\t\t\t\t\t\t\t\t\t\t\t<\/div>\n\t\t\t\t<\/div>\n\t\t\t\t<\/div>\n\t\t<div class=\"elementor-element elementor-element-bdfd1db e-con-full e-flex elementor-invisible e-con e-child\" data-id=\"bdfd1db\" data-element_type=\"container\" data-e-type=\"container\" data-settings=\"{&quot;animation&quot;:&quot;fadeIn&quot;,&quot;animation_delay&quot;:200}\">\n\t\t\t\t<div class=\"elementor-element elementor-element-0e87cec elementor-widget elementor-widget-heading\" data-id=\"0e87cec\" data-element_type=\"widget\" data-e-type=\"widget\" data-widget_type=\"heading.default\">\n\t\t\t\t<div class=\"elementor-widget-container\">\n\t\t\t\t\t<h2 class=\"elementor-heading-title elementor-size-default\">LES VALEURS DE NOTRE ENTREPRISE<\/h2>\t\t\t\t<\/div>\n\t\t\t\t<\/div>\n\t\t\t\t<div class=\"elementor-element elementor-element-7424109 elementor-widget elementor-widget-text-editor\" data-id=\"7424109\" data-element_type=\"widget\" data-e-type=\"widget\" data-widget_type=\"text-editor.default\">\n\t\t\t\t<div class=\"elementor-widget-container\">\n\t\t\t\t\t\t\t\t\t<div id=\"testo_team\" class=\"div_sx1\"><p>Si nous devions nous d\u00e9crire en trois mots, nous dirions expertise, intuitivit\u00e9 et qualit\u00e9. Nous mettons tout en \u0153uvre pour que les activit\u00e9s de Reporting li\u00e9es aux formulaires\u00a0<a title=\"Formulaire 1042 ARTICLE\" href=\"\/fr\/formulaires-1042\/\">1042<\/a>,\u00a0<a title=\"Formulaire 1042-S ARTICLE\" href=\"\/fr\/formulaires-1042-s\/\">1042-S<\/a>\u00a0soient aussi simples, rapides et s\u00e9curis\u00e9es que possible.La satisfaction de nos clients est le fruit de nos efforts et le r\u00e9sultat tangible de notre engagement.<\/p><blockquote><p><em>\u00ab\u00a0L\u2019assistance que vous proposez est impeccable et indispensable. En ce qui concerne le logiciel, je trouve cet outil extr\u00eamement utile, intuitif et facile \u00e0 utiliser\u00a0\u00bb<\/em><\/p><\/blockquote><blockquote><p><em>\u00ab\u00a0Service rapide et efficace. Toujours au courant des derni\u00e8res \u00e9volutions r\u00e9glementaires. Fortement recommand\u00e9 pour r\u00e9pondre \u00e0 vos exigences en mati\u00e8re de d\u00e9claration fiscale aupr\u00e8s de l\u2019IRS\u00a0\u00bb<\/em><\/p><\/blockquote><blockquote><p><em>\u00ab\u00a0Vous \u00eates un fournisseur tr\u00e8s fiable et professionnel\u00a0\u00bb<\/em><\/p><\/blockquote><\/div>\t\t\t\t\t\t\t\t<\/div>\n\t\t\t\t<\/div>\n\t\t\t\t<\/div>\n\t\t\t\t\t<\/div>\n\t\t\t\t<\/div>\n\t\t<div class=\"elementor-element elementor-element-917f0fa e-flex e-con-boxed e-con e-parent\" data-id=\"917f0fa\" data-element_type=\"container\" data-e-type=\"container\" data-settings=\"{&quot;background_background&quot;:&quot;gradient&quot;}\">\n\t\t\t\t\t<div class=\"e-con-inner\">\n\t\t<div class=\"elementor-element elementor-element-8c28c00 e-con-full e-flex elementor-invisible e-con e-child\" data-id=\"8c28c00\" data-element_type=\"container\" data-e-type=\"container\" data-settings=\"{&quot;animation&quot;:&quot;fadeIn&quot;}\">\n\t\t\t\t<div class=\"elementor-element elementor-element-472ef8b elementor-widget elementor-widget-heading\" data-id=\"472ef8b\" data-element_type=\"widget\" data-e-type=\"widget\" data-widget_type=\"heading.default\">\n\t\t\t\t<div class=\"elementor-widget-container\">\n\t\t\t\t\t<h2 class=\"elementor-heading-title elementor-size-default\"> Int\u00e9ress\u00e9 par nos services de rapports d'QI ?<\/h2>\t\t\t\t<\/div>\n\t\t\t\t<\/div>\n\t\t\t\t<div class=\"elementor-element elementor-element-ff2bbe6 elementor-widget elementor-widget-heading\" data-id=\"ff2bbe6\" data-element_type=\"widget\" data-e-type=\"widget\" data-widget_type=\"heading.default\">\n\t\t\t\t<div class=\"elementor-widget-container\">\n\t\t\t\t\t<h2 class=\"elementor-heading-title elementor-size-default\">Cliquez sur le bouton ci-contre pour demander plus d'informations<\/h2>\t\t\t\t<\/div>\n\t\t\t\t<\/div>\n\t\t\t\t<\/div>\n\t\t<div class=\"elementor-element elementor-element-78d20f8 e-con-full e-flex elementor-invisible e-con e-child\" data-id=\"78d20f8\" data-element_type=\"container\" data-e-type=\"container\" data-settings=\"{&quot;animation&quot;:&quot;fadeIn&quot;,&quot;animation_delay&quot;:200}\">\n\t\t\t\t<div class=\"elementor-element elementor-element-0ddfc71 elementor-align-center elementor-widget elementor-widget-button\" data-id=\"0ddfc71\" data-element_type=\"widget\" data-e-type=\"widget\" data-widget_type=\"button.default\">\n\t\t\t\t<div class=\"elementor-widget-container\">\n\t\t\t\t\t\t\t\t\t<div class=\"elementor-button-wrapper\">\n\t\t\t\t\t<a class=\"elementor-button elementor-button-link elementor-size-sm\" href=\"\/fr\/-contact-us\">\n\t\t\t\t\t\t<span class=\"elementor-button-content-wrapper\">\n\t\t\t\t\t\t\t\t\t<span class=\"elementor-button-text\">Demander plus d'informations<\/span>\n\t\t\t\t\t<\/span>\n\t\t\t\t\t<\/a>\n\t\t\t\t<\/div>\n\t\t\t\t\t\t\t\t<\/div>\n\t\t\t\t<\/div>\n\t\t\t\t<\/div>\n\t\t\t\t\t<\/div>\n\t\t\t\t<\/div>\n\t\t\t\t<\/div>\n\t\t","protected":false},"excerpt":{"rendered":"<p>Qui sommes-nous? Nos comp\u00e9tences fiscales et informatiques sont combin\u00e9es dans une solution efficace qui: \u2022 Simplifie la gestion de votre activit\u00e9\u2022 Int\u00e8gre et automatise vos processus de d\u00e9claration\u2022 R\u00e9duit le temps d\u2019exploitation et les risques Contactez nous NOTRE HISTOIRE Best Vision Solutions &amp; Services SA\u00a0fournit des services informatiques et administratifs aux institutions financi\u00e8res. Gr\u00e2ce \u00e0 [&hellip;]<\/p>\n","protected":false},"author":1,"featured_media":0,"parent":0,"menu_order":0,"comment_status":"closed","ping_status":"closed","template":"","meta":{"footnotes":""},"class_list":["post-1441","page","type-page","status-publish","hentry"],"rttpg_featured_image_url":null,"rttpg_author":{"display_name":"DavidSoto","author_link":"https:\/\/bestreporting.ch\/fr\/author\/davidsoto\/"},"rttpg_comment":0,"rttpg_category":" <a href=\"https:\/\/bestreporting.ch\/fr\/?taxonomy=translation_priority&#038;term=facultatif\" rel=\"tag\">Facultatif<\/a>","rttpg_excerpt":"Qui sommes-nous? Nos comp\u00e9tences fiscales et informatiques sont combin\u00e9es dans une solution efficace qui: \u2022 Simplifie la gestion de votre activit\u00e9\u2022 Int\u00e8gre et automatise vos processus de d\u00e9claration\u2022 R\u00e9duit le temps d\u2019exploitation et les risques Contactez nous NOTRE HISTOIRE Best Vision Solutions &amp; Services SA\u00a0fournit des services informatiques et administratifs aux institutions financi\u00e8res. Gr\u00e2ce \u00e0\u2026","_links":{"self":[{"href":"https:\/\/bestreporting.ch\/fr\/wp-json\/wp\/v2\/pages\/1441","targetHints":{"allow":["GET"]}}],"collection":[{"href":"https:\/\/bestreporting.ch\/fr\/wp-json\/wp\/v2\/pages"}],"about":[{"href":"https:\/\/bestreporting.ch\/fr\/wp-json\/wp\/v2\/types\/page"}],"author":[{"embeddable":true,"href":"https:\/\/bestreporting.ch\/fr\/wp-json\/wp\/v2\/users\/1"}],"replies":[{"embeddable":true,"href":"https:\/\/bestreporting.ch\/fr\/wp-json\/wp\/v2\/comments?post=1441"}],"version-history":[{"count":16,"href":"https:\/\/bestreporting.ch\/fr\/wp-json\/wp\/v2\/pages\/1441\/revisions"}],"predecessor-version":[{"id":2554,"href":"https:\/\/bestreporting.ch\/fr\/wp-json\/wp\/v2\/pages\/1441\/revisions\/2554"}],"wp:attachment":[{"href":"https:\/\/bestreporting.ch\/fr\/wp-json\/wp\/v2\/media?parent=1441"}],"curies":[{"name":"wp","href":"https:\/\/api.w.org\/{rel}","templated":true}]}}