{"id":1413,"date":"2023-10-20T18:06:23","date_gmt":"2023-10-20T18:06:23","guid":{"rendered":"https:\/\/bestreporting.ch\/software-fatca\/"},"modified":"2024-05-27T13:16:03","modified_gmt":"2024-05-27T13:16:03","slug":"software-fatca","status":"publish","type":"page","link":"https:\/\/bestreporting.ch\/fr\/software-fatca\/","title":{"rendered":"Software FATCA"},"content":{"rendered":"\t\t<div data-elementor-type=\"wp-page\" data-elementor-id=\"1413\" class=\"elementor elementor-1413 elementor-38\">\n\t\t\t\t<div class=\"elementor-element elementor-element-581f0a7 e-flex e-con-boxed e-con e-parent\" data-id=\"581f0a7\" data-element_type=\"container\" data-e-type=\"container\" data-settings=\"{&quot;background_background&quot;:&quot;classic&quot;}\">\n\t\t\t\t\t<div class=\"e-con-inner\">\n\t\t\t\t<div class=\"elementor-element elementor-element-66af60a elementor-invisible elementor-widget elementor-widget-heading\" data-id=\"66af60a\" data-element_type=\"widget\" data-e-type=\"widget\" data-settings=\"{&quot;_animation&quot;:&quot;fadeIn&quot;}\" data-widget_type=\"heading.default\">\n\t\t\t\t<div class=\"elementor-widget-container\">\n\t\t\t\t\t<h2 class=\"elementor-heading-title elementor-size-default\">Software FATCA<\/h2>\t\t\t\t<\/div>\n\t\t\t\t<\/div>\n\t\t\t\t\t<\/div>\n\t\t\t\t<\/div>\n\t\t<div class=\"elementor-element elementor-element-d08391b e-flex e-con-boxed e-con e-parent\" data-id=\"d08391b\" data-element_type=\"container\" data-e-type=\"container\">\n\t\t\t\t\t<div class=\"e-con-inner\">\n\t\t<div class=\"elementor-element elementor-element-97ba46b e-con-full e-flex elementor-invisible e-con e-child\" data-id=\"97ba46b\" data-element_type=\"container\" data-e-type=\"container\" data-settings=\"{&quot;animation&quot;:&quot;fadeIn&quot;}\">\n\t\t\t\t<div class=\"elementor-element elementor-element-4ea2547 elementor-widget elementor-widget-heading\" data-id=\"4ea2547\" data-element_type=\"widget\" data-e-type=\"widget\" data-widget_type=\"heading.default\">\n\t\t\t\t<div class=\"elementor-widget-container\">\n\t\t\t\t\t<h2 class=\"elementor-heading-title elementor-size-default\">La solution pour la d\u00e9claration FATCA<\/h2>\t\t\t\t<\/div>\n\t\t\t\t<\/div>\n\t\t\t\t<div class=\"elementor-element elementor-element-2d9e1c8 elementor-widget elementor-widget-heading\" data-id=\"2d9e1c8\" data-element_type=\"widget\" data-e-type=\"widget\" data-widget_type=\"heading.default\">\n\t\t\t\t<div class=\"elementor-widget-container\">\n\t\t\t\t\t<h2 class=\"elementor-heading-title elementor-size-default\">D\u00e9claration FATCA<\/h2>\t\t\t\t<\/div>\n\t\t\t\t<\/div>\n\t\t\t\t<div class=\"elementor-element elementor-element-0c038d1 elementor-widget elementor-widget-text-editor\" data-id=\"0c038d1\" data-element_type=\"widget\" data-e-type=\"widget\" data-widget_type=\"text-editor.default\">\n\t\t\t\t<div class=\"elementor-widget-container\">\n\t\t\t\t\t\t\t\t\t<p>La r\u00e9glementation FATCA impose de d\u00e9clarer certains comptes bancaires d\u00e9tenus par des entit\u00e9s financi\u00e8res non am\u00e9ricaines. Depuis plusieurs ann\u00e9es, Best Vision accompagne les institutions financi\u00e8res dans leur reporting FATCA avec une solution visant \u00e0 r\u00e9duire le temps de reporting et les risques d&rsquo;erreurs. Notre offre comprend<\/p><ul><li>un logiciel qui pr\u00e9pare pour eux le fichier XML n\u00e9cessaire au reporting<\/li><li>un service d&rsquo;arri\u00e8re-guichet qui soutient les clients dans leurs activit\u00e9s pr\u00e9paratoires<\/li><li>la consultation de professionnels FATCA, pour la gestion de questions sp\u00e9cifiques<\/li><\/ul>\t\t\t\t\t\t\t\t<\/div>\n\t\t\t\t<\/div>\n\t\t\t\t<\/div>\n\t\t<div class=\"elementor-element elementor-element-6f19ac5 e-con-full e-flex elementor-invisible e-con e-child\" data-id=\"6f19ac5\" data-element_type=\"container\" data-e-type=\"container\" data-settings=\"{&quot;animation&quot;:&quot;fadeIn&quot;,&quot;animation_delay&quot;:200}\">\n\t\t\t\t<div class=\"elementor-element elementor-element-78f4304 elementor-widget elementor-widget-image\" data-id=\"78f4304\" data-element_type=\"widget\" data-e-type=\"widget\" data-widget_type=\"image.default\">\n\t\t\t\t<div class=\"elementor-widget-container\">\n\t\t\t\t\t\t\t\t\t\t\t\t\t\t\t<img fetchpriority=\"high\" decoding=\"async\" width=\"640\" height=\"405\" src=\"https:\/\/bestreporting.ch\/wp-content\/uploads\/2023\/10\/meeting-close-window-jpg.webp\" class=\"attachment-large size-large wp-image-975\" alt=\"\" \/>\t\t\t\t\t\t\t\t\t\t\t\t\t\t\t<\/div>\n\t\t\t\t<\/div>\n\t\t\t\t<\/div>\n\t\t\t\t\t<\/div>\n\t\t\t\t<\/div>\n\t\t<div class=\"elementor-element elementor-element-319c4cc e-flex e-con-boxed e-con e-parent\" data-id=\"319c4cc\" data-element_type=\"container\" data-e-type=\"container\" data-settings=\"{&quot;background_background&quot;:&quot;classic&quot;}\">\n\t\t\t\t\t<div class=\"e-con-inner\">\n\t\t\t\t<div class=\"elementor-element elementor-element-ac835a2 elementor-invisible elementor-widget elementor-widget-heading\" data-id=\"ac835a2\" data-element_type=\"widget\" data-e-type=\"widget\" data-settings=\"{&quot;_animation&quot;:&quot;fadeIn&quot;,&quot;_animation_delay&quot;:0}\" data-widget_type=\"heading.default\">\n\t\t\t\t<div class=\"elementor-widget-container\">\n\t\t\t\t\t<h2 class=\"elementor-heading-title elementor-size-default\">A qui s'adressent nos services ?<\/h2>\t\t\t\t<\/div>\n\t\t\t\t<\/div>\n\t\t\t\t<div class=\"elementor-element elementor-element-f5cf043 elementor-invisible elementor-widget elementor-widget-heading\" data-id=\"f5cf043\" data-element_type=\"widget\" data-e-type=\"widget\" data-settings=\"{&quot;_animation&quot;:&quot;fadeIn&quot;,&quot;_animation_delay&quot;:200}\" data-widget_type=\"heading.default\">\n\t\t\t\t<div class=\"elementor-widget-container\">\n\t\t\t\t\t<h2 class=\"elementor-heading-title elementor-size-default\">Tous les interm\u00e9diaires des pays de l'AGI 1 et de l'AGI 2.\n<\/h2>\t\t\t\t<\/div>\n\t\t\t\t<\/div>\n\t\t\t\t\t<\/div>\n\t\t\t\t<\/div>\n\t\t<div class=\"elementor-element elementor-element-e5b2a21 e-flex e-con-boxed e-con e-parent\" data-id=\"e5b2a21\" data-element_type=\"container\" data-e-type=\"container\">\n\t\t\t\t\t<div class=\"e-con-inner\">\n\t\t<div class=\"elementor-element elementor-element-637aad3 e-con-full e-flex elementor-invisible e-con e-child\" data-id=\"637aad3\" data-element_type=\"container\" data-e-type=\"container\" data-settings=\"{&quot;animation&quot;:&quot;fadeIn&quot;}\">\n\t\t\t\t<div class=\"elementor-element elementor-element-9f44659 elementor-widget elementor-widget-heading\" data-id=\"9f44659\" data-element_type=\"widget\" data-e-type=\"widget\" data-widget_type=\"heading.default\">\n\t\t\t\t<div class=\"elementor-widget-container\">\n\t\t\t\t\t<h2 class=\"elementor-heading-title elementor-size-default\">Solution logicielle<\/h2>\t\t\t\t<\/div>\n\t\t\t\t<\/div>\n\t\t\t\t<div class=\"elementor-element elementor-element-01420fd elementor-widget elementor-widget-text-editor\" data-id=\"01420fd\" data-element_type=\"widget\" data-e-type=\"widget\" data-widget_type=\"text-editor.default\">\n\t\t\t\t<div class=\"elementor-widget-container\">\n\t\t\t\t\t\t\t\t\t<p>La solution propos\u00e9e permet de g\u00e9rer facilement, en toute s\u00e9curit\u00e9 et en peu de temps les rapports FATCA, pour les pays IGA 1 et IGA 2.<\/p><p>Best Vision se charge de maintenir la solution \u00e0 jour, tant du point de vue r\u00e9glementaire, en tenant compte de tous les changements survenus, que de la gestion des aspects de la s\u00e9curit\u00e9 de l&rsquo;information selon les normes technologiques les plus \u00e9lev\u00e9es.<\/p>\t\t\t\t\t\t\t\t<\/div>\n\t\t\t\t<\/div>\n\t\t\t\t<\/div>\n\t\t<div class=\"elementor-element elementor-element-1f21bd3 e-con-full e-flex elementor-invisible e-con e-child\" data-id=\"1f21bd3\" data-element_type=\"container\" data-e-type=\"container\" data-settings=\"{&quot;animation&quot;:&quot;fadeIn&quot;,&quot;animation_delay&quot;:200}\">\n\t\t\t\t<div class=\"elementor-element elementor-element-692b384 elementor-widget elementor-widget-text-editor\" data-id=\"692b384\" data-element_type=\"widget\" data-e-type=\"widget\" data-widget_type=\"text-editor.default\">\n\t\t\t\t<div class=\"elementor-widget-container\">\n\t\t\t\t\t\t\t\t\t<p>Nos clients trouvent toujours la derni\u00e8re version du logiciel en ligne, et elle sera toujours pr\u00eate pour leurs rapports. La seule chose n\u00e9cessaire pour utiliser le logiciel est un fichier Excel contenant les informations pertinentes. Le fichier de d\u00e9claration, XML, sera automatiquement cr\u00e9\u00e9 conform\u00e9ment aux derni\u00e8res mises \u00e0 jour des publications de l&rsquo;IRS.<\/p><p>L&rsquo;avantage pour le client est qu&rsquo;il dispose d&rsquo;un outil fiable et facile \u00e0 utiliser.<\/p><p>Modules disponibles<\/p><ul><li>Module FATCA FORM, pour la g\u00e9n\u00e9ration de FATCA XML<\/li><li>Module CRS FORM, pour le reporting CRS XML<\/li><li>RECO QI form, pour r\u00e9concilier les paiements QI-d\u00e9p\u00f4t<\/li><li>Module QI FORM, pour la g\u00e9n\u00e9ration et la v\u00e9rification automatique, PDF et TXT, des modules 1042 et 1042-s<\/li><\/ul>\t\t\t\t\t\t\t\t<\/div>\n\t\t\t\t<\/div>\n\t\t\t\t<\/div>\n\t\t\t\t\t<\/div>\n\t\t\t\t<\/div>\n\t\t<div class=\"elementor-element elementor-element-637b339 e-flex e-con-boxed e-con e-parent\" data-id=\"637b339\" data-element_type=\"container\" data-e-type=\"container\">\n\t\t\t\t\t<div class=\"e-con-inner\">\n\t\t<div class=\"elementor-element elementor-element-adb1f01 e-con-full e-flex elementor-invisible e-con e-child\" data-id=\"adb1f01\" data-element_type=\"container\" data-e-type=\"container\" data-settings=\"{&quot;animation&quot;:&quot;fadeIn&quot;}\">\n\t\t\t\t<div class=\"elementor-element elementor-element-d00b3ba elementor-widget elementor-widget-image\" data-id=\"d00b3ba\" data-element_type=\"widget\" data-e-type=\"widget\" data-widget_type=\"image.default\">\n\t\t\t\t<div class=\"elementor-widget-container\">\n\t\t\t\t\t\t\t\t\t\t\t\t\t\t\t<img decoding=\"async\" width=\"640\" height=\"427\" src=\"https:\/\/bestreporting.ch\/wp-content\/uploads\/2023\/10\/no-people-office-with-multiple-computers-customer-service-desk-call-center-helpline-support-give-telecommunication-assistance-empty-helpdesk-with-client-telephony-reception-jpg.webp\" class=\"attachment-large size-large wp-image-166\" alt=\"\" \/>\t\t\t\t\t\t\t\t\t\t\t\t\t\t\t<\/div>\n\t\t\t\t<\/div>\n\t\t\t\t<\/div>\n\t\t<div class=\"elementor-element elementor-element-7b9b936 e-con-full e-flex elementor-invisible e-con e-child\" data-id=\"7b9b936\" data-element_type=\"container\" data-e-type=\"container\" data-settings=\"{&quot;animation&quot;:&quot;fadeIn&quot;,&quot;animation_delay&quot;:200}\">\n\t\t\t\t<div class=\"elementor-element elementor-element-f715b25 elementor-widget elementor-widget-heading\" data-id=\"f715b25\" data-element_type=\"widget\" data-e-type=\"widget\" data-widget_type=\"heading.default\">\n\t\t\t\t<div class=\"elementor-widget-container\">\n\t\t\t\t\t<h2 class=\"elementor-heading-title elementor-size-default\">Solution de back-office<\/h2>\t\t\t\t<\/div>\n\t\t\t\t<\/div>\n\t\t\t\t<div class=\"elementor-element elementor-element-7e5c9b5 elementor-widget elementor-widget-text-editor\" data-id=\"7e5c9b5\" data-element_type=\"widget\" data-e-type=\"widget\" data-widget_type=\"text-editor.default\">\n\t\t\t\t<div class=\"elementor-widget-container\">\n\t\t\t\t\t\t\t\t\t<p>Nous offrons \u00e0 nos clients la possibilit\u00e9 d&rsquo;externaliser tout ou partie de l&rsquo;activit\u00e9. Nous offrons la possibilit\u00e9 d&rsquo;utiliser notre personnel sp\u00e9cialis\u00e9 pour les activit\u00e9s suivantes :<\/p><ul><li>V\u00e9rification des donn\u00e9es des documents W9, W8 et KYC<\/li><li>Gestion des rapports<\/li><li>Soutien aux audits internes\/externes<\/li><\/ul><p>L&rsquo;activit\u00e9 est r\u00e9alis\u00e9e \u00e0 distance ou sur place dans les locaux du client.<\/p><p>Ce service est particuli\u00e8rement utile pour faire face aux pics de travail, ainsi qu&rsquo;au manque de personnel sp\u00e9cialis\u00e9 de la part du client.<\/p>\t\t\t\t\t\t\t\t<\/div>\n\t\t\t\t<\/div>\n\t\t\t\t<\/div>\n\t\t\t\t\t<\/div>\n\t\t\t\t<\/div>\n\t\t<div class=\"elementor-element elementor-element-c49d024 e-flex e-con-boxed e-con e-parent\" data-id=\"c49d024\" data-element_type=\"container\" data-e-type=\"container\">\n\t\t\t\t\t<div class=\"e-con-inner\">\n\t\t<div class=\"elementor-element elementor-element-f830108 e-con-full e-flex elementor-invisible e-con e-child\" data-id=\"f830108\" data-element_type=\"container\" data-e-type=\"container\" data-settings=\"{&quot;animation&quot;:&quot;fadeIn&quot;}\">\n\t\t\t\t<div class=\"elementor-element elementor-element-cf48f64 elementor-widget elementor-widget-heading\" data-id=\"cf48f64\" data-element_type=\"widget\" data-e-type=\"widget\" data-widget_type=\"heading.default\">\n\t\t\t\t<div class=\"elementor-widget-container\">\n\t\t\t\t\t<h2 class=\"elementor-heading-title elementor-size-default\">Service de conseil en mati\u00e8re de conformit\u00e9\n<\/h2>\t\t\t\t<\/div>\n\t\t\t\t<\/div>\n\t\t\t\t<div class=\"elementor-element elementor-element-0be332b elementor-widget elementor-widget-text-editor\" data-id=\"0be332b\" data-element_type=\"widget\" data-e-type=\"widget\" data-widget_type=\"text-editor.default\">\n\t\t\t\t<div class=\"elementor-widget-container\">\n\t\t\t\t\t\t\t\t\t<p>Nous disposons des meilleurs professionnels de la fiscalit\u00e9 pour offrir \u00e0 nos clients une r\u00e9ponse pr\u00e9cise et de qualit\u00e9 \u00e0 leurs besoins en mati\u00e8re de FATCA. Nos experts sont \u00e9galement comp\u00e9tents dans le domaine du QI et du CRS, pour un reporting international correct des comptes bancaires.<\/p><p>Nous sommes principalement engag\u00e9s par nos clients pour les assister dans :<\/p><ul><li>Gestion de la documentation et de la fiscalit\u00e9 des clients<\/li><li>Formation des employ\u00e9s internes<\/li><li>le contr\u00f4le de la conformit\u00e9 FATCA<\/li><\/ul><p>Le domaine de la consultance est d\u00e9fini avec nos clients pour \u00eatre extr\u00eamement efficace et efficient en termes de co\u00fbts et de d\u00e9lais.<\/p>\t\t\t\t\t\t\t\t<\/div>\n\t\t\t\t<\/div>\n\t\t\t\t<\/div>\n\t\t<div class=\"elementor-element elementor-element-5b90b2c e-con-full e-flex elementor-invisible e-con e-child\" data-id=\"5b90b2c\" data-element_type=\"container\" data-e-type=\"container\" data-settings=\"{&quot;animation&quot;:&quot;fadeIn&quot;,&quot;animation_delay&quot;:200}\">\n\t\t\t\t<div class=\"elementor-element elementor-element-b5eae29 elementor-widget elementor-widget-image\" data-id=\"b5eae29\" data-element_type=\"widget\" data-e-type=\"widget\" data-widget_type=\"image.default\">\n\t\t\t\t<div class=\"elementor-widget-container\">\n\t\t\t\t\t\t\t\t\t\t\t\t\t\t\t<img decoding=\"async\" width=\"640\" height=\"427\" src=\"https:\/\/bestreporting.ch\/wp-content\/uploads\/2023\/10\/meeting-financial-managers-jpg.webp\" class=\"attachment-large size-large wp-image-172\" alt=\"\" \/>\t\t\t\t\t\t\t\t\t\t\t\t\t\t\t<\/div>\n\t\t\t\t<\/div>\n\t\t\t\t<\/div>\n\t\t\t\t\t<\/div>\n\t\t\t\t<\/div>\n\t\t<div class=\"elementor-element elementor-element-efba7ee e-flex e-con-boxed e-con e-parent\" data-id=\"efba7ee\" data-element_type=\"container\" data-e-type=\"container\" data-settings=\"{&quot;background_background&quot;:&quot;gradient&quot;}\">\n\t\t\t\t\t<div class=\"e-con-inner\">\n\t\t<div class=\"elementor-element elementor-element-b3c3074 e-con-full e-flex elementor-invisible e-con e-child\" data-id=\"b3c3074\" data-element_type=\"container\" data-e-type=\"container\" data-settings=\"{&quot;animation&quot;:&quot;fadeIn&quot;}\">\n\t\t\t\t<div class=\"elementor-element elementor-element-12bc7a9 elementor-widget elementor-widget-heading\" data-id=\"12bc7a9\" data-element_type=\"widget\" data-e-type=\"widget\" data-widget_type=\"heading.default\">\n\t\t\t\t<div class=\"elementor-widget-container\">\n\t\t\t\t\t<h2 class=\"elementor-heading-title elementor-size-default\"> Int\u00e9ress\u00e9 par nos services de rapports d'QI ?<\/h2>\t\t\t\t<\/div>\n\t\t\t\t<\/div>\n\t\t\t\t<div class=\"elementor-element elementor-element-0497a34 elementor-widget elementor-widget-heading\" data-id=\"0497a34\" data-element_type=\"widget\" data-e-type=\"widget\" data-widget_type=\"heading.default\">\n\t\t\t\t<div class=\"elementor-widget-container\">\n\t\t\t\t\t<h2 class=\"elementor-heading-title elementor-size-default\">Cliquez sur le bouton ci-contre pour demander plus d'informations<\/h2>\t\t\t\t<\/div>\n\t\t\t\t<\/div>\n\t\t\t\t<\/div>\n\t\t<div class=\"elementor-element elementor-element-959e750 e-con-full e-flex elementor-invisible e-con e-child\" data-id=\"959e750\" data-element_type=\"container\" data-e-type=\"container\" data-settings=\"{&quot;animation&quot;:&quot;fadeIn&quot;,&quot;animation_delay&quot;:200}\">\n\t\t\t\t<div class=\"elementor-element elementor-element-e06102e elementor-align-center elementor-widget elementor-widget-button\" data-id=\"e06102e\" data-element_type=\"widget\" data-e-type=\"widget\" data-widget_type=\"button.default\">\n\t\t\t\t<div class=\"elementor-widget-container\">\n\t\t\t\t\t\t\t\t\t<div class=\"elementor-button-wrapper\">\n\t\t\t\t\t<a class=\"elementor-button elementor-button-link elementor-size-sm\" href=\"\/fr\/contact-us\">\n\t\t\t\t\t\t<span class=\"elementor-button-content-wrapper\">\n\t\t\t\t\t\t\t\t\t<span class=\"elementor-button-text\">Demander plus d'informations<\/span>\n\t\t\t\t\t<\/span>\n\t\t\t\t\t<\/a>\n\t\t\t\t<\/div>\n\t\t\t\t\t\t\t\t<\/div>\n\t\t\t\t<\/div>\n\t\t\t\t<\/div>\n\t\t\t\t\t<\/div>\n\t\t\t\t<\/div>\n\t\t\t\t<\/div>\n\t\t","protected":false},"excerpt":{"rendered":"<p>Software FATCA La solution pour la d\u00e9claration FATCA D\u00e9claration FATCA La r\u00e9glementation FATCA impose de d\u00e9clarer certains comptes bancaires d\u00e9tenus par des entit\u00e9s financi\u00e8res non am\u00e9ricaines. Depuis plusieurs ann\u00e9es, Best Vision accompagne les institutions financi\u00e8res dans leur reporting FATCA avec une solution visant \u00e0 r\u00e9duire le temps de reporting et les risques d&rsquo;erreurs. Notre offre [&hellip;]<\/p>\n","protected":false},"author":1,"featured_media":0,"parent":0,"menu_order":0,"comment_status":"closed","ping_status":"closed","template":"","meta":{"footnotes":""},"class_list":["post-1413","page","type-page","status-publish","hentry"],"rttpg_featured_image_url":null,"rttpg_author":{"display_name":"DavidSoto","author_link":"https:\/\/bestreporting.ch\/fr\/author\/davidsoto\/"},"rttpg_comment":0,"rttpg_category":" <a href=\"https:\/\/bestreporting.ch\/fr\/?taxonomy=translation_priority&#038;term=facultatif\" rel=\"tag\">Facultatif<\/a>","rttpg_excerpt":"Software FATCA La solution pour la d\u00e9claration FATCA D\u00e9claration FATCA La r\u00e9glementation FATCA impose de d\u00e9clarer certains comptes bancaires d\u00e9tenus par des entit\u00e9s financi\u00e8res non am\u00e9ricaines. Depuis plusieurs ann\u00e9es, Best Vision accompagne les institutions financi\u00e8res dans leur reporting FATCA avec une solution visant \u00e0 r\u00e9duire le temps de reporting et les risques d&rsquo;erreurs. Notre offre\u2026","_links":{"self":[{"href":"https:\/\/bestreporting.ch\/fr\/wp-json\/wp\/v2\/pages\/1413","targetHints":{"allow":["GET"]}}],"collection":[{"href":"https:\/\/bestreporting.ch\/fr\/wp-json\/wp\/v2\/pages"}],"about":[{"href":"https:\/\/bestreporting.ch\/fr\/wp-json\/wp\/v2\/types\/page"}],"author":[{"embeddable":true,"href":"https:\/\/bestreporting.ch\/fr\/wp-json\/wp\/v2\/users\/1"}],"replies":[{"embeddable":true,"href":"https:\/\/bestreporting.ch\/fr\/wp-json\/wp\/v2\/comments?post=1413"}],"version-history":[{"count":10,"href":"https:\/\/bestreporting.ch\/fr\/wp-json\/wp\/v2\/pages\/1413\/revisions"}],"predecessor-version":[{"id":2604,"href":"https:\/\/bestreporting.ch\/fr\/wp-json\/wp\/v2\/pages\/1413\/revisions\/2604"}],"wp:attachment":[{"href":"https:\/\/bestreporting.ch\/fr\/wp-json\/wp\/v2\/media?parent=1413"}],"curies":[{"name":"wp","href":"https:\/\/api.w.org\/{rel}","templated":true}]}}