{"id":1408,"date":"2023-10-20T18:06:37","date_gmt":"2023-10-20T18:06:37","guid":{"rendered":"https:\/\/bestreporting.ch\/software-crs\/"},"modified":"2023-11-02T17:39:52","modified_gmt":"2023-11-02T17:39:52","slug":"software-crs","status":"publish","type":"page","link":"https:\/\/bestreporting.ch\/fr\/software-crs\/","title":{"rendered":"Software CRS"},"content":{"rendered":"\t\t<div data-elementor-type=\"wp-page\" data-elementor-id=\"1408\" class=\"elementor elementor-1408 elementor-40\">\n\t\t\t\t<div class=\"elementor-element elementor-element-4de13a5 e-flex e-con-boxed e-con e-parent\" data-id=\"4de13a5\" data-element_type=\"container\" data-e-type=\"container\" data-settings=\"{&quot;background_background&quot;:&quot;classic&quot;}\">\n\t\t\t\t\t<div class=\"e-con-inner\">\n\t\t\t\t<div class=\"elementor-element elementor-element-6103a89 elementor-invisible elementor-widget elementor-widget-heading\" data-id=\"6103a89\" data-element_type=\"widget\" data-e-type=\"widget\" data-settings=\"{&quot;_animation&quot;:&quot;fadeIn&quot;,&quot;_animation_delay&quot;:200}\" data-widget_type=\"heading.default\">\n\t\t\t\t<div class=\"elementor-widget-container\">\n\t\t\t\t\t<h2 class=\"elementor-heading-title elementor-size-default\">Software CRS<\/h2>\t\t\t\t<\/div>\n\t\t\t\t<\/div>\n\t\t\t\t\t<\/div>\n\t\t\t\t<\/div>\n\t\t<div class=\"elementor-element elementor-element-00dcf63 e-flex e-con-boxed e-con e-parent\" data-id=\"00dcf63\" data-element_type=\"container\" data-e-type=\"container\">\n\t\t\t\t\t<div class=\"e-con-inner\">\n\t\t<div class=\"elementor-element elementor-element-2dd4dd6 e-con-full e-flex elementor-invisible e-con e-child\" data-id=\"2dd4dd6\" data-element_type=\"container\" data-e-type=\"container\" data-settings=\"{&quot;animation&quot;:&quot;fadeIn&quot;}\">\n\t\t\t\t<div class=\"elementor-element elementor-element-8b02a74 elementor-widget elementor-widget-heading\" data-id=\"8b02a74\" data-element_type=\"widget\" data-e-type=\"widget\" data-widget_type=\"heading.default\">\n\t\t\t\t<div class=\"elementor-widget-container\">\n\t\t\t\t\t<h2 class=\"elementor-heading-title elementor-size-default\">La solution pour le rapport CRS<\/h2>\t\t\t\t<\/div>\n\t\t\t\t<\/div>\n\t\t\t\t<div class=\"elementor-element elementor-element-0d0533a elementor-widget elementor-widget-text-editor\" data-id=\"0d0533a\" data-element_type=\"widget\" data-e-type=\"widget\" data-widget_type=\"text-editor.default\">\n\t\t\t\t<div class=\"elementor-widget-container\">\n\t\t\t\t\t\t\t\t\t<p>L&rsquo;\u00e9change automatique d&rsquo;informations (AEOI) exige la d\u00e9claration des comptes bancaires entre les autorit\u00e9s fiscales. CRS, Common Reporting Standard, est le mod\u00e8le utilis\u00e9 pour effectuer ce reporting.<\/p><p>Depuis plusieurs ann\u00e9es, Best Vision soutient les institutions bancaires dans leur reporting CRS avec une solution visant \u00e0 r\u00e9duire le temps de reporting et les risques d&rsquo;erreurs. Notre offre comprend<\/p><ol><li>un logiciel qui pr\u00e9pare pour eux le fichier XML n\u00e9cessaire au reporting<\/li><li>un service de back-office qui soutient les clients dans leurs activit\u00e9s pr\u00e9paratoires<\/li><li>des services de conseil en mati\u00e8re de conformit\u00e9<\/li><\/ol>\t\t\t\t\t\t\t\t<\/div>\n\t\t\t\t<\/div>\n\t\t\t\t<\/div>\n\t\t<div class=\"elementor-element elementor-element-da915b0 e-con-full e-flex elementor-invisible e-con e-child\" data-id=\"da915b0\" data-element_type=\"container\" data-e-type=\"container\" data-settings=\"{&quot;animation&quot;:&quot;fadeIn&quot;,&quot;animation_delay&quot;:200}\">\n\t\t\t\t<div class=\"elementor-element elementor-element-90b1008 elementor-widget elementor-widget-image\" data-id=\"90b1008\" data-element_type=\"widget\" data-e-type=\"widget\" data-widget_type=\"image.default\">\n\t\t\t\t<div class=\"elementor-widget-container\">\n\t\t\t\t\t\t\t\t\t\t\t\t\t\t\t<img fetchpriority=\"high\" decoding=\"async\" width=\"640\" height=\"404\" src=\"https:\/\/bestreporting.ch\/wp-content\/uploads\/2023\/10\/group-business-people-having-meeting-jpg.webp\" class=\"attachment-large size-large wp-image-154\" alt=\"\" \/>\t\t\t\t\t\t\t\t\t\t\t\t\t\t\t<\/div>\n\t\t\t\t<\/div>\n\t\t\t\t<\/div>\n\t\t\t\t\t<\/div>\n\t\t\t\t<\/div>\n\t\t<div class=\"elementor-element elementor-element-11e9030 e-flex e-con-boxed e-con e-parent\" data-id=\"11e9030\" data-element_type=\"container\" data-e-type=\"container\" data-settings=\"{&quot;background_background&quot;:&quot;classic&quot;}\">\n\t\t\t\t\t<div class=\"e-con-inner\">\n\t\t\t\t<div class=\"elementor-element elementor-element-04f9a50 elementor-invisible elementor-widget elementor-widget-heading\" data-id=\"04f9a50\" data-element_type=\"widget\" data-e-type=\"widget\" data-settings=\"{&quot;_animation&quot;:&quot;fadeIn&quot;}\" data-widget_type=\"heading.default\">\n\t\t\t\t<div class=\"elementor-widget-container\">\n\t\t\t\t\t<h2 class=\"elementor-heading-title elementor-size-default\">A qui s'adressent nos services ?<\/h2>\t\t\t\t<\/div>\n\t\t\t\t<\/div>\n\t\t\t\t<div class=\"elementor-element elementor-element-863de92 elementor-invisible elementor-widget elementor-widget-heading\" data-id=\"863de92\" data-element_type=\"widget\" data-e-type=\"widget\" data-settings=\"{&quot;_animation&quot;:&quot;fadeIn&quot;,&quot;_animation_delay&quot;:200}\" data-widget_type=\"heading.default\">\n\t\t\t\t<div class=\"elementor-widget-container\">\n\t\t\t\t\t<h2 class=\"elementor-heading-title elementor-size-default\">Toutes les institutions financi\u00e8res des juridictions des pays participants de l'OCDE.<\/h2>\t\t\t\t<\/div>\n\t\t\t\t<\/div>\n\t\t\t\t\t<\/div>\n\t\t\t\t<\/div>\n\t\t<div class=\"elementor-element elementor-element-e6c0a95 e-flex e-con-boxed e-con e-parent\" data-id=\"e6c0a95\" data-element_type=\"container\" data-e-type=\"container\">\n\t\t\t\t\t<div class=\"e-con-inner\">\n\t\t<div class=\"elementor-element elementor-element-c4c1768 e-con-full e-flex elementor-invisible e-con e-child\" data-id=\"c4c1768\" data-element_type=\"container\" data-e-type=\"container\" data-settings=\"{&quot;animation&quot;:&quot;fadeIn&quot;}\">\n\t\t\t\t<div class=\"elementor-element elementor-element-3172662 elementor-widget elementor-widget-heading\" data-id=\"3172662\" data-element_type=\"widget\" data-e-type=\"widget\" data-widget_type=\"heading.default\">\n\t\t\t\t<div class=\"elementor-widget-container\">\n\t\t\t\t\t<h2 class=\"elementor-heading-title elementor-size-default\">Solution logicielle<\/h2>\t\t\t\t<\/div>\n\t\t\t\t<\/div>\n\t\t\t\t<\/div>\n\t\t<div class=\"elementor-element elementor-element-31d6f4e e-con-full e-flex elementor-invisible e-con e-child\" data-id=\"31d6f4e\" data-element_type=\"container\" data-e-type=\"container\" data-settings=\"{&quot;animation&quot;:&quot;fadeIn&quot;}\">\n\t\t\t\t<div class=\"elementor-element elementor-element-3f3ad51 elementor-widget elementor-widget-text-editor\" data-id=\"3f3ad51\" data-element_type=\"widget\" data-e-type=\"widget\" data-widget_type=\"text-editor.default\">\n\t\t\t\t<div class=\"elementor-widget-container\">\n\t\t\t\t\t\t\t\t\t<p>La solution propos\u00e9e permet de g\u00e9rer facilement, en toute s\u00e9curit\u00e9 et en peu de temps les rapports CRS de nos clients. L&rsquo;outil est con\u00e7u pour couvrir les d\u00e9clarations de toutes les institutions financi\u00e8res de la juridiction avec un accord d&rsquo;\u00e9change automatique d&rsquo;informations.<\/p><p>Best Vision veille \u00e0 maintenir la solution \u00e0 jour, tant du point de vue r\u00e9glementaire, en tenant compte de tous les changements intervenus, que de la gestion des aspects de la s\u00e9curit\u00e9 de l&rsquo;information selon les normes technologiques les plus \u00e9lev\u00e9es.<\/p><p>Nos clients trouvent toujours en ligne la derni\u00e8re version du logiciel, qui sera toujours pr\u00eate pour leurs rapports. La seule chose n\u00e9cessaire pour utiliser le logiciel est un fichier Excel contenant les informations pertinentes. Le fichier de rapport, XML, sera automatiquement cr\u00e9\u00e9 conform\u00e9ment aux derni\u00e8res mises \u00e0 jour dans le pays de r\u00e9sidence de l&rsquo;institution financi\u00e8re.<\/p>\t\t\t\t\t\t\t\t<\/div>\n\t\t\t\t<\/div>\n\t\t\t\t<\/div>\n\t\t<div class=\"elementor-element elementor-element-17d042b e-con-full e-flex elementor-invisible e-con e-child\" data-id=\"17d042b\" data-element_type=\"container\" data-e-type=\"container\" data-settings=\"{&quot;animation&quot;:&quot;fadeIn&quot;,&quot;animation_delay&quot;:200}\">\n\t\t\t\t<div class=\"elementor-element elementor-element-d653357 elementor-widget elementor-widget-text-editor\" data-id=\"d653357\" data-element_type=\"widget\" data-e-type=\"widget\" data-widget_type=\"text-editor.default\">\n\t\t\t\t<div class=\"elementor-widget-container\">\n\t\t\t\t\t\t\t\t\t<p>L&rsquo;avantage pour le client est de disposer d&rsquo;un outil fiable, facile \u00e0 utiliser et toujours mis \u00e0 jour.<\/p><p>Modules logiciels disponibles<\/p><ul><li>Module CRS FORM, pour la g\u00e9n\u00e9ration de XML conform\u00e9ment \u00e0 la norme de chaque pays participant de l&rsquo;OCDE.<\/li><li>Module FATCA FORM, pour le reporting XML FATCA<\/li><li>RECO QI form, pour r\u00e9concilier les paiements QI-d\u00e9p\u00f4t.<\/li><li>Module QI FORM, pour la g\u00e9n\u00e9ration et la v\u00e9rification automatique, PDF et TXT, des modules <a href=\"\/fr\/1042-forms\">1042<\/a> et <a href=\"\/fr\/1042-s-forms\">1042-s.<\/a><\/li><\/ul>\t\t\t\t\t\t\t\t<\/div>\n\t\t\t\t<\/div>\n\t\t\t\t<\/div>\n\t\t\t\t\t<\/div>\n\t\t\t\t<\/div>\n\t\t<div class=\"elementor-element elementor-element-d8da003 e-flex e-con-boxed e-con e-parent\" data-id=\"d8da003\" data-element_type=\"container\" data-e-type=\"container\">\n\t\t\t\t\t<div class=\"e-con-inner\">\n\t\t<div class=\"elementor-element elementor-element-615f88e e-con-full e-flex elementor-invisible e-con e-child\" data-id=\"615f88e\" data-element_type=\"container\" data-e-type=\"container\" data-settings=\"{&quot;animation&quot;:&quot;fadeIn&quot;,&quot;animation_delay&quot;:200}\">\n\t\t\t\t<div class=\"elementor-element elementor-element-1aefa54 elementor-widget elementor-widget-image\" data-id=\"1aefa54\" data-element_type=\"widget\" data-e-type=\"widget\" data-widget_type=\"image.default\">\n\t\t\t\t<div class=\"elementor-widget-container\">\n\t\t\t\t\t\t\t\t\t\t\t\t\t\t\t<img decoding=\"async\" width=\"640\" height=\"427\" src=\"https:\/\/bestreporting.ch\/wp-content\/uploads\/2023\/10\/no-people-office-with-multiple-computers-customer-service-desk-call-center-helpline-support-give-telecommunication-assistance-empty-helpdesk-with-client-telephony-reception-jpg.webp\" class=\"attachment-large size-large wp-image-166\" alt=\"\" \/>\t\t\t\t\t\t\t\t\t\t\t\t\t\t\t<\/div>\n\t\t\t\t<\/div>\n\t\t\t\t<\/div>\n\t\t<div class=\"elementor-element elementor-element-842e6ff e-con-full e-flex elementor-invisible e-con e-child\" data-id=\"842e6ff\" data-element_type=\"container\" data-e-type=\"container\" data-settings=\"{&quot;animation&quot;:&quot;fadeIn&quot;,&quot;animation_delay&quot;:200}\">\n\t\t\t\t<div class=\"elementor-element elementor-element-fef678c elementor-widget elementor-widget-heading\" data-id=\"fef678c\" data-element_type=\"widget\" data-e-type=\"widget\" data-widget_type=\"heading.default\">\n\t\t\t\t<div class=\"elementor-widget-container\">\n\t\t\t\t\t<h2 class=\"elementor-heading-title elementor-size-default\">Solution de back-office<\/h2>\t\t\t\t<\/div>\n\t\t\t\t<\/div>\n\t\t\t\t<div class=\"elementor-element elementor-element-06b3bcf elementor-widget elementor-widget-text-editor\" data-id=\"06b3bcf\" data-element_type=\"widget\" data-e-type=\"widget\" data-widget_type=\"text-editor.default\">\n\t\t\t\t<div class=\"elementor-widget-container\">\n\t\t\t\t\t\t\t\t\t<p>Nous offrons \u00e0 nos clients la possibilit\u00e9 d&rsquo;externaliser tout ou partie de l&rsquo;activit\u00e9. Nous offrons la possibilit\u00e9 d&rsquo;utiliser notre personnel sp\u00e9cialis\u00e9 pour les activit\u00e9s suivantes :<\/p><ul><li>V\u00e9rification des donn\u00e9es et de la documentation<\/li><li>Gestion des rapports<\/li><li>Soutien aux audits internes\/externes<\/li><\/ul><p>L&rsquo;activit\u00e9 est r\u00e9alis\u00e9e \u00e0 distance ou sur place dans les locaux du client.<\/p><p>Ce service est particuli\u00e8rement utile pour faire face aux pics de travail, ainsi qu&rsquo;au manque de personnel sp\u00e9cialis\u00e9 de la part du client.<\/p>\t\t\t\t\t\t\t\t<\/div>\n\t\t\t\t<\/div>\n\t\t\t\t<\/div>\n\t\t\t\t\t<\/div>\n\t\t\t\t<\/div>\n\t\t<div class=\"elementor-element elementor-element-6aa8d66 e-flex e-con-boxed e-con e-parent\" data-id=\"6aa8d66\" data-element_type=\"container\" data-e-type=\"container\">\n\t\t\t\t\t<div class=\"e-con-inner\">\n\t\t<div class=\"elementor-element elementor-element-b58b366 e-con-full e-flex elementor-invisible e-con e-child\" data-id=\"b58b366\" data-element_type=\"container\" data-e-type=\"container\" data-settings=\"{&quot;animation&quot;:&quot;fadeIn&quot;}\">\n\t\t\t\t<div class=\"elementor-element elementor-element-ceb6a22 elementor-widget elementor-widget-heading\" data-id=\"ceb6a22\" data-element_type=\"widget\" data-e-type=\"widget\" data-widget_type=\"heading.default\">\n\t\t\t\t<div class=\"elementor-widget-container\">\n\t\t\t\t\t<h2 class=\"elementor-heading-title elementor-size-default\">Service de conseil en mati\u00e8re de conformit\u00e9<\/h2>\t\t\t\t<\/div>\n\t\t\t\t<\/div>\n\t\t\t\t<div class=\"elementor-element elementor-element-becd3d8 elementor-widget elementor-widget-text-editor\" data-id=\"becd3d8\" data-element_type=\"widget\" data-e-type=\"widget\" data-widget_type=\"text-editor.default\">\n\t\t\t\t<div class=\"elementor-widget-container\">\n\t\t\t\t\t\t\t\t\t<p>Nous disposons des meilleurs professionnels de la fiscalit\u00e9 pour offrir \u00e0 nos clients une r\u00e9ponse pr\u00e9cise et de qualit\u00e9 \u00e0 leurs besoins en mati\u00e8re de CRS. Nos experts sont \u00e9galement comp\u00e9tents dans le domaine du QI et du FATCA, pour un reporting international correct des comptes bancaires.<\/p><p>Nous sommes principalement engag\u00e9s par nos clients pour les assister dans :<\/p><ul><li>Gestion de la documentation des clients<\/li><li>Formation des employ\u00e9s internes<\/li><li>le contr\u00f4le de la conformit\u00e9 au CRS<\/li><\/ul><p>Le domaine de la consultance est d\u00e9fini avec nos clients pour \u00eatre extr\u00eamement efficace et efficient en termes de co\u00fbts et de d\u00e9lais.<\/p>\t\t\t\t\t\t\t\t<\/div>\n\t\t\t\t<\/div>\n\t\t\t\t<\/div>\n\t\t<div class=\"elementor-element elementor-element-ddbc575 e-con-full e-flex elementor-invisible e-con e-child\" data-id=\"ddbc575\" data-element_type=\"container\" data-e-type=\"container\" data-settings=\"{&quot;animation&quot;:&quot;fadeIn&quot;,&quot;animation_delay&quot;:200}\">\n\t\t\t\t<div class=\"elementor-element elementor-element-0dd2e2d elementor-widget elementor-widget-image\" data-id=\"0dd2e2d\" data-element_type=\"widget\" data-e-type=\"widget\" data-widget_type=\"image.default\">\n\t\t\t\t<div class=\"elementor-widget-container\">\n\t\t\t\t\t\t\t\t\t\t\t\t\t\t\t<img decoding=\"async\" width=\"640\" height=\"427\" src=\"https:\/\/bestreporting.ch\/wp-content\/uploads\/2023\/10\/meeting-financial-managers-jpg.webp\" class=\"attachment-large size-large wp-image-172\" alt=\"\" \/>\t\t\t\t\t\t\t\t\t\t\t\t\t\t\t<\/div>\n\t\t\t\t<\/div>\n\t\t\t\t<\/div>\n\t\t\t\t\t<\/div>\n\t\t\t\t<\/div>\n\t\t<div class=\"elementor-element elementor-element-df0f57b e-flex e-con-boxed e-con e-parent\" data-id=\"df0f57b\" data-element_type=\"container\" data-e-type=\"container\" data-settings=\"{&quot;background_background&quot;:&quot;gradient&quot;}\">\n\t\t\t\t\t<div class=\"e-con-inner\">\n\t\t<div class=\"elementor-element elementor-element-cc9f8ce e-con-full e-flex elementor-invisible e-con e-child\" data-id=\"cc9f8ce\" data-element_type=\"container\" data-e-type=\"container\" data-settings=\"{&quot;animation&quot;:&quot;fadeIn&quot;}\">\n\t\t\t\t<div class=\"elementor-element elementor-element-2e31307 elementor-widget elementor-widget-heading\" data-id=\"2e31307\" data-element_type=\"widget\" data-e-type=\"widget\" data-widget_type=\"heading.default\">\n\t\t\t\t<div class=\"elementor-widget-container\">\n\t\t\t\t\t<h2 class=\"elementor-heading-title elementor-size-default\"> Int\u00e9ress\u00e9 par nos services de rapports d'QI ?<\/h2>\t\t\t\t<\/div>\n\t\t\t\t<\/div>\n\t\t\t\t<div class=\"elementor-element elementor-element-4095cf4 elementor-widget elementor-widget-heading\" data-id=\"4095cf4\" data-element_type=\"widget\" data-e-type=\"widget\" data-widget_type=\"heading.default\">\n\t\t\t\t<div class=\"elementor-widget-container\">\n\t\t\t\t\t<h2 class=\"elementor-heading-title elementor-size-default\">Cliquez sur le bouton ci-contre pour demander plus d'informations<\/h2>\t\t\t\t<\/div>\n\t\t\t\t<\/div>\n\t\t\t\t<\/div>\n\t\t<div class=\"elementor-element elementor-element-233a4e9 e-con-full e-flex elementor-invisible e-con e-child\" data-id=\"233a4e9\" data-element_type=\"container\" data-e-type=\"container\" data-settings=\"{&quot;animation&quot;:&quot;fadeIn&quot;,&quot;animation_delay&quot;:200}\">\n\t\t\t\t<div class=\"elementor-element elementor-element-b6cdfda elementor-align-center elementor-widget elementor-widget-button\" data-id=\"b6cdfda\" data-element_type=\"widget\" data-e-type=\"widget\" data-widget_type=\"button.default\">\n\t\t\t\t<div class=\"elementor-widget-container\">\n\t\t\t\t\t\t\t\t\t<div class=\"elementor-button-wrapper\">\n\t\t\t\t\t<a class=\"elementor-button elementor-button-link elementor-size-sm\" href=\"\/fr\/contact-us\">\n\t\t\t\t\t\t<span class=\"elementor-button-content-wrapper\">\n\t\t\t\t\t\t\t\t\t<span class=\"elementor-button-text\">Demander plus d'informations<\/span>\n\t\t\t\t\t<\/span>\n\t\t\t\t\t<\/a>\n\t\t\t\t<\/div>\n\t\t\t\t\t\t\t\t<\/div>\n\t\t\t\t<\/div>\n\t\t\t\t<\/div>\n\t\t\t\t\t<\/div>\n\t\t\t\t<\/div>\n\t\t\t\t<\/div>\n\t\t","protected":false},"excerpt":{"rendered":"<p>Software CRS La solution pour le rapport CRS L&rsquo;\u00e9change automatique d&rsquo;informations (AEOI) exige la d\u00e9claration des comptes bancaires entre les autorit\u00e9s fiscales. CRS, Common Reporting Standard, est le mod\u00e8le utilis\u00e9 pour effectuer ce reporting. Depuis plusieurs ann\u00e9es, Best Vision soutient les institutions bancaires dans leur reporting CRS avec une solution visant \u00e0 r\u00e9duire le temps [&hellip;]<\/p>\n","protected":false},"author":1,"featured_media":0,"parent":0,"menu_order":0,"comment_status":"closed","ping_status":"closed","template":"","meta":{"footnotes":""},"class_list":["post-1408","page","type-page","status-publish","hentry"],"rttpg_featured_image_url":null,"rttpg_author":{"display_name":"DavidSoto","author_link":"https:\/\/bestreporting.ch\/fr\/author\/davidsoto\/"},"rttpg_comment":0,"rttpg_category":" <a href=\"https:\/\/bestreporting.ch\/fr\/?taxonomy=translation_priority&#038;term=facultatif\" rel=\"tag\">Facultatif<\/a>","rttpg_excerpt":"Software CRS La solution pour le rapport CRS L&rsquo;\u00e9change automatique d&rsquo;informations (AEOI) exige la d\u00e9claration des comptes bancaires entre les autorit\u00e9s fiscales. CRS, Common Reporting Standard, est le mod\u00e8le utilis\u00e9 pour effectuer ce reporting. Depuis plusieurs ann\u00e9es, Best Vision soutient les institutions bancaires dans leur reporting CRS avec une solution visant \u00e0 r\u00e9duire le temps\u2026","_links":{"self":[{"href":"https:\/\/bestreporting.ch\/fr\/wp-json\/wp\/v2\/pages\/1408","targetHints":{"allow":["GET"]}}],"collection":[{"href":"https:\/\/bestreporting.ch\/fr\/wp-json\/wp\/v2\/pages"}],"about":[{"href":"https:\/\/bestreporting.ch\/fr\/wp-json\/wp\/v2\/types\/page"}],"author":[{"embeddable":true,"href":"https:\/\/bestreporting.ch\/fr\/wp-json\/wp\/v2\/users\/1"}],"replies":[{"embeddable":true,"href":"https:\/\/bestreporting.ch\/fr\/wp-json\/wp\/v2\/comments?post=1408"}],"version-history":[{"count":10,"href":"https:\/\/bestreporting.ch\/fr\/wp-json\/wp\/v2\/pages\/1408\/revisions"}],"predecessor-version":[{"id":2092,"href":"https:\/\/bestreporting.ch\/fr\/wp-json\/wp\/v2\/pages\/1408\/revisions\/2092"}],"wp:attachment":[{"href":"https:\/\/bestreporting.ch\/fr\/wp-json\/wp\/v2\/media?parent=1408"}],"curies":[{"name":"wp","href":"https:\/\/api.w.org\/{rel}","templated":true}]}}