{"id":1403,"date":"2023-10-21T01:04:04","date_gmt":"2023-10-21T01:04:04","guid":{"rendered":"https:\/\/bestreporting.ch\/responsabilite\/"},"modified":"2023-10-23T19:23:16","modified_gmt":"2023-10-23T19:23:16","slug":"responsabilite","status":"publish","type":"page","link":"https:\/\/bestreporting.ch\/fr\/responsabilite\/","title":{"rendered":"Responsabilit\u00e9"},"content":{"rendered":"\t\t<div data-elementor-type=\"wp-page\" data-elementor-id=\"1403\" class=\"elementor elementor-1403 elementor-690\">\n\t\t\t\t<div class=\"elementor-element elementor-element-d84a7a8 e-flex e-con-boxed e-con e-parent\" data-id=\"d84a7a8\" data-element_type=\"container\" data-e-type=\"container\" data-settings=\"{&quot;background_background&quot;:&quot;classic&quot;}\">\n\t\t\t\t\t<div class=\"e-con-inner\">\n\t\t\t\t<div class=\"elementor-element elementor-element-4561164 elementor-invisible elementor-widget elementor-widget-heading\" data-id=\"4561164\" data-element_type=\"widget\" data-e-type=\"widget\" data-settings=\"{&quot;_animation&quot;:&quot;fadeIn&quot;}\" data-widget_type=\"heading.default\">\n\t\t\t\t<div class=\"elementor-widget-container\">\n\t\t\t\t\t<h2 class=\"elementor-heading-title elementor-size-default\">Responsabilit\u00e9<\/h2>\t\t\t\t<\/div>\n\t\t\t\t<\/div>\n\t\t\t\t\t<\/div>\n\t\t\t\t<\/div>\n\t\t<div class=\"elementor-element elementor-element-f276d9b e-flex e-con-boxed e-con e-parent\" data-id=\"f276d9b\" data-element_type=\"container\" data-e-type=\"container\">\n\t\t\t\t\t<div class=\"e-con-inner\">\n\t\t\t\t<div class=\"elementor-element elementor-element-63d0608 elementor-widget elementor-widget-text-editor\" data-id=\"63d0608\" data-element_type=\"widget\" data-e-type=\"widget\" data-widget_type=\"text-editor.default\">\n\t\t\t\t<div class=\"elementor-widget-container\">\n\t\t\t\t\t\t\t\t\t<h3>Conditions d\u2019utilisation<\/h3><p class=\"p1\">Le site bestvision.group est la propri\u00e9t\u00e9 exclusive de Best Vision Group, (ci-apr\u00e8s d\u00e9nomm\u00e9 \u2018Best Vision\u2019 ou \u2018Best Vision Group\u2019). L\u2019acc\u00e8s et la navigation sur le site par les utilisateurs individuels sont gratuits et soumis \u00e0 l\u2019acceptation des termes et conditions des pr\u00e9sentes mentions l\u00e9gales. L\u2019utilisateur reconna\u00eet et, en tout \u00e9tat de cause, accepte : (i) que Best Vision se r\u00e9serve le droit de modifier les termes et conditions des pr\u00e9sentes mentions l\u00e9gales \u00e0 tout moment, en communiquant les modifications aux utilisateurs au moyen d\u2019un avis g\u00e9n\u00e9ral joint au site ou au moyen d\u2019un lien vers cet avis et (ii) qu\u2019\u00e0 compter de chaque avis g\u00e9n\u00e9ral mentionn\u00e9 ci-dessus, les mentions l\u00e9gales modifi\u00e9es constitueront les nouveaux termes et conditions d\u2019acc\u00e8s et de navigation sur le Site (les pr\u00e9sentes mentions l\u00e9gales, comme progressivement les \u00a0\u00bb Mentions l\u00e9gales \u00ab\u00a0, sont sujettes \u00e0 des modifications potentielles permanentes).<\/p><p class=\"p1\"><b>Droit applicable<\/b><\/p><p class=\"p1\">Pour l\u2019Europe, les notes l\u00e9gales sont r\u00e9gies par le droit suisse, Cour de Gen\u00e8ve. Pour l\u2019Am\u00e9rique, les notes l\u00e9gales sont r\u00e9gies par la loi des \u00c9tats-Unis d\u2019Am\u00e9rique, la Cour de Miami.<\/p><p class=\"p1\">Pour l\u2019Afrique, l\u2019aide-m\u00e9moire est r\u00e9gi par le droit suisse, Tribunal de Gen\u00e8ve.<\/p><p class=\"p1\">Pour l\u2019Asie, l\u2019aide-m\u00e9moire est r\u00e9gi par le droit suisse, Tribunal de Gen\u00e8ve.<\/p><p class=\"p1\">Pour l\u2019Australie, les notes juridiques sont r\u00e9gies par le droit des \u00c9tats-Unis d\u2019Am\u00e9rique, Cour de Miami.<\/p><p class=\"p1\"><b>Droits de propri\u00e9t\u00e9 intellectuelle<\/b><\/p><ul><li>Le contenu du Site, \u00e0 titre d\u2019exemple et non limitatif, les \u0153uvres, images, photographies, dialogues, musiques, sons, vid\u00e9os, textes et tout autre mat\u00e9riel sous quelque format que ce soit, y compris, \u00e0 titre d\u2019exemple et non limitatif, les menus, pages web, graphiques, couleurs, sch\u00e9mas, outils, caract\u00e8res, design, sch\u00e9mas, conceptions, m\u00e9thodes, proc\u00e9d\u00e9s, fonctions et logiciels (individuellement et\/ou collectivement \u2018Contenu\u2019) et les signes et\/ou logos distinctifs relatifs sont la propri\u00e9t\u00e9 exclusive de BestVision ou \u00e0 sa disposition exclusive, et ne peuvent en aucun cas \u00eatre utilis\u00e9s de quelque mani\u00e8re que ce soit et\/ou sous quelque forme que ce soit sans l\u2019accord \u00e9crit pr\u00e9alable de Best Vision.<\/li><li>Sauf mention contraire expresse sur le Site, le contenu ne peut \u00eatre regard\u00e9 et\/ou \u00e9cout\u00e9 qu\u2019en mode \u00e2\u20ac\u02dcStreaming\u00e2\u20ac\u2122. \u2018Streaming\u2019 signifie la modalit\u00e9 de visualisation et\/ou d\u2019\u00e9coute du contenu en temps r\u00e9el et aucun besoin et\/ou possibilit\u00e9 de reproduction, temporaire ou permanente, distribution, redistribution, communication au public ou autre utilisation, sous quelque forme que ce soit ou sous une forme diff\u00e9rente du \u2018Streaming\u2019 d\u00e9fini ici.<\/li><li>Dans le cas o\u00f9 des codes de liaison sont fournis sur le Site Embedding li\u00e9s \u00e0 un contenu sp\u00e9cifique, ces codes ne peuvent \u00eatre utilis\u00e9s par les utilisateurs que pour leur propre usage direct, personnel et priv\u00e9 et tant que l\u2019utilisation susmentionn\u00e9e ne se produit pas \u00e0 des fins de type directement ou indirectement.<\/li><li>Toute utilisation de codes et\/ou de contenus en violation des limites indiqu\u00e9es dans les Notes L\u00e9gales, ou autrement contraire \u00e0 la loi, est ill\u00e9gale et, par cons\u00e9quent, sera sanctionn\u00e9e par Best Vision.<\/li><li>Les marques d\u00e9pos\u00e9es et les logos \u2018Best Vision\u2019, y compris le nom de domaine \u2018bestvision.group\u2019, sont disponibles exclusivement pour les soci\u00e9t\u00e9s du groupe BestVision. Ces marques, logos et domaines ne peuvent \u00eatre utilis\u00e9s de quelque mani\u00e8re que ce soit sans l\u2019accord \u00e9crit pr\u00e9alable de Best Vision.<\/li><\/ul><p class=\"p1\"><b>Liens vers d\u2019autres sites web<\/b><\/p><ul><li>Le site peut contenir des liens textuels (les \u00e2\u20ac\u02dclinks\u00e2\u20ac\u2122) vers d\u2019autres sites web qui n\u2019ont aucun lien avec le site. Best Vision ne contr\u00f4le ni ne supervise ces sites web, leur contenu et leurs r\u00e8gles.<\/li><li>Tout lien vers d\u2019autres sites web ne doit en aucun cas \u00eatre compris comme une activit\u00e9 de Best Vision visant \u00e0 promouvoir ces sites et\/ou le contenu qui y est affich\u00e9.<\/li><\/ul><p class=\"p1\"><b>Cookies<\/b><\/p><p class=\"p1\">Le Site peut contenir des cookies de session (qui ne sont pas stock\u00e9s de mani\u00e8re permanente sur l\u2019ordinateur de l\u2019utilisateur\u00e2\u20ac\u2122s et disparaissent lorsqu\u2019il ferme le navigateur) pour permettre aux utilisateurs de mieux utiliser le Site. Pour recevoir des cookies peut configurer votre navigateur avec l\u2019intention d\u2019\u00eatre notifi\u00e9 de la pr\u00e9sence de cookies et ensuite d\u00e9cider de les accepter ou non.<\/p><p class=\"p1\">Le navigateur aussi peut \u00eatre configur\u00e9 pour rejeter automatiquement tous les cookies ; dans ce cas, il est toutefois possible que l\u2019utilisateur ne puisse pas acc\u00e9der \u00e0 tous les services disponibles sur le Site.<\/p><p class=\"p1\"><b>Limites de responsabilit\u00e9<\/b><\/p><ul><li>L\u2019utilisateur reconna\u00eet et accepte que son acc\u00e8s et sa navigation sur le Site se font \u00e0 ses risques et p\u00e9rils et sous sa responsabilit\u00e9 exclusive.<\/li><li>L\u2019utilisateur reconna\u00eet et accepte \u00e9galement que le Site est fourni \u2018en l\u2019\u00e9tat\u2019 et \u2018tel que disponible\u2019 et qu\u2019il peut \u00eatre temporairement inaccessible ou contenir des d\u00e9fauts ou des retards courants.<\/li><li>Best Vision n\u2019assume aucune responsabilit\u00e9 quant au contenu, au mat\u00e9riel et\/ou aux informations saisies sur le Site par les utilisateurs dans les espaces virtuels des programmes que Best Vision met \u00e0 la disposition des utilisateurs pour l\u2019interaction avec le Site (\u00e2\u20ac\u02dcUser Content\u00e2\u20ac\u2122).<\/li><li>Best Vision ne sera pas responsable de toute perte ou dommage d\u00e9coulant de ou li\u00e9 de quelque mani\u00e8re que ce soit \u00e0 l\u2019utilisation ou au fonctionnement du Site, y compris, entre autres, les dommages pour perte d\u2019activit\u00e9, perte de profits, interruption d\u2019activit\u00e9, perte d\u2019informations commerciales et\/ou tout autre type de perte p\u00e9cuniaire, sauf en cas de faute intentionnelle ou de n\u00e9gligence grave de Best Vision.<\/li><\/ul><p class=\"p1\"><b>Rapport d\u2019abus<\/b><\/p><ul><li class=\"p1\">Les utilisateurs qui ont identifi\u00e9 un Contenu d\u2019utilisateur qu\u2019ils consid\u00e8rent comme ill\u00e9gal, inappropri\u00e9, offensant ou vulgaire doivent en informer Best Vision imm\u00e9diatement, en remplissant le formulaire de signalement d\u2019abus disponible sur le Site, en bas de la page d\u2019accueil.<\/li><li class=\"p1\">L\u2019utilisateur est invit\u00e9 \u00e0 faire un usage responsable de ses signalements. Les signalements qui s\u2019av\u00e8reraient infond\u00e9s et\/ou ill\u00e9gitimes seront source de responsabilit\u00e9 pour vous.<\/li><\/ul><p class=\"p1\"><b>Droit applicable<\/b><\/p><p class=\"p1\">Les mentions l\u00e9gales sont r\u00e9gies par le droit suisse, Tribunal de Gen\u00e8ve.<\/p><p class=\"p1\"><b>Best Vision Group<\/b><\/p>\t\t\t\t\t\t\t\t<\/div>\n\t\t\t\t<\/div>\n\t\t\t\t\t<\/div>\n\t\t\t\t<\/div>\n\t\t\t\t<\/div>\n\t\t","protected":false},"excerpt":{"rendered":"<p>Responsabilit\u00e9 Conditions d\u2019utilisation Le site bestvision.group est la propri\u00e9t\u00e9 exclusive de Best Vision Group, (ci-apr\u00e8s d\u00e9nomm\u00e9 \u2018Best Vision\u2019 ou \u2018Best Vision Group\u2019). L\u2019acc\u00e8s et la navigation sur le site par les utilisateurs individuels sont gratuits et soumis \u00e0 l\u2019acceptation des termes et conditions des pr\u00e9sentes mentions l\u00e9gales. L\u2019utilisateur reconna\u00eet et, en tout \u00e9tat de cause, [&hellip;]<\/p>\n","protected":false},"author":1,"featured_media":0,"parent":0,"menu_order":0,"comment_status":"closed","ping_status":"closed","template":"","meta":{"footnotes":""},"class_list":["post-1403","page","type-page","status-publish","hentry"],"rttpg_featured_image_url":null,"rttpg_author":{"display_name":"DavidSoto","author_link":"https:\/\/bestreporting.ch\/fr\/author\/davidsoto\/"},"rttpg_comment":0,"rttpg_category":" <a href=\"https:\/\/bestreporting.ch\/fr\/?taxonomy=translation_priority&#038;term=facultatif\" rel=\"tag\">Facultatif<\/a>","rttpg_excerpt":"Responsabilit\u00e9 Conditions d\u2019utilisation Le site bestvision.group est la propri\u00e9t\u00e9 exclusive de Best Vision Group, (ci-apr\u00e8s d\u00e9nomm\u00e9 \u2018Best Vision\u2019 ou \u2018Best Vision Group\u2019). L\u2019acc\u00e8s et la navigation sur le site par les utilisateurs individuels sont gratuits et soumis \u00e0 l\u2019acceptation des termes et conditions des pr\u00e9sentes mentions l\u00e9gales. L\u2019utilisateur reconna\u00eet et, en tout \u00e9tat de cause,\u2026","_links":{"self":[{"href":"https:\/\/bestreporting.ch\/fr\/wp-json\/wp\/v2\/pages\/1403","targetHints":{"allow":["GET"]}}],"collection":[{"href":"https:\/\/bestreporting.ch\/fr\/wp-json\/wp\/v2\/pages"}],"about":[{"href":"https:\/\/bestreporting.ch\/fr\/wp-json\/wp\/v2\/types\/page"}],"author":[{"embeddable":true,"href":"https:\/\/bestreporting.ch\/fr\/wp-json\/wp\/v2\/users\/1"}],"replies":[{"embeddable":true,"href":"https:\/\/bestreporting.ch\/fr\/wp-json\/wp\/v2\/comments?post=1403"}],"version-history":[{"count":4,"href":"https:\/\/bestreporting.ch\/fr\/wp-json\/wp\/v2\/pages\/1403\/revisions"}],"predecessor-version":[{"id":1407,"href":"https:\/\/bestreporting.ch\/fr\/wp-json\/wp\/v2\/pages\/1403\/revisions\/1407"}],"wp:attachment":[{"href":"https:\/\/bestreporting.ch\/fr\/wp-json\/wp\/v2\/media?parent=1403"}],"curies":[{"name":"wp","href":"https:\/\/api.w.org\/{rel}","templated":true}]}}