{"id":1317,"date":"2023-10-20T18:08:23","date_gmt":"2023-10-20T18:08:23","guid":{"rendered":"https:\/\/bestreporting.ch\/quienes-somos\/"},"modified":"2024-05-27T13:26:19","modified_gmt":"2024-05-27T13:26:19","slug":"quienes-somos","status":"publish","type":"page","link":"https:\/\/bestreporting.ch\/es\/quienes-somos\/","title":{"rendered":"Qui\u00e9nes somos"},"content":{"rendered":"\t\t<div data-elementor-type=\"wp-page\" data-elementor-id=\"1317\" class=\"elementor elementor-1317 elementor-53\">\n\t\t\t\t<div class=\"elementor-element elementor-element-ac0f9d6 e-flex e-con-boxed e-con e-parent\" data-id=\"ac0f9d6\" data-element_type=\"container\" data-e-type=\"container\" data-settings=\"{&quot;background_background&quot;:&quot;classic&quot;}\">\n\t\t\t\t\t<div class=\"e-con-inner\">\n\t\t\t\t<div class=\"elementor-element elementor-element-59c98d2 elementor-invisible elementor-widget elementor-widget-heading\" data-id=\"59c98d2\" data-element_type=\"widget\" data-e-type=\"widget\" data-settings=\"{&quot;_animation&quot;:&quot;fadeIn&quot;,&quot;_animation_delay&quot;:0}\" data-widget_type=\"heading.default\">\n\t\t\t\t<div class=\"elementor-widget-container\">\n\t\t\t\t\t<h2 class=\"elementor-heading-title elementor-size-default\">Qui\u00e9nes somos<\/h2>\t\t\t\t<\/div>\n\t\t\t\t<\/div>\n\t\t\t\t\t<\/div>\n\t\t\t\t<\/div>\n\t\t<div class=\"elementor-element elementor-element-9b32e33 e-flex e-con-boxed e-con e-parent\" data-id=\"9b32e33\" data-element_type=\"container\" data-e-type=\"container\">\n\t\t\t\t\t<div class=\"e-con-inner\">\n\t\t<div class=\"elementor-element elementor-element-d54d20a e-con-full e-flex elementor-invisible e-con e-child\" data-id=\"d54d20a\" data-element_type=\"container\" data-e-type=\"container\" data-settings=\"{&quot;animation&quot;:&quot;fadeIn&quot;}\">\n\t\t\t\t<div class=\"elementor-element elementor-element-e2d1f25 elementor-widget elementor-widget-heading\" data-id=\"e2d1f25\" data-element_type=\"widget\" data-e-type=\"widget\" data-widget_type=\"heading.default\">\n\t\t\t\t<div class=\"elementor-widget-container\">\n\t\t\t\t\t<h2 class=\"elementor-heading-title elementor-size-default\">Nuestras mejores habilidades tributarias y de TI se combinan en una soluci\u00f3n que:<\/h2>\t\t\t\t<\/div>\n\t\t\t\t<\/div>\n\t\t\t\t<div class=\"elementor-element elementor-element-70bf248 elementor-widget elementor-widget-text-editor\" data-id=\"70bf248\" data-element_type=\"widget\" data-e-type=\"widget\" data-widget_type=\"text-editor.default\">\n\t\t\t\t<div class=\"elementor-widget-container\">\n\t\t\t\t\t\t\t\t\t<p>\u2022 Simplifica su negocio<br \/>\u2022 Integra y automatiza procesos<br \/>\u2022 Reduce el tiempo y los riesgos operativos<\/p>\n\t\t\t\t\t\t\t\t<\/div>\n\t\t\t\t<\/div>\n\t\t\t\t<div class=\"elementor-element elementor-element-9373fd5 elementor-align-left elementor-widget elementor-widget-button\" data-id=\"9373fd5\" data-element_type=\"widget\" data-e-type=\"widget\" data-widget_type=\"button.default\">\n\t\t\t\t<div class=\"elementor-widget-container\">\n\t\t\t\t\t\t\t\t\t<div class=\"elementor-button-wrapper\">\n\t\t\t\t\t<a class=\"elementor-button elementor-button-link elementor-size-sm\" href=\"https:\/\/bestreporting.ch\/es\/contactenos\/\">\n\t\t\t\t\t\t<span class=\"elementor-button-content-wrapper\">\n\t\t\t\t\t\t\t\t\t<span class=\"elementor-button-text\">Cont\u00e1ctenos<\/span>\n\t\t\t\t\t<\/span>\n\t\t\t\t\t<\/a>\n\t\t\t\t<\/div>\n\t\t\t\t\t\t\t\t<\/div>\n\t\t\t\t<\/div>\n\t\t\t\t<\/div>\n\t\t<div class=\"elementor-element elementor-element-2710aad e-con-full e-flex elementor-invisible e-con e-child\" data-id=\"2710aad\" data-element_type=\"container\" data-e-type=\"container\" data-settings=\"{&quot;animation&quot;:&quot;fadeIn&quot;,&quot;animation_delay&quot;:200}\">\n\t\t\t\t<div class=\"elementor-element elementor-element-b6b66d7 elementor-widget elementor-widget-image\" data-id=\"b6b66d7\" data-element_type=\"widget\" data-e-type=\"widget\" data-widget_type=\"image.default\">\n\t\t\t\t<div class=\"elementor-widget-container\">\n\t\t\t\t\t\t\t\t\t\t\t\t\t\t\t<img fetchpriority=\"high\" decoding=\"async\" width=\"640\" height=\"356\" src=\"https:\/\/bestreporting.ch\/wp-content\/uploads\/2023\/10\/chi-siamo-foto1-bestreporting.jpg\" class=\"attachment-large size-large wp-image-306\" alt=\"\" srcset=\"https:\/\/bestreporting.ch\/wp-content\/uploads\/2023\/10\/chi-siamo-foto1-bestreporting.jpg 990w, https:\/\/bestreporting.ch\/wp-content\/uploads\/2023\/10\/chi-siamo-foto1-bestreporting-300x167.webp 300w, https:\/\/bestreporting.ch\/wp-content\/uploads\/2023\/10\/chi-siamo-foto1-bestreporting-768x427.webp 768w\" sizes=\"(max-width: 640px) 100vw, 640px\" \/>\t\t\t\t\t\t\t\t\t\t\t\t\t\t\t<\/div>\n\t\t\t\t<\/div>\n\t\t\t\t<\/div>\n\t\t\t\t\t<\/div>\n\t\t\t\t<\/div>\n\t\t<div class=\"elementor-element elementor-element-665105e e-flex e-con-boxed e-con e-parent\" data-id=\"665105e\" data-element_type=\"container\" data-e-type=\"container\" data-settings=\"{&quot;background_background&quot;:&quot;classic&quot;}\">\n\t\t\t\t\t<div class=\"e-con-inner\">\n\t\t<div class=\"elementor-element elementor-element-eb13535 e-con-full e-flex elementor-invisible e-con e-child\" data-id=\"eb13535\" data-element_type=\"container\" data-e-type=\"container\" data-settings=\"{&quot;animation&quot;:&quot;fadeIn&quot;}\">\n\t\t\t\t<div class=\"elementor-element elementor-element-3ffcb47 elementor-widget elementor-widget-text-editor\" data-id=\"3ffcb47\" data-element_type=\"widget\" data-e-type=\"widget\" data-widget_type=\"text-editor.default\">\n\t\t\t\t<div class=\"elementor-widget-container\">\n\t\t\t\t\t\t\t\t\t<h3>NUESTRA HISTORIA<\/h3>\n<p><a href=\"http:\/\/bestvision.solutions\/\" target=\"_blank\" rel=\"noopener noreferrer\">Best Vision Solutions &amp; Services LTD<\/a> proporciona servicios administrativos y de TI para instituciones financieras. A trav\u00e9s de nuestras oficinas en <strong>Suiza, Europa y Am\u00e9rica<\/strong>, ofrecemos nuestros servicios a clientes internacionales.<\/p>\n<p><strong>Best Vision<\/strong> comenz\u00f3 en <strong>1977<\/strong>, a\u00f1o en el que se fund\u00f3 la primera empresa del grupo Best Vision Holding Ltd. Creada para desarrollar software bancario, ha ido captando las necesidades del mercado, desarrollando una oferta m\u00e1s amplia y especializada.<\/p>\n\t\t\t\t\t\t\t\t<\/div>\n\t\t\t\t<\/div>\n\t\t\t\t<\/div>\n\t\t<div class=\"elementor-element elementor-element-9f77a42 e-con-full e-flex elementor-invisible e-con e-child\" data-id=\"9f77a42\" data-element_type=\"container\" data-e-type=\"container\" data-settings=\"{&quot;animation&quot;:&quot;fadeIn&quot;,&quot;animation_delay&quot;:200}\">\n\t\t\t\t<div class=\"elementor-element elementor-element-eb41595 elementor-widget elementor-widget-text-editor\" data-id=\"eb41595\" data-element_type=\"widget\" data-e-type=\"widget\" data-widget_type=\"text-editor.default\">\n\t\t\t\t<div class=\"elementor-widget-container\">\n\t\t\t\t\t\t\t\t\t<p><a href=\"https:\/\/bestvision.group\/\" target=\"_blank\" rel=\"noopener noreferrer\">Best Vision Group<\/a> cuenta ahora con <strong>18 empresas<\/strong> y una red de habilidades diferentes y complementarias como TI, back-office y consultor\u00eda. Esta sinergia de elementos crea oportunidades y soluciones innovadoras para nuestros clientes.<\/p>\n<p>En 2002, de una de estas sinergias naci\u00f3 <a title=\"P\u00e1gina de inicio bestreporting.ch\" href=\"https:\/\/reporting.consultoresdetecnologia.com\/\">BEST IRS<\/a>. Creciendo con el tiempo es ahora la soluci\u00f3n que respalda a muchos <strong>QI<\/strong> cada a\u00f1o a trav\u00e9s de un servicio personalizado e integral.<\/p>\n\t\t\t\t\t\t\t\t<\/div>\n\t\t\t\t<\/div>\n\t\t\t\t<\/div>\n\t\t\t\t\t<\/div>\n\t\t\t\t<\/div>\n\t\t<div class=\"elementor-element elementor-element-e46c6a9 e-flex e-con-boxed e-con e-parent\" data-id=\"e46c6a9\" data-element_type=\"container\" data-e-type=\"container\">\n\t\t\t\t\t<div class=\"e-con-inner\">\n\t\t<div class=\"elementor-element elementor-element-d2ec6de e-con-full e-flex elementor-invisible e-con e-child\" data-id=\"d2ec6de\" data-element_type=\"container\" data-e-type=\"container\" data-settings=\"{&quot;animation&quot;:&quot;fadeIn&quot;}\">\n\t\t\t\t<div class=\"elementor-element elementor-element-efed433 elementor-widget elementor-widget-heading\" data-id=\"efed433\" data-element_type=\"widget\" data-e-type=\"widget\" data-widget_type=\"heading.default\">\n\t\t\t\t<div class=\"elementor-widget-container\">\n\t\t\t\t\t<h2 class=\"elementor-heading-title elementor-size-default\">EL EQUIPO DE INFORMES DE QI<\/h2>\t\t\t\t<\/div>\n\t\t\t\t<\/div>\n\t\t\t\t<div class=\"elementor-element elementor-element-acd4e89 elementor-widget elementor-widget-text-editor\" data-id=\"acd4e89\" data-element_type=\"widget\" data-e-type=\"widget\" data-widget_type=\"text-editor.default\">\n\t\t\t\t<div class=\"elementor-widget-container\">\n\t\t\t\t\t\t\t\t\t<div id=\"testo_team\" class=\"div_sx1\">\n<p>Nuestro equipo est\u00e1 formado por personas con una s\u00f3lida formaci\u00f3n en negocios y\/o desarrollo de software para el mundo financiero. La colaboraci\u00f3n de elementos heterog\u00e9neos y el clima proactivo nos han permitido desarrollar y hacer crecer <strong>BEST IRS<\/strong>, hasta convertirlo en lo que es hoy.<\/p>\n<p>Diferentes en muchos aspectos, compartimos el deseo de continuar creando algo innovador y funcional que ayude a m\u00e1s y m\u00e1s instituciones en sus actividades de presentaci\u00f3n de informes de calidad de vida.<\/p>\n<p>El elemento distintivo del equipo es la <strong>capacidad de observar y escuchar<\/strong>. Observamos cambios externos en regulaciones y operaciones y siempre estamos atentos a lo que nuestros clientes tienen que decirnos. Esta actitud nos ha permitido encontrar nuevas y mejores soluciones.<\/p>\n<\/div>\n\t\t\t\t\t\t\t\t<\/div>\n\t\t\t\t<\/div>\n\t\t\t\t<\/div>\n\t\t<div class=\"elementor-element elementor-element-a39dc32 e-con-full e-flex elementor-invisible e-con e-child\" data-id=\"a39dc32\" data-element_type=\"container\" data-e-type=\"container\" data-settings=\"{&quot;animation&quot;:&quot;fadeIn&quot;,&quot;animation_delay&quot;:200}\">\n\t\t\t\t<div class=\"elementor-element elementor-element-89b0b48 elementor-widget elementor-widget-image\" data-id=\"89b0b48\" data-element_type=\"widget\" data-e-type=\"widget\" data-widget_type=\"image.default\">\n\t\t\t\t<div class=\"elementor-widget-container\">\n\t\t\t\t\t\t\t\t\t\t\t\t\t\t\t<img decoding=\"async\" width=\"640\" height=\"360\" src=\"https:\/\/bestreporting.ch\/wp-content\/uploads\/2023\/11\/aerial-view-business-team-jpg.webp\" class=\"attachment-large size-large wp-image-2060\" alt=\"\" srcset=\"https:\/\/bestreporting.ch\/wp-content\/uploads\/2023\/11\/aerial-view-business-team-jpg.webp 1000w, https:\/\/bestreporting.ch\/wp-content\/uploads\/2023\/11\/aerial-view-business-team-300x169.webp 300w, https:\/\/bestreporting.ch\/wp-content\/uploads\/2023\/11\/aerial-view-business-team-768x432.webp 768w\" sizes=\"(max-width: 640px) 100vw, 640px\" \/>\t\t\t\t\t\t\t\t\t\t\t\t\t\t\t<\/div>\n\t\t\t\t<\/div>\n\t\t\t\t<\/div>\n\t\t\t\t\t<\/div>\n\t\t\t\t<\/div>\n\t\t<div class=\"elementor-element elementor-element-779ce73 e-flex e-con-boxed e-con e-parent\" data-id=\"779ce73\" data-element_type=\"container\" data-e-type=\"container\">\n\t\t\t\t\t<div class=\"e-con-inner\">\n\t\t<div class=\"elementor-element elementor-element-14443db e-con-full e-flex elementor-invisible e-con e-child\" data-id=\"14443db\" data-element_type=\"container\" data-e-type=\"container\" data-settings=\"{&quot;animation&quot;:&quot;fadeIn&quot;,&quot;animation_delay&quot;:0}\">\n\t\t\t\t<div class=\"elementor-element elementor-element-cf93b20 elementor-widget elementor-widget-image\" data-id=\"cf93b20\" data-element_type=\"widget\" data-e-type=\"widget\" data-widget_type=\"image.default\">\n\t\t\t\t<div class=\"elementor-widget-container\">\n\t\t\t\t\t\t\t\t\t\t\t\t\t\t\t<img decoding=\"async\" width=\"640\" height=\"427\" src=\"https:\/\/bestreporting.ch\/wp-content\/uploads\/2023\/10\/modern-office-building-low-angle-view-skyscrapers-city-singapore-modern-office-building-low-angle-view-skyscrapers-city-singapore-jpg.webp\" class=\"attachment-large size-large wp-image-319\" alt=\"\" \/>\t\t\t\t\t\t\t\t\t\t\t\t\t\t\t<\/div>\n\t\t\t\t<\/div>\n\t\t\t\t<\/div>\n\t\t<div class=\"elementor-element elementor-element-bdfd1db e-con-full e-flex elementor-invisible e-con e-child\" data-id=\"bdfd1db\" data-element_type=\"container\" data-e-type=\"container\" data-settings=\"{&quot;animation&quot;:&quot;fadeIn&quot;,&quot;animation_delay&quot;:200}\">\n\t\t\t\t<div class=\"elementor-element elementor-element-0e87cec elementor-widget elementor-widget-heading\" data-id=\"0e87cec\" data-element_type=\"widget\" data-e-type=\"widget\" data-widget_type=\"heading.default\">\n\t\t\t\t<div class=\"elementor-widget-container\">\n\t\t\t\t\t<h2 class=\"elementor-heading-title elementor-size-default\">VALORES DE LA EMPRESA<\/h2>\t\t\t\t<\/div>\n\t\t\t\t<\/div>\n\t\t\t\t<div class=\"elementor-element elementor-element-7424109 elementor-widget elementor-widget-text-editor\" data-id=\"7424109\" data-element_type=\"widget\" data-e-type=\"widget\" data-widget_type=\"text-editor.default\">\n\t\t\t\t<div class=\"elementor-widget-container\">\n\t\t\t\t\t\t\t\t\t<div id=\"testo_team\" class=\"div_sx1\"><p>Competencia, atenci\u00f3n y calidad son los tres elementos distintivos de nuestra oferta. Hacemos todo lo posible para garantizar que todas las actividades relacionadas con la presentaci\u00f3n de informes de los m\u00f3dulos <a title=\"Formulario 1042 ART\u00cdCULO\" href=\"https:\/\/bestreporting.ch\/es\/1042-formularios\/\">1042<\/a>, <a title=\"Formulario 1042-S ART\u00cdCULO\" href=\"https:\/\/bestreporting.ch\/es\/formularios-1042-s\/\">1042-s<\/a> sean lo m\u00e1s simples, r\u00e1pidas y seguras posible.<\/p><p>La satisfacci\u00f3n de nuestros clientes es el resultado tangible de nuestro compromiso:<\/p><blockquote><p><em>\u201cLa asistencia que brindan es impecable e indispensable. En lo que respecta al software, la herramienta me parece muy \u00fatil, intuitiva y f\u00e1cil de interactuar.<\/em><\/p><\/blockquote><blockquote><p><em>\u201cServicio puntual y eficaz. Siempre al d\u00eda con las \u00faltimas novedades regulatorias. Altamente recomendado para todos sus requisitos de declaraci\u00f3n del IRS\u201d.<\/em><\/p><\/blockquote><blockquote><p><em>\u00abEs usted un proveedor muy confiable y profesional\u00bb.<\/em><\/p><\/blockquote><\/div>\t\t\t\t\t\t\t\t<\/div>\n\t\t\t\t<\/div>\n\t\t\t\t<\/div>\n\t\t\t\t\t<\/div>\n\t\t\t\t<\/div>\n\t\t<div class=\"elementor-element elementor-element-917f0fa e-flex e-con-boxed e-con e-parent\" data-id=\"917f0fa\" data-element_type=\"container\" data-e-type=\"container\" data-settings=\"{&quot;background_background&quot;:&quot;gradient&quot;}\">\n\t\t\t\t\t<div class=\"e-con-inner\">\n\t\t<div class=\"elementor-element elementor-element-8c28c00 e-con-full e-flex elementor-invisible e-con e-child\" data-id=\"8c28c00\" data-element_type=\"container\" data-e-type=\"container\" data-settings=\"{&quot;animation&quot;:&quot;fadeIn&quot;}\">\n\t\t\t\t<div class=\"elementor-element elementor-element-472ef8b elementor-widget elementor-widget-heading\" data-id=\"472ef8b\" data-element_type=\"widget\" data-e-type=\"widget\" data-widget_type=\"heading.default\">\n\t\t\t\t<div class=\"elementor-widget-container\">\n\t\t\t\t\t<h2 class=\"elementor-heading-title elementor-size-default\"> \u00bfLe interesan nuestros servicios de informes QI?<\/h2>\t\t\t\t<\/div>\n\t\t\t\t<\/div>\n\t\t\t\t<div class=\"elementor-element elementor-element-ff2bbe6 elementor-widget elementor-widget-heading\" data-id=\"ff2bbe6\" data-element_type=\"widget\" data-e-type=\"widget\" data-widget_type=\"heading.default\">\n\t\t\t\t<div class=\"elementor-widget-container\">\n\t\t\t\t\t<h2 class=\"elementor-heading-title elementor-size-default\">Haga clic en el bot\u00f3n de al lado para solicitar m\u00e1s informaci\u00f3n<\/h2>\t\t\t\t<\/div>\n\t\t\t\t<\/div>\n\t\t\t\t<\/div>\n\t\t<div class=\"elementor-element elementor-element-78d20f8 e-con-full e-flex elementor-invisible e-con e-child\" data-id=\"78d20f8\" data-element_type=\"container\" data-e-type=\"container\" data-settings=\"{&quot;animation&quot;:&quot;fadeIn&quot;,&quot;animation_delay&quot;:200}\">\n\t\t\t\t<div class=\"elementor-element elementor-element-0ddfc71 elementor-align-center elementor-widget elementor-widget-button\" data-id=\"0ddfc71\" data-element_type=\"widget\" data-e-type=\"widget\" data-widget_type=\"button.default\">\n\t\t\t\t<div class=\"elementor-widget-container\">\n\t\t\t\t\t\t\t\t\t<div class=\"elementor-button-wrapper\">\n\t\t\t\t\t<a class=\"elementor-button elementor-button-link elementor-size-sm\" href=\"https:\/\/bestreporting.ch\/es\/contactenos\/\">\n\t\t\t\t\t\t<span class=\"elementor-button-content-wrapper\">\n\t\t\t\t\t\t\t\t\t<span class=\"elementor-button-text\">Solicitar m\u00e1s informaci\u00f3n<\/span>\n\t\t\t\t\t<\/span>\n\t\t\t\t\t<\/a>\n\t\t\t\t<\/div>\n\t\t\t\t\t\t\t\t<\/div>\n\t\t\t\t<\/div>\n\t\t\t\t<\/div>\n\t\t\t\t\t<\/div>\n\t\t\t\t<\/div>\n\t\t\t\t<\/div>\n\t\t","protected":false},"excerpt":{"rendered":"<p>Qui\u00e9nes somos Nuestras mejores habilidades tributarias y de TI se combinan en una soluci\u00f3n que: \u2022 Simplifica su negocio\u2022 Integra y automatiza procesos\u2022 Reduce el tiempo y los riesgos operativos Cont\u00e1ctenos NUESTRA HISTORIA Best Vision Solutions &amp; Services LTD proporciona servicios administrativos y de TI para instituciones financieras. A trav\u00e9s de nuestras oficinas en Suiza, [&hellip;]<\/p>\n","protected":false},"author":1,"featured_media":0,"parent":0,"menu_order":0,"comment_status":"closed","ping_status":"closed","template":"","meta":{"footnotes":""},"class_list":["post-1317","page","type-page","status-publish","hentry"],"rttpg_featured_image_url":null,"rttpg_author":{"display_name":"DavidSoto","author_link":"https:\/\/bestreporting.ch\/es\/author\/davidsoto\/"},"rttpg_comment":0,"rttpg_category":" <a href=\"https:\/\/bestreporting.ch\/es\/?taxonomy=translation_priority&#038;term=opcional-es\" rel=\"tag\">Opcional<\/a>","rttpg_excerpt":"Qui\u00e9nes somos Nuestras mejores habilidades tributarias y de TI se combinan en una soluci\u00f3n que: \u2022 Simplifica su negocio\u2022 Integra y automatiza procesos\u2022 Reduce el tiempo y los riesgos operativos Cont\u00e1ctenos NUESTRA HISTORIA Best Vision Solutions &amp; Services LTD proporciona servicios administrativos y de TI para instituciones financieras. A trav\u00e9s de nuestras oficinas en Suiza,&hellip;","_links":{"self":[{"href":"https:\/\/bestreporting.ch\/es\/wp-json\/wp\/v2\/pages\/1317","targetHints":{"allow":["GET"]}}],"collection":[{"href":"https:\/\/bestreporting.ch\/es\/wp-json\/wp\/v2\/pages"}],"about":[{"href":"https:\/\/bestreporting.ch\/es\/wp-json\/wp\/v2\/types\/page"}],"author":[{"embeddable":true,"href":"https:\/\/bestreporting.ch\/es\/wp-json\/wp\/v2\/users\/1"}],"replies":[{"embeddable":true,"href":"https:\/\/bestreporting.ch\/es\/wp-json\/wp\/v2\/comments?post=1317"}],"version-history":[{"count":34,"href":"https:\/\/bestreporting.ch\/es\/wp-json\/wp\/v2\/pages\/1317\/revisions"}],"predecessor-version":[{"id":2614,"href":"https:\/\/bestreporting.ch\/es\/wp-json\/wp\/v2\/pages\/1317\/revisions\/2614"}],"wp:attachment":[{"href":"https:\/\/bestreporting.ch\/es\/wp-json\/wp\/v2\/media?parent=1317"}],"curies":[{"name":"wp","href":"https:\/\/api.w.org\/{rel}","templated":true}]}}