{"id":1292,"date":"2023-10-20T18:06:23","date_gmt":"2023-10-20T18:06:23","guid":{"rendered":"https:\/\/bestreporting.ch\/software-fatca\/"},"modified":"2024-05-27T13:14:17","modified_gmt":"2024-05-27T13:14:17","slug":"software-fatca","status":"publish","type":"page","link":"https:\/\/bestreporting.ch\/es\/software-fatca\/","title":{"rendered":"Software FATCA"},"content":{"rendered":"\t\t<div data-elementor-type=\"wp-page\" data-elementor-id=\"1292\" class=\"elementor elementor-1292 elementor-38\">\n\t\t\t\t<div class=\"elementor-element elementor-element-581f0a7 e-flex e-con-boxed e-con e-parent\" data-id=\"581f0a7\" data-element_type=\"container\" data-e-type=\"container\" data-settings=\"{&quot;background_background&quot;:&quot;classic&quot;}\">\n\t\t\t\t\t<div class=\"e-con-inner\">\n\t\t\t\t<div class=\"elementor-element elementor-element-66af60a elementor-invisible elementor-widget elementor-widget-heading\" data-id=\"66af60a\" data-element_type=\"widget\" data-e-type=\"widget\" data-settings=\"{&quot;_animation&quot;:&quot;fadeIn&quot;}\" data-widget_type=\"heading.default\">\n\t\t\t\t<div class=\"elementor-widget-container\">\n\t\t\t\t\t<h2 class=\"elementor-heading-title elementor-size-default\">Software FATCA<\/h2>\t\t\t\t<\/div>\n\t\t\t\t<\/div>\n\t\t\t\t\t<\/div>\n\t\t\t\t<\/div>\n\t\t<div class=\"elementor-element elementor-element-d08391b e-flex e-con-boxed e-con e-parent\" data-id=\"d08391b\" data-element_type=\"container\" data-e-type=\"container\">\n\t\t\t\t\t<div class=\"e-con-inner\">\n\t\t<div class=\"elementor-element elementor-element-97ba46b e-con-full e-flex elementor-invisible e-con e-child\" data-id=\"97ba46b\" data-element_type=\"container\" data-e-type=\"container\" data-settings=\"{&quot;animation&quot;:&quot;fadeIn&quot;}\">\n\t\t\t\t<div class=\"elementor-element elementor-element-4ea2547 elementor-widget elementor-widget-heading\" data-id=\"4ea2547\" data-element_type=\"widget\" data-e-type=\"widget\" data-widget_type=\"heading.default\">\n\t\t\t\t<div class=\"elementor-widget-container\">\n\t\t\t\t\t<h2 class=\"elementor-heading-title elementor-size-default\">La soluci\u00f3n para los informes FATCA\n<\/h2>\t\t\t\t<\/div>\n\t\t\t\t<\/div>\n\t\t\t\t<div class=\"elementor-element elementor-element-2d9e1c8 elementor-widget elementor-widget-heading\" data-id=\"2d9e1c8\" data-element_type=\"widget\" data-e-type=\"widget\" data-widget_type=\"heading.default\">\n\t\t\t\t<div class=\"elementor-widget-container\">\n\t\t\t\t\t<h2 class=\"elementor-heading-title elementor-size-default\">Informes FATCA<\/h2>\t\t\t\t<\/div>\n\t\t\t\t<\/div>\n\t\t\t\t<div class=\"elementor-element elementor-element-0c038d1 elementor-widget elementor-widget-text-editor\" data-id=\"0c038d1\" data-element_type=\"widget\" data-e-type=\"widget\" data-widget_type=\"text-editor.default\">\n\t\t\t\t<div class=\"elementor-widget-container\">\n\t\t\t\t\t\t\t\t\t<p>La normativa FATCA exige informar sobre algunas cuentas bancarias mantenidas por entidades financieras no estadounidenses. Desde hace algunos a\u00f1os, Best Vision apoya a las instituciones financieras en sus informes FATCA con una soluci\u00f3n destinada a reducir el tiempo de presentaci\u00f3n de informes y los riesgos de errores. Nuestra oferta incluye:<\/p>\n<ul>\n<li>un <strong>programa inform\u00e1tico<\/strong> que les prepara el fichero XML necesario para la presentaci\u00f3n de informes<\/li>\n<li>un <strong>servicio de back office<\/strong> que ayuda a los clientes en sus actividades preparatorias<\/li>\n<li>el asesoramiento de profesionales en materia de FATCA, para la gesti\u00f3n de cuestiones espec\u00edficas<\/li>\n<\/ul>\n\t\t\t\t\t\t\t\t<\/div>\n\t\t\t\t<\/div>\n\t\t\t\t<\/div>\n\t\t<div class=\"elementor-element elementor-element-6f19ac5 e-con-full e-flex elementor-invisible e-con e-child\" data-id=\"6f19ac5\" data-element_type=\"container\" data-e-type=\"container\" data-settings=\"{&quot;animation&quot;:&quot;fadeIn&quot;,&quot;animation_delay&quot;:200}\">\n\t\t\t\t<div class=\"elementor-element elementor-element-78f4304 elementor-widget elementor-widget-image\" data-id=\"78f4304\" data-element_type=\"widget\" data-e-type=\"widget\" data-widget_type=\"image.default\">\n\t\t\t\t<div class=\"elementor-widget-container\">\n\t\t\t\t\t\t\t\t\t\t\t\t\t\t\t<img fetchpriority=\"high\" decoding=\"async\" width=\"640\" height=\"405\" src=\"https:\/\/bestreporting.ch\/wp-content\/uploads\/2023\/10\/meeting-close-window-jpg.webp\" class=\"attachment-large size-large wp-image-979\" alt=\"\" \/>\t\t\t\t\t\t\t\t\t\t\t\t\t\t\t<\/div>\n\t\t\t\t<\/div>\n\t\t\t\t<\/div>\n\t\t\t\t\t<\/div>\n\t\t\t\t<\/div>\n\t\t<div class=\"elementor-element elementor-element-319c4cc e-flex e-con-boxed e-con e-parent\" data-id=\"319c4cc\" data-element_type=\"container\" data-e-type=\"container\" data-settings=\"{&quot;background_background&quot;:&quot;classic&quot;}\">\n\t\t\t\t\t<div class=\"e-con-inner\">\n\t\t\t\t<div class=\"elementor-element elementor-element-ac835a2 elementor-invisible elementor-widget elementor-widget-heading\" data-id=\"ac835a2\" data-element_type=\"widget\" data-e-type=\"widget\" data-settings=\"{&quot;_animation&quot;:&quot;fadeIn&quot;,&quot;_animation_delay&quot;:0}\" data-widget_type=\"heading.default\">\n\t\t\t\t<div class=\"elementor-widget-container\">\n\t\t\t\t\t<h2 class=\"elementor-heading-title elementor-size-default\">\u00bfA qui\u00e9n van dirigidos nuestros servicios?<\/h2>\t\t\t\t<\/div>\n\t\t\t\t<\/div>\n\t\t\t\t<div class=\"elementor-element elementor-element-f5cf043 elementor-invisible elementor-widget elementor-widget-heading\" data-id=\"f5cf043\" data-element_type=\"widget\" data-e-type=\"widget\" data-settings=\"{&quot;_animation&quot;:&quot;fadeIn&quot;,&quot;_animation_delay&quot;:200}\" data-widget_type=\"heading.default\">\n\t\t\t\t<div class=\"elementor-widget-container\">\n\t\t\t\t\t<h2 class=\"elementor-heading-title elementor-size-default\">Todos los intermediarios de los pa\u00edses IGA 1 e IGA 2.\n\n<\/h2>\t\t\t\t<\/div>\n\t\t\t\t<\/div>\n\t\t\t\t\t<\/div>\n\t\t\t\t<\/div>\n\t\t<div class=\"elementor-element elementor-element-e5b2a21 e-flex e-con-boxed e-con e-parent\" data-id=\"e5b2a21\" data-element_type=\"container\" data-e-type=\"container\">\n\t\t\t\t\t<div class=\"e-con-inner\">\n\t\t<div class=\"elementor-element elementor-element-637aad3 e-con-full e-flex elementor-invisible e-con e-child\" data-id=\"637aad3\" data-element_type=\"container\" data-e-type=\"container\" data-settings=\"{&quot;animation&quot;:&quot;fadeIn&quot;}\">\n\t\t\t\t<div class=\"elementor-element elementor-element-9f44659 elementor-widget elementor-widget-heading\" data-id=\"9f44659\" data-element_type=\"widget\" data-e-type=\"widget\" data-widget_type=\"heading.default\">\n\t\t\t\t<div class=\"elementor-widget-container\">\n\t\t\t\t\t<h2 class=\"elementor-heading-title elementor-size-default\">Soluci\u00f3n de software<\/h2>\t\t\t\t<\/div>\n\t\t\t\t<\/div>\n\t\t\t\t<div class=\"elementor-element elementor-element-01420fd elementor-widget elementor-widget-text-editor\" data-id=\"01420fd\" data-element_type=\"widget\" data-e-type=\"widget\" data-widget_type=\"text-editor.default\">\n\t\t\t\t<div class=\"elementor-widget-container\">\n\t\t\t\t\t\t\t\t\t<p>La soluci\u00f3n ofrecida se propone para gestionar de forma f\u00e1cil, segura y en poco tiempo los informes FATCA, para los pa\u00edses IGA 1 e IGA 2.<\/p><p>Best Vision se encarga de mantener la soluci\u00f3n actualizada, tanto desde el punto de vista normativo, teniendo en cuenta todos los cambios que se han producido, como gestionando los aspectos de seguridad de la informaci\u00f3n de acuerdo con los m\u00e1s altos est\u00e1ndares tecnol\u00f3gicos.<\/p>\t\t\t\t\t\t\t\t<\/div>\n\t\t\t\t<\/div>\n\t\t\t\t<\/div>\n\t\t<div class=\"elementor-element elementor-element-1f21bd3 e-con-full e-flex elementor-invisible e-con e-child\" data-id=\"1f21bd3\" data-element_type=\"container\" data-e-type=\"container\" data-settings=\"{&quot;animation&quot;:&quot;fadeIn&quot;,&quot;animation_delay&quot;:200}\">\n\t\t\t\t<div class=\"elementor-element elementor-element-692b384 elementor-widget elementor-widget-text-editor\" data-id=\"692b384\" data-element_type=\"widget\" data-e-type=\"widget\" data-widget_type=\"text-editor.default\">\n\t\t\t\t<div class=\"elementor-widget-container\">\n\t\t\t\t\t\t\t\t\t<p>Nuestros clientes siempre encuentran la \u00faltima versi\u00f3n del software en l\u00ednea, y siempre estar\u00e1 lista para sus informes. Lo \u00fanico que se necesita para utilizar el programa es un archivo Excel que contenga la informaci\u00f3n pertinente. El fichero de declaraci\u00f3n, XML, se crear\u00e1 autom\u00e1ticamente de acuerdo con las \u00faltimas actualizaciones de las publicaciones del IRS.<\/p><p>La ventaja para el cliente es que dispone de una herramienta fiable y f\u00e1cil de usar.<\/p><p><strong>M\u00f3dulos disponibles<\/strong><\/p><ul><li>M\u00f3dulo FATCA FORM, para la generaci\u00f3n de FATCA XML<\/li><li>M\u00f3dulo CRS FORM, para informar sobre CRS XML<\/li><li>Formulario QI RECO, para conciliar los pagos QI-depositarios<\/li><li>M\u00f3dulo QI FORM, para la generaci\u00f3n y verificaci\u00f3n autom\u00e1tica, PDF y TXT, de los m\u00f3dulos <a title=\"1042 Formularios ART\u00cdCULO\" href=\"https:\/\/bestreporting.ch\/es\/1042-formularios\/\">1042<\/a> y <a title=\"Formularios 1042-S ART\u00cdCULO\" href=\"https:\/\/bestreporting.ch\/es\/formularios-1042-s\/\">1042-s<\/a><\/li><\/ul>\t\t\t\t\t\t\t\t<\/div>\n\t\t\t\t<\/div>\n\t\t\t\t<\/div>\n\t\t\t\t\t<\/div>\n\t\t\t\t<\/div>\n\t\t<div class=\"elementor-element elementor-element-637b339 e-flex e-con-boxed e-con e-parent\" data-id=\"637b339\" data-element_type=\"container\" data-e-type=\"container\">\n\t\t\t\t\t<div class=\"e-con-inner\">\n\t\t<div class=\"elementor-element elementor-element-adb1f01 e-con-full e-flex elementor-invisible e-con e-child\" data-id=\"adb1f01\" data-element_type=\"container\" data-e-type=\"container\" data-settings=\"{&quot;animation&quot;:&quot;fadeIn&quot;}\">\n\t\t\t\t<div class=\"elementor-element elementor-element-d00b3ba elementor-widget elementor-widget-image\" data-id=\"d00b3ba\" data-element_type=\"widget\" data-e-type=\"widget\" data-widget_type=\"image.default\">\n\t\t\t\t<div class=\"elementor-widget-container\">\n\t\t\t\t\t\t\t\t\t\t\t\t\t\t\t<img decoding=\"async\" width=\"640\" height=\"427\" src=\"https:\/\/bestreporting.ch\/wp-content\/uploads\/2023\/10\/no-people-office-with-multiple-computers-customer-service-desk-call-center-helpline-support-give-telecommunication-assistance-empty-helpdesk-with-client-telephony-reception-jpg.webp\" class=\"attachment-large size-large wp-image-170\" alt=\"\" \/>\t\t\t\t\t\t\t\t\t\t\t\t\t\t\t<\/div>\n\t\t\t\t<\/div>\n\t\t\t\t<\/div>\n\t\t<div class=\"elementor-element elementor-element-7b9b936 e-con-full e-flex elementor-invisible e-con e-child\" data-id=\"7b9b936\" data-element_type=\"container\" data-e-type=\"container\" data-settings=\"{&quot;animation&quot;:&quot;fadeIn&quot;,&quot;animation_delay&quot;:200}\">\n\t\t\t\t<div class=\"elementor-element elementor-element-f715b25 elementor-widget elementor-widget-heading\" data-id=\"f715b25\" data-element_type=\"widget\" data-e-type=\"widget\" data-widget_type=\"heading.default\">\n\t\t\t\t<div class=\"elementor-widget-container\">\n\t\t\t\t\t<h2 class=\"elementor-heading-title elementor-size-default\">Soluci\u00f3n de back-office<\/h2>\t\t\t\t<\/div>\n\t\t\t\t<\/div>\n\t\t\t\t<div class=\"elementor-element elementor-element-7e5c9b5 elementor-widget elementor-widget-text-editor\" data-id=\"7e5c9b5\" data-element_type=\"widget\" data-e-type=\"widget\" data-widget_type=\"text-editor.default\">\n\t\t\t\t<div class=\"elementor-widget-container\">\n\t\t\t\t\t\t\t\t\t<p>Ofrecemos a nuestros clientes la posibilidad de externalizar toda o parte de la actividad. Ofrecemos la posibilidad de utilizar nuestro personal especializado para las actividades de:<\/p>\n<ul>\n<li>Comprobaci\u00f3n de datos de los documentos W9, W8 y KYC<\/li>\n<li>Gesti\u00f3n de informes<\/li>\n<li>Apoyo a las auditor\u00edas internas y externas<\/li>\n<\/ul>\n<p>La actividad se lleva a cabo a distancia o in situ en las instalaciones del cliente.<\/p>\n<p>El Servicio es especialmente \u00fatil para gestionar picos de trabajo, as\u00ed como la falta de personal dedicado por parte del Cliente.<\/p>\n\t\t\t\t\t\t\t\t<\/div>\n\t\t\t\t<\/div>\n\t\t\t\t<\/div>\n\t\t\t\t\t<\/div>\n\t\t\t\t<\/div>\n\t\t<div class=\"elementor-element elementor-element-c49d024 e-flex e-con-boxed e-con e-parent\" data-id=\"c49d024\" data-element_type=\"container\" data-e-type=\"container\">\n\t\t\t\t\t<div class=\"e-con-inner\">\n\t\t<div class=\"elementor-element elementor-element-f830108 e-con-full e-flex elementor-invisible e-con e-child\" data-id=\"f830108\" data-element_type=\"container\" data-e-type=\"container\" data-settings=\"{&quot;animation&quot;:&quot;fadeIn&quot;}\">\n\t\t\t\t<div class=\"elementor-element elementor-element-cf48f64 elementor-widget elementor-widget-heading\" data-id=\"cf48f64\" data-element_type=\"widget\" data-e-type=\"widget\" data-widget_type=\"heading.default\">\n\t\t\t\t<div class=\"elementor-widget-container\">\n\t\t\t\t\t<h2 class=\"elementor-heading-title elementor-size-default\">Servicio de consultor\u00eda sobre cumplimiento\n<\/h2>\t\t\t\t<\/div>\n\t\t\t\t<\/div>\n\t\t\t\t<div class=\"elementor-element elementor-element-0be332b elementor-widget elementor-widget-text-editor\" data-id=\"0be332b\" data-element_type=\"widget\" data-e-type=\"widget\" data-widget_type=\"text-editor.default\">\n\t\t\t\t<div class=\"elementor-widget-container\">\n\t\t\t\t\t\t\t\t\t<p>Contamos con los mejores profesionales fiscales para ofrecer a nuestros Clientes una respuesta precisa y de calidad a sus necesidades sobre FATCA. Nuestros expertos tambi\u00e9n son competentes en materia de QI y CRS, para una correcta declaraci\u00f3n internacional de las cuentas bancarias.<\/p>\n<p>Nuestros clientes nos contratan principalmente para ayudarles:<\/p>\n<ul>\n<li>Gesti\u00f3n de la documentaci\u00f3n y fiscalidad de los clientes<\/li>\n<li>Formaci\u00f3n de empleados internos<\/li>\n<li>chequeo del cumplimiento de la FATCA<\/li>\n<\/ul>\n<p>El \u00e1mbito de la consultor\u00eda se define junto con nuestros Clientes, para ser extremadamente eficaces y eficientes en t\u00e9rminos de costes y plazos.<\/p>\n\t\t\t\t\t\t\t\t<\/div>\n\t\t\t\t<\/div>\n\t\t\t\t<\/div>\n\t\t<div class=\"elementor-element elementor-element-5b90b2c e-con-full e-flex elementor-invisible e-con e-child\" data-id=\"5b90b2c\" data-element_type=\"container\" data-e-type=\"container\" data-settings=\"{&quot;animation&quot;:&quot;fadeIn&quot;,&quot;animation_delay&quot;:200}\">\n\t\t\t\t<div class=\"elementor-element elementor-element-b5eae29 elementor-widget elementor-widget-image\" data-id=\"b5eae29\" data-element_type=\"widget\" data-e-type=\"widget\" data-widget_type=\"image.default\">\n\t\t\t\t<div class=\"elementor-widget-container\">\n\t\t\t\t\t\t\t\t\t\t\t\t\t\t\t<img decoding=\"async\" width=\"640\" height=\"427\" src=\"https:\/\/bestreporting.ch\/wp-content\/uploads\/2023\/10\/meeting-financial-managers-jpg.webp\" class=\"attachment-large size-large wp-image-176\" alt=\"\" \/>\t\t\t\t\t\t\t\t\t\t\t\t\t\t\t<\/div>\n\t\t\t\t<\/div>\n\t\t\t\t<\/div>\n\t\t\t\t\t<\/div>\n\t\t\t\t<\/div>\n\t\t<div class=\"elementor-element elementor-element-efba7ee e-flex e-con-boxed e-con e-parent\" data-id=\"efba7ee\" data-element_type=\"container\" data-e-type=\"container\" data-settings=\"{&quot;background_background&quot;:&quot;gradient&quot;}\">\n\t\t\t\t\t<div class=\"e-con-inner\">\n\t\t<div class=\"elementor-element elementor-element-b3c3074 e-con-full e-flex elementor-invisible e-con e-child\" data-id=\"b3c3074\" data-element_type=\"container\" data-e-type=\"container\" data-settings=\"{&quot;animation&quot;:&quot;fadeIn&quot;}\">\n\t\t\t\t<div class=\"elementor-element elementor-element-12bc7a9 elementor-widget elementor-widget-heading\" data-id=\"12bc7a9\" data-element_type=\"widget\" data-e-type=\"widget\" data-widget_type=\"heading.default\">\n\t\t\t\t<div class=\"elementor-widget-container\">\n\t\t\t\t\t<h2 class=\"elementor-heading-title elementor-size-default\"> \u00bfLe interesan nuestros servicios de QI reporting?<\/h2>\t\t\t\t<\/div>\n\t\t\t\t<\/div>\n\t\t\t\t<div class=\"elementor-element elementor-element-0497a34 elementor-widget elementor-widget-heading\" data-id=\"0497a34\" data-element_type=\"widget\" data-e-type=\"widget\" data-widget_type=\"heading.default\">\n\t\t\t\t<div class=\"elementor-widget-container\">\n\t\t\t\t\t<h2 class=\"elementor-heading-title elementor-size-default\">Haga clic en el bot\u00f3n de al lado para solicitar m\u00e1s informaci\u00f3n<\/h2>\t\t\t\t<\/div>\n\t\t\t\t<\/div>\n\t\t\t\t<\/div>\n\t\t<div class=\"elementor-element elementor-element-959e750 e-con-full e-flex elementor-invisible e-con e-child\" data-id=\"959e750\" data-element_type=\"container\" data-e-type=\"container\" data-settings=\"{&quot;animation&quot;:&quot;fadeIn&quot;,&quot;animation_delay&quot;:200}\">\n\t\t\t\t<div class=\"elementor-element elementor-element-e06102e elementor-align-center elementor-widget elementor-widget-button\" data-id=\"e06102e\" data-element_type=\"widget\" data-e-type=\"widget\" data-widget_type=\"button.default\">\n\t\t\t\t<div class=\"elementor-widget-container\">\n\t\t\t\t\t\t\t\t\t<div class=\"elementor-button-wrapper\">\n\t\t\t\t\t<a class=\"elementor-button elementor-button-link elementor-size-sm\" href=\"\/ex\/contact-us\">\n\t\t\t\t\t\t<span class=\"elementor-button-content-wrapper\">\n\t\t\t\t\t\t\t\t\t<span class=\"elementor-button-text\">Solicitar m\u00e1s informaci\u00f3n<\/span>\n\t\t\t\t\t<\/span>\n\t\t\t\t\t<\/a>\n\t\t\t\t<\/div>\n\t\t\t\t\t\t\t\t<\/div>\n\t\t\t\t<\/div>\n\t\t\t\t<\/div>\n\t\t\t\t\t<\/div>\n\t\t\t\t<\/div>\n\t\t\t\t<\/div>\n\t\t","protected":false},"excerpt":{"rendered":"<p>Software FATCA La soluci\u00f3n para los informes FATCA Informes FATCA La normativa FATCA exige informar sobre algunas cuentas bancarias mantenidas por entidades financieras no estadounidenses. Desde hace algunos a\u00f1os, Best Vision apoya a las instituciones financieras en sus informes FATCA con una soluci\u00f3n destinada a reducir el tiempo de presentaci\u00f3n de informes y los riesgos [&hellip;]<\/p>\n","protected":false},"author":1,"featured_media":0,"parent":0,"menu_order":0,"comment_status":"closed","ping_status":"closed","template":"","meta":{"footnotes":""},"class_list":["post-1292","page","type-page","status-publish","hentry"],"rttpg_featured_image_url":null,"rttpg_author":{"display_name":"DavidSoto","author_link":"https:\/\/bestreporting.ch\/es\/author\/davidsoto\/"},"rttpg_comment":0,"rttpg_category":" <a href=\"https:\/\/bestreporting.ch\/es\/?taxonomy=translation_priority&#038;term=opcional-es\" rel=\"tag\">Opcional<\/a>","rttpg_excerpt":"Software FATCA La soluci\u00f3n para los informes FATCA Informes FATCA La normativa FATCA exige informar sobre algunas cuentas bancarias mantenidas por entidades financieras no estadounidenses. Desde hace algunos a\u00f1os, Best Vision apoya a las instituciones financieras en sus informes FATCA con una soluci\u00f3n destinada a reducir el tiempo de presentaci\u00f3n de informes y los riesgos&hellip;","_links":{"self":[{"href":"https:\/\/bestreporting.ch\/es\/wp-json\/wp\/v2\/pages\/1292","targetHints":{"allow":["GET"]}}],"collection":[{"href":"https:\/\/bestreporting.ch\/es\/wp-json\/wp\/v2\/pages"}],"about":[{"href":"https:\/\/bestreporting.ch\/es\/wp-json\/wp\/v2\/types\/page"}],"author":[{"embeddable":true,"href":"https:\/\/bestreporting.ch\/es\/wp-json\/wp\/v2\/users\/1"}],"replies":[{"embeddable":true,"href":"https:\/\/bestreporting.ch\/es\/wp-json\/wp\/v2\/comments?post=1292"}],"version-history":[{"count":10,"href":"https:\/\/bestreporting.ch\/es\/wp-json\/wp\/v2\/pages\/1292\/revisions"}],"predecessor-version":[{"id":2595,"href":"https:\/\/bestreporting.ch\/es\/wp-json\/wp\/v2\/pages\/1292\/revisions\/2595"}],"wp:attachment":[{"href":"https:\/\/bestreporting.ch\/es\/wp-json\/wp\/v2\/media?parent=1292"}],"curies":[{"name":"wp","href":"https:\/\/api.w.org\/{rel}","templated":true}]}}