{"id":1287,"date":"2023-10-20T18:06:37","date_gmt":"2023-10-20T18:06:37","guid":{"rendered":"https:\/\/bestreporting.ch\/software-crs\/"},"modified":"2024-02-05T18:44:27","modified_gmt":"2024-02-05T18:44:27","slug":"software-crs","status":"publish","type":"page","link":"https:\/\/bestreporting.ch\/es\/software-crs\/","title":{"rendered":"Software CRS"},"content":{"rendered":"\t\t<div data-elementor-type=\"wp-page\" data-elementor-id=\"1287\" class=\"elementor elementor-1287 elementor-40\">\n\t\t\t\t<div class=\"elementor-element elementor-element-4de13a5 e-flex e-con-boxed e-con e-parent\" data-id=\"4de13a5\" data-element_type=\"container\" data-e-type=\"container\" data-settings=\"{&quot;background_background&quot;:&quot;classic&quot;}\">\n\t\t\t\t\t<div class=\"e-con-inner\">\n\t\t\t\t<div class=\"elementor-element elementor-element-6103a89 elementor-invisible elementor-widget elementor-widget-heading\" data-id=\"6103a89\" data-element_type=\"widget\" data-e-type=\"widget\" data-settings=\"{&quot;_animation&quot;:&quot;fadeIn&quot;,&quot;_animation_delay&quot;:200}\" data-widget_type=\"heading.default\">\n\t\t\t\t<div class=\"elementor-widget-container\">\n\t\t\t\t\t<h2 class=\"elementor-heading-title elementor-size-default\">Software CRS<\/h2>\t\t\t\t<\/div>\n\t\t\t\t<\/div>\n\t\t\t\t\t<\/div>\n\t\t\t\t<\/div>\n\t\t<div class=\"elementor-element elementor-element-00dcf63 e-flex e-con-boxed e-con e-parent\" data-id=\"00dcf63\" data-element_type=\"container\" data-e-type=\"container\">\n\t\t\t\t\t<div class=\"e-con-inner\">\n\t\t<div class=\"elementor-element elementor-element-2dd4dd6 e-con-full e-flex elementor-invisible e-con e-child\" data-id=\"2dd4dd6\" data-element_type=\"container\" data-e-type=\"container\" data-settings=\"{&quot;animation&quot;:&quot;fadeIn&quot;}\">\n\t\t\t\t<div class=\"elementor-element elementor-element-8b02a74 elementor-widget elementor-widget-heading\" data-id=\"8b02a74\" data-element_type=\"widget\" data-e-type=\"widget\" data-widget_type=\"heading.default\">\n\t\t\t\t<div class=\"elementor-widget-container\">\n\t\t\t\t\t<h2 class=\"elementor-heading-title elementor-size-default\">La soluci\u00f3n para los informes CRS<\/h2>\t\t\t\t<\/div>\n\t\t\t\t<\/div>\n\t\t\t\t<div class=\"elementor-element elementor-element-0d0533a elementor-widget elementor-widget-text-editor\" data-id=\"0d0533a\" data-element_type=\"widget\" data-e-type=\"widget\" data-widget_type=\"text-editor.default\">\n\t\t\t\t<div class=\"elementor-widget-container\">\n\t\t\t\t\t\t\t\t\t<p>El Intercambio Autom\u00e1tico de Informaci\u00f3n (IAOI) exige informar de las cuentas bancarias entre las autoridades fiscales. CRS, Common Reporting Standard, es el modelo utilizado para realizar este tipo de informes.<\/p><p>Desde hace algunos a\u00f1os, Best Vision ha estado apoyando a las instituciones bancarias en sus informes CRS con una soluci\u00f3n destinada a reducir el tiempo de presentaci\u00f3n de informes y los riesgos de errores. Nuestra oferta incluye<\/p><ul><li>un software que prepara para ellos el archivo XML necesario para la presentaci\u00f3n de informes.<\/li><li>un servicio de back-office que apoya a los clientes en sus actividades preparatorias.<\/li><li>servicios de consultor\u00eda sobre cumplimiento.<\/li><\/ul>\t\t\t\t\t\t\t\t<\/div>\n\t\t\t\t<\/div>\n\t\t\t\t<\/div>\n\t\t<div class=\"elementor-element elementor-element-da915b0 e-con-full e-flex elementor-invisible e-con e-child\" data-id=\"da915b0\" data-element_type=\"container\" data-e-type=\"container\" data-settings=\"{&quot;animation&quot;:&quot;fadeIn&quot;,&quot;animation_delay&quot;:200}\">\n\t\t\t\t<div class=\"elementor-element elementor-element-90b1008 elementor-widget elementor-widget-image\" data-id=\"90b1008\" data-element_type=\"widget\" data-e-type=\"widget\" data-widget_type=\"image.default\">\n\t\t\t\t<div class=\"elementor-widget-container\">\n\t\t\t\t\t\t\t\t\t\t\t\t\t\t\t<img fetchpriority=\"high\" decoding=\"async\" width=\"640\" height=\"404\" src=\"https:\/\/bestreporting.ch\/wp-content\/uploads\/2023\/10\/group-business-people-having-meeting-jpg.webp\" class=\"attachment-large size-large wp-image-158\" alt=\"\" \/>\t\t\t\t\t\t\t\t\t\t\t\t\t\t\t<\/div>\n\t\t\t\t<\/div>\n\t\t\t\t<\/div>\n\t\t\t\t\t<\/div>\n\t\t\t\t<\/div>\n\t\t<div class=\"elementor-element elementor-element-11e9030 e-flex e-con-boxed e-con e-parent\" data-id=\"11e9030\" data-element_type=\"container\" data-e-type=\"container\" data-settings=\"{&quot;background_background&quot;:&quot;classic&quot;}\">\n\t\t\t\t\t<div class=\"e-con-inner\">\n\t\t\t\t<div class=\"elementor-element elementor-element-04f9a50 elementor-invisible elementor-widget elementor-widget-heading\" data-id=\"04f9a50\" data-element_type=\"widget\" data-e-type=\"widget\" data-settings=\"{&quot;_animation&quot;:&quot;fadeIn&quot;}\" data-widget_type=\"heading.default\">\n\t\t\t\t<div class=\"elementor-widget-container\">\n\t\t\t\t\t<h2 class=\"elementor-heading-title elementor-size-default\">\u00bfA qui\u00e9n van dirigidos nuestros servicios?<\/h2>\t\t\t\t<\/div>\n\t\t\t\t<\/div>\n\t\t\t\t<div class=\"elementor-element elementor-element-863de92 elementor-invisible elementor-widget elementor-widget-heading\" data-id=\"863de92\" data-element_type=\"widget\" data-e-type=\"widget\" data-settings=\"{&quot;_animation&quot;:&quot;fadeIn&quot;,&quot;_animation_delay&quot;:200}\" data-widget_type=\"heading.default\">\n\t\t\t\t<div class=\"elementor-widget-container\">\n\t\t\t\t\t<h2 class=\"elementor-heading-title elementor-size-default\">Todas las instituciones financieras de las jurisdicciones de los pa\u00edses de la OCDE participantes.<\/h2>\t\t\t\t<\/div>\n\t\t\t\t<\/div>\n\t\t\t\t\t<\/div>\n\t\t\t\t<\/div>\n\t\t<div class=\"elementor-element elementor-element-e6c0a95 e-flex e-con-boxed e-con e-parent\" data-id=\"e6c0a95\" data-element_type=\"container\" data-e-type=\"container\">\n\t\t\t\t\t<div class=\"e-con-inner\">\n\t\t<div class=\"elementor-element elementor-element-c4c1768 e-con-full e-flex elementor-invisible e-con e-child\" data-id=\"c4c1768\" data-element_type=\"container\" data-e-type=\"container\" data-settings=\"{&quot;animation&quot;:&quot;fadeIn&quot;}\">\n\t\t\t\t<div class=\"elementor-element elementor-element-3172662 elementor-widget elementor-widget-heading\" data-id=\"3172662\" data-element_type=\"widget\" data-e-type=\"widget\" data-widget_type=\"heading.default\">\n\t\t\t\t<div class=\"elementor-widget-container\">\n\t\t\t\t\t<h2 class=\"elementor-heading-title elementor-size-default\">Software Solution<\/h2>\t\t\t\t<\/div>\n\t\t\t\t<\/div>\n\t\t\t\t<\/div>\n\t\t<div class=\"elementor-element elementor-element-ac009b7 e-con-full e-flex elementor-invisible e-con e-child\" data-id=\"ac009b7\" data-element_type=\"container\" data-e-type=\"container\" data-settings=\"{&quot;animation&quot;:&quot;fadeIn&quot;}\">\n\t\t\t\t<div class=\"elementor-element elementor-element-0ad149c elementor-widget elementor-widget-text-editor\" data-id=\"0ad149c\" data-element_type=\"widget\" data-e-type=\"widget\" data-widget_type=\"text-editor.default\">\n\t\t\t\t<div class=\"elementor-widget-container\">\n\t\t\t\t\t\t\t\t\t<p>La soluci\u00f3n ofrecida se propone gestionar de forma f\u00e1cil, segura y en poco tiempo los informes CRS de nuestros Clientes. La herramienta est\u00e1 dise\u00f1ada para cubrir los informes de todas las instituciones financieras de la jurisdicci\u00f3n con un acuerdo de intercambio autom\u00e1tico de informaci\u00f3n.<\/p><p>Best Vision se encarga de mantener la soluci\u00f3n actualizada, tanto desde el punto de vista normativo, teniendo en cuenta todos los cambios que se han producido, como gestionando los aspectos de seguridad de la informaci\u00f3n de acuerdo con los m\u00e1s altos est\u00e1ndares tecnol\u00f3gicos.<\/p><p>Nuestros clientes siempre encuentran la \u00faltima versi\u00f3n del software en l\u00ednea, y siempre estar\u00e1 lista para sus informes. Lo \u00fanico que se necesita para utilizar el software es un archivo Excel que contenga la informaci\u00f3n pertinente. El archivo de informes, XML, se crear\u00e1 autom\u00e1ticamente de acuerdo con las \u00faltimas actualizaciones en el pa\u00eds de residencia de la instituci\u00f3n financiera.<\/p>\t\t\t\t\t\t\t\t<\/div>\n\t\t\t\t<\/div>\n\t\t\t\t<\/div>\n\t\t<div class=\"elementor-element elementor-element-17d042b e-con-full e-flex elementor-invisible e-con e-child\" data-id=\"17d042b\" data-element_type=\"container\" data-e-type=\"container\" data-settings=\"{&quot;animation&quot;:&quot;fadeIn&quot;,&quot;animation_delay&quot;:200}\">\n\t\t\t\t<div class=\"elementor-element elementor-element-d653357 elementor-widget elementor-widget-text-editor\" data-id=\"d653357\" data-element_type=\"widget\" data-e-type=\"widget\" data-widget_type=\"text-editor.default\">\n\t\t\t\t<div class=\"elementor-widget-container\">\n\t\t\t\t\t\t\t\t\t<p>La ventaja para el cliente es disponer de una herramienta fiable, f\u00e1cil de usar y siempre actualizada.<\/p>\n<p><strong>M\u00f3dulos de software disponibles<\/strong><\/p>\n<ul>\n<li>M\u00f3dulo CRS FORM, para la generaci\u00f3n de XML conforme a la norma de cada pa\u00eds de la OCDE participante.<\/li>\n<li>M\u00f3dulo FATCA FORM, para la generaci\u00f3n de informes XML FATCA.<\/li>\n<li>M\u00f3dulo RECO QI, para la conciliaci\u00f3n de pagos QI-depositario.<\/li>\n<li>M\u00f3dulo QI FORM, para la generaci\u00f3n y verificaci\u00f3n autom\u00e1tica, PDF y TXT, de los m\u00f3dulos 1042 y 1042-s.<\/li>\n<\/ul>\t\t\t\t\t\t\t\t<\/div>\n\t\t\t\t<\/div>\n\t\t\t\t<\/div>\n\t\t\t\t\t<\/div>\n\t\t\t\t<\/div>\n\t\t<div class=\"elementor-element elementor-element-d8da003 e-flex e-con-boxed e-con e-parent\" data-id=\"d8da003\" data-element_type=\"container\" data-e-type=\"container\">\n\t\t\t\t\t<div class=\"e-con-inner\">\n\t\t<div class=\"elementor-element elementor-element-615f88e e-con-full e-flex elementor-invisible e-con e-child\" data-id=\"615f88e\" data-element_type=\"container\" data-e-type=\"container\" data-settings=\"{&quot;animation&quot;:&quot;fadeIn&quot;,&quot;animation_delay&quot;:200}\">\n\t\t\t\t<div class=\"elementor-element elementor-element-1aefa54 elementor-widget elementor-widget-image\" data-id=\"1aefa54\" data-element_type=\"widget\" data-e-type=\"widget\" data-widget_type=\"image.default\">\n\t\t\t\t<div class=\"elementor-widget-container\">\n\t\t\t\t\t\t\t\t\t\t\t\t\t\t\t<img decoding=\"async\" width=\"640\" height=\"427\" src=\"https:\/\/bestreporting.ch\/wp-content\/uploads\/2023\/10\/no-people-office-with-multiple-computers-customer-service-desk-call-center-helpline-support-give-telecommunication-assistance-empty-helpdesk-with-client-telephony-reception-jpg.webp\" class=\"attachment-large size-large wp-image-170\" alt=\"\" \/>\t\t\t\t\t\t\t\t\t\t\t\t\t\t\t<\/div>\n\t\t\t\t<\/div>\n\t\t\t\t<\/div>\n\t\t<div class=\"elementor-element elementor-element-842e6ff e-con-full e-flex elementor-invisible e-con e-child\" data-id=\"842e6ff\" data-element_type=\"container\" data-e-type=\"container\" data-settings=\"{&quot;animation&quot;:&quot;fadeIn&quot;,&quot;animation_delay&quot;:200}\">\n\t\t\t\t<div class=\"elementor-element elementor-element-fef678c elementor-widget elementor-widget-heading\" data-id=\"fef678c\" data-element_type=\"widget\" data-e-type=\"widget\" data-widget_type=\"heading.default\">\n\t\t\t\t<div class=\"elementor-widget-container\">\n\t\t\t\t\t<h2 class=\"elementor-heading-title elementor-size-default\">Soluci\u00f3n de back-office<\/h2>\t\t\t\t<\/div>\n\t\t\t\t<\/div>\n\t\t\t\t<div class=\"elementor-element elementor-element-06b3bcf elementor-widget elementor-widget-text-editor\" data-id=\"06b3bcf\" data-element_type=\"widget\" data-e-type=\"widget\" data-widget_type=\"text-editor.default\">\n\t\t\t\t<div class=\"elementor-widget-container\">\n\t\t\t\t\t\t\t\t\t<p>Ofrecemos a nuestros clientes la posibilidad de externalizar toda o parte de la actividad. Ofrecemos la posibilidad de utilizar nuestro personal especializado para las actividades de:<\/p><ul><li>Comprobaci\u00f3n de datos y documentaci\u00f3n<\/li><li>Gesti\u00f3n de informes<\/li><li>Apoyo en auditor\u00edas internas\/externas<\/li><\/ul><p>La actividad se lleva a cabo a distancia o in situ en las instalaciones del cliente.<\/p><p>El servicio es especialmente \u00fatil para gestionar picos de trabajo, as\u00ed como la falta de personal dedicado por parte del cliente.<\/p>\t\t\t\t\t\t\t\t<\/div>\n\t\t\t\t<\/div>\n\t\t\t\t<\/div>\n\t\t\t\t\t<\/div>\n\t\t\t\t<\/div>\n\t\t<div class=\"elementor-element elementor-element-6aa8d66 e-flex e-con-boxed e-con e-parent\" data-id=\"6aa8d66\" data-element_type=\"container\" data-e-type=\"container\">\n\t\t\t\t\t<div class=\"e-con-inner\">\n\t\t<div class=\"elementor-element elementor-element-b58b366 e-con-full e-flex elementor-invisible e-con e-child\" data-id=\"b58b366\" data-element_type=\"container\" data-e-type=\"container\" data-settings=\"{&quot;animation&quot;:&quot;fadeIn&quot;}\">\n\t\t\t\t<div class=\"elementor-element elementor-element-ceb6a22 elementor-widget elementor-widget-heading\" data-id=\"ceb6a22\" data-element_type=\"widget\" data-e-type=\"widget\" data-widget_type=\"heading.default\">\n\t\t\t\t<div class=\"elementor-widget-container\">\n\t\t\t\t\t<h2 class=\"elementor-heading-title elementor-size-default\">Servicio de consultor\u00eda sobre cumplimiento<\/h2>\t\t\t\t<\/div>\n\t\t\t\t<\/div>\n\t\t\t\t<div class=\"elementor-element elementor-element-becd3d8 elementor-widget elementor-widget-text-editor\" data-id=\"becd3d8\" data-element_type=\"widget\" data-e-type=\"widget\" data-widget_type=\"text-editor.default\">\n\t\t\t\t<div class=\"elementor-widget-container\">\n\t\t\t\t\t\t\t\t\t<p>Contamos con los mejores profesionales fiscales para ofrecer a nuestros Clientes una respuesta precisa y de calidad a sus necesidades en materia de SIR. Nuestros expertos tambi\u00e9n son competentes en el campo de QI y FATCA, para un correcto reporting internacional de cuentas bancarias.<\/p><p><strong>Nuestros Clientes nos contratan principalmente para ayudarles en:<\/strong><\/p><ul><li>Gesti\u00f3n de la documentaci\u00f3n de los clientes<\/li><li>Formaci\u00f3n de empleados internos<\/li><li>chequeo del cumplimiento de CRS<\/li><\/ul><p>El \u00e1mbito de la consultor\u00eda se define junto con nuestros clientes, para ser extremadamente eficaz y eficiente en t\u00e9rminos de costes y plazos.<\/p>\t\t\t\t\t\t\t\t<\/div>\n\t\t\t\t<\/div>\n\t\t\t\t<\/div>\n\t\t<div class=\"elementor-element elementor-element-ddbc575 e-con-full e-flex elementor-invisible e-con e-child\" data-id=\"ddbc575\" data-element_type=\"container\" data-e-type=\"container\" data-settings=\"{&quot;animation&quot;:&quot;fadeIn&quot;,&quot;animation_delay&quot;:200}\">\n\t\t\t\t<div class=\"elementor-element elementor-element-0dd2e2d elementor-widget elementor-widget-image\" data-id=\"0dd2e2d\" data-element_type=\"widget\" data-e-type=\"widget\" data-widget_type=\"image.default\">\n\t\t\t\t<div class=\"elementor-widget-container\">\n\t\t\t\t\t\t\t\t\t\t\t\t\t\t\t<img decoding=\"async\" width=\"640\" height=\"427\" src=\"https:\/\/bestreporting.ch\/wp-content\/uploads\/2023\/10\/meeting-financial-managers-jpg.webp\" class=\"attachment-large size-large wp-image-176\" alt=\"\" \/>\t\t\t\t\t\t\t\t\t\t\t\t\t\t\t<\/div>\n\t\t\t\t<\/div>\n\t\t\t\t<\/div>\n\t\t\t\t\t<\/div>\n\t\t\t\t<\/div>\n\t\t<div class=\"elementor-element elementor-element-df0f57b e-flex e-con-boxed e-con e-parent\" data-id=\"df0f57b\" data-element_type=\"container\" data-e-type=\"container\" data-settings=\"{&quot;background_background&quot;:&quot;gradient&quot;}\">\n\t\t\t\t\t<div class=\"e-con-inner\">\n\t\t<div class=\"elementor-element elementor-element-cc9f8ce e-con-full e-flex elementor-invisible e-con e-child\" data-id=\"cc9f8ce\" data-element_type=\"container\" data-e-type=\"container\" data-settings=\"{&quot;animation&quot;:&quot;fadeIn&quot;}\">\n\t\t\t\t<div class=\"elementor-element elementor-element-2e31307 elementor-widget elementor-widget-heading\" data-id=\"2e31307\" data-element_type=\"widget\" data-e-type=\"widget\" data-widget_type=\"heading.default\">\n\t\t\t\t<div class=\"elementor-widget-container\">\n\t\t\t\t\t<h2 class=\"elementor-heading-title elementor-size-default\"> \u00bfLe interesan nuestros servicios de QI reporting?<\/h2>\t\t\t\t<\/div>\n\t\t\t\t<\/div>\n\t\t\t\t<div class=\"elementor-element elementor-element-4095cf4 elementor-widget elementor-widget-heading\" data-id=\"4095cf4\" data-element_type=\"widget\" data-e-type=\"widget\" data-widget_type=\"heading.default\">\n\t\t\t\t<div class=\"elementor-widget-container\">\n\t\t\t\t\t<h2 class=\"elementor-heading-title elementor-size-default\">Haga clic en el bot\u00f3n de al lado para solicitar m\u00e1s informaci\u00f3n<\/h2>\t\t\t\t<\/div>\n\t\t\t\t<\/div>\n\t\t\t\t<\/div>\n\t\t<div class=\"elementor-element elementor-element-233a4e9 e-con-full e-flex elementor-invisible e-con e-child\" data-id=\"233a4e9\" data-element_type=\"container\" data-e-type=\"container\" data-settings=\"{&quot;animation&quot;:&quot;fadeIn&quot;,&quot;animation_delay&quot;:200}\">\n\t\t\t\t<div class=\"elementor-element elementor-element-b6cdfda elementor-align-center elementor-widget elementor-widget-button\" data-id=\"b6cdfda\" data-element_type=\"widget\" data-e-type=\"widget\" data-widget_type=\"button.default\">\n\t\t\t\t<div class=\"elementor-widget-container\">\n\t\t\t\t\t\t\t\t\t<div class=\"elementor-button-wrapper\">\n\t\t\t\t\t<a class=\"elementor-button elementor-button-link elementor-size-sm\" href=\"\/es\/contact-us\">\n\t\t\t\t\t\t<span class=\"elementor-button-content-wrapper\">\n\t\t\t\t\t\t\t\t\t<span class=\"elementor-button-text\">Solicitar m\u00e1s informaci\u00f3n<\/span>\n\t\t\t\t\t<\/span>\n\t\t\t\t\t<\/a>\n\t\t\t\t<\/div>\n\t\t\t\t\t\t\t\t<\/div>\n\t\t\t\t<\/div>\n\t\t\t\t<\/div>\n\t\t\t\t\t<\/div>\n\t\t\t\t<\/div>\n\t\t\t\t<\/div>\n\t\t","protected":false},"excerpt":{"rendered":"<p>Software CRS La soluci\u00f3n para los informes CRS El Intercambio Autom\u00e1tico de Informaci\u00f3n (IAOI) exige informar de las cuentas bancarias entre las autoridades fiscales. CRS, Common Reporting Standard, es el modelo utilizado para realizar este tipo de informes. Desde hace algunos a\u00f1os, Best Vision ha estado apoyando a las instituciones bancarias en sus informes CRS [&hellip;]<\/p>\n","protected":false},"author":1,"featured_media":0,"parent":0,"menu_order":0,"comment_status":"closed","ping_status":"closed","template":"","meta":{"footnotes":""},"class_list":["post-1287","page","type-page","status-publish","hentry"],"rttpg_featured_image_url":null,"rttpg_author":{"display_name":"DavidSoto","author_link":"https:\/\/bestreporting.ch\/es\/author\/davidsoto\/"},"rttpg_comment":0,"rttpg_category":" <a href=\"https:\/\/bestreporting.ch\/es\/?taxonomy=translation_priority&#038;term=opcional-es\" rel=\"tag\">Opcional<\/a>","rttpg_excerpt":"Software CRS La soluci\u00f3n para los informes CRS El Intercambio Autom\u00e1tico de Informaci\u00f3n (IAOI) exige informar de las cuentas bancarias entre las autoridades fiscales. CRS, Common Reporting Standard, es el modelo utilizado para realizar este tipo de informes. Desde hace algunos a\u00f1os, Best Vision ha estado apoyando a las instituciones bancarias en sus informes CRS&hellip;","_links":{"self":[{"href":"https:\/\/bestreporting.ch\/es\/wp-json\/wp\/v2\/pages\/1287","targetHints":{"allow":["GET"]}}],"collection":[{"href":"https:\/\/bestreporting.ch\/es\/wp-json\/wp\/v2\/pages"}],"about":[{"href":"https:\/\/bestreporting.ch\/es\/wp-json\/wp\/v2\/types\/page"}],"author":[{"embeddable":true,"href":"https:\/\/bestreporting.ch\/es\/wp-json\/wp\/v2\/users\/1"}],"replies":[{"embeddable":true,"href":"https:\/\/bestreporting.ch\/es\/wp-json\/wp\/v2\/comments?post=1287"}],"version-history":[{"count":19,"href":"https:\/\/bestreporting.ch\/es\/wp-json\/wp\/v2\/pages\/1287\/revisions"}],"predecessor-version":[{"id":2429,"href":"https:\/\/bestreporting.ch\/es\/wp-json\/wp\/v2\/pages\/1287\/revisions\/2429"}],"wp:attachment":[{"href":"https:\/\/bestreporting.ch\/es\/wp-json\/wp\/v2\/media?parent=1287"}],"curies":[{"name":"wp","href":"https:\/\/api.w.org\/{rel}","templated":true}]}}