{"id":1277,"date":"2023-10-20T19:21:56","date_gmt":"2023-10-20T19:21:56","guid":{"rendered":"https:\/\/bestreporting.ch\/requisitos-para-convertirse-en-un-qi\/"},"modified":"2024-02-05T18:45:59","modified_gmt":"2024-02-05T18:45:59","slug":"requisitos-para-convertirse-en-un-qi","status":"publish","type":"page","link":"https:\/\/bestreporting.ch\/es\/requisitos-para-convertirse-en-un-qi\/","title":{"rendered":"Requisitos para convertirse en un QI"},"content":{"rendered":"\t\t<div data-elementor-type=\"wp-page\" data-elementor-id=\"1277\" class=\"elementor elementor-1277 elementor-203\">\n\t\t\t\t<div class=\"elementor-element elementor-element-b30277e e-flex e-con-boxed e-con e-parent\" data-id=\"b30277e\" data-element_type=\"container\" data-e-type=\"container\" data-settings=\"{&quot;background_background&quot;:&quot;gradient&quot;}\">\n\t\t\t\t\t<div class=\"e-con-inner\">\n\t\t\t\t<div class=\"elementor-element elementor-element-77c2e9c elementor-invisible elementor-widget elementor-widget-heading\" data-id=\"77c2e9c\" data-element_type=\"widget\" data-e-type=\"widget\" data-settings=\"{&quot;_animation&quot;:&quot;fadeIn&quot;,&quot;_animation_delay&quot;:200}\" data-widget_type=\"heading.default\">\n\t\t\t\t<div class=\"elementor-widget-container\">\n\t\t\t\t\t<h2 class=\"elementor-heading-title elementor-size-default\">Requisitos para convertirse en un QI<\/h2>\t\t\t\t<\/div>\n\t\t\t\t<\/div>\n\t\t\t\t\t<\/div>\n\t\t\t\t<\/div>\n\t\t<div class=\"elementor-element elementor-element-30ec0ec e-flex e-con-boxed e-con e-parent\" data-id=\"30ec0ec\" data-element_type=\"container\" data-e-type=\"container\">\n\t\t\t\t\t<div class=\"e-con-inner\">\n\t\t<div class=\"elementor-element elementor-element-c491b7a e-con-full e-flex e-con e-child\" data-id=\"c491b7a\" data-element_type=\"container\" data-e-type=\"container\">\n\t\t\t\t<div class=\"elementor-element elementor-element-ec81d23 elementor-invisible elementor-widget elementor-widget-heading\" data-id=\"ec81d23\" data-element_type=\"widget\" data-e-type=\"widget\" data-settings=\"{&quot;_animation&quot;:&quot;fadeIn&quot;,&quot;_animation_delay&quot;:200}\" data-widget_type=\"heading.default\">\n\t\t\t\t<div class=\"elementor-widget-container\">\n\t\t\t\t\t<h2 class=\"elementor-heading-title elementor-size-default\">\u00cdndice<\/h2>\t\t\t\t<\/div>\n\t\t\t\t<\/div>\n\t\t\t\t<div class=\"elementor-element elementor-element-5bbceae elementor-icon-list--layout-traditional elementor-list-item-link-full_width elementor-invisible elementor-widget elementor-widget-icon-list\" data-id=\"5bbceae\" data-element_type=\"widget\" data-e-type=\"widget\" data-settings=\"{&quot;_animation&quot;:&quot;fadeIn&quot;,&quot;_animation_delay&quot;:200}\" data-widget_type=\"icon-list.default\">\n\t\t\t\t<div class=\"elementor-widget-container\">\n\t\t\t\t\t\t\t<ul class=\"elementor-icon-list-items\">\n\t\t\t\t\t\t\t<li class=\"elementor-icon-list-item\">\n\t\t\t\t\t\t\t\t\t\t\t<a href=\"#section1\">\n\n\t\t\t\t\t\t\t\t\t\t\t\t<span class=\"elementor-icon-list-icon\">\n\t\t\t\t\t\t\t<svg xmlns=\"http:\/\/www.w3.org\/2000\/svg\" xmlns:xlink=\"http:\/\/www.w3.org\/1999\/xlink\" id=\"Layer_1\" x=\"0px\" y=\"0px\" viewBox=\"0 0 492.004 492.004\" style=\"enable-background:new 0 0 492.004 492.004;\" xml:space=\"preserve\"><g>\t<g>\t\t<path d=\"M484.14,226.886L306.46,49.202c-5.072-5.072-11.832-7.856-19.04-7.856c-7.216,0-13.972,2.788-19.044,7.856l-16.132,16.136   c-5.068,5.064-7.86,11.828-7.86,19.04c0,7.208,2.792,14.2,7.86,19.264L355.9,207.526H26.58C11.732,207.526,0,219.15,0,234.002   v22.812c0,14.852,11.732,27.648,26.58,27.648h330.496L252.248,388.926c-5.068,5.072-7.86,11.652-7.86,18.864   c0,7.204,2.792,13.88,7.86,18.948l16.132,16.084c5.072,5.072,11.828,7.836,19.044,7.836c7.208,0,13.968-2.8,19.04-7.872   l177.68-177.68c5.084-5.088,7.88-11.88,7.86-19.1C492.02,238.762,489.228,231.966,484.14,226.886z\"><\/path>\t<\/g><\/g><g><\/g><g><\/g><g><\/g><g><\/g><g><\/g><g><\/g><g><\/g><g><\/g><g><\/g><g><\/g><g><\/g><g><\/g><g><\/g><g><\/g><g><\/g><\/svg>\t\t\t\t\t\t<\/span>\n\t\t\t\t\t\t\t\t\t\t<span class=\"elementor-icon-list-text\">\u00bfQu\u00e9 es el Acuerdo de QI?<\/span>\n\t\t\t\t\t\t\t\t\t\t\t<\/a>\n\t\t\t\t\t\t\t\t\t<\/li>\n\t\t\t\t\t\t\t\t<li class=\"elementor-icon-list-item\">\n\t\t\t\t\t\t\t\t\t\t\t<a href=\"#section2\">\n\n\t\t\t\t\t\t\t\t\t\t\t\t<span class=\"elementor-icon-list-icon\">\n\t\t\t\t\t\t\t<svg xmlns=\"http:\/\/www.w3.org\/2000\/svg\" xmlns:xlink=\"http:\/\/www.w3.org\/1999\/xlink\" id=\"Layer_1\" x=\"0px\" y=\"0px\" viewBox=\"0 0 492.004 492.004\" style=\"enable-background:new 0 0 492.004 492.004;\" xml:space=\"preserve\"><g>\t<g>\t\t<path d=\"M484.14,226.886L306.46,49.202c-5.072-5.072-11.832-7.856-19.04-7.856c-7.216,0-13.972,2.788-19.044,7.856l-16.132,16.136   c-5.068,5.064-7.86,11.828-7.86,19.04c0,7.208,2.792,14.2,7.86,19.264L355.9,207.526H26.58C11.732,207.526,0,219.15,0,234.002   v22.812c0,14.852,11.732,27.648,26.58,27.648h330.496L252.248,388.926c-5.068,5.072-7.86,11.652-7.86,18.864   c0,7.204,2.792,13.88,7.86,18.948l16.132,16.084c5.072,5.072,11.828,7.836,19.044,7.836c7.208,0,13.968-2.8,19.04-7.872   l177.68-177.68c5.084-5.088,7.88-11.88,7.86-19.1C492.02,238.762,489.228,231.966,484.14,226.886z\"><\/path>\t<\/g><\/g><g><\/g><g><\/g><g><\/g><g><\/g><g><\/g><g><\/g><g><\/g><g><\/g><g><\/g><g><\/g><g><\/g><g><\/g><g><\/g><g><\/g><g><\/g><\/svg>\t\t\t\t\t\t<\/span>\n\t\t\t\t\t\t\t\t\t\t<span class=\"elementor-icon-list-text\">C\u00f3mo convertirse en un QI<\/span>\n\t\t\t\t\t\t\t\t\t\t\t<\/a>\n\t\t\t\t\t\t\t\t\t<\/li>\n\t\t\t\t\t\t\t\t<li class=\"elementor-icon-list-item\">\n\t\t\t\t\t\t\t\t\t\t\t<a href=\"#section3\">\n\n\t\t\t\t\t\t\t\t\t\t\t\t<span class=\"elementor-icon-list-icon\">\n\t\t\t\t\t\t\t<svg xmlns=\"http:\/\/www.w3.org\/2000\/svg\" xmlns:xlink=\"http:\/\/www.w3.org\/1999\/xlink\" id=\"Layer_1\" x=\"0px\" y=\"0px\" viewBox=\"0 0 492.004 492.004\" style=\"enable-background:new 0 0 492.004 492.004;\" xml:space=\"preserve\"><g>\t<g>\t\t<path d=\"M484.14,226.886L306.46,49.202c-5.072-5.072-11.832-7.856-19.04-7.856c-7.216,0-13.972,2.788-19.044,7.856l-16.132,16.136   c-5.068,5.064-7.86,11.828-7.86,19.04c0,7.208,2.792,14.2,7.86,19.264L355.9,207.526H26.58C11.732,207.526,0,219.15,0,234.002   v22.812c0,14.852,11.732,27.648,26.58,27.648h330.496L252.248,388.926c-5.068,5.072-7.86,11.652-7.86,18.864   c0,7.204,2.792,13.88,7.86,18.948l16.132,16.084c5.072,5.072,11.828,7.836,19.044,7.836c7.208,0,13.968-2.8,19.04-7.872   l177.68-177.68c5.084-5.088,7.88-11.88,7.86-19.1C492.02,238.762,489.228,231.966,484.14,226.886z\"><\/path>\t<\/g><\/g><g><\/g><g><\/g><g><\/g><g><\/g><g><\/g><g><\/g><g><\/g><g><\/g><g><\/g><g><\/g><g><\/g><g><\/g><g><\/g><g><\/g><g><\/g><\/svg>\t\t\t\t\t\t<\/span>\n\t\t\t\t\t\t\t\t\t\t<span class=\"elementor-icon-list-text\">Documentaci\u00f3n a enviar a los repositorios<\/span>\n\t\t\t\t\t\t\t\t\t\t\t<\/a>\n\t\t\t\t\t\t\t\t\t<\/li>\n\t\t\t\t\t\t\t\t<li class=\"elementor-icon-list-item\">\n\t\t\t\t\t\t\t\t\t\t\t<a href=\"#section4\">\n\n\t\t\t\t\t\t\t\t\t\t\t\t<span class=\"elementor-icon-list-icon\">\n\t\t\t\t\t\t\t<svg xmlns=\"http:\/\/www.w3.org\/2000\/svg\" xmlns:xlink=\"http:\/\/www.w3.org\/1999\/xlink\" id=\"Layer_1\" x=\"0px\" y=\"0px\" viewBox=\"0 0 492.004 492.004\" style=\"enable-background:new 0 0 492.004 492.004;\" xml:space=\"preserve\"><g>\t<g>\t\t<path d=\"M484.14,226.886L306.46,49.202c-5.072-5.072-11.832-7.856-19.04-7.856c-7.216,0-13.972,2.788-19.044,7.856l-16.132,16.136   c-5.068,5.064-7.86,11.828-7.86,19.04c0,7.208,2.792,14.2,7.86,19.264L355.9,207.526H26.58C11.732,207.526,0,219.15,0,234.002   v22.812c0,14.852,11.732,27.648,26.58,27.648h330.496L252.248,388.926c-5.068,5.072-7.86,11.652-7.86,18.864   c0,7.204,2.792,13.88,7.86,18.948l16.132,16.084c5.072,5.072,11.828,7.836,19.044,7.836c7.208,0,13.968-2.8,19.04-7.872   l177.68-177.68c5.084-5.088,7.88-11.88,7.86-19.1C492.02,238.762,489.228,231.966,484.14,226.886z\"><\/path>\t<\/g><\/g><g><\/g><g><\/g><g><\/g><g><\/g><g><\/g><g><\/g><g><\/g><g><\/g><g><\/g><g><\/g><g><\/g><g><\/g><g><\/g><g><\/g><g><\/g><\/svg>\t\t\t\t\t\t<\/span>\n\t\t\t\t\t\t\t\t\t\t<span class=\"elementor-icon-list-text\">\u00bfQu\u00e9 es la Declaraci\u00f3n de Retenci\u00f3n?<\/span>\n\t\t\t\t\t\t\t\t\t\t\t<\/a>\n\t\t\t\t\t\t\t\t\t<\/li>\n\t\t\t\t\t\t<\/ul>\n\t\t\t\t\t\t<\/div>\n\t\t\t\t<\/div>\n\t\t\t\t<\/div>\n\t\t<div class=\"elementor-element elementor-element-648da3a e-con-full e-flex e-con e-child\" data-id=\"648da3a\" data-element_type=\"container\" data-e-type=\"container\">\n\t\t\t\t<div class=\"elementor-element elementor-element-8e40c96 elementor-widget elementor-widget-text-editor\" data-id=\"8e40c96\" data-element_type=\"widget\" data-e-type=\"widget\" id=\"section1\" data-widget_type=\"text-editor.default\">\n\t\t\t\t<div class=\"elementor-widget-container\">\n\t\t\t\t\t\t\t\t\t<h3 class=\"titoli_paragrafi\">\u00bfQu\u00e9 es el Acuerdo de QI?<\/h3><p>El\u00a0<strong>QI Agreement<\/strong>\u00a0es un contrato privado firmado entre dos partes: un intermediario financiero no estadounidense y un IRS.<\/p><p>Cambiado varias veces a lo largo del tiempo, el Acuerdo QI est\u00e1 ahora codificado en el\u00a0<a title=\"Enlace externo\" href=\"https:\/\/www.irs.gov\/pub\/irs-drop\/rp-17-15.pdf\" target=\"_blank\" rel=\"noopener noreferrer\">Procedimiento de ingresos 2017-15<\/a>. Contiene todas las reglas que rigen las obligaciones del QI.<\/p><p>Cualquier intermediario financiero no estadounidense puede calificar como QI al solicitarlo en el\u00a0<a title=\"Enlace externo\" href=\"https:\/\/www.irs.gov\/pub\/irs-pdf\/p5262.pdf\" target=\"_blank\" rel=\"noopener noreferrer\">portal del IRS<\/a>. El t\u00e9rmino \u00abcualificado\u00bb significa que la entidad tiene una cualificaci\u00f3n espec\u00edfica, mientras que el t\u00e9rmino \u00abintermediario\u00bb significa que el papel es, y debe ser, la intermediaci\u00f3n. El QI, en esencia, es reconocido como un sujeto calificado que se encuentra entre el IRS y el beneficiario del ingreso de los Estados Unidos.<\/p>\t\t\t\t\t\t\t\t<\/div>\n\t\t\t\t<\/div>\n\t\t\t\t<div class=\"elementor-element elementor-element-0262f9d elementor-widget elementor-widget-text-editor\" data-id=\"0262f9d\" data-element_type=\"widget\" data-e-type=\"widget\" id=\"section2\" data-widget_type=\"text-editor.default\">\n\t\t\t\t<div class=\"elementor-widget-container\">\n\t\t\t\t\t\t\t\t\t<h3 class=\"titoli_paragrafi\">C\u00f3mo convertirse en un QI<\/h3><p>Requisitos:<\/p><p>A.\u00a0Estar registrado y tener el estatus de Cap\u00edtulo 4 (FATCA) entre los siguientes:<\/p><ul><li>participante FFI(incluido el modelo 2 de IGA);<\/li><li>registrado FFI conforme a las normas (incluido el modelo 1 FFI de notificaci\u00f3n y el modelo 2 FFI de no notificaci\u00f3n considerado conforme a las normas registradas);<\/li><li>FFI de la IGA, o entidad patrocinadora de un informe directo de la NFFE.<\/li><\/ul><p>B.\u00a0estar en un pa\u00eds cuyas reglas de KYC (Know Your Customer) han sido aprobadas por el IRS (ver\u00a0<a title=\"Enlace externo Lista de pa\u00edses\" href=\"https:\/\/www.irs.gov\/businesses\/international-businesses\/list-of-approved-kyc-rules\" target=\"_blank\" rel=\"noopener noreferrer\">lista de pa\u00edses<\/a>).<\/p><p>Procedimiento:<\/p><p>Usted se convierte en un QI al registrarse en el \u00ab<a title=\"Enlace externo\" href=\"https:\/\/www.irs.gov\/businesses\/corporations\/qualified-intermediary-system\" target=\"_blank\" rel=\"noopener noreferrer\">QI\/WP\/WT system<\/a>\u00ab. El formulario de registro proporcionar\u00e1 informaci\u00f3n sobre la base de la cual el IRS determinar\u00e1 si la entidad tiene los recursos y procedimientos necesarios para cumplir con el Acuerdo de Coeficiente Intelectual. La aprobaci\u00f3n del estatus de QI es transmitida por el IRS. El solicitante aceptado tambi\u00e9n recibe un QI-EIN. Este identificador \u00fanico de 9 d\u00edgitos se utiliza siempre cuando el intermediario decida actuar como un QI.<\/p><div><a name=\"terzo\"><\/a><\/div>\t\t\t\t\t\t\t\t<\/div>\n\t\t\t\t<\/div>\n\t\t\t\t<div class=\"elementor-element elementor-element-fa9338e elementor-widget elementor-widget-text-editor\" data-id=\"fa9338e\" data-element_type=\"widget\" data-e-type=\"widget\" id=\"section3\" data-widget_type=\"text-editor.default\">\n\t\t\t\t<div class=\"elementor-widget-container\">\n\t\t\t\t\t\t\t\t\t<h3 class=\"titoli_paragrafi\">Documentaci\u00f3n a enviar a los repositorios<\/h3><p>Corresponde al intermediario financiero elegir para qu\u00e9 cuentas con sus custodios actuar\u00e1 como un QI. Para una o m\u00e1s cuentas, la entidad puede decidir calificar como NQI. Cualquiera que sea la calificaci\u00f3n, el QI debe enviar su formulario W8-IMY y la Declaraci\u00f3n de Retenci\u00f3n al custodio. A trav\u00e9s del formulario W8-IMY, la informaci\u00f3n ser\u00e1 comunicada al custodio:<\/p><ul><li>datos maestros de entidad<\/li><li>QI-EIN<\/li><li>Status Cap\u00edtulo 3 y Cap\u00edtulo 4<\/li><li>Responsabilidad asumida<\/li><\/ul><p>El \u00faltimo punto se refiere al derecho del QI a asumir la\u00a0<strong>Responsabilidad Primaria de la retenci\u00f3n<\/strong>, es decir, la responsabilidad primaria del cobro y pago de la retenci\u00f3n fiscal estadounidense. En estos casos, el QI libera a su depositario de la obligaci\u00f3n de retener impuestos en origen, y es responsable de a) aplicar las retenciones de impuestos y b) pagarlas al IRS dentro del plazo establecido. Tanto el Cap\u00edtulo 3 como el Cap\u00edtulo 4 de retenci\u00f3n de impuestos, QI y FATCA respectivamente, son aplicables.<\/p><p>Tenga en cuenta que el formulario W8-IMY s\u00f3lo es enviado por el QI cuando act\u00faa en nombre de un tercero (para sus clientes). Cuando la cuenta se mantiene para valores propiedad del corredor, \u00e9ste debe enviar el formulario W8-BEN-E.<\/p>\t\t\t\t\t\t\t\t<\/div>\n\t\t\t\t<\/div>\n\t\t\t\t<div class=\"elementor-element elementor-element-8cbfece elementor-widget elementor-widget-text-editor\" data-id=\"8cbfece\" data-element_type=\"widget\" data-e-type=\"widget\" id=\"section4\" data-widget_type=\"text-editor.default\">\n\t\t\t\t<div class=\"elementor-widget-container\">\n\t\t\t\t\t\t\t\t\t<h3 class=\"titoli_paragrafi\">\u00bfQu\u00e9 es la Declaraci\u00f3n de Retenci\u00f3n?<\/h3><p>La\u00a0<strong>Declaraci\u00f3n de Retenci\u00f3n\u00a0<\/strong>es el documento que el QI proporciona a su custodio junto al W8-IMY para comunicar el porcentaje de impuestos estadounidenses que se aplicar\u00e1 a cada una de sus cuentas.<\/p><p>No existe una Declaraci\u00f3n de Retenci\u00f3n oficial propuesta por el IRS y cada QI puede definir su propia declaraci\u00f3n. El aspecto clave del documento es que es por escrito e indica para cada cuenta los impuestos estadounidenses que se aplicar\u00e1n para cada tipo de ingreso.<br \/>El QI tendr\u00e1 que enviar una nueva Declaraci\u00f3n de Retenci\u00f3n para modificar la comunicaci\u00f3n anterior.<\/p>\t\t\t\t\t\t\t\t<\/div>\n\t\t\t\t<\/div>\n\t\t\t\t<\/div>\n\t\t\t\t\t<\/div>\n\t\t\t\t<\/div>\n\t\t<div class=\"elementor-element elementor-element-acbad7c e-flex e-con-boxed e-con e-parent\" data-id=\"acbad7c\" data-element_type=\"container\" data-e-type=\"container\" data-settings=\"{&quot;background_background&quot;:&quot;gradient&quot;}\">\n\t\t\t\t\t<div class=\"e-con-inner\">\n\t\t<div class=\"elementor-element elementor-element-8395ecd e-con-full e-flex elementor-invisible e-con e-child\" data-id=\"8395ecd\" data-element_type=\"container\" data-e-type=\"container\" data-settings=\"{&quot;animation&quot;:&quot;fadeIn&quot;}\">\n\t\t\t\t<div class=\"elementor-element elementor-element-2595ac1 elementor-widget elementor-widget-heading\" data-id=\"2595ac1\" data-element_type=\"widget\" data-e-type=\"widget\" data-widget_type=\"heading.default\">\n\t\t\t\t<div class=\"elementor-widget-container\">\n\t\t\t\t\t<h2 class=\"elementor-heading-title elementor-size-default\"> \u00bfLe interesan nuestros servicios de QI reporting?<\/h2>\t\t\t\t<\/div>\n\t\t\t\t<\/div>\n\t\t\t\t<div class=\"elementor-element elementor-element-ad74d41 elementor-widget elementor-widget-heading\" data-id=\"ad74d41\" data-element_type=\"widget\" data-e-type=\"widget\" data-widget_type=\"heading.default\">\n\t\t\t\t<div class=\"elementor-widget-container\">\n\t\t\t\t\t<h2 class=\"elementor-heading-title elementor-size-default\">Haga clic en el bot\u00f3n de al lado para solicitar m\u00e1s informaci\u00f3n<\/h2>\t\t\t\t<\/div>\n\t\t\t\t<\/div>\n\t\t\t\t<\/div>\n\t\t<div class=\"elementor-element elementor-element-5e8977a e-con-full e-flex elementor-invisible e-con e-child\" data-id=\"5e8977a\" data-element_type=\"container\" data-e-type=\"container\" data-settings=\"{&quot;animation&quot;:&quot;fadeIn&quot;,&quot;animation_delay&quot;:200}\">\n\t\t\t\t<div class=\"elementor-element elementor-element-d9336c5 elementor-align-center elementor-widget elementor-widget-button\" data-id=\"d9336c5\" data-element_type=\"widget\" data-e-type=\"widget\" data-widget_type=\"button.default\">\n\t\t\t\t<div class=\"elementor-widget-container\">\n\t\t\t\t\t\t\t\t\t<div class=\"elementor-button-wrapper\">\n\t\t\t\t\t<a class=\"elementor-button elementor-button-link elementor-size-sm\" href=\"\/es\/contact-us\">\n\t\t\t\t\t\t<span class=\"elementor-button-content-wrapper\">\n\t\t\t\t\t\t\t\t\t<span class=\"elementor-button-text\">Solicitar m\u00e1s informaci\u00f3n<\/span>\n\t\t\t\t\t<\/span>\n\t\t\t\t\t<\/a>\n\t\t\t\t<\/div>\n\t\t\t\t\t\t\t\t<\/div>\n\t\t\t\t<\/div>\n\t\t\t\t<\/div>\n\t\t\t\t\t<\/div>\n\t\t\t\t<\/div>\n\t\t\t\t<\/div>\n\t\t","protected":false},"excerpt":{"rendered":"<p>Requisitos para convertirse en un QI \u00cdndice \u00bfQu\u00e9 es el Acuerdo de QI? C\u00f3mo convertirse en un QI Documentaci\u00f3n a enviar a los repositorios \u00bfQu\u00e9 es la Declaraci\u00f3n de Retenci\u00f3n? \u00bfQu\u00e9 es el Acuerdo de QI? El\u00a0QI Agreement\u00a0es un contrato privado firmado entre dos partes: un intermediario financiero no estadounidense y un IRS. Cambiado varias [&hellip;]<\/p>\n","protected":false},"author":1,"featured_media":0,"parent":0,"menu_order":0,"comment_status":"closed","ping_status":"closed","template":"","meta":{"footnotes":""},"class_list":["post-1277","page","type-page","status-publish","hentry"],"rttpg_featured_image_url":null,"rttpg_author":{"display_name":"DavidSoto","author_link":"https:\/\/bestreporting.ch\/es\/author\/davidsoto\/"},"rttpg_comment":0,"rttpg_category":" <a href=\"https:\/\/bestreporting.ch\/es\/?taxonomy=translation_priority&#038;term=opcional-es\" rel=\"tag\">Opcional<\/a>","rttpg_excerpt":"Requisitos para convertirse en un QI \u00cdndice \u00bfQu\u00e9 es el Acuerdo de QI? C\u00f3mo convertirse en un QI Documentaci\u00f3n a enviar a los repositorios \u00bfQu\u00e9 es la Declaraci\u00f3n de Retenci\u00f3n? \u00bfQu\u00e9 es el Acuerdo de QI? El\u00a0QI Agreement\u00a0es un contrato privado firmado entre dos partes: un intermediario financiero no estadounidense y un IRS. Cambiado varias&hellip;","_links":{"self":[{"href":"https:\/\/bestreporting.ch\/es\/wp-json\/wp\/v2\/pages\/1277","targetHints":{"allow":["GET"]}}],"collection":[{"href":"https:\/\/bestreporting.ch\/es\/wp-json\/wp\/v2\/pages"}],"about":[{"href":"https:\/\/bestreporting.ch\/es\/wp-json\/wp\/v2\/types\/page"}],"author":[{"embeddable":true,"href":"https:\/\/bestreporting.ch\/es\/wp-json\/wp\/v2\/users\/1"}],"replies":[{"embeddable":true,"href":"https:\/\/bestreporting.ch\/es\/wp-json\/wp\/v2\/comments?post=1277"}],"version-history":[{"count":10,"href":"https:\/\/bestreporting.ch\/es\/wp-json\/wp\/v2\/pages\/1277\/revisions"}],"predecessor-version":[{"id":2441,"href":"https:\/\/bestreporting.ch\/es\/wp-json\/wp\/v2\/pages\/1277\/revisions\/2441"}],"wp:attachment":[{"href":"https:\/\/bestreporting.ch\/es\/wp-json\/wp\/v2\/media?parent=1277"}],"curies":[{"name":"wp","href":"https:\/\/api.w.org\/{rel}","templated":true}]}}