{"id":1264,"date":"2023-10-20T19:22:49","date_gmt":"2023-10-20T19:22:49","guid":{"rendered":"https:\/\/bestreporting.ch\/qi-recogida-de-la-documentacion\/"},"modified":"2024-02-05T18:45:54","modified_gmt":"2024-02-05T18:45:54","slug":"qi-recogida-de-la-documentacion","status":"publish","type":"page","link":"https:\/\/bestreporting.ch\/es\/qi-recogida-de-la-documentacion\/","title":{"rendered":"QI: Recogida de la documentaci\u00f3n"},"content":{"rendered":"\t\t<div data-elementor-type=\"wp-page\" data-elementor-id=\"1264\" class=\"elementor elementor-1264 elementor-205\">\n\t\t\t\t<div class=\"elementor-element elementor-element-a6ce89c e-flex e-con-boxed e-con e-parent\" data-id=\"a6ce89c\" data-element_type=\"container\" data-e-type=\"container\" data-settings=\"{&quot;background_background&quot;:&quot;gradient&quot;}\">\n\t\t\t\t\t<div class=\"e-con-inner\">\n\t\t\t\t<div class=\"elementor-element elementor-element-55d615e elementor-invisible elementor-widget elementor-widget-heading\" data-id=\"55d615e\" data-element_type=\"widget\" data-e-type=\"widget\" data-settings=\"{&quot;_animation&quot;:&quot;fadeIn&quot;,&quot;_animation_delay&quot;:200}\" data-widget_type=\"heading.default\">\n\t\t\t\t<div class=\"elementor-widget-container\">\n\t\t\t\t\t<h2 class=\"elementor-heading-title elementor-size-default\">QI: Recogida de la documentaci\u00f3n<\/h2>\t\t\t\t<\/div>\n\t\t\t\t<\/div>\n\t\t\t\t\t<\/div>\n\t\t\t\t<\/div>\n\t\t<div class=\"elementor-element elementor-element-b91df42 e-flex e-con-boxed e-con e-parent\" data-id=\"b91df42\" data-element_type=\"container\" data-e-type=\"container\">\n\t\t\t\t\t<div class=\"e-con-inner\">\n\t\t<div class=\"elementor-element elementor-element-d5fd232 e-con-full e-flex e-con e-child\" data-id=\"d5fd232\" data-element_type=\"container\" data-e-type=\"container\">\n\t\t\t\t<div class=\"elementor-element elementor-element-0c7554c elementor-invisible elementor-widget elementor-widget-heading\" data-id=\"0c7554c\" data-element_type=\"widget\" data-e-type=\"widget\" data-settings=\"{&quot;_animation&quot;:&quot;fadeIn&quot;,&quot;_animation_delay&quot;:200}\" data-widget_type=\"heading.default\">\n\t\t\t\t<div class=\"elementor-widget-container\">\n\t\t\t\t\t<h2 class=\"elementor-heading-title elementor-size-default\">\u00cdndice<\/h2>\t\t\t\t<\/div>\n\t\t\t\t<\/div>\n\t\t\t\t<div class=\"elementor-element elementor-element-e473727 elementor-icon-list--layout-traditional elementor-list-item-link-full_width elementor-invisible elementor-widget elementor-widget-icon-list\" data-id=\"e473727\" data-element_type=\"widget\" data-e-type=\"widget\" data-settings=\"{&quot;_animation&quot;:&quot;fadeIn&quot;,&quot;_animation_delay&quot;:200}\" data-widget_type=\"icon-list.default\">\n\t\t\t\t<div class=\"elementor-widget-container\">\n\t\t\t\t\t\t\t<ul class=\"elementor-icon-list-items\">\n\t\t\t\t\t\t\t<li class=\"elementor-icon-list-item\">\n\t\t\t\t\t\t\t\t\t\t\t<a href=\"#section1\">\n\n\t\t\t\t\t\t\t\t\t\t\t\t<span class=\"elementor-icon-list-icon\">\n\t\t\t\t\t\t\t<svg xmlns=\"http:\/\/www.w3.org\/2000\/svg\" xmlns:xlink=\"http:\/\/www.w3.org\/1999\/xlink\" id=\"Layer_1\" x=\"0px\" y=\"0px\" viewBox=\"0 0 492.004 492.004\" style=\"enable-background:new 0 0 492.004 492.004;\" xml:space=\"preserve\"><g>\t<g>\t\t<path d=\"M484.14,226.886L306.46,49.202c-5.072-5.072-11.832-7.856-19.04-7.856c-7.216,0-13.972,2.788-19.044,7.856l-16.132,16.136   c-5.068,5.064-7.86,11.828-7.86,19.04c0,7.208,2.792,14.2,7.86,19.264L355.9,207.526H26.58C11.732,207.526,0,219.15,0,234.002   v22.812c0,14.852,11.732,27.648,26.58,27.648h330.496L252.248,388.926c-5.068,5.072-7.86,11.652-7.86,18.864   c0,7.204,2.792,13.88,7.86,18.948l16.132,16.084c5.072,5.072,11.828,7.836,19.044,7.836c7.208,0,13.968-2.8,19.04-7.872   l177.68-177.68c5.084-5.088,7.88-11.88,7.86-19.1C492.02,238.762,489.228,231.966,484.14,226.886z\"><\/path>\t<\/g><\/g><g><\/g><g><\/g><g><\/g><g><\/g><g><\/g><g><\/g><g><\/g><g><\/g><g><\/g><g><\/g><g><\/g><g><\/g><g><\/g><g><\/g><g><\/g><\/svg>\t\t\t\t\t\t<\/span>\n\t\t\t\t\t\t\t\t\t\t<span class=\"elementor-icon-list-text\">NRA y documentaci\u00f3n de persona de los E.E.U.U.<\/span>\n\t\t\t\t\t\t\t\t\t\t\t<\/a>\n\t\t\t\t\t\t\t\t\t<\/li>\n\t\t\t\t\t\t\t\t<li class=\"elementor-icon-list-item\">\n\t\t\t\t\t\t\t\t\t\t\t<a href=\"#section2\">\n\n\t\t\t\t\t\t\t\t\t\t\t\t<span class=\"elementor-icon-list-icon\">\n\t\t\t\t\t\t\t<svg xmlns=\"http:\/\/www.w3.org\/2000\/svg\" xmlns:xlink=\"http:\/\/www.w3.org\/1999\/xlink\" id=\"Layer_1\" x=\"0px\" y=\"0px\" viewBox=\"0 0 492.004 492.004\" style=\"enable-background:new 0 0 492.004 492.004;\" xml:space=\"preserve\"><g>\t<g>\t\t<path d=\"M484.14,226.886L306.46,49.202c-5.072-5.072-11.832-7.856-19.04-7.856c-7.216,0-13.972,2.788-19.044,7.856l-16.132,16.136   c-5.068,5.064-7.86,11.828-7.86,19.04c0,7.208,2.792,14.2,7.86,19.264L355.9,207.526H26.58C11.732,207.526,0,219.15,0,234.002   v22.812c0,14.852,11.732,27.648,26.58,27.648h330.496L252.248,388.926c-5.068,5.072-7.86,11.652-7.86,18.864   c0,7.204,2.792,13.88,7.86,18.948l16.132,16.084c5.072,5.072,11.828,7.836,19.044,7.836c7.208,0,13.968-2.8,19.04-7.872   l177.68-177.68c5.084-5.088,7.88-11.88,7.86-19.1C492.02,238.762,489.228,231.966,484.14,226.886z\"><\/path>\t<\/g><\/g><g><\/g><g><\/g><g><\/g><g><\/g><g><\/g><g><\/g><g><\/g><g><\/g><g><\/g><g><\/g><g><\/g><g><\/g><g><\/g><g><\/g><g><\/g><\/svg>\t\t\t\t\t\t<\/span>\n\t\t\t\t\t\t\t\t\t\t<span class=\"elementor-icon-list-text\">Definici\u00f3n y documentaci\u00f3n de la persona en los EE.UU.<\/span>\n\t\t\t\t\t\t\t\t\t\t\t<\/a>\n\t\t\t\t\t\t\t\t\t<\/li>\n\t\t\t\t\t\t\t\t<li class=\"elementor-icon-list-item\">\n\t\t\t\t\t\t\t\t\t\t\t<a href=\"#section3\">\n\n\t\t\t\t\t\t\t\t\t\t\t\t<span class=\"elementor-icon-list-icon\">\n\t\t\t\t\t\t\t<svg xmlns=\"http:\/\/www.w3.org\/2000\/svg\" xmlns:xlink=\"http:\/\/www.w3.org\/1999\/xlink\" id=\"Layer_1\" x=\"0px\" y=\"0px\" viewBox=\"0 0 492.004 492.004\" style=\"enable-background:new 0 0 492.004 492.004;\" xml:space=\"preserve\"><g>\t<g>\t\t<path d=\"M484.14,226.886L306.46,49.202c-5.072-5.072-11.832-7.856-19.04-7.856c-7.216,0-13.972,2.788-19.044,7.856l-16.132,16.136   c-5.068,5.064-7.86,11.828-7.86,19.04c0,7.208,2.792,14.2,7.86,19.264L355.9,207.526H26.58C11.732,207.526,0,219.15,0,234.002   v22.812c0,14.852,11.732,27.648,26.58,27.648h330.496L252.248,388.926c-5.068,5.072-7.86,11.652-7.86,18.864   c0,7.204,2.792,13.88,7.86,18.948l16.132,16.084c5.072,5.072,11.828,7.836,19.044,7.836c7.208,0,13.968-2.8,19.04-7.872   l177.68-177.68c5.084-5.088,7.88-11.88,7.86-19.1C492.02,238.762,489.228,231.966,484.14,226.886z\"><\/path>\t<\/g><\/g><g><\/g><g><\/g><g><\/g><g><\/g><g><\/g><g><\/g><g><\/g><g><\/g><g><\/g><g><\/g><g><\/g><g><\/g><g><\/g><g><\/g><g><\/g><\/svg>\t\t\t\t\t\t<\/span>\n\t\t\t\t\t\t\t\t\t\t<span class=\"elementor-icon-list-text\">Definici\u00f3n y documentaci\u00f3n de Extranjero No Residente (NRA)<\/span>\n\t\t\t\t\t\t\t\t\t\t\t<\/a>\n\t\t\t\t\t\t\t\t\t<\/li>\n\t\t\t\t\t\t\t\t<li class=\"elementor-icon-list-item\">\n\t\t\t\t\t\t\t\t\t\t\t<a href=\"#section4\">\n\n\t\t\t\t\t\t\t\t\t\t\t\t<span class=\"elementor-icon-list-icon\">\n\t\t\t\t\t\t\t<svg xmlns=\"http:\/\/www.w3.org\/2000\/svg\" xmlns:xlink=\"http:\/\/www.w3.org\/1999\/xlink\" id=\"Layer_1\" x=\"0px\" y=\"0px\" viewBox=\"0 0 492.004 492.004\" style=\"enable-background:new 0 0 492.004 492.004;\" xml:space=\"preserve\"><g>\t<g>\t\t<path d=\"M484.14,226.886L306.46,49.202c-5.072-5.072-11.832-7.856-19.04-7.856c-7.216,0-13.972,2.788-19.044,7.856l-16.132,16.136   c-5.068,5.064-7.86,11.828-7.86,19.04c0,7.208,2.792,14.2,7.86,19.264L355.9,207.526H26.58C11.732,207.526,0,219.15,0,234.002   v22.812c0,14.852,11.732,27.648,26.58,27.648h330.496L252.248,388.926c-5.068,5.072-7.86,11.652-7.86,18.864   c0,7.204,2.792,13.88,7.86,18.948l16.132,16.084c5.072,5.072,11.828,7.836,19.044,7.836c7.208,0,13.968-2.8,19.04-7.872   l177.68-177.68c5.084-5.088,7.88-11.88,7.86-19.1C492.02,238.762,489.228,231.966,484.14,226.886z\"><\/path>\t<\/g><\/g><g><\/g><g><\/g><g><\/g><g><\/g><g><\/g><g><\/g><g><\/g><g><\/g><g><\/g><g><\/g><g><\/g><g><\/g><g><\/g><g><\/g><g><\/g><\/svg>\t\t\t\t\t\t<\/span>\n\t\t\t\t\t\t\t\t\t\t<span class=\"elementor-icon-list-text\">Per\u00edodo de validez de la documentaci\u00f3n W8 y W9<\/span>\n\t\t\t\t\t\t\t\t\t\t\t<\/a>\n\t\t\t\t\t\t\t\t\t<\/li>\n\t\t\t\t\t\t<\/ul>\n\t\t\t\t\t\t<\/div>\n\t\t\t\t<\/div>\n\t\t\t\t<\/div>\n\t\t<div class=\"elementor-element elementor-element-fb44002 e-con-full e-flex e-con e-child\" data-id=\"fb44002\" data-element_type=\"container\" data-e-type=\"container\">\n\t\t\t\t<div class=\"elementor-element elementor-element-1a62780 elementor-widget elementor-widget-text-editor\" data-id=\"1a62780\" data-element_type=\"widget\" data-e-type=\"widget\" id=\"section1\" data-widget_type=\"text-editor.default\">\n\t\t\t\t<div class=\"elementor-widget-container\">\n\t\t\t\t\t\t\t\t\t<h3 class=\"titoli_paragrafi\">NRA y documentaci\u00f3n de persona de los E.E.U.U.<\/h3>\nLa recogida de la documentaci\u00f3n de sus clientes es lo m\u00e1s importante de todo el r\u00e9gimen de QI. Los clientes de la NRA deben estar correctamente identificados y documentados con el m\u00f3dulo W-8 o con pruebas documentales alternativas (p. ej., Conozca a su cliente, KYC, normas). Los clientes de EE.UU. deben presentar un formulario W-9 en su lugar.\n\nLos clientes con un QI correctamente documentado tienen derecho a la retenci\u00f3n de impuestos reducida.\n\nW8 y W9 Existen diferentes tipos de m\u00f3dulos W-8, cada uno de los cuales se utiliza para documentar un grupo de clientes en particular.\n<table class=\"table\">\n<tbody>\n<tr>\n<td width=\"179\"><strong>M\u00f3dulo<\/strong><\/td>\n<td width=\"463\"><strong>Receptor Tipo de cliente<\/strong><\/td>\n<\/tr>\n<tr>\n<td width=\"179\">W-9<\/td>\n<td width=\"463\">Clientes particulares de EE.UU<\/td>\n<\/tr>\n<tr>\n<td width=\"179\">W-8BEN<\/td>\n<td width=\"463\">Clientes NRA Personas f\u00edsicas<\/td>\n<\/tr>\n<tr>\n<td width=\"179\">W-8BEN-E<\/td>\n<td width=\"463\">Entidad cliente de la NRA con personalidad jur\u00eddica<\/td>\n<\/tr>\n<tr>\n<td width=\"179\">W-8IMY<\/td>\n<td width=\"463\">Clientes de la NRA:&nbsp;\n<ul>\n \t<li>Intermediarios de otros clientes (por ejemplo, QI o NQI)<\/li>\n \t<li>Asociaciones<\/li>\n \t<li>empresas fiscalmente transparentes (Flow Through Entities, FTE)<\/li>\n<\/ul>\n<\/td>\n<\/tr>\n<tr>\n<td width=\"179\">W-8EXP<\/td>\n<td width=\"463\">Clientes de la NRA que solicitan la exenci\u00f3n de retenci\u00f3n de impuestos:&nbsp;\n<ul>\n \t<li>Gobiernos no estadounidenses<\/li>\n \t<li>Organizaciones internacionales<\/li>\n \t<li>Otras entidades exentas<\/li>\n<\/ul>\n<\/td>\n<\/tr>\n<tr>\n<td width=\"179\">W-8ECI<\/td>\n<td width=\"463\">Clientes de la NRA que solicitan la exenci\u00f3n de la retenci\u00f3n en la fuente porque los ingresos recibidos son relevantes para el establecimiento permanente en los EE.UU.<\/td>\n<\/tr>\n<\/tbody>\n<\/table>\nComo alternativa a los formularios W-8, el QI puede recopilar otras pruebas documentales permitidas por el IRS. Para los clientes directos de las NRA, se permite la documentaci\u00f3n a trav\u00e9s de las normas KYC. Por ejemplo, el QI puede aceptar la copia de la tarjeta de identificaci\u00f3n proporcionada por su cliente si se considera como prueba v\u00e1lida a efectos del KYC del pa\u00eds en el que est\u00e1 establecido el QI.\n<div><a name=\"secondo\"><\/a><\/div>\t\t\t\t\t\t\t\t<\/div>\n\t\t\t\t<\/div>\n\t\t\t\t<div class=\"elementor-element elementor-element-a175be8 elementor-widget elementor-widget-text-editor\" data-id=\"a175be8\" data-element_type=\"widget\" data-e-type=\"widget\" id=\"section2\" data-widget_type=\"text-editor.default\">\n\t\t\t\t<div class=\"elementor-widget-container\">\n\t\t\t\t\t\t\t\t\t<h3 class=\"titoli_paragrafi\">Definici\u00f3n y documentaci\u00f3n de la persona en los EE.UU.<\/h3><p>La persona en los Estados Unidos se define en la secci\u00f3n 7701(a)(30) del IRC. Se define como persona de los EE.UU:<\/p><ul><li>un ciudadano de los Estados Unidos o residente en los Estados Unidos;<\/li><li>una sociedad an\u00f3nima constituida en los Estados Unidos;<\/li><li>una corporaci\u00f3n constituida en los Estados Unidos;<\/li><li>un fideicomiso, si<ul><li>un tribunal de los Estados Unidos puede ejercer la jurisdicci\u00f3n primaria sobre la administraci\u00f3n del fideicomiso, y<\/li><li>una o m\u00e1s personas de EE.UU. tienen la autoridad para revisar todas las decisiones sustantivas del fideicomiso.<\/li><\/ul><\/li><\/ul><p>Una persona de los EE.UU. que ha completado y firmado el formulario W-9 (<a title=\"Enlace externo Formulario W-9\" href=\"https:\/\/www.irs.gov\/pub\/irs-pdf\/fw9.pdf\" target=\"_blank\" rel=\"noopener noreferrer\">https:\/\/www.irs.gov\/pub\/irs-pdf\/fw9.pdf<\/a>) se considera documentada. El Formulario W-9 debe incluir el n\u00famero de identificaci\u00f3n fiscal del cliente, es decir, el N\u00famero de Identificaci\u00f3n del Contribuyente (TIN) del cliente. En ausencia de tal informaci\u00f3n, el QI debe aplicar el 24% de retenci\u00f3n de impuestos (es decir, la tasa actual de retenci\u00f3n de respaldo) tanto sobre los ingresos por ventas como sobre los ingresos por ventas de valores estadounidenses.<\/p><div><a name=\"terzo\"><\/a><\/div>\t\t\t\t\t\t\t\t<\/div>\n\t\t\t\t<\/div>\n\t\t\t\t<div class=\"elementor-element elementor-element-11b1d55 elementor-widget elementor-widget-text-editor\" data-id=\"11b1d55\" data-element_type=\"widget\" data-e-type=\"widget\" id=\"section3\" data-widget_type=\"text-editor.default\">\n\t\t\t\t<div class=\"elementor-widget-container\">\n\t\t\t\t\t\t\t\t\t<h3 class=\"titoli_paragrafi\">Definici\u00f3n y documentaci\u00f3n de Extranjero No Residente (NRA)<\/h3>\nTodos los clientes que no entran en la categor\u00eda de personas de EE.UU. se consideran NRA.\n\nLos clientes de las NRA deben identificarse mediante un formulario especial W-8, que var\u00eda seg\u00fan el tipo de cliente. Para los clientes directos, tambi\u00e9n se permite la documentaci\u00f3n a trav\u00e9s de las reglas de KYC.\n<table class=\"table\">\n<tbody>\n<tr>\n<td width=\"271\"><strong>Cliente<\/strong><\/td>\n<td width=\"421\"><strong>Documentaci\u00f3n<\/strong><\/td>\n<\/tr>\n<tr>\n<td width=\"271\">Personas f\u00edsicas NRA<\/td>\n<td width=\"421\">\n<ul>\n \t<li>W-8<\/li>\n \t<li>Documentaci\u00f3n de acuerdo con los KYCs del pa\u00eds del QI<\/li>\n<\/ul>\n<\/td>\n<\/tr>\n<tr>\n<td width=\"271\">Entidades transparentes (FTE, NQI)<\/td>\n<td width=\"421\">La documentaci\u00f3n de la entidad que recauda el producto ser\u00e1:&nbsp;\n<ul>\n \t<li>W8-IMY + Declaraci\u00f3n de retenci\u00f3n<\/li>\n<\/ul>\n&nbsp;\n\nLa documentaci\u00f3n de los miembros\/beneficiarios\/clientes se distingue en funci\u00f3n de si son o no beneficiarios reales a efectos de coeficiente intelectual.\n\n&nbsp;\n\nBeneficiarios reales:\n<ul>\n \t<li>W8-BEN\/W9 de miembros\/beneficiarios\/clientes<\/li>\n<\/ul>\n&nbsp;\n\nNO beneficiarios reales:\n<ul>\n \t<li>W8-IMY + Declaraci\u00f3n de retenci\u00f3n de la persona jur\u00eddica<\/li>\n \t<li>W8-BEN\/W9 de miembros\/beneficiarios\/clientes<\/li>\n<\/ul>\n<\/td>\n<\/tr>\n<tr>\n<td width=\"271\">Personas jur\u00eddicas NRA<\/td>\n<td width=\"421\">\n<ul>\n \t<li>W8-BEN-E de la empresa, o:<\/li>\n \t<li>Documentaci\u00f3n Anti-Lavado de Dinero + Declaraci\u00f3n del Tratado<\/li>\n<\/ul>\n<\/td>\n<\/tr>\n<\/tbody>\n<\/table>\n<h3 class=\"titoli_paragrafi\"><\/h3>\t\t\t\t\t\t\t\t<\/div>\n\t\t\t\t<\/div>\n\t\t\t\t<div class=\"elementor-element elementor-element-6d765db elementor-widget elementor-widget-text-editor\" data-id=\"6d765db\" data-element_type=\"widget\" data-e-type=\"widget\" id=\"section4\" data-widget_type=\"text-editor.default\">\n\t\t\t\t<div class=\"elementor-widget-container\">\n\t\t\t\t\t\t\t\t\t<h3 class=\"titoli_paragrafi\">Per\u00edodo de validez de la documentaci\u00f3n W8 y W9<\/h3>\nEl per\u00edodo de validez de la documentaci\u00f3n presentada por los m\u00f3dulos W-8 o W-9 var\u00eda para cada m\u00f3dulo. Los t\u00e9rminos en vigor para cada m\u00f3dulo son los siguientes.\n<table class=\"table\">\n<tbody>\n<tr>\n<td width=\"179\"><strong>M\u00f3dulo<\/strong><\/td>\n<td width=\"463\"><strong>Per\u00edodo de validez<\/strong><\/td>\n<\/tr>\n<tr>\n<td width=\"179\">W-8IMY<\/td>\n<td rowspan=\"2\" width=\"463\">Siempre y cuando la informaci\u00f3n dada no cambie<\/td>\n<\/tr>\n<tr>\n<td width=\"179\">W-9<\/td>\n<\/tr>\n<tr>\n<td width=\"179\">W-8BEN<\/td>\n<td rowspan=\"4\" width=\"463\">Hasta el tercer a\u00f1o natural siguiente a la fecha de suscripci\u00f3n y de emisi\u00f3n&nbsp;\n\n&nbsp;<\/td>\n<\/tr>\n<tr>\n<td width=\"179\">W-8BEN-E<\/td>\n<\/tr>\n<tr>\n<td width=\"179\">W-8EXP<\/td>\n<\/tr>\n<tr>\n<td width=\"179\">W-8ECI<\/td>\n<\/tr>\n<\/tbody>\n<\/table>\n<h3 class=\"titoli_paragrafi\"><\/h3>\t\t\t\t\t\t\t\t<\/div>\n\t\t\t\t<\/div>\n\t\t\t\t<\/div>\n\t\t\t\t\t<\/div>\n\t\t\t\t<\/div>\n\t\t<div class=\"elementor-element elementor-element-055daed e-flex e-con-boxed e-con e-parent\" data-id=\"055daed\" data-element_type=\"container\" data-e-type=\"container\" data-settings=\"{&quot;background_background&quot;:&quot;gradient&quot;}\">\n\t\t\t\t\t<div class=\"e-con-inner\">\n\t\t<div class=\"elementor-element elementor-element-cc868f9 e-con-full e-flex elementor-invisible e-con e-child\" data-id=\"cc868f9\" data-element_type=\"container\" data-e-type=\"container\" data-settings=\"{&quot;animation&quot;:&quot;fadeIn&quot;}\">\n\t\t\t\t<div class=\"elementor-element elementor-element-4fd6950 elementor-widget elementor-widget-heading\" data-id=\"4fd6950\" data-element_type=\"widget\" data-e-type=\"widget\" data-widget_type=\"heading.default\">\n\t\t\t\t<div class=\"elementor-widget-container\">\n\t\t\t\t\t<h2 class=\"elementor-heading-title elementor-size-default\"> \u00bfLe interesan nuestros servicios de QI reporting?<\/h2>\t\t\t\t<\/div>\n\t\t\t\t<\/div>\n\t\t\t\t<div class=\"elementor-element elementor-element-0d5a0b1 elementor-widget elementor-widget-heading\" data-id=\"0d5a0b1\" data-element_type=\"widget\" data-e-type=\"widget\" data-widget_type=\"heading.default\">\n\t\t\t\t<div class=\"elementor-widget-container\">\n\t\t\t\t\t<h2 class=\"elementor-heading-title elementor-size-default\">Haga clic en el bot\u00f3n de al lado para solicitar m\u00e1s informaci\u00f3n<\/h2>\t\t\t\t<\/div>\n\t\t\t\t<\/div>\n\t\t\t\t<\/div>\n\t\t<div class=\"elementor-element elementor-element-ae672bd e-con-full e-flex elementor-invisible e-con e-child\" data-id=\"ae672bd\" data-element_type=\"container\" data-e-type=\"container\" data-settings=\"{&quot;animation&quot;:&quot;fadeIn&quot;,&quot;animation_delay&quot;:200}\">\n\t\t\t\t<div class=\"elementor-element elementor-element-e336cc8 elementor-align-center elementor-widget elementor-widget-button\" data-id=\"e336cc8\" data-element_type=\"widget\" data-e-type=\"widget\" data-widget_type=\"button.default\">\n\t\t\t\t<div class=\"elementor-widget-container\">\n\t\t\t\t\t\t\t\t\t<div class=\"elementor-button-wrapper\">\n\t\t\t\t\t<a class=\"elementor-button elementor-button-link elementor-size-sm\" href=\"\/es\/contact-us\">\n\t\t\t\t\t\t<span class=\"elementor-button-content-wrapper\">\n\t\t\t\t\t\t\t\t\t<span class=\"elementor-button-text\">Solicitar m\u00e1s informaci\u00f3n<\/span>\n\t\t\t\t\t<\/span>\n\t\t\t\t\t<\/a>\n\t\t\t\t<\/div>\n\t\t\t\t\t\t\t\t<\/div>\n\t\t\t\t<\/div>\n\t\t\t\t<\/div>\n\t\t\t\t\t<\/div>\n\t\t\t\t<\/div>\n\t\t\t\t<\/div>\n\t\t","protected":false},"excerpt":{"rendered":"<p>QI: Recogida de la documentaci\u00f3n \u00cdndice NRA y documentaci\u00f3n de persona de los E.E.U.U. Definici\u00f3n y documentaci\u00f3n de la persona en los EE.UU. Definici\u00f3n y documentaci\u00f3n de Extranjero No Residente (NRA) Per\u00edodo de validez de la documentaci\u00f3n W8 y W9 NRA y documentaci\u00f3n de persona de los E.E.U.U. La recogida de la documentaci\u00f3n de sus [&hellip;]<\/p>\n","protected":false},"author":1,"featured_media":0,"parent":0,"menu_order":0,"comment_status":"closed","ping_status":"closed","template":"","meta":{"footnotes":""},"class_list":["post-1264","page","type-page","status-publish","hentry"],"rttpg_featured_image_url":null,"rttpg_author":{"display_name":"DavidSoto","author_link":"https:\/\/bestreporting.ch\/es\/author\/davidsoto\/"},"rttpg_comment":0,"rttpg_category":" <a href=\"https:\/\/bestreporting.ch\/es\/?taxonomy=translation_priority&#038;term=opcional-es\" rel=\"tag\">Opcional<\/a>","rttpg_excerpt":"QI: Recogida de la documentaci\u00f3n \u00cdndice NRA y documentaci\u00f3n de persona de los E.E.U.U. Definici\u00f3n y documentaci\u00f3n de la persona en los EE.UU. Definici\u00f3n y documentaci\u00f3n de Extranjero No Residente (NRA) Per\u00edodo de validez de la documentaci\u00f3n W8 y W9 NRA y documentaci\u00f3n de persona de los E.E.U.U. La recogida de la documentaci\u00f3n de sus&hellip;","_links":{"self":[{"href":"https:\/\/bestreporting.ch\/es\/wp-json\/wp\/v2\/pages\/1264","targetHints":{"allow":["GET"]}}],"collection":[{"href":"https:\/\/bestreporting.ch\/es\/wp-json\/wp\/v2\/pages"}],"about":[{"href":"https:\/\/bestreporting.ch\/es\/wp-json\/wp\/v2\/types\/page"}],"author":[{"embeddable":true,"href":"https:\/\/bestreporting.ch\/es\/wp-json\/wp\/v2\/users\/1"}],"replies":[{"embeddable":true,"href":"https:\/\/bestreporting.ch\/es\/wp-json\/wp\/v2\/comments?post=1264"}],"version-history":[{"count":10,"href":"https:\/\/bestreporting.ch\/es\/wp-json\/wp\/v2\/pages\/1264\/revisions"}],"predecessor-version":[{"id":2438,"href":"https:\/\/bestreporting.ch\/es\/wp-json\/wp\/v2\/pages\/1264\/revisions\/2438"}],"wp:attachment":[{"href":"https:\/\/bestreporting.ch\/es\/wp-json\/wp\/v2\/media?parent=1264"}],"curies":[{"name":"wp","href":"https:\/\/api.w.org\/{rel}","templated":true}]}}