{"id":1662,"date":"2023-10-20T18:06:57","date_gmt":"2023-10-20T18:06:57","guid":{"rendered":"https:\/\/bestreporting.ch\/qi-regulierung\/"},"modified":"2024-02-05T18:51:07","modified_gmt":"2024-02-05T18:51:07","slug":"qi-regulierung","status":"publish","type":"page","link":"https:\/\/bestreporting.ch\/de\/qi-regulierung\/","title":{"rendered":"QI-Regulierung"},"content":{"rendered":"\t\t<div data-elementor-type=\"wp-page\" data-elementor-id=\"1662\" class=\"elementor elementor-1662 elementor-42\">\n\t\t\t\t<div class=\"elementor-element elementor-element-543a403 e-flex e-con-boxed e-con e-parent\" data-id=\"543a403\" data-element_type=\"container\" data-e-type=\"container\" data-settings=\"{&quot;background_background&quot;:&quot;classic&quot;}\">\n\t\t\t\t\t<div class=\"e-con-inner\">\n\t\t\t\t<div class=\"elementor-element elementor-element-868e23c elementor-invisible elementor-widget elementor-widget-heading\" data-id=\"868e23c\" data-element_type=\"widget\" data-e-type=\"widget\" data-settings=\"{&quot;_animation&quot;:&quot;fadeIn&quot;,&quot;_animation_delay&quot;:0}\" data-widget_type=\"heading.default\">\n\t\t\t\t<div class=\"elementor-widget-container\">\n\t\t\t\t\t<h2 class=\"elementor-heading-title elementor-size-default\">QI-Regulierung<\/h2>\t\t\t\t<\/div>\n\t\t\t\t<\/div>\n\t\t\t\t\t<\/div>\n\t\t\t\t<\/div>\n\t\t<div class=\"elementor-element elementor-element-399c97c e-flex e-con-boxed e-con e-parent\" data-id=\"399c97c\" data-element_type=\"container\" data-e-type=\"container\">\n\t\t\t\t\t<div class=\"e-con-inner\">\n\t\t<div class=\"elementor-element elementor-element-c68d145 e-con-full e-flex elementor-invisible e-con e-child\" data-id=\"c68d145\" data-element_type=\"container\" data-e-type=\"container\" data-settings=\"{&quot;animation&quot;:&quot;fadeIn&quot;}\">\n\t\t\t\t<div class=\"elementor-element elementor-element-20e5cc2 elementor-widget elementor-widget-heading\" data-id=\"20e5cc2\" data-element_type=\"widget\" data-e-type=\"widget\" data-widget_type=\"heading.default\">\n\t\t\t\t<div class=\"elementor-widget-container\">\n\t\t\t\t\t<h2 class=\"elementor-heading-title elementor-size-default\">Was es ist?<\/h2>\t\t\t\t<\/div>\n\t\t\t\t<\/div>\n\t\t\t\t<div class=\"elementor-element elementor-element-3fff3bf elementor-widget elementor-widget-text-editor\" data-id=\"3fff3bf\" data-element_type=\"widget\" data-e-type=\"widget\" data-widget_type=\"text-editor.default\">\n\t\t\t\t<div class=\"elementor-widget-container\">\n\t\t\t\t\t\t\t\t\t<p>Das QI-System bezeichnet alle Regeln f\u00fcr die Besteuerung und Erfassung von US-Einnahmen (z.B. Dividenden und Gutschriften von Finanzinstrumenten), die eine Person \u00fcber einen nichtamerikanischen Vermittler erh\u00e4lt.<\/p><p>Die Gesetzgebung zielt darauf ab, ein vereinfachtes US-Quellensteuermanagementsystem f\u00fcr alle nicht US-amerikanischen Vermittler einzuf\u00fchren, die eine Vereinbarung mit einem IRS (QI-Agreement) unterzeichnen. Die Vereinbarung sieht zwar strenge Verpflichtungen f\u00fcr die betroffenen Personen vor, stellt aber auch sicher, dass die von QI-Kunden erzielten Einnahmen von Steuererleichterungen profitieren k\u00f6nnen. Die volle Besteuerung von 30% des Bruttowertes der Ertr\u00e4ge kann gesenkt und in bestimmten F\u00e4llen vermieden werden (z.B. Zinsen aus Wertpapieren im Wertpapierbestand).<\/p><p><a title=\"Die Aufgabe des QI SEITE\" href=\"https:\/\/bestreporting.ch\/de\/die-aufgabe-des-qi\/\">Die Aufgabe des QI<\/a>\u00a0ist die Erfassung der Unterlagen seiner Kunden, die Klassifizierung des Kunden auf dieser Grundlage und die korrekte Besteuerung entsprechend dem steuerlichen Wohnsitz. Diese und andere Verpflichtungen erm\u00f6glichen den QI-Kunden, den erm\u00e4\u00dfigten Steuersatz im Rahmen des Doppelbesteuerungsabkommens zwischen ihrem Wohnsitzland und den USA zu nutzen.<\/p><div><a name=\"secondo\"><\/a><\/div><p>\u00a0<\/p>\t\t\t\t\t\t\t\t<\/div>\n\t\t\t\t<\/div>\n\t\t\t\t<\/div>\n\t\t<div class=\"elementor-element elementor-element-4e6b196 e-con-full e-flex elementor-invisible e-con e-child\" data-id=\"4e6b196\" data-element_type=\"container\" data-e-type=\"container\" data-settings=\"{&quot;animation&quot;:&quot;fadeIn&quot;,&quot;animation_delay&quot;:200}\">\n\t\t\t\t<div class=\"elementor-element elementor-element-a928916 elementor-widget elementor-widget-image\" data-id=\"a928916\" data-element_type=\"widget\" data-e-type=\"widget\" data-widget_type=\"image.default\">\n\t\t\t\t<div class=\"elementor-widget-container\">\n\t\t\t\t\t\t\t\t\t\t\t\t\t\t\t<img fetchpriority=\"high\" decoding=\"async\" width=\"640\" height=\"426\" src=\"https:\/\/bestreporting.ch\/wp-content\/uploads\/2023\/10\/high-angle-woman-working-as-economist-jpg.webp\" class=\"attachment-large size-large wp-image-189\" alt=\"\" \/>\t\t\t\t\t\t\t\t\t\t\t\t\t\t\t<\/div>\n\t\t\t\t<\/div>\n\t\t\t\t<\/div>\n\t\t\t\t\t<\/div>\n\t\t\t\t<\/div>\n\t\t<div class=\"elementor-element elementor-element-70d36ba e-flex e-con-boxed e-con e-parent\" data-id=\"70d36ba\" data-element_type=\"container\" data-e-type=\"container\" data-settings=\"{&quot;background_background&quot;:&quot;classic&quot;}\">\n\t\t\t\t\t<div class=\"e-con-inner\">\n\t\t<div class=\"elementor-element elementor-element-4b4cd55 e-con-full e-flex elementor-invisible e-con e-child\" data-id=\"4b4cd55\" data-element_type=\"container\" data-e-type=\"container\" data-settings=\"{&quot;animation&quot;:&quot;fadeIn&quot;}\">\n\t\t\t\t<div class=\"elementor-element elementor-element-1bf006d elementor-widget elementor-widget-heading\" data-id=\"1bf006d\" data-element_type=\"widget\" data-e-type=\"widget\" data-widget_type=\"heading.default\">\n\t\t\t\t<div class=\"elementor-widget-container\">\n\t\t\t\t\t<h2 class=\"elementor-heading-title elementor-size-default\">Geschichte und Entwicklung der QI-Regulierung\n<\/h2>\t\t\t\t<\/div>\n\t\t\t\t<\/div>\n\t\t\t\t<\/div>\n\t\t<div class=\"elementor-element elementor-element-9cf1574 e-con-full e-flex elementor-invisible e-con e-child\" data-id=\"9cf1574\" data-element_type=\"container\" data-e-type=\"container\" data-settings=\"{&quot;animation&quot;:&quot;fadeIn&quot;}\">\n\t\t\t\t<div class=\"elementor-element elementor-element-6d92fec elementor-widget elementor-widget-text-editor\" data-id=\"6d92fec\" data-element_type=\"widget\" data-e-type=\"widget\" data-widget_type=\"text-editor.default\">\n\t\t\t\t<div class=\"elementor-widget-container\">\n\t\t\t\t\t\t\t\t\t<p>Il\u00a0<strong>QI Agreement<\/strong>\u00a0e il regime QI sono stati introdotti per la prima volta con la \u201e<em>Revenue Procedure 2000-12<\/em>\u201c entrando in vigore il\u00a0<em>1\u00b0 gennaio 2001<\/em>.<br \/>Das\u00a0<strong>QI-Agreement<\/strong>\u00a0und das QI-System wurden erstmals im Rahmen des \u201e<em>Revenue Procedure 2000-12<\/em>\u201c eingef\u00fchrt und traten\u00a0<em>am 1. Januar 2001 in Kraft<\/em>.<\/p><p>Seit mehreren Jahren weitgehend unver\u00e4ndert, wurde 2014 ein\u00a0<strong>neues QI-Agreement<\/strong>\u00a0mit dem \u201e<em>Revenue Procedure 2014-39<\/em>\u201c eingef\u00fchrt. Der Zweck dieser \u00dcberarbeitung bestand haupts\u00e4chlich darin, die Anforderungen des FATCA (Foreign Account Tax Compliance Act) zu ber\u00fccksichtigen und in das QI-System zu integrieren.<\/p>\t\t\t\t\t\t\t\t<\/div>\n\t\t\t\t<\/div>\n\t\t\t\t<\/div>\n\t\t<div class=\"elementor-element elementor-element-a9a18d2 e-con-full e-flex elementor-invisible e-con e-child\" data-id=\"a9a18d2\" data-element_type=\"container\" data-e-type=\"container\" data-settings=\"{&quot;animation&quot;:&quot;fadeIn&quot;,&quot;animation_delay&quot;:200}\">\n\t\t\t\t<div class=\"elementor-element elementor-element-d8cae4f elementor-widget elementor-widget-text-editor\" data-id=\"d8cae4f\" data-element_type=\"widget\" data-e-type=\"widget\" data-widget_type=\"text-editor.default\">\n\t\t\t\t<div class=\"elementor-widget-container\">\n\t\t\t\t\t\t\t\t\t<p>Mit dem neuen QI-Agreement ist der Vermittler nicht nur f\u00fcr die Sorgfaltspflicht, die Berichterstattung und die Einbehaltung nach Kapitel 3 des Internal Revenue Code (IRC) und die R\u00fcckbehaltung nach Kapitel 61 des IRC verantwortlich geworden, sondern auch f\u00fcr FATCA-Zwecke, die durch Kapitel 4 des IRC geregelt sind.<\/p><p>Dieses QI-Agreement lief am 31. Dezember 2016 aus und wurde durch das neue QI-Agreement ersetzt, die mit dem \u201e<em>Revenue Procedure 2017-15<\/em>\u201c herausgegeben wurde, das am 1. Januar 2017 in Kraft getreten ist.<br \/>Eine der wichtigsten \u00c4nderungen in Bezug auf den QI ist die Einf\u00fchrung einer Verpflichtung f\u00fcr den QI, ein internes Konformit\u00e4tsprogramm (Compliance-Programm) zu definieren und zu verwalten und diese Arbeit einer unabh\u00e4ngigen \u00dcberpr\u00fcfung zu unterziehen.<\/p><div><a name=\"terzo\"><\/a><\/div>\t\t\t\t\t\t\t\t<\/div>\n\t\t\t\t<\/div>\n\t\t\t\t<\/div>\n\t\t\t\t\t<\/div>\n\t\t\t\t<\/div>\n\t\t<div class=\"elementor-element elementor-element-243647b e-flex e-con-boxed e-con e-parent\" data-id=\"243647b\" data-element_type=\"container\" data-e-type=\"container\">\n\t\t\t\t\t<div class=\"e-con-inner\">\n\t\t<div class=\"elementor-element elementor-element-e79ba12 e-con-full e-flex elementor-invisible e-con e-child\" data-id=\"e79ba12\" data-element_type=\"container\" data-e-type=\"container\" data-settings=\"{&quot;animation&quot;:&quot;fadeIn&quot;}\">\n\t\t\t\t<div class=\"elementor-element elementor-element-45ec297 elementor-widget elementor-widget-image\" data-id=\"45ec297\" data-element_type=\"widget\" data-e-type=\"widget\" data-widget_type=\"image.default\">\n\t\t\t\t<div class=\"elementor-widget-container\">\n\t\t\t\t\t\t\t\t\t\t\t\t\t\t\t<img decoding=\"async\" width=\"640\" height=\"427\" src=\"https:\/\/bestreporting.ch\/wp-content\/uploads\/2023\/10\/business-woman-working-office-desktop-jpg.webp\" class=\"attachment-large size-large wp-image-195\" alt=\"\" \/>\t\t\t\t\t\t\t\t\t\t\t\t\t\t\t<\/div>\n\t\t\t\t<\/div>\n\t\t\t\t<\/div>\n\t\t<div class=\"elementor-element elementor-element-36f051e e-con-full e-flex elementor-invisible e-con e-child\" data-id=\"36f051e\" data-element_type=\"container\" data-e-type=\"container\" data-settings=\"{&quot;animation&quot;:&quot;fadeIn&quot;,&quot;animation_delay&quot;:200}\">\n\t\t\t\t<div class=\"elementor-element elementor-element-c46c662 elementor-widget elementor-widget-heading\" data-id=\"c46c662\" data-element_type=\"widget\" data-e-type=\"widget\" data-widget_type=\"heading.default\">\n\t\t\t\t<div class=\"elementor-widget-container\">\n\t\t\t\t\t<h2 class=\"elementor-heading-title elementor-size-default\">Die Abbildung des QI\n<\/h2>\t\t\t\t<\/div>\n\t\t\t\t<\/div>\n\t\t\t\t<div class=\"elementor-element elementor-element-d9590cc elementor-widget elementor-widget-text-editor\" data-id=\"d9590cc\" data-element_type=\"widget\" data-e-type=\"widget\" data-widget_type=\"text-editor.default\">\n\t\t\t\t<div class=\"elementor-widget-container\">\n\t\t\t\t\t\t\t\t\t<p>Der Qualified Intermediary (QI) ist ein nichtamerikanischer Finanzintermedi\u00e4r, der das QI-Agreement mit dem IRS unterzeichnet hat.<\/p>\n<p>Der QI akzeptiert und verpflichtet sich, angesichts des besten und einfachsten Steuersystems f\u00fcr sich und seine Kunden, eine Reihe von Verpflichtungen zu erf\u00fcllen, darunter:<\/p>\n<ul>\n<li>Dokumentation seiner Kunden.<\/li>\n<li>Anwendung der vorgeschriebenen Speicherung.<\/li>\n<li>j\u00e4hrliche Steuerberichterstattung an das IRS.<\/li>\n<li>internes Compliance-Programm.<\/li>\n<li>Audits durch eine unabh\u00e4ngige interne oder externe Stelle.<\/li>\n<\/ul>\n<p>F\u00fcr weitere Informationen lesen Sie unseren Artikel \u201e<a title=\"Die Abbildung des QI SEITE\" href=\"\/de\/qi-figure\/\">Die Abbildung des QI<\/a>\u201c<\/p>\t\t\t\t\t\t\t\t<\/div>\n\t\t\t\t<\/div>\n\t\t\t\t<\/div>\n\t\t\t\t\t<\/div>\n\t\t\t\t<\/div>\n\t\t<div class=\"elementor-element elementor-element-5a90069 e-flex e-con-boxed e-con e-parent\" data-id=\"5a90069\" data-element_type=\"container\" data-e-type=\"container\">\n\t\t\t\t\t<div class=\"e-con-inner\">\n\t\t\t\t<div class=\"elementor-element elementor-element-1dc5e45 elementor-invisible elementor-widget elementor-widget-heading\" data-id=\"1dc5e45\" data-element_type=\"widget\" data-e-type=\"widget\" data-settings=\"{&quot;_animation&quot;:&quot;fadeIn&quot;}\" data-widget_type=\"heading.default\">\n\t\t\t\t<div class=\"elementor-widget-container\">\n\t\t\t\t\t<h2 class=\"elementor-heading-title elementor-size-default\">N\u00dcTZLICHE RESSOURCEN<\/h2>\t\t\t\t<\/div>\n\t\t\t\t<\/div>\n\t\t\t\t<div class=\"elementor-element elementor-element-7c89102 elementor-icon-list--layout-traditional elementor-list-item-link-full_width elementor-invisible elementor-widget elementor-widget-icon-list\" data-id=\"7c89102\" data-element_type=\"widget\" data-e-type=\"widget\" data-settings=\"{&quot;_animation&quot;:&quot;fadeIn&quot;,&quot;_animation_delay&quot;:200}\" data-widget_type=\"icon-list.default\">\n\t\t\t\t<div class=\"elementor-widget-container\">\n\t\t\t\t\t\t\t<ul class=\"elementor-icon-list-items\">\n\t\t\t\t\t\t\t<li class=\"elementor-icon-list-item\">\n\t\t\t\t\t\t\t\t\t\t\t<a href=\"https:\/\/bestreporting.ch\/de\/die-abbildung-des-qi\/\">\n\n\t\t\t\t\t\t\t\t\t\t\t\t<span class=\"elementor-icon-list-icon\">\n\t\t\t\t\t\t\t<svg xmlns=\"http:\/\/www.w3.org\/2000\/svg\" xmlns:xlink=\"http:\/\/www.w3.org\/1999\/xlink\" id=\"Layer_1\" x=\"0px\" y=\"0px\" viewBox=\"0 0 492.004 492.004\" style=\"enable-background:new 0 0 492.004 492.004;\" xml:space=\"preserve\"><g>\t<g>\t\t<path d=\"M484.14,226.886L306.46,49.202c-5.072-5.072-11.832-7.856-19.04-7.856c-7.216,0-13.972,2.788-19.044,7.856l-16.132,16.136   c-5.068,5.064-7.86,11.828-7.86,19.04c0,7.208,2.792,14.2,7.86,19.264L355.9,207.526H26.58C11.732,207.526,0,219.15,0,234.002   v22.812c0,14.852,11.732,27.648,26.58,27.648h330.496L252.248,388.926c-5.068,5.072-7.86,11.652-7.86,18.864   c0,7.204,2.792,13.88,7.86,18.948l16.132,16.084c5.072,5.072,11.828,7.836,19.044,7.836c7.208,0,13.968-2.8,19.04-7.872   l177.68-177.68c5.084-5.088,7.88-11.88,7.86-19.1C492.02,238.762,489.228,231.966,484.14,226.886z\"><\/path>\t<\/g><\/g><g><\/g><g><\/g><g><\/g><g><\/g><g><\/g><g><\/g><g><\/g><g><\/g><g><\/g><g><\/g><g><\/g><g><\/g><g><\/g><g><\/g><g><\/g><\/svg>\t\t\t\t\t\t<\/span>\n\t\t\t\t\t\t\t\t\t\t<span class=\"elementor-icon-list-text\">Die Abbildung des QI<\/span>\n\t\t\t\t\t\t\t\t\t\t\t<\/a>\n\t\t\t\t\t\t\t\t\t<\/li>\n\t\t\t\t\t\t\t\t<li class=\"elementor-icon-list-item\">\n\t\t\t\t\t\t\t\t\t\t\t<a href=\"https:\/\/bestreporting.ch\/de\/die-aufgabe-des-qi\/\">\n\n\t\t\t\t\t\t\t\t\t\t\t\t<span class=\"elementor-icon-list-icon\">\n\t\t\t\t\t\t\t<svg xmlns=\"http:\/\/www.w3.org\/2000\/svg\" xmlns:xlink=\"http:\/\/www.w3.org\/1999\/xlink\" id=\"Layer_1\" x=\"0px\" y=\"0px\" viewBox=\"0 0 492.004 492.004\" style=\"enable-background:new 0 0 492.004 492.004;\" xml:space=\"preserve\"><g>\t<g>\t\t<path d=\"M484.14,226.886L306.46,49.202c-5.072-5.072-11.832-7.856-19.04-7.856c-7.216,0-13.972,2.788-19.044,7.856l-16.132,16.136   c-5.068,5.064-7.86,11.828-7.86,19.04c0,7.208,2.792,14.2,7.86,19.264L355.9,207.526H26.58C11.732,207.526,0,219.15,0,234.002   v22.812c0,14.852,11.732,27.648,26.58,27.648h330.496L252.248,388.926c-5.068,5.072-7.86,11.652-7.86,18.864   c0,7.204,2.792,13.88,7.86,18.948l16.132,16.084c5.072,5.072,11.828,7.836,19.044,7.836c7.208,0,13.968-2.8,19.04-7.872   l177.68-177.68c5.084-5.088,7.88-11.88,7.86-19.1C492.02,238.762,489.228,231.966,484.14,226.886z\"><\/path>\t<\/g><\/g><g><\/g><g><\/g><g><\/g><g><\/g><g><\/g><g><\/g><g><\/g><g><\/g><g><\/g><g><\/g><g><\/g><g><\/g><g><\/g><g><\/g><g><\/g><\/svg>\t\t\t\t\t\t<\/span>\n\t\t\t\t\t\t\t\t\t\t<span class=\"elementor-icon-list-text\">Die Aufgabe des QI<\/span>\n\t\t\t\t\t\t\t\t\t\t\t<\/a>\n\t\t\t\t\t\t\t\t\t<\/li>\n\t\t\t\t\t\t\t\t<li class=\"elementor-icon-list-item\">\n\t\t\t\t\t\t\t\t\t\t\t<a href=\"https:\/\/bestreporting.ch\/de\/wie-man-ein-qi-wird\/\">\n\n\t\t\t\t\t\t\t\t\t\t\t\t<span class=\"elementor-icon-list-icon\">\n\t\t\t\t\t\t\t<svg xmlns=\"http:\/\/www.w3.org\/2000\/svg\" xmlns:xlink=\"http:\/\/www.w3.org\/1999\/xlink\" id=\"Layer_1\" x=\"0px\" y=\"0px\" viewBox=\"0 0 492.004 492.004\" style=\"enable-background:new 0 0 492.004 492.004;\" xml:space=\"preserve\"><g>\t<g>\t\t<path d=\"M484.14,226.886L306.46,49.202c-5.072-5.072-11.832-7.856-19.04-7.856c-7.216,0-13.972,2.788-19.044,7.856l-16.132,16.136   c-5.068,5.064-7.86,11.828-7.86,19.04c0,7.208,2.792,14.2,7.86,19.264L355.9,207.526H26.58C11.732,207.526,0,219.15,0,234.002   v22.812c0,14.852,11.732,27.648,26.58,27.648h330.496L252.248,388.926c-5.068,5.072-7.86,11.652-7.86,18.864   c0,7.204,2.792,13.88,7.86,18.948l16.132,16.084c5.072,5.072,11.828,7.836,19.044,7.836c7.208,0,13.968-2.8,19.04-7.872   l177.68-177.68c5.084-5.088,7.88-11.88,7.86-19.1C492.02,238.762,489.228,231.966,484.14,226.886z\"><\/path>\t<\/g><\/g><g><\/g><g><\/g><g><\/g><g><\/g><g><\/g><g><\/g><g><\/g><g><\/g><g><\/g><g><\/g><g><\/g><g><\/g><g><\/g><g><\/g><g><\/g><\/svg>\t\t\t\t\t\t<\/span>\n\t\t\t\t\t\t\t\t\t\t<span class=\"elementor-icon-list-text\">Wie man ein QI wird<\/span>\n\t\t\t\t\t\t\t\t\t\t\t<\/a>\n\t\t\t\t\t\t\t\t\t<\/li>\n\t\t\t\t\t\t\t\t<li class=\"elementor-icon-list-item\">\n\t\t\t\t\t\t\t\t\t\t\t<a href=\"https:\/\/bestreporting.ch\/de\/dokumentation-von-nra-und-us-personen\/\">\n\n\t\t\t\t\t\t\t\t\t\t\t\t<span class=\"elementor-icon-list-icon\">\n\t\t\t\t\t\t\t<svg xmlns=\"http:\/\/www.w3.org\/2000\/svg\" xmlns:xlink=\"http:\/\/www.w3.org\/1999\/xlink\" id=\"Layer_1\" x=\"0px\" y=\"0px\" viewBox=\"0 0 492.004 492.004\" style=\"enable-background:new 0 0 492.004 492.004;\" xml:space=\"preserve\"><g>\t<g>\t\t<path d=\"M484.14,226.886L306.46,49.202c-5.072-5.072-11.832-7.856-19.04-7.856c-7.216,0-13.972,2.788-19.044,7.856l-16.132,16.136   c-5.068,5.064-7.86,11.828-7.86,19.04c0,7.208,2.792,14.2,7.86,19.264L355.9,207.526H26.58C11.732,207.526,0,219.15,0,234.002   v22.812c0,14.852,11.732,27.648,26.58,27.648h330.496L252.248,388.926c-5.068,5.072-7.86,11.652-7.86,18.864   c0,7.204,2.792,13.88,7.86,18.948l16.132,16.084c5.072,5.072,11.828,7.836,19.044,7.836c7.208,0,13.968-2.8,19.04-7.872   l177.68-177.68c5.084-5.088,7.88-11.88,7.86-19.1C492.02,238.762,489.228,231.966,484.14,226.886z\"><\/path>\t<\/g><\/g><g><\/g><g><\/g><g><\/g><g><\/g><g><\/g><g><\/g><g><\/g><g><\/g><g><\/g><g><\/g><g><\/g><g><\/g><g><\/g><g><\/g><g><\/g><\/svg>\t\t\t\t\t\t<\/span>\n\t\t\t\t\t\t\t\t\t\t<span class=\"elementor-icon-list-text\">Dokumentation von NRA- und US-Personen<\/span>\n\t\t\t\t\t\t\t\t\t\t\t<\/a>\n\t\t\t\t\t\t\t\t\t<\/li>\n\t\t\t\t\t\t<\/ul>\n\t\t\t\t\t\t<\/div>\n\t\t\t\t<\/div>\n\t\t\t\t\t<\/div>\n\t\t\t\t<\/div>\n\t\t<div class=\"elementor-element elementor-element-02803be e-flex e-con-boxed e-con e-parent\" data-id=\"02803be\" data-element_type=\"container\" data-e-type=\"container\" data-settings=\"{&quot;background_background&quot;:&quot;gradient&quot;}\">\n\t\t\t\t\t<div class=\"e-con-inner\">\n\t\t<div class=\"elementor-element elementor-element-6d215a3 e-con-full e-flex elementor-invisible e-con e-child\" data-id=\"6d215a3\" data-element_type=\"container\" data-e-type=\"container\" data-settings=\"{&quot;animation&quot;:&quot;fadeIn&quot;}\">\n\t\t\t\t<div class=\"elementor-element elementor-element-a39ec19 elementor-widget elementor-widget-heading\" data-id=\"a39ec19\" data-element_type=\"widget\" data-e-type=\"widget\" data-widget_type=\"heading.default\">\n\t\t\t\t<div class=\"elementor-widget-container\">\n\t\t\t\t\t<h2 class=\"elementor-heading-title elementor-size-default\"> Sind Sie an unseren QI-Berichtsdiensten interessiert?<\/h2>\t\t\t\t<\/div>\n\t\t\t\t<\/div>\n\t\t\t\t<div class=\"elementor-element elementor-element-90889eb elementor-widget elementor-widget-heading\" data-id=\"90889eb\" data-element_type=\"widget\" data-e-type=\"widget\" data-widget_type=\"heading.default\">\n\t\t\t\t<div class=\"elementor-widget-container\">\n\t\t\t\t\t<h2 class=\"elementor-heading-title elementor-size-default\">Klicken Sie auf die nebenstehende Schaltfl\u00e4che, um weitere Informationen anzufordern<\/h2>\t\t\t\t<\/div>\n\t\t\t\t<\/div>\n\t\t\t\t<\/div>\n\t\t<div class=\"elementor-element elementor-element-0d6cc27 e-con-full e-flex elementor-invisible e-con e-child\" data-id=\"0d6cc27\" data-element_type=\"container\" data-e-type=\"container\" data-settings=\"{&quot;animation&quot;:&quot;fadeIn&quot;,&quot;animation_delay&quot;:200}\">\n\t\t\t\t<div class=\"elementor-element elementor-element-d045e09 elementor-align-center elementor-widget elementor-widget-button\" data-id=\"d045e09\" data-element_type=\"widget\" data-e-type=\"widget\" data-widget_type=\"button.default\">\n\t\t\t\t<div class=\"elementor-widget-container\">\n\t\t\t\t\t\t\t\t\t<div class=\"elementor-button-wrapper\">\n\t\t\t\t\t<a class=\"elementor-button elementor-button-link elementor-size-sm\" href=\"\/de\/contact-us\">\n\t\t\t\t\t\t<span class=\"elementor-button-content-wrapper\">\n\t\t\t\t\t\t\t\t\t<span class=\"elementor-button-text\">Mehr Informationen anfordern<\/span>\n\t\t\t\t\t<\/span>\n\t\t\t\t\t<\/a>\n\t\t\t\t<\/div>\n\t\t\t\t\t\t\t\t<\/div>\n\t\t\t\t<\/div>\n\t\t\t\t<\/div>\n\t\t\t\t\t<\/div>\n\t\t\t\t<\/div>\n\t\t\t\t<\/div>\n\t\t","protected":false},"excerpt":{"rendered":"<p>QI-Regulierung Was es ist? Das QI-System bezeichnet alle Regeln f\u00fcr die Besteuerung und Erfassung von US-Einnahmen (z.B. Dividenden und Gutschriften von Finanzinstrumenten), die eine Person \u00fcber einen nichtamerikanischen Vermittler erh\u00e4lt. Die Gesetzgebung zielt darauf ab, ein vereinfachtes US-Quellensteuermanagementsystem f\u00fcr alle nicht US-amerikanischen Vermittler einzuf\u00fchren, die eine Vereinbarung mit einem IRS (QI-Agreement) unterzeichnen. Die Vereinbarung sieht [&hellip;]<\/p>\n","protected":false},"author":1,"featured_media":0,"parent":0,"menu_order":0,"comment_status":"closed","ping_status":"closed","template":"","meta":{"footnotes":""},"class_list":["post-1662","page","type-page","status-publish","hentry"],"rttpg_featured_image_url":null,"rttpg_author":{"display_name":"DavidSoto","author_link":"https:\/\/bestreporting.ch\/de\/author\/davidsoto\/"},"rttpg_comment":0,"rttpg_category":" <a href=\"https:\/\/bestreporting.ch\/de\/?taxonomy=translation_priority&#038;term=optional-de\" rel=\"tag\">Optional<\/a>","rttpg_excerpt":"QI-Regulierung Was es ist? Das QI-System bezeichnet alle Regeln f\u00fcr die Besteuerung und Erfassung von US-Einnahmen (z.B. Dividenden und Gutschriften von Finanzinstrumenten), die eine Person \u00fcber einen nichtamerikanischen Vermittler erh\u00e4lt. Die Gesetzgebung zielt darauf ab, ein vereinfachtes US-Quellensteuermanagementsystem f\u00fcr alle nicht US-amerikanischen Vermittler einzuf\u00fchren, die eine Vereinbarung mit einem IRS (QI-Agreement) unterzeichnen. Die Vereinbarung sieht&hellip;","_links":{"self":[{"href":"https:\/\/bestreporting.ch\/de\/wp-json\/wp\/v2\/pages\/1662","targetHints":{"allow":["GET"]}}],"collection":[{"href":"https:\/\/bestreporting.ch\/de\/wp-json\/wp\/v2\/pages"}],"about":[{"href":"https:\/\/bestreporting.ch\/de\/wp-json\/wp\/v2\/types\/page"}],"author":[{"embeddable":true,"href":"https:\/\/bestreporting.ch\/de\/wp-json\/wp\/v2\/users\/1"}],"replies":[{"embeddable":true,"href":"https:\/\/bestreporting.ch\/de\/wp-json\/wp\/v2\/comments?post=1662"}],"version-history":[{"count":15,"href":"https:\/\/bestreporting.ch\/de\/wp-json\/wp\/v2\/pages\/1662\/revisions"}],"predecessor-version":[{"id":2465,"href":"https:\/\/bestreporting.ch\/de\/wp-json\/wp\/v2\/pages\/1662\/revisions\/2465"}],"wp:attachment":[{"href":"https:\/\/bestreporting.ch\/de\/wp-json\/wp\/v2\/media?parent=1662"}],"curies":[{"name":"wp","href":"https:\/\/api.w.org\/{rel}","templated":true}]}}