{"id":1639,"date":"2023-10-20T18:06:23","date_gmt":"2023-10-20T18:06:23","guid":{"rendered":"https:\/\/bestreporting.ch\/software-fatca\/"},"modified":"2024-05-27T13:15:41","modified_gmt":"2024-05-27T13:15:41","slug":"software-fatca","status":"publish","type":"page","link":"https:\/\/bestreporting.ch\/de\/software-fatca\/","title":{"rendered":"Software FATCA"},"content":{"rendered":"\t\t<div data-elementor-type=\"wp-page\" data-elementor-id=\"1639\" class=\"elementor elementor-1639 elementor-38\">\n\t\t\t\t<div class=\"elementor-element elementor-element-581f0a7 e-flex e-con-boxed e-con e-parent\" data-id=\"581f0a7\" data-element_type=\"container\" data-e-type=\"container\" data-settings=\"{&quot;background_background&quot;:&quot;classic&quot;}\">\n\t\t\t\t\t<div class=\"e-con-inner\">\n\t\t\t\t<div class=\"elementor-element elementor-element-66af60a elementor-invisible elementor-widget elementor-widget-heading\" data-id=\"66af60a\" data-element_type=\"widget\" data-e-type=\"widget\" data-settings=\"{&quot;_animation&quot;:&quot;fadeIn&quot;}\" data-widget_type=\"heading.default\">\n\t\t\t\t<div class=\"elementor-widget-container\">\n\t\t\t\t\t<h2 class=\"elementor-heading-title elementor-size-default\">Software FATCA<\/h2>\t\t\t\t<\/div>\n\t\t\t\t<\/div>\n\t\t\t\t\t<\/div>\n\t\t\t\t<\/div>\n\t\t<div class=\"elementor-element elementor-element-d08391b e-flex e-con-boxed e-con e-parent\" data-id=\"d08391b\" data-element_type=\"container\" data-e-type=\"container\">\n\t\t\t\t\t<div class=\"e-con-inner\">\n\t\t<div class=\"elementor-element elementor-element-97ba46b e-con-full e-flex elementor-invisible e-con e-child\" data-id=\"97ba46b\" data-element_type=\"container\" data-e-type=\"container\" data-settings=\"{&quot;animation&quot;:&quot;fadeIn&quot;}\">\n\t\t\t\t<div class=\"elementor-element elementor-element-4ea2547 elementor-widget elementor-widget-heading\" data-id=\"4ea2547\" data-element_type=\"widget\" data-e-type=\"widget\" data-widget_type=\"heading.default\">\n\t\t\t\t<div class=\"elementor-widget-container\">\n\t\t\t\t\t<h2 class=\"elementor-heading-title elementor-size-default\">Die L\u00f6sung f\u00fcr das FATCA-Reporting<\/h2>\t\t\t\t<\/div>\n\t\t\t\t<\/div>\n\t\t\t\t<div class=\"elementor-element elementor-element-2d9e1c8 elementor-widget elementor-widget-heading\" data-id=\"2d9e1c8\" data-element_type=\"widget\" data-e-type=\"widget\" data-widget_type=\"heading.default\">\n\t\t\t\t<div class=\"elementor-widget-container\">\n\t\t\t\t\t<h2 class=\"elementor-heading-title elementor-size-default\">FATCA-Berichterstattung<\/h2>\t\t\t\t<\/div>\n\t\t\t\t<\/div>\n\t\t\t\t<div class=\"elementor-element elementor-element-0c038d1 elementor-widget elementor-widget-text-editor\" data-id=\"0c038d1\" data-element_type=\"widget\" data-e-type=\"widget\" data-widget_type=\"text-editor.default\">\n\t\t\t\t<div class=\"elementor-widget-container\">\n\t\t\t\t\t\t\t\t\t<p>Die FATCA-Verordnung verlangt die Meldung einiger Bankkonten, die von Nicht-US-Finanzunternehmen gehalten werden. Seit einigen Jahren unterst\u00fctzt Best Vision Finanzinstitute bei der FATCA-Meldung mit einer L\u00f6sung, die darauf abzielt, den Zeitaufwand f\u00fcr die Meldung und das Fehlerrisiko zu reduzieren. Unser Angebot umfasst:<\/p><ul><li>eine Software, die f\u00fcr sie die f\u00fcr die Meldung erforderliche XML-Datei vorbereitet<\/li><li>einen Backoffice-Service, der die Kunden bei ihren vorbereitenden T\u00e4tigkeiten unterst\u00fctzt<\/li><li>die Beratung durch FATCA-Fachleute f\u00fcr das Management spezifischer Fragen<\/li><\/ul>\t\t\t\t\t\t\t\t<\/div>\n\t\t\t\t<\/div>\n\t\t\t\t<\/div>\n\t\t<div class=\"elementor-element elementor-element-6f19ac5 e-con-full e-flex elementor-invisible e-con e-child\" data-id=\"6f19ac5\" data-element_type=\"container\" data-e-type=\"container\" data-settings=\"{&quot;animation&quot;:&quot;fadeIn&quot;,&quot;animation_delay&quot;:200}\">\n\t\t\t\t<div class=\"elementor-element elementor-element-78f4304 elementor-widget elementor-widget-image\" data-id=\"78f4304\" data-element_type=\"widget\" data-e-type=\"widget\" data-widget_type=\"image.default\">\n\t\t\t\t<div class=\"elementor-widget-container\">\n\t\t\t\t\t\t\t\t\t\t\t\t\t\t\t<img fetchpriority=\"high\" decoding=\"async\" width=\"640\" height=\"405\" src=\"https:\/\/bestreporting.ch\/wp-content\/uploads\/2023\/10\/meeting-close-window-jpg.webp\" class=\"attachment-large size-large wp-image-976\" alt=\"\" \/>\t\t\t\t\t\t\t\t\t\t\t\t\t\t\t<\/div>\n\t\t\t\t<\/div>\n\t\t\t\t<\/div>\n\t\t\t\t\t<\/div>\n\t\t\t\t<\/div>\n\t\t<div class=\"elementor-element elementor-element-319c4cc e-flex e-con-boxed e-con e-parent\" data-id=\"319c4cc\" data-element_type=\"container\" data-e-type=\"container\" data-settings=\"{&quot;background_background&quot;:&quot;classic&quot;}\">\n\t\t\t\t\t<div class=\"e-con-inner\">\n\t\t\t\t<div class=\"elementor-element elementor-element-ac835a2 elementor-invisible elementor-widget elementor-widget-heading\" data-id=\"ac835a2\" data-element_type=\"widget\" data-e-type=\"widget\" data-settings=\"{&quot;_animation&quot;:&quot;fadeIn&quot;,&quot;_animation_delay&quot;:0}\" data-widget_type=\"heading.default\">\n\t\t\t\t<div class=\"elementor-widget-container\">\n\t\t\t\t\t<h2 class=\"elementor-heading-title elementor-size-default\">F\u00fcr wen sind unsere Dienstleistungen bestimmt?<\/h2>\t\t\t\t<\/div>\n\t\t\t\t<\/div>\n\t\t\t\t<div class=\"elementor-element elementor-element-f5cf043 elementor-invisible elementor-widget elementor-widget-heading\" data-id=\"f5cf043\" data-element_type=\"widget\" data-e-type=\"widget\" data-settings=\"{&quot;_animation&quot;:&quot;fadeIn&quot;,&quot;_animation_delay&quot;:200}\" data-widget_type=\"heading.default\">\n\t\t\t\t<div class=\"elementor-widget-container\">\n\t\t\t\t\t<h2 class=\"elementor-heading-title elementor-size-default\">Alle Vermittler aus IGA 1- und IGA 2-L\u00e4ndern.\n\n<\/h2>\t\t\t\t<\/div>\n\t\t\t\t<\/div>\n\t\t\t\t\t<\/div>\n\t\t\t\t<\/div>\n\t\t<div class=\"elementor-element elementor-element-e5b2a21 e-flex e-con-boxed e-con e-parent\" data-id=\"e5b2a21\" data-element_type=\"container\" data-e-type=\"container\">\n\t\t\t\t\t<div class=\"e-con-inner\">\n\t\t<div class=\"elementor-element elementor-element-637aad3 e-con-full e-flex elementor-invisible e-con e-child\" data-id=\"637aad3\" data-element_type=\"container\" data-e-type=\"container\" data-settings=\"{&quot;animation&quot;:&quot;fadeIn&quot;}\">\n\t\t\t\t<div class=\"elementor-element elementor-element-9f44659 elementor-widget elementor-widget-heading\" data-id=\"9f44659\" data-element_type=\"widget\" data-e-type=\"widget\" data-widget_type=\"heading.default\">\n\t\t\t\t<div class=\"elementor-widget-container\">\n\t\t\t\t\t<h2 class=\"elementor-heading-title elementor-size-default\">Software-L\u00f6sung<\/h2>\t\t\t\t<\/div>\n\t\t\t\t<\/div>\n\t\t\t\t<div class=\"elementor-element elementor-element-01420fd elementor-widget elementor-widget-text-editor\" data-id=\"01420fd\" data-element_type=\"widget\" data-e-type=\"widget\" data-widget_type=\"text-editor.default\">\n\t\t\t\t<div class=\"elementor-widget-container\">\n\t\t\t\t\t\t\t\t\t<p>Die angebotene L\u00f6sung wird vorgeschlagen, um einfach, sicher und in k\u00fcrzester Zeit die FATCA-Berichte f\u00fcr die L\u00e4nder IGA 1 und IGA 2 zu verwalten.<\/p>\n<p>Best Vision k\u00fcmmert sich darum, die L\u00f6sung auf dem neuesten Stand zu halten, sowohl aus regulatorischer Sicht, unter Ber\u00fccksichtigung aller \u00c4nderungen, die aufgetreten sind, als auch bei der Verwaltung der Aspekte der Informationssicherheit gem\u00e4\u00df den h\u00f6chsten technologischen Standards.<\/p>\t\t\t\t\t\t\t\t<\/div>\n\t\t\t\t<\/div>\n\t\t\t\t<\/div>\n\t\t<div class=\"elementor-element elementor-element-1f21bd3 e-con-full e-flex elementor-invisible e-con e-child\" data-id=\"1f21bd3\" data-element_type=\"container\" data-e-type=\"container\" data-settings=\"{&quot;animation&quot;:&quot;fadeIn&quot;,&quot;animation_delay&quot;:200}\">\n\t\t\t\t<div class=\"elementor-element elementor-element-692b384 elementor-widget elementor-widget-text-editor\" data-id=\"692b384\" data-element_type=\"widget\" data-e-type=\"widget\" data-widget_type=\"text-editor.default\">\n\t\t\t\t<div class=\"elementor-widget-container\">\n\t\t\t\t\t\t\t\t\t<p>Unsere Kunden finden online immer die aktuellste Version der Software, die immer f\u00fcr ihre Berichte bereitsteht. Das Einzige, was zur Nutzung der Software ben\u00f6tigt wird, ist eine Excel-Datei mit den relevanten Informationen. Die XML-Meldedatei wird automatisch in \u00dcbereinstimmung mit den neuesten Aktualisierungen der IRS-Ver\u00f6ffentlichungen erstellt.<\/p><p>Der Vorteil f\u00fcr den Kunden besteht darin, dass er \u00fcber ein zuverl\u00e4ssiges, leicht zu bedienendes Werkzeug verf\u00fcgt.<\/p><p><strong>Verf\u00fcgbare Module<\/strong><\/p><ul><li>FATCA FORM Modul, f\u00fcr die Erstellung von FATCA XML<\/li><li>CRS FORM Modul, f\u00fcr die Meldung von CRS XML<\/li><li>RECO QI form, f\u00fcr den Abgleich von QI-Depot-Zahlungen<\/li><li>QI FORM Modul, f\u00fcr die automatische Erstellung und \u00dcberpr\u00fcfung, PDF und TXT, der Module 1042 und 1042-s<\/li><\/ul>\t\t\t\t\t\t\t\t<\/div>\n\t\t\t\t<\/div>\n\t\t\t\t<\/div>\n\t\t\t\t\t<\/div>\n\t\t\t\t<\/div>\n\t\t<div class=\"elementor-element elementor-element-637b339 e-flex e-con-boxed e-con e-parent\" data-id=\"637b339\" data-element_type=\"container\" data-e-type=\"container\">\n\t\t\t\t\t<div class=\"e-con-inner\">\n\t\t<div class=\"elementor-element elementor-element-adb1f01 e-con-full e-flex elementor-invisible e-con e-child\" data-id=\"adb1f01\" data-element_type=\"container\" data-e-type=\"container\" data-settings=\"{&quot;animation&quot;:&quot;fadeIn&quot;}\">\n\t\t\t\t<div class=\"elementor-element elementor-element-d00b3ba elementor-widget elementor-widget-image\" data-id=\"d00b3ba\" data-element_type=\"widget\" data-e-type=\"widget\" data-widget_type=\"image.default\">\n\t\t\t\t<div class=\"elementor-widget-container\">\n\t\t\t\t\t\t\t\t\t\t\t\t\t\t\t<img decoding=\"async\" width=\"640\" height=\"427\" src=\"https:\/\/bestreporting.ch\/wp-content\/uploads\/2023\/10\/no-people-office-with-multiple-computers-customer-service-desk-call-center-helpline-support-give-telecommunication-assistance-empty-helpdesk-with-client-telephony-reception-jpg.webp\" class=\"attachment-large size-large wp-image-167\" alt=\"\" \/>\t\t\t\t\t\t\t\t\t\t\t\t\t\t\t<\/div>\n\t\t\t\t<\/div>\n\t\t\t\t<\/div>\n\t\t<div class=\"elementor-element elementor-element-7b9b936 e-con-full e-flex elementor-invisible e-con e-child\" data-id=\"7b9b936\" data-element_type=\"container\" data-e-type=\"container\" data-settings=\"{&quot;animation&quot;:&quot;fadeIn&quot;,&quot;animation_delay&quot;:200}\">\n\t\t\t\t<div class=\"elementor-element elementor-element-f715b25 elementor-widget elementor-widget-heading\" data-id=\"f715b25\" data-element_type=\"widget\" data-e-type=\"widget\" data-widget_type=\"heading.default\">\n\t\t\t\t<div class=\"elementor-widget-container\">\n\t\t\t\t\t<h2 class=\"elementor-heading-title elementor-size-default\">Back-Office-L\u00f6sung<\/h2>\t\t\t\t<\/div>\n\t\t\t\t<\/div>\n\t\t\t\t<div class=\"elementor-element elementor-element-7e5c9b5 elementor-widget elementor-widget-text-editor\" data-id=\"7e5c9b5\" data-element_type=\"widget\" data-e-type=\"widget\" data-widget_type=\"text-editor.default\">\n\t\t\t\t<div class=\"elementor-widget-container\">\n\t\t\t\t\t\t\t\t\t<p>Wir bieten unseren Kunden die M\u00f6glichkeit, die gesamte oder einen Teil der T\u00e4tigkeit auszulagern. Wir bieten die M\u00f6glichkeit, unser spezialisiertes Personal f\u00fcr die folgenden T\u00e4tigkeiten einzusetzen:<\/p><ul><li>Daten\u00fcberpr\u00fcfung von W9, W8 und KYC-Dokumenten<\/li><li>Verwaltung von Berichten<\/li><li>Unterst\u00fctzung bei internen\/externen Audits<\/li><\/ul><p>Die T\u00e4tigkeit wird aus der Ferne oder vor Ort beim Kunden durchgef\u00fchrt.<\/p><p>Der Service ist besonders n\u00fctzlich f\u00fcr die Bew\u00e4ltigung von Arbeitsspitzen sowie f\u00fcr den Fall, dass der Kunde nicht \u00fcber eigenes Personal verf\u00fcgt.<\/p>\t\t\t\t\t\t\t\t<\/div>\n\t\t\t\t<\/div>\n\t\t\t\t<\/div>\n\t\t\t\t\t<\/div>\n\t\t\t\t<\/div>\n\t\t<div class=\"elementor-element elementor-element-c49d024 e-flex e-con-boxed e-con e-parent\" data-id=\"c49d024\" data-element_type=\"container\" data-e-type=\"container\">\n\t\t\t\t\t<div class=\"e-con-inner\">\n\t\t<div class=\"elementor-element elementor-element-f830108 e-con-full e-flex elementor-invisible e-con e-child\" data-id=\"f830108\" data-element_type=\"container\" data-e-type=\"container\" data-settings=\"{&quot;animation&quot;:&quot;fadeIn&quot;}\">\n\t\t\t\t<div class=\"elementor-element elementor-element-cf48f64 elementor-widget elementor-widget-heading\" data-id=\"cf48f64\" data-element_type=\"widget\" data-e-type=\"widget\" data-widget_type=\"heading.default\">\n\t\t\t\t<div class=\"elementor-widget-container\">\n\t\t\t\t\t<h2 class=\"elementor-heading-title elementor-size-default\">Compliance-Beratungsdienst\n<\/h2>\t\t\t\t<\/div>\n\t\t\t\t<\/div>\n\t\t\t\t<div class=\"elementor-element elementor-element-0be332b elementor-widget elementor-widget-text-editor\" data-id=\"0be332b\" data-element_type=\"widget\" data-e-type=\"widget\" data-widget_type=\"text-editor.default\">\n\t\t\t\t<div class=\"elementor-widget-container\">\n\t\t\t\t\t\t\t\t\t<p>Wir verf\u00fcgen \u00fcber die besten Steuerexperten, um unseren Kunden pr\u00e4zise und qualitativ hochwertige Antworten auf ihre Bed\u00fcrfnisse im Zusammenhang mit FATCA zu geben. Unsere Experten sind auch kompetent auf dem Gebiet der QI und CRS, f\u00fcr eine korrekte internationale Berichterstattung von Bankkonten.<\/p><p>Wir werden haupts\u00e4chlich von unseren Kunden beauftragt, sie zu unterst\u00fctzen bei:<\/p><ul><li>Kunden-Dokumentation und Steuerverwaltung<\/li><li>Schulung der internen Mitarbeiter<\/li><li>Gesundheitscheck der FATCA-Compliance<\/li><\/ul><p>Der Bereich der Beratung wird zusammen mit unseren Kunden definiert, um \u00e4u\u00dferst effektiv und effizient in Bezug auf Kosten und Zeit zu sein.<\/p>\t\t\t\t\t\t\t\t<\/div>\n\t\t\t\t<\/div>\n\t\t\t\t<\/div>\n\t\t<div class=\"elementor-element elementor-element-5b90b2c e-con-full e-flex elementor-invisible e-con e-child\" data-id=\"5b90b2c\" data-element_type=\"container\" data-e-type=\"container\" data-settings=\"{&quot;animation&quot;:&quot;fadeIn&quot;,&quot;animation_delay&quot;:200}\">\n\t\t\t\t<div class=\"elementor-element elementor-element-b5eae29 elementor-widget elementor-widget-image\" data-id=\"b5eae29\" data-element_type=\"widget\" data-e-type=\"widget\" data-widget_type=\"image.default\">\n\t\t\t\t<div class=\"elementor-widget-container\">\n\t\t\t\t\t\t\t\t\t\t\t\t\t\t\t<img decoding=\"async\" width=\"640\" height=\"427\" src=\"https:\/\/bestreporting.ch\/wp-content\/uploads\/2023\/10\/meeting-financial-managers-jpg.webp\" class=\"attachment-large size-large wp-image-173\" alt=\"\" \/>\t\t\t\t\t\t\t\t\t\t\t\t\t\t\t<\/div>\n\t\t\t\t<\/div>\n\t\t\t\t<\/div>\n\t\t\t\t\t<\/div>\n\t\t\t\t<\/div>\n\t\t<div class=\"elementor-element elementor-element-efba7ee e-flex e-con-boxed e-con e-parent\" data-id=\"efba7ee\" data-element_type=\"container\" data-e-type=\"container\" data-settings=\"{&quot;background_background&quot;:&quot;gradient&quot;}\">\n\t\t\t\t\t<div class=\"e-con-inner\">\n\t\t<div class=\"elementor-element elementor-element-b3c3074 e-con-full e-flex elementor-invisible e-con e-child\" data-id=\"b3c3074\" data-element_type=\"container\" data-e-type=\"container\" data-settings=\"{&quot;animation&quot;:&quot;fadeIn&quot;}\">\n\t\t\t\t<div class=\"elementor-element elementor-element-12bc7a9 elementor-widget elementor-widget-heading\" data-id=\"12bc7a9\" data-element_type=\"widget\" data-e-type=\"widget\" data-widget_type=\"heading.default\">\n\t\t\t\t<div class=\"elementor-widget-container\">\n\t\t\t\t\t<h2 class=\"elementor-heading-title elementor-size-default\"> Sind Sie an unseren QI-Berichtsdiensten interessiert?<\/h2>\t\t\t\t<\/div>\n\t\t\t\t<\/div>\n\t\t\t\t<div class=\"elementor-element elementor-element-0497a34 elementor-widget elementor-widget-heading\" data-id=\"0497a34\" data-element_type=\"widget\" data-e-type=\"widget\" data-widget_type=\"heading.default\">\n\t\t\t\t<div class=\"elementor-widget-container\">\n\t\t\t\t\t<h2 class=\"elementor-heading-title elementor-size-default\">Klicken Sie auf die nebenstehende Schaltfl\u00e4che, um weitere Informationen anzufordern<\/h2>\t\t\t\t<\/div>\n\t\t\t\t<\/div>\n\t\t\t\t<\/div>\n\t\t<div class=\"elementor-element elementor-element-959e750 e-con-full e-flex elementor-invisible e-con e-child\" data-id=\"959e750\" data-element_type=\"container\" data-e-type=\"container\" data-settings=\"{&quot;animation&quot;:&quot;fadeIn&quot;,&quot;animation_delay&quot;:200}\">\n\t\t\t\t<div class=\"elementor-element elementor-element-e06102e elementor-align-center elementor-widget elementor-widget-button\" data-id=\"e06102e\" data-element_type=\"widget\" data-e-type=\"widget\" data-widget_type=\"button.default\">\n\t\t\t\t<div class=\"elementor-widget-container\">\n\t\t\t\t\t\t\t\t\t<div class=\"elementor-button-wrapper\">\n\t\t\t\t\t<a class=\"elementor-button elementor-button-link elementor-size-sm\" href=\"\/de\/contact-us\">\n\t\t\t\t\t\t<span class=\"elementor-button-content-wrapper\">\n\t\t\t\t\t\t\t\t\t<span class=\"elementor-button-text\">Mehr Informationen anfordern<\/span>\n\t\t\t\t\t<\/span>\n\t\t\t\t\t<\/a>\n\t\t\t\t<\/div>\n\t\t\t\t\t\t\t\t<\/div>\n\t\t\t\t<\/div>\n\t\t\t\t<\/div>\n\t\t\t\t\t<\/div>\n\t\t\t\t<\/div>\n\t\t\t\t<\/div>\n\t\t","protected":false},"excerpt":{"rendered":"<p>Software FATCA Die L\u00f6sung f\u00fcr das FATCA-Reporting FATCA-Berichterstattung Die FATCA-Verordnung verlangt die Meldung einiger Bankkonten, die von Nicht-US-Finanzunternehmen gehalten werden. Seit einigen Jahren unterst\u00fctzt Best Vision Finanzinstitute bei der FATCA-Meldung mit einer L\u00f6sung, die darauf abzielt, den Zeitaufwand f\u00fcr die Meldung und das Fehlerrisiko zu reduzieren. Unser Angebot umfasst: eine Software, die f\u00fcr sie die [&hellip;]<\/p>\n","protected":false},"author":1,"featured_media":0,"parent":0,"menu_order":0,"comment_status":"closed","ping_status":"closed","template":"","meta":{"footnotes":""},"class_list":["post-1639","page","type-page","status-publish","hentry"],"rttpg_featured_image_url":null,"rttpg_author":{"display_name":"DavidSoto","author_link":"https:\/\/bestreporting.ch\/de\/author\/davidsoto\/"},"rttpg_comment":0,"rttpg_category":" <a href=\"https:\/\/bestreporting.ch\/de\/?taxonomy=translation_priority&#038;term=optional-de\" rel=\"tag\">Optional<\/a>","rttpg_excerpt":"Software FATCA Die L\u00f6sung f\u00fcr das FATCA-Reporting FATCA-Berichterstattung Die FATCA-Verordnung verlangt die Meldung einiger Bankkonten, die von Nicht-US-Finanzunternehmen gehalten werden. Seit einigen Jahren unterst\u00fctzt Best Vision Finanzinstitute bei der FATCA-Meldung mit einer L\u00f6sung, die darauf abzielt, den Zeitaufwand f\u00fcr die Meldung und das Fehlerrisiko zu reduzieren. Unser Angebot umfasst: eine Software, die f\u00fcr sie die&hellip;","_links":{"self":[{"href":"https:\/\/bestreporting.ch\/de\/wp-json\/wp\/v2\/pages\/1639","targetHints":{"allow":["GET"]}}],"collection":[{"href":"https:\/\/bestreporting.ch\/de\/wp-json\/wp\/v2\/pages"}],"about":[{"href":"https:\/\/bestreporting.ch\/de\/wp-json\/wp\/v2\/types\/page"}],"author":[{"embeddable":true,"href":"https:\/\/bestreporting.ch\/de\/wp-json\/wp\/v2\/users\/1"}],"replies":[{"embeddable":true,"href":"https:\/\/bestreporting.ch\/de\/wp-json\/wp\/v2\/comments?post=1639"}],"version-history":[{"count":10,"href":"https:\/\/bestreporting.ch\/de\/wp-json\/wp\/v2\/pages\/1639\/revisions"}],"predecessor-version":[{"id":2601,"href":"https:\/\/bestreporting.ch\/de\/wp-json\/wp\/v2\/pages\/1639\/revisions\/2601"}],"wp:attachment":[{"href":"https:\/\/bestreporting.ch\/de\/wp-json\/wp\/v2\/media?parent=1639"}],"curies":[{"name":"wp","href":"https:\/\/api.w.org\/{rel}","templated":true}]}}