{"id":1631,"date":"2023-10-20T18:06:37","date_gmt":"2023-10-20T18:06:37","guid":{"rendered":"https:\/\/bestreporting.ch\/software-crs\/"},"modified":"2024-02-05T18:50:02","modified_gmt":"2024-02-05T18:50:02","slug":"software-crs","status":"publish","type":"page","link":"https:\/\/bestreporting.ch\/de\/software-crs\/","title":{"rendered":"Software CRS"},"content":{"rendered":"\t\t<div data-elementor-type=\"wp-page\" data-elementor-id=\"1631\" class=\"elementor elementor-1631 elementor-40\">\n\t\t\t\t<div class=\"elementor-element elementor-element-4de13a5 e-flex e-con-boxed e-con e-parent\" data-id=\"4de13a5\" data-element_type=\"container\" data-e-type=\"container\" data-settings=\"{&quot;background_background&quot;:&quot;classic&quot;}\">\n\t\t\t\t\t<div class=\"e-con-inner\">\n\t\t\t\t<div class=\"elementor-element elementor-element-6103a89 elementor-invisible elementor-widget elementor-widget-heading\" data-id=\"6103a89\" data-element_type=\"widget\" data-e-type=\"widget\" data-settings=\"{&quot;_animation&quot;:&quot;fadeIn&quot;,&quot;_animation_delay&quot;:200}\" data-widget_type=\"heading.default\">\n\t\t\t\t<div class=\"elementor-widget-container\">\n\t\t\t\t\t<h2 class=\"elementor-heading-title elementor-size-default\">Software CRS<\/h2>\t\t\t\t<\/div>\n\t\t\t\t<\/div>\n\t\t\t\t\t<\/div>\n\t\t\t\t<\/div>\n\t\t<div class=\"elementor-element elementor-element-00dcf63 e-flex e-con-boxed e-con e-parent\" data-id=\"00dcf63\" data-element_type=\"container\" data-e-type=\"container\">\n\t\t\t\t\t<div class=\"e-con-inner\">\n\t\t<div class=\"elementor-element elementor-element-2dd4dd6 e-con-full e-flex elementor-invisible e-con e-child\" data-id=\"2dd4dd6\" data-element_type=\"container\" data-e-type=\"container\" data-settings=\"{&quot;animation&quot;:&quot;fadeIn&quot;}\">\n\t\t\t\t<div class=\"elementor-element elementor-element-8b02a74 elementor-widget elementor-widget-heading\" data-id=\"8b02a74\" data-element_type=\"widget\" data-e-type=\"widget\" data-widget_type=\"heading.default\">\n\t\t\t\t<div class=\"elementor-widget-container\">\n\t\t\t\t\t<h2 class=\"elementor-heading-title elementor-size-default\">Die L\u00f6sung f\u00fcr die CRS-Meldung<\/h2>\t\t\t\t<\/div>\n\t\t\t\t<\/div>\n\t\t\t\t<div class=\"elementor-element elementor-element-0d0533a elementor-widget elementor-widget-text-editor\" data-id=\"0d0533a\" data-element_type=\"widget\" data-e-type=\"widget\" data-widget_type=\"text-editor.default\">\n\t\t\t\t<div class=\"elementor-widget-container\">\n\t\t\t\t\t\t\t\t\t<p>Der automatische Informationsaustausch (AIA) erfordert die Meldung von Bankkonten zwischen den Steuerbeh\u00f6rden. CRS, Common Reporting Standard, ist das Modell, das f\u00fcr solche Meldungen verwendet wird.<\/p><p>Seit einigen Jahren unterst\u00fctzt Best Vision Banken bei ihren CRS-Meldungen mit einer L\u00f6sung, die darauf abzielt, den Zeitaufwand f\u00fcr die Meldungen und das Fehlerrisiko zu verringern. Unser Angebot umfasst:<\/p><ul><li>eine Software, die f\u00fcr sie die f\u00fcr die Meldung erforderliche XML-Datei vorbereitet<\/li><li>einen Back-Office-Service, der die Kunden bei ihren vorbereitenden T\u00e4tigkeiten unterst\u00fctzt<\/li><li>Beratungsdienste zur Einhaltung der Vorschriften<\/li><\/ul>\t\t\t\t\t\t\t\t<\/div>\n\t\t\t\t<\/div>\n\t\t\t\t<\/div>\n\t\t<div class=\"elementor-element elementor-element-da915b0 e-con-full e-flex elementor-invisible e-con e-child\" data-id=\"da915b0\" data-element_type=\"container\" data-e-type=\"container\" data-settings=\"{&quot;animation&quot;:&quot;fadeIn&quot;,&quot;animation_delay&quot;:200}\">\n\t\t\t\t<div class=\"elementor-element elementor-element-90b1008 elementor-widget elementor-widget-image\" data-id=\"90b1008\" data-element_type=\"widget\" data-e-type=\"widget\" data-widget_type=\"image.default\">\n\t\t\t\t<div class=\"elementor-widget-container\">\n\t\t\t\t\t\t\t\t\t\t\t\t\t\t\t<img fetchpriority=\"high\" decoding=\"async\" width=\"640\" height=\"404\" src=\"https:\/\/bestreporting.ch\/wp-content\/uploads\/2023\/10\/group-business-people-having-meeting-jpg.webp\" class=\"attachment-large size-large wp-image-155\" alt=\"\" \/>\t\t\t\t\t\t\t\t\t\t\t\t\t\t\t<\/div>\n\t\t\t\t<\/div>\n\t\t\t\t<\/div>\n\t\t\t\t\t<\/div>\n\t\t\t\t<\/div>\n\t\t<div class=\"elementor-element elementor-element-11e9030 e-flex e-con-boxed e-con e-parent\" data-id=\"11e9030\" data-element_type=\"container\" data-e-type=\"container\" data-settings=\"{&quot;background_background&quot;:&quot;classic&quot;}\">\n\t\t\t\t\t<div class=\"e-con-inner\">\n\t\t\t\t<div class=\"elementor-element elementor-element-04f9a50 elementor-invisible elementor-widget elementor-widget-heading\" data-id=\"04f9a50\" data-element_type=\"widget\" data-e-type=\"widget\" data-settings=\"{&quot;_animation&quot;:&quot;fadeIn&quot;}\" data-widget_type=\"heading.default\">\n\t\t\t\t<div class=\"elementor-widget-container\">\n\t\t\t\t\t<h2 class=\"elementor-heading-title elementor-size-default\">F\u00fcr wen sind unsere Dienstleistungen bestimmt?<\/h2>\t\t\t\t<\/div>\n\t\t\t\t<\/div>\n\t\t\t\t<div class=\"elementor-element elementor-element-863de92 elementor-invisible elementor-widget elementor-widget-heading\" data-id=\"863de92\" data-element_type=\"widget\" data-e-type=\"widget\" data-settings=\"{&quot;_animation&quot;:&quot;fadeIn&quot;,&quot;_animation_delay&quot;:200}\" data-widget_type=\"heading.default\">\n\t\t\t\t<div class=\"elementor-widget-container\">\n\t\t\t\t\t<h2 class=\"elementor-heading-title elementor-size-default\">Alle Finanzinstitute der teilnehmenden OECD-L\u00e4nder.<\/h2>\t\t\t\t<\/div>\n\t\t\t\t<\/div>\n\t\t\t\t\t<\/div>\n\t\t\t\t<\/div>\n\t\t<div class=\"elementor-element elementor-element-e6c0a95 e-flex e-con-boxed e-con e-parent\" data-id=\"e6c0a95\" data-element_type=\"container\" data-e-type=\"container\">\n\t\t\t\t\t<div class=\"e-con-inner\">\n\t\t<div class=\"elementor-element elementor-element-c4c1768 e-con-full e-flex elementor-invisible e-con e-child\" data-id=\"c4c1768\" data-element_type=\"container\" data-e-type=\"container\" data-settings=\"{&quot;animation&quot;:&quot;fadeIn&quot;}\">\n\t\t\t\t<div class=\"elementor-element elementor-element-3172662 elementor-widget elementor-widget-heading\" data-id=\"3172662\" data-element_type=\"widget\" data-e-type=\"widget\" data-widget_type=\"heading.default\">\n\t\t\t\t<div class=\"elementor-widget-container\">\n\t\t\t\t\t<h2 class=\"elementor-heading-title elementor-size-default\">Software-L\u00f6sung<\/h2>\t\t\t\t<\/div>\n\t\t\t\t<\/div>\n\t\t\t\t<\/div>\n\t\t<div class=\"elementor-element elementor-element-5c05716 e-con-full e-flex elementor-invisible e-con e-child\" data-id=\"5c05716\" data-element_type=\"container\" data-e-type=\"container\" data-settings=\"{&quot;animation&quot;:&quot;fadeIn&quot;}\">\n\t\t\t\t<div class=\"elementor-element elementor-element-57415c8 elementor-widget elementor-widget-text-editor\" data-id=\"57415c8\" data-element_type=\"widget\" data-e-type=\"widget\" data-widget_type=\"text-editor.default\">\n\t\t\t\t<div class=\"elementor-widget-container\">\n\t\t\t\t\t\t\t\t\t<p>Die angebotene L\u00f6sung wird vorgeschlagen, um die CRS-Meldungen unserer Kunden einfach, sicher und schnell zu verwalten. Das Tool ist so konzipiert, dass es die Meldungen aller Finanzinstitute abdeckt, die einer Gerichtsbarkeit unterliegen, die einen automatischen Informationsaustausch vereinbart hat.<\/p><p>Best Vision k\u00fcmmert sich darum, die L\u00f6sung auf dem neuesten Stand zu halten, sowohl in Bezug auf die gesetzlichen Bestimmungen, indem alle \u00c4nderungen ber\u00fccksichtigt werden, als auch in Bezug auf die Aspekte der Informationssicherheit, die den h\u00f6chsten technologischen Standards entsprechen.<\/p><p>Unsere Kunden finden online immer die aktuellste Version der Software, die immer f\u00fcr ihre Berichte bereitsteht. Das Einzige, was f\u00fcr die Nutzung der Software ben\u00f6tigt wird, ist eine Excel-Datei, die die relevanten Informationen enth\u00e4lt. Die XML-Meldedatei wird automatisch in \u00dcbereinstimmung mit den neuesten Aktualisierungen des Landes, in dem das Finanzinstitut ans\u00e4ssig ist, erstellt.<\/p>\t\t\t\t\t\t\t\t<\/div>\n\t\t\t\t<\/div>\n\t\t\t\t<\/div>\n\t\t<div class=\"elementor-element elementor-element-17d042b e-con-full e-flex elementor-invisible e-con e-child\" data-id=\"17d042b\" data-element_type=\"container\" data-e-type=\"container\" data-settings=\"{&quot;animation&quot;:&quot;fadeIn&quot;,&quot;animation_delay&quot;:200}\">\n\t\t\t\t<div class=\"elementor-element elementor-element-d653357 elementor-widget elementor-widget-text-editor\" data-id=\"d653357\" data-element_type=\"widget\" data-e-type=\"widget\" data-widget_type=\"text-editor.default\">\n\t\t\t\t<div class=\"elementor-widget-container\">\n\t\t\t\t\t\t\t\t\t<p>Der Vorteil f\u00fcr den Kunden besteht darin, dass er \u00fcber ein zuverl\u00e4ssiges, einfach zu bedienendes und stets aktualisiertes Werkzeug verf\u00fcgt.<\/p><p><strong>Verf\u00fcgbare Softwaremodule<\/strong><\/p><ul><li>CRS FORM Modul, f\u00fcr die Erstellung von XML nach dem Standard jedes teilnehmenden OECD-Landes.<\/li><li>FATCA FORM-Modul, f\u00fcr die XML-Meldung von FATCA<\/li><li>RECO QI form, f\u00fcr den Abgleich von QI-Depotzahlungen<\/li><li>QI FORM Modul, f\u00fcr die automatische Erstellung und \u00dcberpr\u00fcfung, PDF und TXT, der Module 1042 und 1042-s<\/li><\/ul>\t\t\t\t\t\t\t\t<\/div>\n\t\t\t\t<\/div>\n\t\t\t\t<\/div>\n\t\t\t\t\t<\/div>\n\t\t\t\t<\/div>\n\t\t<div class=\"elementor-element elementor-element-d8da003 e-flex e-con-boxed e-con e-parent\" data-id=\"d8da003\" data-element_type=\"container\" data-e-type=\"container\">\n\t\t\t\t\t<div class=\"e-con-inner\">\n\t\t<div class=\"elementor-element elementor-element-615f88e e-con-full e-flex elementor-invisible e-con e-child\" data-id=\"615f88e\" data-element_type=\"container\" data-e-type=\"container\" data-settings=\"{&quot;animation&quot;:&quot;fadeIn&quot;,&quot;animation_delay&quot;:200}\">\n\t\t\t\t<div class=\"elementor-element elementor-element-1aefa54 elementor-widget elementor-widget-image\" data-id=\"1aefa54\" data-element_type=\"widget\" data-e-type=\"widget\" data-widget_type=\"image.default\">\n\t\t\t\t<div class=\"elementor-widget-container\">\n\t\t\t\t\t\t\t\t\t\t\t\t\t\t\t<img decoding=\"async\" width=\"640\" height=\"427\" src=\"https:\/\/bestreporting.ch\/wp-content\/uploads\/2023\/10\/no-people-office-with-multiple-computers-customer-service-desk-call-center-helpline-support-give-telecommunication-assistance-empty-helpdesk-with-client-telephony-reception-jpg.webp\" class=\"attachment-large size-large wp-image-167\" alt=\"\" \/>\t\t\t\t\t\t\t\t\t\t\t\t\t\t\t<\/div>\n\t\t\t\t<\/div>\n\t\t\t\t<\/div>\n\t\t<div class=\"elementor-element elementor-element-842e6ff e-con-full e-flex elementor-invisible e-con e-child\" data-id=\"842e6ff\" data-element_type=\"container\" data-e-type=\"container\" data-settings=\"{&quot;animation&quot;:&quot;fadeIn&quot;,&quot;animation_delay&quot;:200}\">\n\t\t\t\t<div class=\"elementor-element elementor-element-fef678c elementor-widget elementor-widget-heading\" data-id=\"fef678c\" data-element_type=\"widget\" data-e-type=\"widget\" data-widget_type=\"heading.default\">\n\t\t\t\t<div class=\"elementor-widget-container\">\n\t\t\t\t\t<h2 class=\"elementor-heading-title elementor-size-default\">Back-Office-L\u00f6sung<\/h2>\t\t\t\t<\/div>\n\t\t\t\t<\/div>\n\t\t\t\t<div class=\"elementor-element elementor-element-06b3bcf elementor-widget elementor-widget-text-editor\" data-id=\"06b3bcf\" data-element_type=\"widget\" data-e-type=\"widget\" data-widget_type=\"text-editor.default\">\n\t\t\t\t<div class=\"elementor-widget-container\">\n\t\t\t\t\t\t\t\t\t<p>Wir bieten unseren Kunden die M\u00f6glichkeit, die gesamte oder einen Teil der T\u00e4tigkeit auszulagern. Wir bieten die M\u00f6glichkeit, unser spezialisiertes Personal f\u00fcr die folgenden T\u00e4tigkeiten einzusetzen:<\/p><ul><li>Daten- und Dokumentationspr\u00fcfung<\/li><li>Verwaltung des Berichtswesens<\/li><li>Unterst\u00fctzung bei internen\/externen Audits<\/li><\/ul><p>Die T\u00e4tigkeit wird aus der Ferne oder vor Ort beim Kunden durchgef\u00fchrt.<\/p><p>Der Service ist besonders n\u00fctzlich f\u00fcr die Bew\u00e4ltigung von Arbeitsspitzen sowie f\u00fcr den Mangel an engagiertem Personal auf Seiten des Kunden.<\/p>\t\t\t\t\t\t\t\t<\/div>\n\t\t\t\t<\/div>\n\t\t\t\t<\/div>\n\t\t\t\t\t<\/div>\n\t\t\t\t<\/div>\n\t\t<div class=\"elementor-element elementor-element-6aa8d66 e-flex e-con-boxed e-con e-parent\" data-id=\"6aa8d66\" data-element_type=\"container\" data-e-type=\"container\">\n\t\t\t\t\t<div class=\"e-con-inner\">\n\t\t<div class=\"elementor-element elementor-element-b58b366 e-con-full e-flex elementor-invisible e-con e-child\" data-id=\"b58b366\" data-element_type=\"container\" data-e-type=\"container\" data-settings=\"{&quot;animation&quot;:&quot;fadeIn&quot;}\">\n\t\t\t\t<div class=\"elementor-element elementor-element-ceb6a22 elementor-widget elementor-widget-heading\" data-id=\"ceb6a22\" data-element_type=\"widget\" data-e-type=\"widget\" data-widget_type=\"heading.default\">\n\t\t\t\t<div class=\"elementor-widget-container\">\n\t\t\t\t\t<h2 class=\"elementor-heading-title elementor-size-default\">Compliance-Beratungsdienst\n<\/h2>\t\t\t\t<\/div>\n\t\t\t\t<\/div>\n\t\t\t\t<div class=\"elementor-element elementor-element-becd3d8 elementor-widget elementor-widget-text-editor\" data-id=\"becd3d8\" data-element_type=\"widget\" data-e-type=\"widget\" data-widget_type=\"text-editor.default\">\n\t\t\t\t<div class=\"elementor-widget-container\">\n\t\t\t\t\t\t\t\t\t<p>Wir verf\u00fcgen \u00fcber die besten Steuerexperten, um unseren Kunden pr\u00e4zise und qualitativ hochwertige Antworten auf ihre Bed\u00fcrfnisse in Bezug auf CRS zu geben. Unsere Experten sind auch kompetent auf dem Gebiet von QI und FATCA, f\u00fcr eine korrekte internationale Berichterstattung von Bankkonten.<\/p><p>Wir werden haupts\u00e4chlich von unseren Kunden beauftragt, sie zu unterst\u00fctzen:<\/p><ul><li>Verwaltung der Kundendokumentation<\/li><li>Schulung der internen Mitarbeiter<\/li><li>Health-Check der CRS-Compliance<\/li><\/ul><p>Der Bereich der Beratung wird zusammen mit unseren Kunden definiert, um \u00e4u\u00dferst effektiv und effizient in Bezug auf Kosten und Zeit zu sein.<\/p>\t\t\t\t\t\t\t\t<\/div>\n\t\t\t\t<\/div>\n\t\t\t\t<\/div>\n\t\t<div class=\"elementor-element elementor-element-ddbc575 e-con-full e-flex elementor-invisible e-con e-child\" data-id=\"ddbc575\" data-element_type=\"container\" data-e-type=\"container\" data-settings=\"{&quot;animation&quot;:&quot;fadeIn&quot;,&quot;animation_delay&quot;:200}\">\n\t\t\t\t<div class=\"elementor-element elementor-element-0dd2e2d elementor-widget elementor-widget-image\" data-id=\"0dd2e2d\" data-element_type=\"widget\" data-e-type=\"widget\" data-widget_type=\"image.default\">\n\t\t\t\t<div class=\"elementor-widget-container\">\n\t\t\t\t\t\t\t\t\t\t\t\t\t\t\t<img decoding=\"async\" width=\"640\" height=\"427\" src=\"https:\/\/bestreporting.ch\/wp-content\/uploads\/2023\/10\/meeting-financial-managers-jpg.webp\" class=\"attachment-large size-large wp-image-173\" alt=\"\" \/>\t\t\t\t\t\t\t\t\t\t\t\t\t\t\t<\/div>\n\t\t\t\t<\/div>\n\t\t\t\t<\/div>\n\t\t\t\t\t<\/div>\n\t\t\t\t<\/div>\n\t\t<div class=\"elementor-element elementor-element-df0f57b e-flex e-con-boxed e-con e-parent\" data-id=\"df0f57b\" data-element_type=\"container\" data-e-type=\"container\" data-settings=\"{&quot;background_background&quot;:&quot;gradient&quot;}\">\n\t\t\t\t\t<div class=\"e-con-inner\">\n\t\t<div class=\"elementor-element elementor-element-cc9f8ce e-con-full e-flex elementor-invisible e-con e-child\" data-id=\"cc9f8ce\" data-element_type=\"container\" data-e-type=\"container\" data-settings=\"{&quot;animation&quot;:&quot;fadeIn&quot;}\">\n\t\t\t\t<div class=\"elementor-element elementor-element-2e31307 elementor-widget elementor-widget-heading\" data-id=\"2e31307\" data-element_type=\"widget\" data-e-type=\"widget\" data-widget_type=\"heading.default\">\n\t\t\t\t<div class=\"elementor-widget-container\">\n\t\t\t\t\t<h2 class=\"elementor-heading-title elementor-size-default\"> Sind Sie an unseren QI-Berichtsdiensten interessiert?<\/h2>\t\t\t\t<\/div>\n\t\t\t\t<\/div>\n\t\t\t\t<div class=\"elementor-element elementor-element-4095cf4 elementor-widget elementor-widget-heading\" data-id=\"4095cf4\" data-element_type=\"widget\" data-e-type=\"widget\" data-widget_type=\"heading.default\">\n\t\t\t\t<div class=\"elementor-widget-container\">\n\t\t\t\t\t<h2 class=\"elementor-heading-title elementor-size-default\">Klicken Sie auf die nebenstehende Schaltfl\u00e4che, um weitere Informationen anzufordern<\/h2>\t\t\t\t<\/div>\n\t\t\t\t<\/div>\n\t\t\t\t<\/div>\n\t\t<div class=\"elementor-element elementor-element-233a4e9 e-con-full e-flex elementor-invisible e-con e-child\" data-id=\"233a4e9\" data-element_type=\"container\" data-e-type=\"container\" data-settings=\"{&quot;animation&quot;:&quot;fadeIn&quot;,&quot;animation_delay&quot;:200}\">\n\t\t\t\t<div class=\"elementor-element elementor-element-b6cdfda elementor-align-center elementor-widget elementor-widget-button\" data-id=\"b6cdfda\" data-element_type=\"widget\" data-e-type=\"widget\" data-widget_type=\"button.default\">\n\t\t\t\t<div class=\"elementor-widget-container\">\n\t\t\t\t\t\t\t\t\t<div class=\"elementor-button-wrapper\">\n\t\t\t\t\t<a class=\"elementor-button elementor-button-link elementor-size-sm\" href=\"\/de\/contact-us\">\n\t\t\t\t\t\t<span class=\"elementor-button-content-wrapper\">\n\t\t\t\t\t\t\t\t\t<span class=\"elementor-button-text\">Mehr Informationen anfordern<\/span>\n\t\t\t\t\t<\/span>\n\t\t\t\t\t<\/a>\n\t\t\t\t<\/div>\n\t\t\t\t\t\t\t\t<\/div>\n\t\t\t\t<\/div>\n\t\t\t\t<\/div>\n\t\t\t\t\t<\/div>\n\t\t\t\t<\/div>\n\t\t\t\t<\/div>\n\t\t","protected":false},"excerpt":{"rendered":"<p>Software CRS Die L\u00f6sung f\u00fcr die CRS-Meldung Der automatische Informationsaustausch (AIA) erfordert die Meldung von Bankkonten zwischen den Steuerbeh\u00f6rden. CRS, Common Reporting Standard, ist das Modell, das f\u00fcr solche Meldungen verwendet wird. Seit einigen Jahren unterst\u00fctzt Best Vision Banken bei ihren CRS-Meldungen mit einer L\u00f6sung, die darauf abzielt, den Zeitaufwand f\u00fcr die Meldungen und das [&hellip;]<\/p>\n","protected":false},"author":1,"featured_media":0,"parent":0,"menu_order":0,"comment_status":"closed","ping_status":"closed","template":"","meta":{"footnotes":""},"class_list":["post-1631","page","type-page","status-publish","hentry"],"rttpg_featured_image_url":null,"rttpg_author":{"display_name":"DavidSoto","author_link":"https:\/\/bestreporting.ch\/de\/author\/davidsoto\/"},"rttpg_comment":0,"rttpg_category":" <a href=\"https:\/\/bestreporting.ch\/de\/?taxonomy=translation_priority&#038;term=optional-de\" rel=\"tag\">Optional<\/a>","rttpg_excerpt":"Software CRS Die L\u00f6sung f\u00fcr die CRS-Meldung Der automatische Informationsaustausch (AIA) erfordert die Meldung von Bankkonten zwischen den Steuerbeh\u00f6rden. CRS, Common Reporting Standard, ist das Modell, das f\u00fcr solche Meldungen verwendet wird. Seit einigen Jahren unterst\u00fctzt Best Vision Banken bei ihren CRS-Meldungen mit einer L\u00f6sung, die darauf abzielt, den Zeitaufwand f\u00fcr die Meldungen und das&hellip;","_links":{"self":[{"href":"https:\/\/bestreporting.ch\/de\/wp-json\/wp\/v2\/pages\/1631","targetHints":{"allow":["GET"]}}],"collection":[{"href":"https:\/\/bestreporting.ch\/de\/wp-json\/wp\/v2\/pages"}],"about":[{"href":"https:\/\/bestreporting.ch\/de\/wp-json\/wp\/v2\/types\/page"}],"author":[{"embeddable":true,"href":"https:\/\/bestreporting.ch\/de\/wp-json\/wp\/v2\/users\/1"}],"replies":[{"embeddable":true,"href":"https:\/\/bestreporting.ch\/de\/wp-json\/wp\/v2\/comments?post=1631"}],"version-history":[{"count":16,"href":"https:\/\/bestreporting.ch\/de\/wp-json\/wp\/v2\/pages\/1631\/revisions"}],"predecessor-version":[{"id":2462,"href":"https:\/\/bestreporting.ch\/de\/wp-json\/wp\/v2\/pages\/1631\/revisions\/2462"}],"wp:attachment":[{"href":"https:\/\/bestreporting.ch\/de\/wp-json\/wp\/v2\/media?parent=1631"}],"curies":[{"name":"wp","href":"https:\/\/api.w.org\/{rel}","templated":true}]}}