{"id":1625,"date":"2023-10-20T19:21:56","date_gmt":"2023-10-20T19:21:56","guid":{"rendered":"https:\/\/bestreporting.ch\/wie-man-ein-qi-wird\/"},"modified":"2024-02-05T18:51:25","modified_gmt":"2024-02-05T18:51:25","slug":"wie-man-ein-qi-wird","status":"publish","type":"page","link":"https:\/\/bestreporting.ch\/de\/wie-man-ein-qi-wird\/","title":{"rendered":"Wie man ein QI wird"},"content":{"rendered":"\t\t<div data-elementor-type=\"wp-page\" data-elementor-id=\"1625\" class=\"elementor elementor-1625 elementor-203\">\n\t\t\t\t<div class=\"elementor-element elementor-element-b30277e e-flex e-con-boxed e-con e-parent\" data-id=\"b30277e\" data-element_type=\"container\" data-e-type=\"container\" data-settings=\"{&quot;background_background&quot;:&quot;gradient&quot;}\">\n\t\t\t\t\t<div class=\"e-con-inner\">\n\t\t\t\t<div class=\"elementor-element elementor-element-77c2e9c elementor-invisible elementor-widget elementor-widget-heading\" data-id=\"77c2e9c\" data-element_type=\"widget\" data-e-type=\"widget\" data-settings=\"{&quot;_animation&quot;:&quot;fadeIn&quot;,&quot;_animation_delay&quot;:200}\" data-widget_type=\"heading.default\">\n\t\t\t\t<div class=\"elementor-widget-container\">\n\t\t\t\t\t<h2 class=\"elementor-heading-title elementor-size-default\">Wie man ein QI wird<\/h2>\t\t\t\t<\/div>\n\t\t\t\t<\/div>\n\t\t\t\t\t<\/div>\n\t\t\t\t<\/div>\n\t\t<div class=\"elementor-element elementor-element-30ec0ec e-flex e-con-boxed e-con e-parent\" data-id=\"30ec0ec\" data-element_type=\"container\" data-e-type=\"container\">\n\t\t\t\t\t<div class=\"e-con-inner\">\n\t\t<div class=\"elementor-element elementor-element-c491b7a e-con-full e-flex e-con e-child\" data-id=\"c491b7a\" data-element_type=\"container\" data-e-type=\"container\">\n\t\t\t\t<div class=\"elementor-element elementor-element-ec81d23 elementor-invisible elementor-widget elementor-widget-heading\" data-id=\"ec81d23\" data-element_type=\"widget\" data-e-type=\"widget\" data-settings=\"{&quot;_animation&quot;:&quot;fadeIn&quot;,&quot;_animation_delay&quot;:200}\" data-widget_type=\"heading.default\">\n\t\t\t\t<div class=\"elementor-widget-container\">\n\t\t\t\t\t<h2 class=\"elementor-heading-title elementor-size-default\">Index<\/h2>\t\t\t\t<\/div>\n\t\t\t\t<\/div>\n\t\t\t\t<div class=\"elementor-element elementor-element-5bbceae elementor-icon-list--layout-traditional elementor-list-item-link-full_width elementor-invisible elementor-widget elementor-widget-icon-list\" data-id=\"5bbceae\" data-element_type=\"widget\" data-e-type=\"widget\" data-settings=\"{&quot;_animation&quot;:&quot;fadeIn&quot;,&quot;_animation_delay&quot;:200}\" data-widget_type=\"icon-list.default\">\n\t\t\t\t<div class=\"elementor-widget-container\">\n\t\t\t\t\t\t\t<ul class=\"elementor-icon-list-items\">\n\t\t\t\t\t\t\t<li class=\"elementor-icon-list-item\">\n\t\t\t\t\t\t\t\t\t\t\t<a href=\"#section1\">\n\n\t\t\t\t\t\t\t\t\t\t\t\t<span class=\"elementor-icon-list-icon\">\n\t\t\t\t\t\t\t<svg xmlns=\"http:\/\/www.w3.org\/2000\/svg\" xmlns:xlink=\"http:\/\/www.w3.org\/1999\/xlink\" id=\"Layer_1\" x=\"0px\" y=\"0px\" viewBox=\"0 0 492.004 492.004\" style=\"enable-background:new 0 0 492.004 492.004;\" xml:space=\"preserve\"><g>\t<g>\t\t<path d=\"M484.14,226.886L306.46,49.202c-5.072-5.072-11.832-7.856-19.04-7.856c-7.216,0-13.972,2.788-19.044,7.856l-16.132,16.136   c-5.068,5.064-7.86,11.828-7.86,19.04c0,7.208,2.792,14.2,7.86,19.264L355.9,207.526H26.58C11.732,207.526,0,219.15,0,234.002   v22.812c0,14.852,11.732,27.648,26.58,27.648h330.496L252.248,388.926c-5.068,5.072-7.86,11.652-7.86,18.864   c0,7.204,2.792,13.88,7.86,18.948l16.132,16.084c5.072,5.072,11.828,7.836,19.044,7.836c7.208,0,13.968-2.8,19.04-7.872   l177.68-177.68c5.084-5.088,7.88-11.88,7.86-19.1C492.02,238.762,489.228,231.966,484.14,226.886z\"><\/path>\t<\/g><\/g><g><\/g><g><\/g><g><\/g><g><\/g><g><\/g><g><\/g><g><\/g><g><\/g><g><\/g><g><\/g><g><\/g><g><\/g><g><\/g><g><\/g><g><\/g><\/svg>\t\t\t\t\t\t<\/span>\n\t\t\t\t\t\t\t\t\t\t<span class=\"elementor-icon-list-text\">Was ist das QI-Agreement?<\/span>\n\t\t\t\t\t\t\t\t\t\t\t<\/a>\n\t\t\t\t\t\t\t\t\t<\/li>\n\t\t\t\t\t\t\t\t<li class=\"elementor-icon-list-item\">\n\t\t\t\t\t\t\t\t\t\t\t<a href=\"#section2\">\n\n\t\t\t\t\t\t\t\t\t\t\t\t<span class=\"elementor-icon-list-icon\">\n\t\t\t\t\t\t\t<svg xmlns=\"http:\/\/www.w3.org\/2000\/svg\" xmlns:xlink=\"http:\/\/www.w3.org\/1999\/xlink\" id=\"Layer_1\" x=\"0px\" y=\"0px\" viewBox=\"0 0 492.004 492.004\" style=\"enable-background:new 0 0 492.004 492.004;\" xml:space=\"preserve\"><g>\t<g>\t\t<path d=\"M484.14,226.886L306.46,49.202c-5.072-5.072-11.832-7.856-19.04-7.856c-7.216,0-13.972,2.788-19.044,7.856l-16.132,16.136   c-5.068,5.064-7.86,11.828-7.86,19.04c0,7.208,2.792,14.2,7.86,19.264L355.9,207.526H26.58C11.732,207.526,0,219.15,0,234.002   v22.812c0,14.852,11.732,27.648,26.58,27.648h330.496L252.248,388.926c-5.068,5.072-7.86,11.652-7.86,18.864   c0,7.204,2.792,13.88,7.86,18.948l16.132,16.084c5.072,5.072,11.828,7.836,19.044,7.836c7.208,0,13.968-2.8,19.04-7.872   l177.68-177.68c5.084-5.088,7.88-11.88,7.86-19.1C492.02,238.762,489.228,231.966,484.14,226.886z\"><\/path>\t<\/g><\/g><g><\/g><g><\/g><g><\/g><g><\/g><g><\/g><g><\/g><g><\/g><g><\/g><g><\/g><g><\/g><g><\/g><g><\/g><g><\/g><g><\/g><g><\/g><\/svg>\t\t\t\t\t\t<\/span>\n\t\t\t\t\t\t\t\t\t\t<span class=\"elementor-icon-list-text\">Wie man ein QI wird<\/span>\n\t\t\t\t\t\t\t\t\t\t\t<\/a>\n\t\t\t\t\t\t\t\t\t<\/li>\n\t\t\t\t\t\t\t\t<li class=\"elementor-icon-list-item\">\n\t\t\t\t\t\t\t\t\t\t\t<a href=\"#section3\">\n\n\t\t\t\t\t\t\t\t\t\t\t\t<span class=\"elementor-icon-list-icon\">\n\t\t\t\t\t\t\t<svg xmlns=\"http:\/\/www.w3.org\/2000\/svg\" xmlns:xlink=\"http:\/\/www.w3.org\/1999\/xlink\" id=\"Layer_1\" x=\"0px\" y=\"0px\" viewBox=\"0 0 492.004 492.004\" style=\"enable-background:new 0 0 492.004 492.004;\" xml:space=\"preserve\"><g>\t<g>\t\t<path d=\"M484.14,226.886L306.46,49.202c-5.072-5.072-11.832-7.856-19.04-7.856c-7.216,0-13.972,2.788-19.044,7.856l-16.132,16.136   c-5.068,5.064-7.86,11.828-7.86,19.04c0,7.208,2.792,14.2,7.86,19.264L355.9,207.526H26.58C11.732,207.526,0,219.15,0,234.002   v22.812c0,14.852,11.732,27.648,26.58,27.648h330.496L252.248,388.926c-5.068,5.072-7.86,11.652-7.86,18.864   c0,7.204,2.792,13.88,7.86,18.948l16.132,16.084c5.072,5.072,11.828,7.836,19.044,7.836c7.208,0,13.968-2.8,19.04-7.872   l177.68-177.68c5.084-5.088,7.88-11.88,7.86-19.1C492.02,238.762,489.228,231.966,484.14,226.886z\"><\/path>\t<\/g><\/g><g><\/g><g><\/g><g><\/g><g><\/g><g><\/g><g><\/g><g><\/g><g><\/g><g><\/g><g><\/g><g><\/g><g><\/g><g><\/g><g><\/g><g><\/g><\/svg>\t\t\t\t\t\t<\/span>\n\t\t\t\t\t\t\t\t\t\t<span class=\"elementor-icon-list-text\">Unterlagen, die an die Verwahrstelle zu senden sind<\/span>\n\t\t\t\t\t\t\t\t\t\t\t<\/a>\n\t\t\t\t\t\t\t\t\t<\/li>\n\t\t\t\t\t\t\t\t<li class=\"elementor-icon-list-item\">\n\t\t\t\t\t\t\t\t\t\t\t<a href=\"#section4\">\n\n\t\t\t\t\t\t\t\t\t\t\t\t<span class=\"elementor-icon-list-icon\">\n\t\t\t\t\t\t\t<svg xmlns=\"http:\/\/www.w3.org\/2000\/svg\" xmlns:xlink=\"http:\/\/www.w3.org\/1999\/xlink\" id=\"Layer_1\" x=\"0px\" y=\"0px\" viewBox=\"0 0 492.004 492.004\" style=\"enable-background:new 0 0 492.004 492.004;\" xml:space=\"preserve\"><g>\t<g>\t\t<path d=\"M484.14,226.886L306.46,49.202c-5.072-5.072-11.832-7.856-19.04-7.856c-7.216,0-13.972,2.788-19.044,7.856l-16.132,16.136   c-5.068,5.064-7.86,11.828-7.86,19.04c0,7.208,2.792,14.2,7.86,19.264L355.9,207.526H26.58C11.732,207.526,0,219.15,0,234.002   v22.812c0,14.852,11.732,27.648,26.58,27.648h330.496L252.248,388.926c-5.068,5.072-7.86,11.652-7.86,18.864   c0,7.204,2.792,13.88,7.86,18.948l16.132,16.084c5.072,5.072,11.828,7.836,19.044,7.836c7.208,0,13.968-2.8,19.04-7.872   l177.68-177.68c5.084-5.088,7.88-11.88,7.86-19.1C492.02,238.762,489.228,231.966,484.14,226.886z\"><\/path>\t<\/g><\/g><g><\/g><g><\/g><g><\/g><g><\/g><g><\/g><g><\/g><g><\/g><g><\/g><g><\/g><g><\/g><g><\/g><g><\/g><g><\/g><g><\/g><g><\/g><\/svg>\t\t\t\t\t\t<\/span>\n\t\t\t\t\t\t\t\t\t\t<span class=\"elementor-icon-list-text\">Was ist die Quellensteuererkl\u00e4rung?<\/span>\n\t\t\t\t\t\t\t\t\t\t\t<\/a>\n\t\t\t\t\t\t\t\t\t<\/li>\n\t\t\t\t\t\t<\/ul>\n\t\t\t\t\t\t<\/div>\n\t\t\t\t<\/div>\n\t\t\t\t<\/div>\n\t\t<div class=\"elementor-element elementor-element-648da3a e-con-full e-flex e-con e-child\" data-id=\"648da3a\" data-element_type=\"container\" data-e-type=\"container\">\n\t\t\t\t<div class=\"elementor-element elementor-element-8e40c96 elementor-widget elementor-widget-text-editor\" data-id=\"8e40c96\" data-element_type=\"widget\" data-e-type=\"widget\" id=\"section1\" data-widget_type=\"text-editor.default\">\n\t\t\t\t<div class=\"elementor-widget-container\">\n\t\t\t\t\t\t\t\t\t<h3>Was ist das QI-Agreement?<\/h3><p>Das\u00a0<strong>QI-Agreement<\/strong>\u00a0ist ein privater Vertrag, der zwischen zwei Parteien unterzeichnet wird: einem nichtamerikanischen Finanzintermedi\u00e4r und einem IRS.<\/p><p>Das QI-Agreement wurde im Laufe der Jahre mehrfach ge\u00e4ndert und ist nun im\u00a0<a title=\"\" href=\"https:\/\/www.irs.gov\/pub\/irs-drop\/rp-17-15.pdf\" target=\"_blank\" rel=\"noopener noreferrer\">Revenue Procedure 2017-15<\/a>\u00a0kodifiziert. Es enth\u00e4lt alle Regeln f\u00fcr die Verpflichtungen des QI.<\/p><p>Jeder nichtamerikanische Finanzintermedi\u00e4r kann sich\u00a0<a title=\"\" href=\"https:\/\/www.irs.gov\/pub\/irs-pdf\/p5262.pdf\" target=\"_blank\" rel=\"noopener noreferrer\">\u00fcber das IRS-Portal als QI qualifizieren<\/a>. Der Begriff \u201eQualified\u201c bedeutet, dass das Subjekt \u00fcber eine bestimmte Qualifikation verf\u00fcgt, w\u00e4hrend der Begriff \u201eIntermediary\u201c bedeutet, dass die Rolle eine Vermittlung ist und sein muss. Der QI wird im Wesentlichen als qualifizierte Einheit anerkannt, die zwischen dem IRS und dem Beg\u00fcnstigten der US-Erl\u00f6se steht.<\/p>\t\t\t\t\t\t\t\t<\/div>\n\t\t\t\t<\/div>\n\t\t\t\t<div class=\"elementor-element elementor-element-0262f9d elementor-widget elementor-widget-text-editor\" data-id=\"0262f9d\" data-element_type=\"widget\" data-e-type=\"widget\" id=\"section2\" data-widget_type=\"text-editor.default\">\n\t\t\t\t<div class=\"elementor-widget-container\">\n\t\t\t\t\t\t\t\t\t<h3 class=\"titoli_paragrafi\">Wie man ein QI wird<\/h3><p>Requisiti:<\/p><p>A.\u00a0Registrieren Sie sich und erhalten Sie unter anderem den Status Kapitel 4 (FATCA):<\/p><ul><li>teilnehmendes FFI (einschlie\u00dflich des IGA-Modells);<\/li><li>registrierte, als konform geltende FFI (einschlie\u00dflich FFI Model 1 Reporting und FFI Model 2 Non-Reporting, als registrierter, konform geltender Teilnehmer behandelt),<\/li><li>registrierte, als konform geltende Modell 1 IGA FFI oder Sponsorunternehmen einer direkten NFFE-Meldung<\/li><\/ul><p>B.\u00a0in einem Land angesiedelt sein, dessen KYC-Regeln (Know Your Customer) vom IRS genehmigt wurden (siehe\u00a0<a title=\"\" href=\"https:\/\/www.irs.gov\/businesses\/international-businesses\/list-of-approved-kyc-rules\" target=\"_blank\" rel=\"noopener noreferrer\">Liste der L\u00e4nder<\/a>).<\/p><p>Verfahren:<\/p><p>Ein QI wird durch die Registrierung im \u201e<a title=\"\" href=\"https:\/\/www.irs.gov\/businesses\/corporations\/qualified-intermediary-system\" target=\"_blank\" rel=\"noopener noreferrer\">QI\/WP\/WT-System<\/a>\u201c erreicht. Das Registrierungsformular enth\u00e4lt die Informationen, auf deren Grundlage IRS bestimmt, ob das Unternehmen \u00fcber die Ressourcen und Verfahren verf\u00fcgt, die zur Einhaltung des QI-Agreements erforderlich sind. Die Genehmigung des QI-Status wird vom IRS \u00fcbermittelt. Der akzeptierte Bewerber erh\u00e4lt zus\u00e4tzlich eine QI-EIN. Diese eindeutige 9-stellige Kennung wird verwendet, wenn der Intermedi\u00e4r als QI fungieren m\u00f6chte.<\/p>\t\t\t\t\t\t\t\t<\/div>\n\t\t\t\t<\/div>\n\t\t\t\t<div class=\"elementor-element elementor-element-fa9338e elementor-widget elementor-widget-text-editor\" data-id=\"fa9338e\" data-element_type=\"widget\" data-e-type=\"widget\" id=\"section3\" data-widget_type=\"text-editor.default\">\n\t\t\t\t<div class=\"elementor-widget-container\">\n\t\t\t\t\t\t\t\t\t<h3 class=\"titoli_paragrafi\">Unterlagen, die an die Verwahrstelle zu senden sind<\/h3><p>Es liegt an dem Finanzintermedi\u00e4r zu w\u00e4hlen, f\u00fcr welche Konten er bei seinen Verwahrstellen als QI fungieren soll. Dabei ist es m\u00f6glich, dass das Unternehmen f\u00fcr ein oder mehrere Konten beschlie\u00dfen kann, sich als IFN zu qualifizieren. Unabh\u00e4ngig von der Qualifikation muss das QI sein W8-IMY-Formular und die Quellensteuererkl\u00e4rung an die Verwahrstelle senden. \u00dcber das Formular W8-IMY wird mit der Verwahrstelle Kontakt aufgenommen:<\/p><ul><li>Gesellschaftsstammdaten<\/li><li>QI-EIN<\/li><li>Status Kapitel 3 und Kapitel 4<\/li><li>Haftungs\u00fcbernahme<\/li><\/ul><p>Der letzte Punkt bezieht sich auf das Recht des QI, die\u00a0<strong>prim\u00e4re Quellensteuer zu \u00fcbernehmen<\/strong>, d.h. die prim\u00e4re Verantwortung f\u00fcr die Erhebung und Zahlung der US-Quellensteuer. In solchen F\u00e4llen befreit der QI seine Verwahrstelle von der Quellensteuerpflicht und \u00fcbernimmt selbst die Verantwortung f\u00fcr a) die Erhebung der Quellensteuer und b) deren rechtzeitige Zahlung an den IRS. Sowohl Kapitel 3 als auch Kapitel 4 Quellensteuern, QI und FATCA, sind anwendbar.<\/p><p>Achten Sie darauf, dass das W8-IMY-Formular ausschlie\u00dflich vom QI versendet wird, wenn Sie im Auftrag Dritter (f\u00fcr seine Kunden) handeln. Wenn das Konto f\u00fcr Wertpapiere des Intermedi\u00e4rs gef\u00fchrt wird, muss der Intermedi\u00e4r das Formular W8-BEN-E einreichen.<\/p>\t\t\t\t\t\t\t\t<\/div>\n\t\t\t\t<\/div>\n\t\t\t\t<div class=\"elementor-element elementor-element-8cbfece elementor-widget elementor-widget-text-editor\" data-id=\"8cbfece\" data-element_type=\"widget\" data-e-type=\"widget\" id=\"section4\" data-widget_type=\"text-editor.default\">\n\t\t\t\t<div class=\"elementor-widget-container\">\n\t\t\t\t\t\t\t\t\t<h3 class=\"titoli_paragrafi\">Was ist die Quellensteuererkl\u00e4rung?<\/h3><p>Die\u00a0<strong>Quellensteuererkl\u00e4rung<\/strong>\u00a0ist das Dokument, das der QI seiner Verwahrstelle zusammen mit dem W8-IMY zur Verf\u00fcgung stellt, um den Prozentsatz der US-Steuer mitzuteilen, der auf jedes seiner Konten anzuwenden ist.<\/p><p>Es gibt keine offizielle Quellensteuererkl\u00e4rung, die vom IRS vorgeschlagen wurde; jeder QI kann seine eigene definieren. Der grundlegende Aspekt des Dokuments ist, dass es in schriftlicher Form vorliegt und f\u00fcr jedes Konto die f\u00fcr jede Art von Einkommen zu erhebenden US-Steuern angibt.<br \/>Der QI muss eine neue Quellensteuererkl\u00e4rung senden, um die vorangegangene Benachrichtigung umzustellen.<\/p>\t\t\t\t\t\t\t\t<\/div>\n\t\t\t\t<\/div>\n\t\t\t\t<\/div>\n\t\t\t\t\t<\/div>\n\t\t\t\t<\/div>\n\t\t<div class=\"elementor-element elementor-element-acbad7c e-flex e-con-boxed e-con e-parent\" data-id=\"acbad7c\" data-element_type=\"container\" data-e-type=\"container\" data-settings=\"{&quot;background_background&quot;:&quot;gradient&quot;}\">\n\t\t\t\t\t<div class=\"e-con-inner\">\n\t\t<div class=\"elementor-element elementor-element-8395ecd e-con-full e-flex elementor-invisible e-con e-child\" data-id=\"8395ecd\" data-element_type=\"container\" data-e-type=\"container\" data-settings=\"{&quot;animation&quot;:&quot;fadeIn&quot;}\">\n\t\t\t\t<div class=\"elementor-element elementor-element-2595ac1 elementor-widget elementor-widget-heading\" data-id=\"2595ac1\" data-element_type=\"widget\" data-e-type=\"widget\" data-widget_type=\"heading.default\">\n\t\t\t\t<div class=\"elementor-widget-container\">\n\t\t\t\t\t<h2 class=\"elementor-heading-title elementor-size-default\"> Sind Sie an unseren QI-Berichtsdiensten interessiert?<\/h2>\t\t\t\t<\/div>\n\t\t\t\t<\/div>\n\t\t\t\t<div class=\"elementor-element elementor-element-ad74d41 elementor-widget elementor-widget-heading\" data-id=\"ad74d41\" data-element_type=\"widget\" data-e-type=\"widget\" data-widget_type=\"heading.default\">\n\t\t\t\t<div class=\"elementor-widget-container\">\n\t\t\t\t\t<h2 class=\"elementor-heading-title elementor-size-default\">Klicken Sie auf die nebenstehende Schaltfl\u00e4che, um weitere Informationen anzufordern<\/h2>\t\t\t\t<\/div>\n\t\t\t\t<\/div>\n\t\t\t\t<\/div>\n\t\t<div class=\"elementor-element elementor-element-5e8977a e-con-full e-flex elementor-invisible e-con e-child\" data-id=\"5e8977a\" data-element_type=\"container\" data-e-type=\"container\" data-settings=\"{&quot;animation&quot;:&quot;fadeIn&quot;,&quot;animation_delay&quot;:200}\">\n\t\t\t\t<div class=\"elementor-element elementor-element-d9336c5 elementor-align-center elementor-widget elementor-widget-button\" data-id=\"d9336c5\" data-element_type=\"widget\" data-e-type=\"widget\" data-widget_type=\"button.default\">\n\t\t\t\t<div class=\"elementor-widget-container\">\n\t\t\t\t\t\t\t\t\t<div class=\"elementor-button-wrapper\">\n\t\t\t\t\t<a class=\"elementor-button elementor-button-link elementor-size-sm\" href=\"\/de\/contact-us\">\n\t\t\t\t\t\t<span class=\"elementor-button-content-wrapper\">\n\t\t\t\t\t\t\t\t\t<span class=\"elementor-button-text\">Mehr Informationen anfordern<\/span>\n\t\t\t\t\t<\/span>\n\t\t\t\t\t<\/a>\n\t\t\t\t<\/div>\n\t\t\t\t\t\t\t\t<\/div>\n\t\t\t\t<\/div>\n\t\t\t\t<\/div>\n\t\t\t\t\t<\/div>\n\t\t\t\t<\/div>\n\t\t\t\t<\/div>\n\t\t","protected":false},"excerpt":{"rendered":"<p>Wie man ein QI wird Index Was ist das QI-Agreement? Wie man ein QI wird Unterlagen, die an die Verwahrstelle zu senden sind Was ist die Quellensteuererkl\u00e4rung? Was ist das QI-Agreement? Das\u00a0QI-Agreement\u00a0ist ein privater Vertrag, der zwischen zwei Parteien unterzeichnet wird: einem nichtamerikanischen Finanzintermedi\u00e4r und einem IRS. Das QI-Agreement wurde im Laufe der Jahre mehrfach [&hellip;]<\/p>\n","protected":false},"author":1,"featured_media":0,"parent":0,"menu_order":0,"comment_status":"closed","ping_status":"closed","template":"","meta":{"footnotes":""},"class_list":["post-1625","page","type-page","status-publish","hentry"],"rttpg_featured_image_url":null,"rttpg_author":{"display_name":"DavidSoto","author_link":"https:\/\/bestreporting.ch\/de\/author\/davidsoto\/"},"rttpg_comment":0,"rttpg_category":" <a href=\"https:\/\/bestreporting.ch\/de\/?taxonomy=translation_priority&#038;term=optional-de\" rel=\"tag\">Optional<\/a>","rttpg_excerpt":"Wie man ein QI wird Index Was ist das QI-Agreement? Wie man ein QI wird Unterlagen, die an die Verwahrstelle zu senden sind Was ist die Quellensteuererkl\u00e4rung? Was ist das QI-Agreement? Das\u00a0QI-Agreement\u00a0ist ein privater Vertrag, der zwischen zwei Parteien unterzeichnet wird: einem nichtamerikanischen Finanzintermedi\u00e4r und einem IRS. Das QI-Agreement wurde im Laufe der Jahre mehrfach&hellip;","_links":{"self":[{"href":"https:\/\/bestreporting.ch\/de\/wp-json\/wp\/v2\/pages\/1625","targetHints":{"allow":["GET"]}}],"collection":[{"href":"https:\/\/bestreporting.ch\/de\/wp-json\/wp\/v2\/pages"}],"about":[{"href":"https:\/\/bestreporting.ch\/de\/wp-json\/wp\/v2\/types\/page"}],"author":[{"embeddable":true,"href":"https:\/\/bestreporting.ch\/de\/wp-json\/wp\/v2\/users\/1"}],"replies":[{"embeddable":true,"href":"https:\/\/bestreporting.ch\/de\/wp-json\/wp\/v2\/comments?post=1625"}],"version-history":[{"count":7,"href":"https:\/\/bestreporting.ch\/de\/wp-json\/wp\/v2\/pages\/1625\/revisions"}],"predecessor-version":[{"id":2474,"href":"https:\/\/bestreporting.ch\/de\/wp-json\/wp\/v2\/pages\/1625\/revisions\/2474"}],"wp:attachment":[{"href":"https:\/\/bestreporting.ch\/de\/wp-json\/wp\/v2\/media?parent=1625"}],"curies":[{"name":"wp","href":"https:\/\/api.w.org\/{rel}","templated":true}]}}