{"id":1620,"date":"2023-10-20T19:22:49","date_gmt":"2023-10-20T19:22:49","guid":{"rendered":"https:\/\/bestreporting.ch\/recolha-de-documentacao-do-cliente\/"},"modified":"2024-02-05T18:51:20","modified_gmt":"2024-02-05T18:51:20","slug":"dokumentation-von-nra-und-us-personen","status":"publish","type":"page","link":"https:\/\/bestreporting.ch\/de\/dokumentation-von-nra-und-us-personen\/","title":{"rendered":"Dokumentation von NRA- und US-Personen"},"content":{"rendered":"\t\t<div data-elementor-type=\"wp-page\" data-elementor-id=\"1620\" class=\"elementor elementor-1620 elementor-205\">\n\t\t\t\t<div class=\"elementor-element elementor-element-a6ce89c e-flex e-con-boxed e-con e-parent\" data-id=\"a6ce89c\" data-element_type=\"container\" data-e-type=\"container\" data-settings=\"{&quot;background_background&quot;:&quot;gradient&quot;}\">\n\t\t\t\t\t<div class=\"e-con-inner\">\n\t\t\t\t<div class=\"elementor-element elementor-element-55d615e elementor-invisible elementor-widget elementor-widget-heading\" data-id=\"55d615e\" data-element_type=\"widget\" data-e-type=\"widget\" data-settings=\"{&quot;_animation&quot;:&quot;fadeIn&quot;,&quot;_animation_delay&quot;:200}\" data-widget_type=\"heading.default\">\n\t\t\t\t<div class=\"elementor-widget-container\">\n\t\t\t\t\t<h2 class=\"elementor-heading-title elementor-size-default\">Dokumentation von NRA- und US-Personen<\/h2>\t\t\t\t<\/div>\n\t\t\t\t<\/div>\n\t\t\t\t\t<\/div>\n\t\t\t\t<\/div>\n\t\t<div class=\"elementor-element elementor-element-b91df42 e-flex e-con-boxed e-con e-parent\" data-id=\"b91df42\" data-element_type=\"container\" data-e-type=\"container\">\n\t\t\t\t\t<div class=\"e-con-inner\">\n\t\t<div class=\"elementor-element elementor-element-d5fd232 e-con-full e-flex e-con e-child\" data-id=\"d5fd232\" data-element_type=\"container\" data-e-type=\"container\">\n\t\t\t\t<div class=\"elementor-element elementor-element-0c7554c elementor-invisible elementor-widget elementor-widget-heading\" data-id=\"0c7554c\" data-element_type=\"widget\" data-e-type=\"widget\" data-settings=\"{&quot;_animation&quot;:&quot;fadeIn&quot;,&quot;_animation_delay&quot;:200}\" data-widget_type=\"heading.default\">\n\t\t\t\t<div class=\"elementor-widget-container\">\n\t\t\t\t\t<h2 class=\"elementor-heading-title elementor-size-default\">Index<\/h2>\t\t\t\t<\/div>\n\t\t\t\t<\/div>\n\t\t\t\t<div class=\"elementor-element elementor-element-e473727 elementor-icon-list--layout-traditional elementor-list-item-link-full_width elementor-invisible elementor-widget elementor-widget-icon-list\" data-id=\"e473727\" data-element_type=\"widget\" data-e-type=\"widget\" data-settings=\"{&quot;_animation&quot;:&quot;fadeIn&quot;,&quot;_animation_delay&quot;:200}\" data-widget_type=\"icon-list.default\">\n\t\t\t\t<div class=\"elementor-widget-container\">\n\t\t\t\t\t\t\t<ul class=\"elementor-icon-list-items\">\n\t\t\t\t\t\t\t<li class=\"elementor-icon-list-item\">\n\t\t\t\t\t\t\t\t\t\t\t<a href=\"#section1\">\n\n\t\t\t\t\t\t\t\t\t\t\t\t<span class=\"elementor-icon-list-icon\">\n\t\t\t\t\t\t\t<svg xmlns=\"http:\/\/www.w3.org\/2000\/svg\" xmlns:xlink=\"http:\/\/www.w3.org\/1999\/xlink\" id=\"Layer_1\" x=\"0px\" y=\"0px\" viewBox=\"0 0 492.004 492.004\" style=\"enable-background:new 0 0 492.004 492.004;\" xml:space=\"preserve\"><g>\t<g>\t\t<path d=\"M484.14,226.886L306.46,49.202c-5.072-5.072-11.832-7.856-19.04-7.856c-7.216,0-13.972,2.788-19.044,7.856l-16.132,16.136   c-5.068,5.064-7.86,11.828-7.86,19.04c0,7.208,2.792,14.2,7.86,19.264L355.9,207.526H26.58C11.732,207.526,0,219.15,0,234.002   v22.812c0,14.852,11.732,27.648,26.58,27.648h330.496L252.248,388.926c-5.068,5.072-7.86,11.652-7.86,18.864   c0,7.204,2.792,13.88,7.86,18.948l16.132,16.084c5.072,5.072,11.828,7.836,19.044,7.836c7.208,0,13.968-2.8,19.04-7.872   l177.68-177.68c5.084-5.088,7.88-11.88,7.86-19.1C492.02,238.762,489.228,231.966,484.14,226.886z\"><\/path>\t<\/g><\/g><g><\/g><g><\/g><g><\/g><g><\/g><g><\/g><g><\/g><g><\/g><g><\/g><g><\/g><g><\/g><g><\/g><g><\/g><g><\/g><g><\/g><g><\/g><\/svg>\t\t\t\t\t\t<\/span>\n\t\t\t\t\t\t\t\t\t\t<span class=\"elementor-icon-list-text\">Dokumentation von NRA- und US-Personen<\/span>\n\t\t\t\t\t\t\t\t\t\t\t<\/a>\n\t\t\t\t\t\t\t\t\t<\/li>\n\t\t\t\t\t\t\t\t<li class=\"elementor-icon-list-item\">\n\t\t\t\t\t\t\t\t\t\t\t<a href=\"#section2\">\n\n\t\t\t\t\t\t\t\t\t\t\t\t<span class=\"elementor-icon-list-icon\">\n\t\t\t\t\t\t\t<svg xmlns=\"http:\/\/www.w3.org\/2000\/svg\" xmlns:xlink=\"http:\/\/www.w3.org\/1999\/xlink\" id=\"Layer_1\" x=\"0px\" y=\"0px\" viewBox=\"0 0 492.004 492.004\" style=\"enable-background:new 0 0 492.004 492.004;\" xml:space=\"preserve\"><g>\t<g>\t\t<path d=\"M484.14,226.886L306.46,49.202c-5.072-5.072-11.832-7.856-19.04-7.856c-7.216,0-13.972,2.788-19.044,7.856l-16.132,16.136   c-5.068,5.064-7.86,11.828-7.86,19.04c0,7.208,2.792,14.2,7.86,19.264L355.9,207.526H26.58C11.732,207.526,0,219.15,0,234.002   v22.812c0,14.852,11.732,27.648,26.58,27.648h330.496L252.248,388.926c-5.068,5.072-7.86,11.652-7.86,18.864   c0,7.204,2.792,13.88,7.86,18.948l16.132,16.084c5.072,5.072,11.828,7.836,19.044,7.836c7.208,0,13.968-2.8,19.04-7.872   l177.68-177.68c5.084-5.088,7.88-11.88,7.86-19.1C492.02,238.762,489.228,231.966,484.14,226.886z\"><\/path>\t<\/g><\/g><g><\/g><g><\/g><g><\/g><g><\/g><g><\/g><g><\/g><g><\/g><g><\/g><g><\/g><g><\/g><g><\/g><g><\/g><g><\/g><g><\/g><g><\/g><\/svg>\t\t\t\t\t\t<\/span>\n\t\t\t\t\t\t\t\t\t\t<span class=\"elementor-icon-list-text\">Definition und Dokumentation von US-Personen<\/span>\n\t\t\t\t\t\t\t\t\t\t\t<\/a>\n\t\t\t\t\t\t\t\t\t<\/li>\n\t\t\t\t\t\t\t\t<li class=\"elementor-icon-list-item\">\n\t\t\t\t\t\t\t\t\t\t\t<a href=\"#section3\">\n\n\t\t\t\t\t\t\t\t\t\t\t\t<span class=\"elementor-icon-list-icon\">\n\t\t\t\t\t\t\t<svg xmlns=\"http:\/\/www.w3.org\/2000\/svg\" xmlns:xlink=\"http:\/\/www.w3.org\/1999\/xlink\" id=\"Layer_1\" x=\"0px\" y=\"0px\" viewBox=\"0 0 492.004 492.004\" style=\"enable-background:new 0 0 492.004 492.004;\" xml:space=\"preserve\"><g>\t<g>\t\t<path d=\"M484.14,226.886L306.46,49.202c-5.072-5.072-11.832-7.856-19.04-7.856c-7.216,0-13.972,2.788-19.044,7.856l-16.132,16.136   c-5.068,5.064-7.86,11.828-7.86,19.04c0,7.208,2.792,14.2,7.86,19.264L355.9,207.526H26.58C11.732,207.526,0,219.15,0,234.002   v22.812c0,14.852,11.732,27.648,26.58,27.648h330.496L252.248,388.926c-5.068,5.072-7.86,11.652-7.86,18.864   c0,7.204,2.792,13.88,7.86,18.948l16.132,16.084c5.072,5.072,11.828,7.836,19.044,7.836c7.208,0,13.968-2.8,19.04-7.872   l177.68-177.68c5.084-5.088,7.88-11.88,7.86-19.1C492.02,238.762,489.228,231.966,484.14,226.886z\"><\/path>\t<\/g><\/g><g><\/g><g><\/g><g><\/g><g><\/g><g><\/g><g><\/g><g><\/g><g><\/g><g><\/g><g><\/g><g><\/g><g><\/g><g><\/g><g><\/g><g><\/g><\/svg>\t\t\t\t\t\t<\/span>\n\t\t\t\t\t\t\t\t\t\t<span class=\"elementor-icon-list-text\">Definition und Dokumentation von Nicht-ans\u00e4ssiger Ausl\u00e4nger (NRA, Non Resident Alien)<\/span>\n\t\t\t\t\t\t\t\t\t\t\t<\/a>\n\t\t\t\t\t\t\t\t\t<\/li>\n\t\t\t\t\t\t\t\t<li class=\"elementor-icon-list-item\">\n\t\t\t\t\t\t\t\t\t\t\t<a href=\"#section4\">\n\n\t\t\t\t\t\t\t\t\t\t\t\t<span class=\"elementor-icon-list-icon\">\n\t\t\t\t\t\t\t<svg xmlns=\"http:\/\/www.w3.org\/2000\/svg\" xmlns:xlink=\"http:\/\/www.w3.org\/1999\/xlink\" id=\"Layer_1\" x=\"0px\" y=\"0px\" viewBox=\"0 0 492.004 492.004\" style=\"enable-background:new 0 0 492.004 492.004;\" xml:space=\"preserve\"><g>\t<g>\t\t<path d=\"M484.14,226.886L306.46,49.202c-5.072-5.072-11.832-7.856-19.04-7.856c-7.216,0-13.972,2.788-19.044,7.856l-16.132,16.136   c-5.068,5.064-7.86,11.828-7.86,19.04c0,7.208,2.792,14.2,7.86,19.264L355.9,207.526H26.58C11.732,207.526,0,219.15,0,234.002   v22.812c0,14.852,11.732,27.648,26.58,27.648h330.496L252.248,388.926c-5.068,5.072-7.86,11.652-7.86,18.864   c0,7.204,2.792,13.88,7.86,18.948l16.132,16.084c5.072,5.072,11.828,7.836,19.044,7.836c7.208,0,13.968-2.8,19.04-7.872   l177.68-177.68c5.084-5.088,7.88-11.88,7.86-19.1C492.02,238.762,489.228,231.966,484.14,226.886z\"><\/path>\t<\/g><\/g><g><\/g><g><\/g><g><\/g><g><\/g><g><\/g><g><\/g><g><\/g><g><\/g><g><\/g><g><\/g><g><\/g><g><\/g><g><\/g><g><\/g><g><\/g><\/svg>\t\t\t\t\t\t<\/span>\n\t\t\t\t\t\t\t\t\t\t<span class=\"elementor-icon-list-text\">G\u00fcltigkeitsdauer der W8- und W9-Dokumentation<\/span>\n\t\t\t\t\t\t\t\t\t\t\t<\/a>\n\t\t\t\t\t\t\t\t\t<\/li>\n\t\t\t\t\t\t<\/ul>\n\t\t\t\t\t\t<\/div>\n\t\t\t\t<\/div>\n\t\t\t\t<\/div>\n\t\t<div class=\"elementor-element elementor-element-fb44002 e-con-full e-flex e-con e-child\" data-id=\"fb44002\" data-element_type=\"container\" data-e-type=\"container\">\n\t\t\t\t<div class=\"elementor-element elementor-element-1a62780 elementor-widget elementor-widget-text-editor\" data-id=\"1a62780\" data-element_type=\"widget\" data-e-type=\"widget\" id=\"section1\" data-widget_type=\"text-editor.default\">\n\t\t\t\t<div class=\"elementor-widget-container\">\n\t\t\t\t\t\t\t\t\t<h3 class=\"titoli_paragrafi\">Dokumentation von NRA- und US-Personen<\/h3>\nDie Sammlung von Dokumentationen bei den Kunden ist das R\u00fcckgrat des gesamten QI-Systems. NRA-Kunden m\u00fcssen korrekt identifiziert und mit dem W-8-Formular oder alternativen Dokumentennachweisen (z.B. Know Your Customer, KYC, Regeln) dokumentiert werden. US-Kunden m\u00fcssen stattdessen ein W-9-Formular einreichen.\n\nRichtig dokumentierte QI-Kunden haben Anspruch auf eine reduzierte Quellensteuer.\n\nW8 und W9 Es gibt unterschiedliche Arten von W-8-Formularen, von denen jedes zur Dokumentation einer bestimmten Kundengruppe verwendet wird.\n<table class=\"table\">\n<tbody>\n<tr>\n<td width=\"179\"><strong>Formularname W-8<\/strong><\/td>\n<td width=\"463\"><strong>Art des Kunden<\/strong><\/td>\n<\/tr>\n<tr>\n<td width=\"179\">W-9<\/td>\n<td width=\"463\">US-Privatkunden<\/td>\n<\/tr>\n<tr>\n<td width=\"179\">W-8BEN<\/td>\n<td width=\"463\">NRA-Kunden \u2013 nat\u00fcrliche Personen<\/td>\n<\/tr>\n<tr>\n<td width=\"179\">W-8BEN-E<\/td>\n<td width=\"463\">NRA-Kundenunternehmen mit Rechtspers\u00f6nlichkeit<\/td>\n<\/tr>\n<tr>\n<td width=\"179\">W-8IMY<\/td>\n<td width=\"463\">NRA-Kunden:&nbsp;\n<ul>\n \t<li>Vermittler anderer Kunden (z.B. QI oder NQI)<\/li>\n \t<li>Personengesellschaften<\/li>\n \t<li>steuerlich transparente Unternehmen (Flow Through Entities, FTE)<\/li>\n<\/ul>\n<\/td>\n<\/tr>\n<tr>\n<td width=\"179\">W-8EXP<\/td>\n<td width=\"463\">NRA-Kunden, die eine Quellensteuerbefreiung beantragen:&nbsp;\n<ul>\n \t<li>Nichtamerikanische Regierungen<\/li>\n \t<li>Internationale Organisationen<\/li>\n \t<li>Andere befreite Unternehmen<\/li>\n<\/ul>\n<\/td>\n<\/tr>\n<tr>\n<td width=\"179\">W-8ECI<\/td>\n<td width=\"463\">NRA-Kunden, die eine Quellensteuerbefreiung beantragen, weil die erhaltenen Ertr\u00e4ge f\u00fcr die Betriebsst\u00e4tte in den USA relevant sind.<\/td>\n<\/tr>\n<\/tbody>\n<\/table>\nAls Alternative zu den W-8-Formularen kann der QI weitere dokumentarische Beweise sammeln, die vom IRS genehmigt wurden. F\u00fcr direkte NRA-Kunden ist die Dokumentation nach den KYC-Regeln erlaubt. Beispielsweise darf der QI die Kopie des von seinem Kunden zur Verf\u00fcgung gestellten Personalausweises akzeptieren, wenn dieser als g\u00fcltiger Nachweis f\u00fcr die Zwecke des KYC des Landes, in dem der QI niedergelassen ist, gilt.\t\t\t\t\t\t\t\t<\/div>\n\t\t\t\t<\/div>\n\t\t\t\t<div class=\"elementor-element elementor-element-a175be8 elementor-widget elementor-widget-text-editor\" data-id=\"a175be8\" data-element_type=\"widget\" data-e-type=\"widget\" id=\"section2\" data-widget_type=\"text-editor.default\">\n\t\t\t\t<div class=\"elementor-widget-container\">\n\t\t\t\t\t\t\t\t\t<h3 class=\"titoli_paragrafi\">Definition und Dokumentation von US-Personen<\/h3><p>Die US-Person ist in Abschnitt 7701(a)(30) des IRC definiert. Folgende gelten als US-Person:<\/p><ul><li>ein US-Staatsb\u00fcrger oder in den Vereinigten Staaten wohnhaft ist,<\/li><li>eine in den Vereinigten Staaten eingetragene Partnerschaft,<\/li><li>eine Gesellschaft mit Sitz in den Vereinigten Staaten,<\/li><li>ein Trust, wenn<ul><li>o ein Gericht der Vereinigten Staaten befugt ist, die prim\u00e4re Zust\u00e4ndigkeit f\u00fcr die Verwaltung des Trusts auszu\u00fcben, und<\/li><li>o eine oder mehrere US-Personen befugt sind, alle wesentlichen Entscheidungen des Trusts zu pr\u00fcfen.<\/li><\/ul><\/li><\/ul><p>Eine US-Person, die das Formular W-9 (<a href=\"https:\/\/www.irs.gov\/pub\/irs-pdf\/fw9.pdf\" target=\"_blank\" rel=\"noopener noreferrer\">https:\/\/www.irs.gov\/pub\/irs-pdf\/fw9.pdf<\/a>) ausgef\u00fcllt und unterzeichnet hat, gilt als dokumentiert. Das W-9-Formular muss die Steueridentifikationsnummer des Kunden enthalten, d.h. die TIN (Taxpayer Identification Number) des Kunden. Mangels dieser Informationen muss der QI die 24% Quellensteuer (d.h. den derzeit g\u00fcltigen Satz f\u00fcr den Backup Withholding) sowohl auf Ertr\u00e4ge als auch auf Verkaufserl\u00f6se f\u00fcr US-Wertpapiere anwenden.<\/p>\t\t\t\t\t\t\t\t<\/div>\n\t\t\t\t<\/div>\n\t\t\t\t<div class=\"elementor-element elementor-element-11b1d55 elementor-widget elementor-widget-text-editor\" data-id=\"11b1d55\" data-element_type=\"widget\" data-e-type=\"widget\" id=\"section3\" data-widget_type=\"text-editor.default\">\n\t\t\t\t<div class=\"elementor-widget-container\">\n\t\t\t\t\t\t\t\t\t<h3 class=\"titoli_paragrafi\">Definition und Dokumentation von Nicht-ans\u00e4ssiger Ausl\u00e4nger (NRA, Non Resident Alien)<\/h3><p>Alle Kunden, die nicht unter die Kategorie US-Personen fallen, gelten als NRAs.<\/p><p>NRA-Kunden m\u00fcssen durch ein spezielles W-8-Formular identifiziert werden, das je nach Kundentyp variiert. F\u00fcr Direktkunden ist auch die Dokumentation \u00fcber die KYC-Vorschriften erlaubt.<\/p><table class=\"table\"><tbody><tr><td width=\"271\"><strong>Kunden<\/strong><\/td><td width=\"421\"><strong>Dokumentation<\/strong><\/td><\/tr><tr><td width=\"271\">Nat\u00fcrliche Personen NRA<\/td><td width=\"421\"><ul><li>W-8<\/li><li>Dokumentation nach den KYCs des Landes des QIs<\/li><\/ul><\/td><\/tr><tr><td width=\"271\">Transparente Unternehmen (FTE, NQI)<\/td><td width=\"421\"><p>Die Dokumentation des Unternehmens, das den Erl\u00f6s erhebt, muss:\u00a0<\/p><ul><li>W8-IMY + Quellensteuererkl\u00e4rung<\/li><\/ul><p>\u00a0<\/p><p>Die Dokumentation der Mitglieder\/Beg\u00fcnstigten\/Kunden wird danach unterschieden, ob sie tats\u00e4chliche Beg\u00fcnstigte im Sinne des QI sind oder nicht.<\/p><p>\u00a0<\/p><p>Tats\u00e4chliche Beg\u00fcnstigte:<\/p><ul><li>W8-BEN\/W9 der Mitglieder\/Beg\u00fcnstigten\/Kunden<\/li><\/ul><p>\u00a0<\/p><p>NICHT-Beg\u00fcnstigter:<\/p><ul><li>W8-IMY + Quellensteuererkl\u00e4rung der juristischen Person<\/li><li>W8-BEN\/W9 der Mitglieder\/Beg\u00fcnstigten\/Kunden<\/li><\/ul><\/td><\/tr><tr><td width=\"271\">Juristische Personen NRA<\/td><td width=\"421\"><ul><li>W8-BEN-E des Unternehmens oder:<\/li><li>Dokumentation zur Geldw\u00e4schebek\u00e4mpfung + Treaty Statement<\/li><\/ul><\/td><\/tr><\/tbody><\/table>\t\t\t\t\t\t\t\t<\/div>\n\t\t\t\t<\/div>\n\t\t\t\t<div class=\"elementor-element elementor-element-6d765db elementor-widget elementor-widget-text-editor\" data-id=\"6d765db\" data-element_type=\"widget\" data-e-type=\"widget\" id=\"section4\" data-widget_type=\"text-editor.default\">\n\t\t\t\t<div class=\"elementor-widget-container\">\n\t\t\t\t\t\t\t\t\t<h3 class=\"titoli_paragrafi\">G\u00fcltigkeitsdauer der W8- und W9-Dokumentation<\/h3>\nDie G\u00fcltigkeitsdauer der von den Formularen W-8 oder W-9 eingereichten Dokumentation ist je nach Formular unterschiedlich. Nachfolgend sind die derzeit g\u00fcltigen Bedingungen f\u00fcr jedes der Formulare aufgef\u00fchrt.\n<table class=\"table\">\n<tbody>\n<tr>\n<td width=\"179\"><strong>Formular<\/strong><\/td>\n<td width=\"463\"><strong>G\u00fcltigkeitsdauer<\/strong><\/td>\n<\/tr>\n<tr>\n<td width=\"179\">W-8IMY<\/td>\n<td rowspan=\"2\" width=\"463\">Solange sich die angegebenen Informationen nicht \u00e4ndern.<\/td>\n<\/tr>\n<tr>\n<td width=\"179\">W-9<\/td>\n<\/tr>\n<tr>\n<td width=\"179\">W-8BEN<\/td>\n<td rowspan=\"4\" width=\"463\">Bis zum dritten Kalenderjahr nach dem Datum der Unterzeichnung und Ausstellung.&nbsp;\n\n&nbsp;<\/td>\n<\/tr>\n<tr>\n<td width=\"179\">W-8BEN-E<\/td>\n<\/tr>\n<tr>\n<td width=\"179\">W-8EXP<\/td>\n<\/tr>\n<tr>\n<td width=\"179\">W-8ECI<\/td>\n<\/tr>\n<\/tbody>\n<\/table>\t\t\t\t\t\t\t\t<\/div>\n\t\t\t\t<\/div>\n\t\t\t\t<\/div>\n\t\t\t\t\t<\/div>\n\t\t\t\t<\/div>\n\t\t<div class=\"elementor-element elementor-element-055daed e-flex e-con-boxed e-con e-parent\" data-id=\"055daed\" data-element_type=\"container\" data-e-type=\"container\" data-settings=\"{&quot;background_background&quot;:&quot;gradient&quot;}\">\n\t\t\t\t\t<div class=\"e-con-inner\">\n\t\t<div class=\"elementor-element elementor-element-cc868f9 e-con-full e-flex elementor-invisible e-con e-child\" data-id=\"cc868f9\" data-element_type=\"container\" data-e-type=\"container\" data-settings=\"{&quot;animation&quot;:&quot;fadeIn&quot;}\">\n\t\t\t\t<div class=\"elementor-element elementor-element-4fd6950 elementor-widget elementor-widget-heading\" data-id=\"4fd6950\" data-element_type=\"widget\" data-e-type=\"widget\" data-widget_type=\"heading.default\">\n\t\t\t\t<div class=\"elementor-widget-container\">\n\t\t\t\t\t<h2 class=\"elementor-heading-title elementor-size-default\"> Sind Sie an unseren QI-Berichtsdiensten interessiert?<\/h2>\t\t\t\t<\/div>\n\t\t\t\t<\/div>\n\t\t\t\t<div class=\"elementor-element elementor-element-0d5a0b1 elementor-widget elementor-widget-heading\" data-id=\"0d5a0b1\" data-element_type=\"widget\" data-e-type=\"widget\" data-widget_type=\"heading.default\">\n\t\t\t\t<div class=\"elementor-widget-container\">\n\t\t\t\t\t<h2 class=\"elementor-heading-title elementor-size-default\">Klicken Sie auf die nebenstehende Schaltfl\u00e4che, um weitere Informationen anzufordern<\/h2>\t\t\t\t<\/div>\n\t\t\t\t<\/div>\n\t\t\t\t<\/div>\n\t\t<div class=\"elementor-element elementor-element-ae672bd e-con-full e-flex elementor-invisible e-con e-child\" data-id=\"ae672bd\" data-element_type=\"container\" data-e-type=\"container\" data-settings=\"{&quot;animation&quot;:&quot;fadeIn&quot;,&quot;animation_delay&quot;:200}\">\n\t\t\t\t<div class=\"elementor-element elementor-element-e336cc8 elementor-align-center elementor-widget elementor-widget-button\" data-id=\"e336cc8\" data-element_type=\"widget\" data-e-type=\"widget\" data-widget_type=\"button.default\">\n\t\t\t\t<div class=\"elementor-widget-container\">\n\t\t\t\t\t\t\t\t\t<div class=\"elementor-button-wrapper\">\n\t\t\t\t\t<a class=\"elementor-button elementor-button-link elementor-size-sm\" href=\"\/de\/contact-us\">\n\t\t\t\t\t\t<span class=\"elementor-button-content-wrapper\">\n\t\t\t\t\t\t\t\t\t<span class=\"elementor-button-text\">Mehr Informationen anfordern<\/span>\n\t\t\t\t\t<\/span>\n\t\t\t\t\t<\/a>\n\t\t\t\t<\/div>\n\t\t\t\t\t\t\t\t<\/div>\n\t\t\t\t<\/div>\n\t\t\t\t<\/div>\n\t\t\t\t\t<\/div>\n\t\t\t\t<\/div>\n\t\t\t\t<\/div>\n\t\t","protected":false},"excerpt":{"rendered":"<p>Dokumentation von NRA- und US-Personen Index Dokumentation von NRA- und US-Personen Definition und Dokumentation von US-Personen Definition und Dokumentation von Nicht-ans\u00e4ssiger Ausl\u00e4nger (NRA, Non Resident Alien) G\u00fcltigkeitsdauer der W8- und W9-Dokumentation Dokumentation von NRA- und US-Personen Die Sammlung von Dokumentationen bei den Kunden ist das R\u00fcckgrat des gesamten QI-Systems. NRA-Kunden m\u00fcssen korrekt identifiziert und mit [&hellip;]<\/p>\n","protected":false},"author":1,"featured_media":0,"parent":0,"menu_order":0,"comment_status":"closed","ping_status":"closed","template":"","meta":{"footnotes":""},"class_list":["post-1620","page","type-page","status-publish","hentry"],"rttpg_featured_image_url":null,"rttpg_author":{"display_name":"DavidSoto","author_link":"https:\/\/bestreporting.ch\/de\/author\/davidsoto\/"},"rttpg_comment":0,"rttpg_category":" <a href=\"https:\/\/bestreporting.ch\/de\/?taxonomy=translation_priority&#038;term=optional-de\" rel=\"tag\">Optional<\/a>","rttpg_excerpt":"Dokumentation von NRA- und US-Personen Index Dokumentation von NRA- und US-Personen Definition und Dokumentation von US-Personen Definition und Dokumentation von Nicht-ans\u00e4ssiger Ausl\u00e4nger (NRA, Non Resident Alien) G\u00fcltigkeitsdauer der W8- und W9-Dokumentation Dokumentation von NRA- und US-Personen Die Sammlung von Dokumentationen bei den Kunden ist das R\u00fcckgrat des gesamten QI-Systems. NRA-Kunden m\u00fcssen korrekt identifiziert und mit&hellip;","_links":{"self":[{"href":"https:\/\/bestreporting.ch\/de\/wp-json\/wp\/v2\/pages\/1620","targetHints":{"allow":["GET"]}}],"collection":[{"href":"https:\/\/bestreporting.ch\/de\/wp-json\/wp\/v2\/pages"}],"about":[{"href":"https:\/\/bestreporting.ch\/de\/wp-json\/wp\/v2\/types\/page"}],"author":[{"embeddable":true,"href":"https:\/\/bestreporting.ch\/de\/wp-json\/wp\/v2\/users\/1"}],"replies":[{"embeddable":true,"href":"https:\/\/bestreporting.ch\/de\/wp-json\/wp\/v2\/comments?post=1620"}],"version-history":[{"count":8,"href":"https:\/\/bestreporting.ch\/de\/wp-json\/wp\/v2\/pages\/1620\/revisions"}],"predecessor-version":[{"id":2471,"href":"https:\/\/bestreporting.ch\/de\/wp-json\/wp\/v2\/pages\/1620\/revisions\/2471"}],"wp:attachment":[{"href":"https:\/\/bestreporting.ch\/de\/wp-json\/wp\/v2\/media?parent=1620"}],"curies":[{"name":"wp","href":"https:\/\/api.w.org\/{rel}","templated":true}]}}