{"id":1585,"date":"2023-10-20T18:08:23","date_gmt":"2023-10-20T18:08:23","guid":{"rendered":"https:\/\/bestreporting.ch\/wer-wir-sind\/"},"modified":"2024-05-27T13:36:06","modified_gmt":"2024-05-27T13:36:06","slug":"wer-wir-sind","status":"publish","type":"page","link":"https:\/\/bestreporting.ch\/de\/wer-wir-sind\/","title":{"rendered":"Wer wir sind"},"content":{"rendered":"\t\t<div data-elementor-type=\"wp-page\" data-elementor-id=\"1585\" class=\"elementor elementor-1585 elementor-53\">\n\t\t\t\t<div class=\"elementor-element elementor-element-ac0f9d6 e-flex e-con-boxed e-con e-parent\" data-id=\"ac0f9d6\" data-element_type=\"container\" data-e-type=\"container\" data-settings=\"{&quot;background_background&quot;:&quot;classic&quot;}\">\n\t\t\t\t\t<div class=\"e-con-inner\">\n\t\t\t\t<div class=\"elementor-element elementor-element-59c98d2 elementor-invisible elementor-widget elementor-widget-heading\" data-id=\"59c98d2\" data-element_type=\"widget\" data-e-type=\"widget\" data-settings=\"{&quot;_animation&quot;:&quot;fadeIn&quot;,&quot;_animation_delay&quot;:0}\" data-widget_type=\"heading.default\">\n\t\t\t\t<div class=\"elementor-widget-container\">\n\t\t\t\t\t<h2 class=\"elementor-heading-title elementor-size-default\">Wer wir sind<\/h2>\t\t\t\t<\/div>\n\t\t\t\t<\/div>\n\t\t\t\t\t<\/div>\n\t\t\t\t<\/div>\n\t\t<div class=\"elementor-element elementor-element-9b32e33 e-flex e-con-boxed e-con e-parent\" data-id=\"9b32e33\" data-element_type=\"container\" data-e-type=\"container\">\n\t\t\t\t\t<div class=\"e-con-inner\">\n\t\t<div class=\"elementor-element elementor-element-d54d20a e-con-full e-flex elementor-invisible e-con e-child\" data-id=\"d54d20a\" data-element_type=\"container\" data-e-type=\"container\" data-settings=\"{&quot;animation&quot;:&quot;fadeIn&quot;}\">\n\t\t\t\t<div class=\"elementor-element elementor-element-e2d1f25 elementor-widget elementor-widget-heading\" data-id=\"e2d1f25\" data-element_type=\"widget\" data-e-type=\"widget\" data-widget_type=\"heading.default\">\n\t\t\t\t<div class=\"elementor-widget-container\">\n\t\t\t\t\t<h2 class=\"elementor-heading-title elementor-size-default\">Unsere besten Steuer- und IT-Kenntnisse werden in einer L\u00f6sung vereint, die:<\/h2>\t\t\t\t<\/div>\n\t\t\t\t<\/div>\n\t\t\t\t<div class=\"elementor-element elementor-element-70bf248 elementor-widget elementor-widget-text-editor\" data-id=\"70bf248\" data-element_type=\"widget\" data-e-type=\"widget\" data-widget_type=\"text-editor.default\">\n\t\t\t\t<div class=\"elementor-widget-container\">\n\t\t\t\t\t\t\t\t\t<p>\u2022 Vereinfacht Ihr Gesch\u00e4ft<br \/>\u2022 Integriert und automatisiert Prozesse<br \/>\u2022 Reduziert Zeitaufwand und Betriebsrisiken<\/p>\n\t\t\t\t\t\t\t\t<\/div>\n\t\t\t\t<\/div>\n\t\t\t\t<div class=\"elementor-element elementor-element-9373fd5 elementor-align-left elementor-widget elementor-widget-button\" data-id=\"9373fd5\" data-element_type=\"widget\" data-e-type=\"widget\" data-widget_type=\"button.default\">\n\t\t\t\t<div class=\"elementor-widget-container\">\n\t\t\t\t\t\t\t\t\t<div class=\"elementor-button-wrapper\">\n\t\t\t\t\t<a class=\"elementor-button elementor-button-link elementor-size-sm\" href=\"https:\/\/bestreporting.ch\/de\/kontakt\/\">\n\t\t\t\t\t\t<span class=\"elementor-button-content-wrapper\">\n\t\t\t\t\t\t\t\t\t<span class=\"elementor-button-text\">Kontakt<\/span>\n\t\t\t\t\t<\/span>\n\t\t\t\t\t<\/a>\n\t\t\t\t<\/div>\n\t\t\t\t\t\t\t\t<\/div>\n\t\t\t\t<\/div>\n\t\t\t\t<\/div>\n\t\t<div class=\"elementor-element elementor-element-2710aad e-con-full e-flex elementor-invisible e-con e-child\" data-id=\"2710aad\" data-element_type=\"container\" data-e-type=\"container\" data-settings=\"{&quot;animation&quot;:&quot;fadeIn&quot;,&quot;animation_delay&quot;:200}\">\n\t\t\t\t<div class=\"elementor-element elementor-element-b6b66d7 elementor-widget elementor-widget-image\" data-id=\"b6b66d7\" data-element_type=\"widget\" data-e-type=\"widget\" data-widget_type=\"image.default\">\n\t\t\t\t<div class=\"elementor-widget-container\">\n\t\t\t\t\t\t\t\t\t\t\t\t\t\t\t<img fetchpriority=\"high\" decoding=\"async\" width=\"640\" height=\"356\" src=\"https:\/\/bestreporting.ch\/wp-content\/uploads\/2023\/10\/chi-siamo-foto1-bestreporting.jpg\" class=\"attachment-large size-large wp-image-303\" alt=\"\" srcset=\"https:\/\/bestreporting.ch\/wp-content\/uploads\/2023\/10\/chi-siamo-foto1-bestreporting.jpg 990w, https:\/\/bestreporting.ch\/wp-content\/uploads\/2023\/10\/chi-siamo-foto1-bestreporting-300x167.webp 300w, https:\/\/bestreporting.ch\/wp-content\/uploads\/2023\/10\/chi-siamo-foto1-bestreporting-768x427.webp 768w\" sizes=\"(max-width: 640px) 100vw, 640px\" \/>\t\t\t\t\t\t\t\t\t\t\t\t\t\t\t<\/div>\n\t\t\t\t<\/div>\n\t\t\t\t<\/div>\n\t\t\t\t\t<\/div>\n\t\t\t\t<\/div>\n\t\t<div class=\"elementor-element elementor-element-665105e e-flex e-con-boxed e-con e-parent\" data-id=\"665105e\" data-element_type=\"container\" data-e-type=\"container\" data-settings=\"{&quot;background_background&quot;:&quot;classic&quot;}\">\n\t\t\t\t\t<div class=\"e-con-inner\">\n\t\t<div class=\"elementor-element elementor-element-eb13535 e-con-full e-flex elementor-invisible e-con e-child\" data-id=\"eb13535\" data-element_type=\"container\" data-e-type=\"container\" data-settings=\"{&quot;animation&quot;:&quot;fadeIn&quot;}\">\n\t\t\t\t<div class=\"elementor-element elementor-element-3ffcb47 elementor-widget elementor-widget-text-editor\" data-id=\"3ffcb47\" data-element_type=\"widget\" data-e-type=\"widget\" data-widget_type=\"text-editor.default\">\n\t\t\t\t<div class=\"elementor-widget-container\">\n\t\t\t\t\t\t\t\t\t<h3>UNSERE GESCHICHTE<\/h3>\n<p><a href=\"http:\/\/bestvision.solutions\/\" target=\"_blank\" rel=\"noopener noreferrer\">Best Vision Solutions &amp; Services LTD<\/a> bietet IT- und Backoffice-Dienstleistungen f\u00fcr Finanzinstitute an. \u00dcber unsere B\u00fcros in der <strong>Schweiz, Europa und Amerika<\/strong> bieten wir unsere Dienstleistungen einem internationalen Kunden an.<\/p>\n<p><strong>Best Vision<\/strong> begann im Jahr <strong>1977<\/strong>, dem Jahr, in dem das erste Unternehmen der Best Vision Holding Ltd.-Gruppe gegr\u00fcndet wurde. Gegr\u00fcndet zur Entwicklung von Bankensoftware, hat das Unternehmen nach und nach die Anforderungen des Marktes erfasst und ein breiteres und spezialisierteres Angebot entwickelt.<\/p>\n\t\t\t\t\t\t\t\t<\/div>\n\t\t\t\t<\/div>\n\t\t\t\t<\/div>\n\t\t<div class=\"elementor-element elementor-element-9f77a42 e-con-full e-flex elementor-invisible e-con e-child\" data-id=\"9f77a42\" data-element_type=\"container\" data-e-type=\"container\" data-settings=\"{&quot;animation&quot;:&quot;fadeIn&quot;,&quot;animation_delay&quot;:200}\">\n\t\t\t\t<div class=\"elementor-element elementor-element-eb41595 elementor-widget elementor-widget-text-editor\" data-id=\"eb41595\" data-element_type=\"widget\" data-e-type=\"widget\" data-widget_type=\"text-editor.default\">\n\t\t\t\t<div class=\"elementor-widget-container\">\n\t\t\t\t\t\t\t\t\t<p>Die <a href=\"https:\/\/bestvision.group\/\" target=\"_blank\" rel=\"noopener noreferrer\">Best Vision Group<\/a> umfasst mittlerweile <strong>18 Unternehmen<\/strong> und ein Netzwerk unterschiedlicher und sich erg\u00e4nzender Kompetenzen wie IT, Backoffice und Beratung. Diese Synergie der Elemente schafft Chancen und innovative L\u00f6sungen f\u00fcr unsere Kunden.<\/p>\n<p>Aus einer dieser Synergien entstand im Jahr 2002 <a title=\"Homepage bestreporting.ch\" href=\"https:\/\/reporting.consultoresdetecnologia.com\/\">BEST IRS<\/a>. Im Laufe der Zeit ist die L\u00f6sung gewachsen, die jedes Jahr viele <strong>QIs<\/strong> durch einen personalisierten und umfassenden Service unterst\u00fctzt.<\/p>\n\t\t\t\t\t\t\t\t<\/div>\n\t\t\t\t<\/div>\n\t\t\t\t<\/div>\n\t\t\t\t\t<\/div>\n\t\t\t\t<\/div>\n\t\t<div class=\"elementor-element elementor-element-e46c6a9 e-flex e-con-boxed e-con e-parent\" data-id=\"e46c6a9\" data-element_type=\"container\" data-e-type=\"container\">\n\t\t\t\t\t<div class=\"e-con-inner\">\n\t\t<div class=\"elementor-element elementor-element-d2ec6de e-con-full e-flex elementor-invisible e-con e-child\" data-id=\"d2ec6de\" data-element_type=\"container\" data-e-type=\"container\" data-settings=\"{&quot;animation&quot;:&quot;fadeIn&quot;}\">\n\t\t\t\t<div class=\"elementor-element elementor-element-efed433 elementor-widget elementor-widget-heading\" data-id=\"efed433\" data-element_type=\"widget\" data-e-type=\"widget\" data-widget_type=\"heading.default\">\n\t\t\t\t<div class=\"elementor-widget-container\">\n\t\t\t\t\t<h2 class=\"elementor-heading-title elementor-size-default\">DAS QI-REPORTING-TEAM<\/h2>\t\t\t\t<\/div>\n\t\t\t\t<\/div>\n\t\t\t\t<div class=\"elementor-element elementor-element-acd4e89 elementor-widget elementor-widget-text-editor\" data-id=\"acd4e89\" data-element_type=\"widget\" data-e-type=\"widget\" data-widget_type=\"text-editor.default\">\n\t\t\t\t<div class=\"elementor-widget-container\">\n\t\t\t\t\t\t\t\t\t<div id=\"testo_team\" class=\"div_sx1\">\n<p>Unser Team besteht aus Menschen mit einem soliden Hintergrund in der Gesch\u00e4fts- und\/oder Softwareentwicklung f\u00fcr die Finanzwelt. Die Zusammenarbeit heterogener Elemente und das proaktive Klima haben es uns erm\u00f6glicht, <strong>BEST IRS<\/strong> zu entwickeln und auszubauen und es zu dem zu machen, was es heute ist.<\/p>\n<p>In vielerlei Hinsicht unterschiedlich, teilen wir den Wunsch, weiterhin etwas Innovatives und Funktionales zu schaffen, das immer mehr Institutionen bei ihren Aktivit\u00e4ten des QI-Reportings unterst\u00fctzt.<\/p>\n<p>Das besondere Merkmal des Teams ist die <strong>F\u00e4higkeit zu beobachten und zuzuh\u00f6ren.<\/strong> Wir beobachten externe \u00c4nderungen in Vorschriften und Abl\u00e4ufen und haben stets ein offenes Ohr f\u00fcr das, was unsere Kunden uns zu sagen haben. Diese Einstellung hat es uns erm\u00f6glicht, neue und bessere L\u00f6sungen zu finden.<\/p>\n<\/div>\n\t\t\t\t\t\t\t\t<\/div>\n\t\t\t\t<\/div>\n\t\t\t\t<\/div>\n\t\t<div class=\"elementor-element elementor-element-a39dc32 e-con-full e-flex elementor-invisible e-con e-child\" data-id=\"a39dc32\" data-element_type=\"container\" data-e-type=\"container\" data-settings=\"{&quot;animation&quot;:&quot;fadeIn&quot;,&quot;animation_delay&quot;:200}\">\n\t\t\t\t<div class=\"elementor-element elementor-element-89b0b48 elementor-widget elementor-widget-image\" data-id=\"89b0b48\" data-element_type=\"widget\" data-e-type=\"widget\" data-widget_type=\"image.default\">\n\t\t\t\t<div class=\"elementor-widget-container\">\n\t\t\t\t\t\t\t\t\t\t\t\t\t\t\t<img decoding=\"async\" width=\"640\" height=\"360\" src=\"https:\/\/bestreporting.ch\/wp-content\/uploads\/2023\/11\/aerial-view-business-team-jpg.webp\" class=\"attachment-large size-large wp-image-2063\" alt=\"\" \/>\t\t\t\t\t\t\t\t\t\t\t\t\t\t\t<\/div>\n\t\t\t\t<\/div>\n\t\t\t\t<\/div>\n\t\t\t\t\t<\/div>\n\t\t\t\t<\/div>\n\t\t<div class=\"elementor-element elementor-element-779ce73 e-flex e-con-boxed e-con e-parent\" data-id=\"779ce73\" data-element_type=\"container\" data-e-type=\"container\">\n\t\t\t\t\t<div class=\"e-con-inner\">\n\t\t<div class=\"elementor-element elementor-element-14443db e-con-full e-flex elementor-invisible e-con e-child\" data-id=\"14443db\" data-element_type=\"container\" data-e-type=\"container\" data-settings=\"{&quot;animation&quot;:&quot;fadeIn&quot;,&quot;animation_delay&quot;:0}\">\n\t\t\t\t<div class=\"elementor-element elementor-element-cf93b20 elementor-widget elementor-widget-image\" data-id=\"cf93b20\" data-element_type=\"widget\" data-e-type=\"widget\" data-widget_type=\"image.default\">\n\t\t\t\t<div class=\"elementor-widget-container\">\n\t\t\t\t\t\t\t\t\t\t\t\t\t\t\t<img decoding=\"async\" width=\"640\" height=\"427\" src=\"https:\/\/bestreporting.ch\/wp-content\/uploads\/2023\/10\/modern-office-building-low-angle-view-skyscrapers-city-singapore-modern-office-building-low-angle-view-skyscrapers-city-singapore-jpg.webp\" class=\"attachment-large size-large wp-image-316\" alt=\"\" \/>\t\t\t\t\t\t\t\t\t\t\t\t\t\t\t<\/div>\n\t\t\t\t<\/div>\n\t\t\t\t<\/div>\n\t\t<div class=\"elementor-element elementor-element-bdfd1db e-con-full e-flex elementor-invisible e-con e-child\" data-id=\"bdfd1db\" data-element_type=\"container\" data-e-type=\"container\" data-settings=\"{&quot;animation&quot;:&quot;fadeIn&quot;,&quot;animation_delay&quot;:200}\">\n\t\t\t\t<div class=\"elementor-element elementor-element-0e87cec elementor-widget elementor-widget-heading\" data-id=\"0e87cec\" data-element_type=\"widget\" data-e-type=\"widget\" data-widget_type=\"heading.default\">\n\t\t\t\t<div class=\"elementor-widget-container\">\n\t\t\t\t\t<h2 class=\"elementor-heading-title elementor-size-default\">UNTERNEHMENSWERTE<\/h2>\t\t\t\t<\/div>\n\t\t\t\t<\/div>\n\t\t\t\t<div class=\"elementor-element elementor-element-7424109 elementor-widget elementor-widget-text-editor\" data-id=\"7424109\" data-element_type=\"widget\" data-e-type=\"widget\" data-widget_type=\"text-editor.default\">\n\t\t\t\t<div class=\"elementor-widget-container\">\n\t\t\t\t\t\t\t\t\t<div id=\"testo_team\" class=\"div_sx1\"><p>Kompetenz, Aufmerksamkeit und Qualit\u00e4t sind die drei charakteristischen Elemente unseres Angebots. Wir sind bestrebt, alle Aktivit\u00e4ten im Zusammenhang mit der Meldung der Module <a title=\"Formular 1042 ARTIKEL\" href=\"https:\/\/bestreporting.ch\/de\/formular-1042\/\">1042<\/a>, <a title=\"Formular 1042-S ARTIKEL\" href=\"https:\/\/bestreporting.ch\/de\/formulare-1042-s\/\">1042-s <\/a> so einfach, schnell und sicher wie m\u00f6glich zu gestalten.<\/p><p>Die Zufriedenheit unserer Kunden ist das greifbare Ergebnis unseres Engagements:<\/p><blockquote><p><em>&#8222;Die Hilfe, die Sie leisten, ist einwandfrei und unverzichtbar. Was die Software betrifft, finde ich das Tool sehr n\u00fctzlich, intuitiv und einfach zu bedienen.<\/em><\/p><\/blockquote><blockquote><p><em>&#8222;P\u00fcnktlicher und effektiver Service. Immer auf dem neuesten Stand der regulatorischen Entwicklungen. Dringend empfohlen f\u00fcr alle Ihre IRS-Erkl\u00e4rungsanforderungen.\u201c<\/em><\/p><\/blockquote><blockquote><p><em>&#8222;Sie sind ein sehr zuverl\u00e4ssiger und professioneller Lieferant.\u201c<\/em><\/p><\/blockquote><\/div>\t\t\t\t\t\t\t\t<\/div>\n\t\t\t\t<\/div>\n\t\t\t\t<\/div>\n\t\t\t\t\t<\/div>\n\t\t\t\t<\/div>\n\t\t<div class=\"elementor-element elementor-element-917f0fa e-flex e-con-boxed e-con e-parent\" data-id=\"917f0fa\" data-element_type=\"container\" data-e-type=\"container\" data-settings=\"{&quot;background_background&quot;:&quot;gradient&quot;}\">\n\t\t\t\t\t<div class=\"e-con-inner\">\n\t\t<div class=\"elementor-element elementor-element-8c28c00 e-con-full e-flex elementor-invisible e-con e-child\" data-id=\"8c28c00\" data-element_type=\"container\" data-e-type=\"container\" data-settings=\"{&quot;animation&quot;:&quot;fadeIn&quot;}\">\n\t\t\t\t<div class=\"elementor-element elementor-element-472ef8b elementor-widget elementor-widget-heading\" data-id=\"472ef8b\" data-element_type=\"widget\" data-e-type=\"widget\" data-widget_type=\"heading.default\">\n\t\t\t\t<div class=\"elementor-widget-container\">\n\t\t\t\t\t<h2 class=\"elementor-heading-title elementor-size-default\"> Sind Sie an unseren QI-Berichtsdiensten interessiert?<\/h2>\t\t\t\t<\/div>\n\t\t\t\t<\/div>\n\t\t\t\t<div class=\"elementor-element elementor-element-ff2bbe6 elementor-widget elementor-widget-heading\" data-id=\"ff2bbe6\" data-element_type=\"widget\" data-e-type=\"widget\" data-widget_type=\"heading.default\">\n\t\t\t\t<div class=\"elementor-widget-container\">\n\t\t\t\t\t<h2 class=\"elementor-heading-title elementor-size-default\">Klicken Sie auf die nebenstehende Schaltfl\u00e4che, um weitere Informationen anzufordern<\/h2>\t\t\t\t<\/div>\n\t\t\t\t<\/div>\n\t\t\t\t<\/div>\n\t\t<div class=\"elementor-element elementor-element-78d20f8 e-con-full e-flex elementor-invisible e-con e-child\" data-id=\"78d20f8\" data-element_type=\"container\" data-e-type=\"container\" data-settings=\"{&quot;animation&quot;:&quot;fadeIn&quot;,&quot;animation_delay&quot;:200}\">\n\t\t\t\t<div class=\"elementor-element elementor-element-0ddfc71 elementor-align-center elementor-widget elementor-widget-button\" data-id=\"0ddfc71\" data-element_type=\"widget\" data-e-type=\"widget\" data-widget_type=\"button.default\">\n\t\t\t\t<div class=\"elementor-widget-container\">\n\t\t\t\t\t\t\t\t\t<div class=\"elementor-button-wrapper\">\n\t\t\t\t\t<a class=\"elementor-button elementor-button-link elementor-size-sm\" href=\"https:\/\/bestreporting.ch\/de\/kontakt\/\">\n\t\t\t\t\t\t<span class=\"elementor-button-content-wrapper\">\n\t\t\t\t\t\t\t\t\t<span class=\"elementor-button-text\">Mehr Informationen anfordern<\/span>\n\t\t\t\t\t<\/span>\n\t\t\t\t\t<\/a>\n\t\t\t\t<\/div>\n\t\t\t\t\t\t\t\t<\/div>\n\t\t\t\t<\/div>\n\t\t\t\t<\/div>\n\t\t\t\t\t<\/div>\n\t\t\t\t<\/div>\n\t\t\t\t<\/div>\n\t\t","protected":false},"excerpt":{"rendered":"<p>Wer wir sind Unsere besten Steuer- und IT-Kenntnisse werden in einer L\u00f6sung vereint, die: \u2022 Vereinfacht Ihr Gesch\u00e4ft\u2022 Integriert und automatisiert Prozesse\u2022 Reduziert Zeitaufwand und Betriebsrisiken Kontakt UNSERE GESCHICHTE Best Vision Solutions &amp; Services LTD bietet IT- und Backoffice-Dienstleistungen f\u00fcr Finanzinstitute an. \u00dcber unsere B\u00fcros in der Schweiz, Europa und Amerika bieten wir unsere Dienstleistungen [&hellip;]<\/p>\n","protected":false},"author":1,"featured_media":0,"parent":0,"menu_order":0,"comment_status":"closed","ping_status":"closed","template":"","meta":{"footnotes":""},"class_list":["post-1585","page","type-page","status-publish","hentry"],"rttpg_featured_image_url":null,"rttpg_author":{"display_name":"DavidSoto","author_link":"https:\/\/bestreporting.ch\/de\/author\/davidsoto\/"},"rttpg_comment":0,"rttpg_category":" <a href=\"https:\/\/bestreporting.ch\/de\/?taxonomy=translation_priority&#038;term=optional-de\" rel=\"tag\">Optional<\/a>","rttpg_excerpt":"Wer wir sind Unsere besten Steuer- und IT-Kenntnisse werden in einer L\u00f6sung vereint, die: \u2022 Vereinfacht Ihr Gesch\u00e4ft\u2022 Integriert und automatisiert Prozesse\u2022 Reduziert Zeitaufwand und Betriebsrisiken Kontakt UNSERE GESCHICHTE Best Vision Solutions &amp; Services LTD bietet IT- und Backoffice-Dienstleistungen f\u00fcr Finanzinstitute an. \u00dcber unsere B\u00fcros in der Schweiz, Europa und Amerika bieten wir unsere Dienstleistungen&hellip;","_links":{"self":[{"href":"https:\/\/bestreporting.ch\/de\/wp-json\/wp\/v2\/pages\/1585","targetHints":{"allow":["GET"]}}],"collection":[{"href":"https:\/\/bestreporting.ch\/de\/wp-json\/wp\/v2\/pages"}],"about":[{"href":"https:\/\/bestreporting.ch\/de\/wp-json\/wp\/v2\/types\/page"}],"author":[{"embeddable":true,"href":"https:\/\/bestreporting.ch\/de\/wp-json\/wp\/v2\/users\/1"}],"replies":[{"embeddable":true,"href":"https:\/\/bestreporting.ch\/de\/wp-json\/wp\/v2\/comments?post=1585"}],"version-history":[{"count":23,"href":"https:\/\/bestreporting.ch\/de\/wp-json\/wp\/v2\/pages\/1585\/revisions"}],"predecessor-version":[{"id":2620,"href":"https:\/\/bestreporting.ch\/de\/wp-json\/wp\/v2\/pages\/1585\/revisions\/2620"}],"wp:attachment":[{"href":"https:\/\/bestreporting.ch\/de\/wp-json\/wp\/v2\/media?parent=1585"}],"curies":[{"name":"wp","href":"https:\/\/api.w.org\/{rel}","templated":true}]}}